{"id":8831,"date":"2023-04-12T13:37:16","date_gmt":"2023-04-12T11:37:16","guid":{"rendered":"https:\/\/agora.xtec.cat\/ceiplanaspa\/?page_id=8831"},"modified":"2024-10-16T22:56:09","modified_gmt":"2024-10-16T20:56:09","slug":"suport-vital","status":"publish","type":"page","link":"https:\/\/agora.xtec.cat\/ceiplanaspa\/altres-projectes\/suport-vital\/","title":{"rendered":"Suport vital"},"content":{"rendered":"<p><a href=\"https:\/\/agora.xtec.cat\/ceiplanaspa\/wp-content\/uploads\/usu1392\/2024\/10\/IMG20240305134626.jpg\"><img loading=\"lazy\" decoding=\"async\" class=\"aligncenter  wp-image-11679\" src=\"https:\/\/agora.xtec.cat\/ceiplanaspa\/wp-content\/uploads\/usu1392\/2024\/10\/IMG20240305134626.jpg\" alt=\"\" width=\"507\" height=\"380\" srcset=\"https:\/\/agora.xtec.cat\/ceiplanaspa\/wp-content\/uploads\/usu1392\/2024\/10\/IMG20240305134626.jpg 998w, https:\/\/agora.xtec.cat\/ceiplanaspa\/wp-content\/uploads\/usu1392\/2024\/10\/IMG20240305134626-300x225.jpg 300w, https:\/\/agora.xtec.cat\/ceiplanaspa\/wp-content\/uploads\/usu1392\/2024\/10\/IMG20240305134626-768x576.jpg 768w, https:\/\/agora.xtec.cat\/ceiplanaspa\/wp-content\/uploads\/usu1392\/2024\/10\/IMG20240305134626-200x150.jpg 200w\" sizes=\"auto, (max-width: 507px) 100vw, 507px\" \/><\/a><\/p>\n<p>La coordinadora de riscos laborals, la Noelia, ens ofereix sessions anuals tant a l&#8217;alumnat (tots els grups d&#8217;infantil i de prim\u00e0ria) i el professorat, de com actuar en el cas d&#8217;emerg\u00e8ncia i com actuar a l&#8217;hora de soc\u00f3rrer una persona que ha caigut al terra. Cada curs ho ha treballat de diferent manera i alguns cursos fins hi tot han fet petits simulacres.<\/p>\n<p>Els infants i el professorat sap que hi ha cartells a l&#8217;escola referents al suport vital: una auca, la cadena de superviv\u00e8ncia, la placa on som una escola que contribu\u00efm a salvar vides i el recordatori del n\u00famero d&#8217;emerg\u00e8ncia el 112.<\/p>\n<p>Cal recordar que \u00e9s un programa que es va iniciar fa 3 anys a l&#8217;escola on els nostre objectiu \u00e9s que l&#8217;alumnat prengui consci\u00e8ncia de salut i que actu\u00efn adequadament, tot tenint en compte les diferent edats i aix\u00ed treballem en equip per transformar la societat.<\/p>\n<p>&nbsp;<\/p>\n<p><a href=\"https:\/\/drive.google.com\/drive\/folders\/11EqTJRT9qypHGjGElmTt-ZC2IaHDrXir?usp=share_link\"><img loading=\"lazy\" decoding=\"async\" class=\"size-full wp-image-8349 aligncenter\" src=\"https:\/\/agora.xtec.cat\/ceiplanaspa\/wp-content\/uploads\/usu1392\/2023\/01\/IMG_1205.jpg\" alt=\"\" width=\"772\" height=\"386\" srcset=\"https:\/\/agora.xtec.cat\/ceiplanaspa\/wp-content\/uploads\/usu1392\/2023\/01\/IMG_1205.jpg 772w, https:\/\/agora.xtec.cat\/ceiplanaspa\/wp-content\/uploads\/usu1392\/2023\/01\/IMG_1205-300x150.jpg 300w, https:\/\/agora.xtec.cat\/ceiplanaspa\/wp-content\/uploads\/usu1392\/2023\/01\/IMG_1205-768x384.jpg 768w\" sizes=\"auto, (max-width: 772px) 100vw, 772px\" \/><\/a> <a href=\"https:\/\/agora.xtec.cat\/ceiplanaspa\/wp-content\/uploads\/usu1392\/2023\/01\/IMG_1209.jpg\"><img loading=\"lazy\" decoding=\"async\" class=\"size-large wp-image-8350 aligncenter\" src=\"https:\/\/agora.xtec.cat\/ceiplanaspa\/wp-content\/uploads\/usu1392\/2023\/01\/IMG_1209.jpg\" alt=\"\" width=\"747\" height=\"372\" srcset=\"https:\/\/agora.xtec.cat\/ceiplanaspa\/wp-content\/uploads\/usu1392\/2023\/01\/IMG_1209.jpg 747w, https:\/\/agora.xtec.cat\/ceiplanaspa\/wp-content\/uploads\/usu1392\/2023\/01\/IMG_1209-300x149.jpg 300w\" sizes=\"auto, (max-width: 747px) 100vw, 747px\" \/><\/a><\/p>\n<p>&nbsp;<\/p>\n","protected":false},"excerpt":{"rendered":"<p>La coordinadora de riscos laborals, la Noelia, ens ofereix sessions anuals tant a l&#8217;alumnat (tots els grups d&#8217;infantil i de prim\u00e0ria) i el professorat, de com actuar en el cas d&#8217;emerg\u00e8ncia i com actuar a l&#8217;hora de soc\u00f3rrer una persona que ha caigut al terra. Cada curs ho ha treballat de diferent manera i alguns [&hellip;]<\/p>\n","protected":false},"author":1,"featured_media":0,"parent":8832,"menu_order":3,"comment_status":"closed","ping_status":"closed","template":"page-templates\/side-menu.php","meta":{"_bbp_topic_count":0,"_bbp_reply_count":0,"_bbp_total_topic_count":0,"_bbp_total_reply_count":0,"_bbp_voice_count":0,"_bbp_anonymous_reply_count":0,"_bbp_topic_count_hidden":0,"_bbp_reply_count_hidden":0,"_bbp_forum_subforum_count":0,"site-sidebar-layout":"default","site-content-layout":"","ast-site-content-layout":"","site-content-style":"default","site-sidebar-style":"default","ast-global-header-display":"","ast-banner-title-visibility":"","ast-main-header-display":"","ast-hfb-above-header-display":"","ast-hfb-below-header-display":"","ast-hfb-mobile-header-display":"","site-post-title":"","ast-breadcrumbs-content":"","ast-featured-img":"","footer-sml-layout":"","theme-transparent-header-meta":"","adv-header-id-meta":"","stick-header-meta":"","header-above-stick-meta":"","header-main-stick-meta":"","header-below-stick-meta":"","astra-migrate-meta-layouts":"default","ast-page-background-enabled":"default","ast-page-background-meta":{"desktop":{"background-color":"var(--ast-global-color-4)","background-image":"","background-repeat":"repeat","background-position":"center center","background-size":"auto","background-attachment":"scroll","background-type":"","background-media":"","overlay-type":"","overlay-color":"","overlay-opacity":"","overlay-gradient":""},"tablet":{"background-color":"","background-image":"","background-repeat":"repeat","background-position":"center center","background-size":"auto","background-attachment":"scroll","background-type":"","background-media":"","overlay-type":"","overlay-color":"","overlay-opacity":"","overlay-gradient":""},"mobile":{"background-color":"","background-image":"","background-repeat":"repeat","background-position":"center center","background-size":"auto","background-attachment":"scroll","background-type":"","background-media":"","overlay-type":"","overlay-color":"","overlay-opacity":"","overlay-gradient":""}},"ast-content-background-meta":{"desktop":{"background-color":"var(--ast-global-color-5)","background-image":"","background-repeat":"repeat","background-position":"center center","background-size":"auto","background-attachment":"scroll","background-type":"","background-media":"","overlay-type":"","overlay-color":"","overlay-opacity":"","overlay-gradient":""},"tablet":{"background-color":"var(--ast-global-color-5)","background-image":"","background-repeat":"repeat","background-position":"center center","background-size":"auto","background-attachment":"scroll","background-type":"","background-media":"","overlay-type":"","overlay-color":"","overlay-opacity":"","overlay-gradient":""},"mobile":{"background-color":"var(--ast-global-color-5)","background-image":"","background-repeat":"repeat","background-position":"center center","background-size":"auto","background-attachment":"scroll","background-type":"","background-media":"","overlay-type":"","overlay-color":"","overlay-opacity":"","overlay-gradient":""}},"footnotes":""},"class_list":["post-8831","page","type-page","status-publish","hentry"],"post_mailing_queue_ids":[],"_links":{"self":[{"href":"https:\/\/agora.xtec.cat\/ceiplanaspa\/wp-json\/wp\/v2\/pages\/8831","targetHints":{"allow":["GET"]}}],"collection":[{"href":"https:\/\/agora.xtec.cat\/ceiplanaspa\/wp-json\/wp\/v2\/pages"}],"about":[{"href":"https:\/\/agora.xtec.cat\/ceiplanaspa\/wp-json\/wp\/v2\/types\/page"}],"author":[{"embeddable":true,"href":"https:\/\/agora.xtec.cat\/ceiplanaspa\/wp-json\/wp\/v2\/users\/1"}],"replies":[{"embeddable":true,"href":"https:\/\/agora.xtec.cat\/ceiplanaspa\/wp-json\/wp\/v2\/comments?post=8831"}],"version-history":[{"count":3,"href":"https:\/\/agora.xtec.cat\/ceiplanaspa\/wp-json\/wp\/v2\/pages\/8831\/revisions"}],"predecessor-version":[{"id":11680,"href":"https:\/\/agora.xtec.cat\/ceiplanaspa\/wp-json\/wp\/v2\/pages\/8831\/revisions\/11680"}],"up":[{"embeddable":true,"href":"https:\/\/agora.xtec.cat\/ceiplanaspa\/wp-json\/wp\/v2\/pages\/8832"}],"wp:attachment":[{"href":"https:\/\/agora.xtec.cat\/ceiplanaspa\/wp-json\/wp\/v2\/media?parent=8831"}],"curies":[{"name":"wp","href":"https:\/\/api.w.org\/{rel}","templated":true}]}}