{"id":8830,"date":"2023-04-12T13:37:16","date_gmt":"2023-04-12T11:37:16","guid":{"rendered":"https:\/\/agora.xtec.cat\/ceiplanaspa\/?page_id=8830"},"modified":"2024-10-16T22:52:12","modified_gmt":"2024-10-16T20:52:12","slug":"patinatge","status":"publish","type":"page","link":"https:\/\/agora.xtec.cat\/ceiplanaspa\/altres-projectes\/patinatge\/","title":{"rendered":"Patinatge"},"content":{"rendered":"<p><a href=\"https:\/\/agora.xtec.cat\/ceiplanaspa\/wp-content\/uploads\/usu1392\/2024\/10\/IMG20240515120711.jpg\"><img loading=\"lazy\" decoding=\"async\" class=\"aligncenter  wp-image-11677\" src=\"https:\/\/agora.xtec.cat\/ceiplanaspa\/wp-content\/uploads\/usu1392\/2024\/10\/IMG20240515120711.jpg\" alt=\"\" width=\"559\" height=\"420\" srcset=\"https:\/\/agora.xtec.cat\/ceiplanaspa\/wp-content\/uploads\/usu1392\/2024\/10\/IMG20240515120711.jpg 989w, https:\/\/agora.xtec.cat\/ceiplanaspa\/wp-content\/uploads\/usu1392\/2024\/10\/IMG20240515120711-300x225.jpg 300w, https:\/\/agora.xtec.cat\/ceiplanaspa\/wp-content\/uploads\/usu1392\/2024\/10\/IMG20240515120711-768x576.jpg 768w, https:\/\/agora.xtec.cat\/ceiplanaspa\/wp-content\/uploads\/usu1392\/2024\/10\/IMG20240515120711-200x150.jpg 200w\" sizes=\"auto, (max-width: 559px) 100vw, 559px\" \/><\/a><\/p>\n<p><i><span style=\"font-weight: 400;\">A l\u2019escola donem als nostres alumnes de primer i segon de prim\u00e0ria l&#8217;oportunitat d&#8217;aprendre a patinar durant un trimestre sencer.<\/span><\/i><\/p>\n<p><i><span style=\"font-weight: 400;\">Per qu\u00e8 patinatge? El patinatge \u00e9s una activitat esportiva que ajuda a millorar l&#8217;equilibri, la coordinaci\u00f3 i la for\u00e7a muscular dels nens i nenes. A m\u00e9s a m\u00e9s, \u00e9s una activitat divertida i emocionant que els ajuda a desenvolupar la seva confian\u00e7a en si mateixos i a superar els seus l\u00edmits.<\/span><\/i><\/p>\n<p><i><span style=\"font-weight: 400;\">El patinatge ser\u00e0 una activitat que es realitzar\u00e0 durant les classes d&#8217;educaci\u00f3 f\u00edsica, i els nens i nenes hauran de portar els seus patins i casc a l&#8217;escola durant el trimestre. Per aquells alumnes que no disposin del material necessari, l&#8217;escola proporcionar\u00e0 patins i casc per a l&#8217;\u00fas durant les sessions.<\/span><\/i><\/p>\n<p><i><span style=\"font-weight: 400;\">A m\u00e9s a m\u00e9s, a finals del trimestre, els alumnes de primer de prim\u00e0ria tindran l&#8217;oportunitat de demostrar les seves habilitats de patinatge en un circuit al parc de Vallparad\u00eds. <\/span><\/i><i><span style=\"font-weight: 400;\">Una gran oportunitat perqu\u00e8 els nens i nenes puguin mostrar el que han apr\u00e8s!<\/span><\/i><\/p>\n","protected":false},"excerpt":{"rendered":"<p>A l\u2019escola donem als nostres alumnes de primer i segon de prim\u00e0ria l&#8217;oportunitat d&#8217;aprendre a patinar durant un trimestre sencer. Per qu\u00e8 patinatge? El patinatge \u00e9s una activitat esportiva que ajuda a millorar l&#8217;equilibri, la coordinaci\u00f3 i la for\u00e7a muscular dels nens i nenes. A m\u00e9s a m\u00e9s, \u00e9s una activitat divertida i emocionant que [&hellip;]<\/p>\n","protected":false},"author":1,"featured_media":0,"parent":8832,"menu_order":2,"comment_status":"closed","ping_status":"closed","template":"page-templates\/side-menu.php","meta":{"_bbp_topic_count":0,"_bbp_reply_count":0,"_bbp_total_topic_count":0,"_bbp_total_reply_count":0,"_bbp_voice_count":0,"_bbp_anonymous_reply_count":0,"_bbp_topic_count_hidden":0,"_bbp_reply_count_hidden":0,"_bbp_forum_subforum_count":0,"site-sidebar-layout":"default","site-content-layout":"","ast-site-content-layout":"","site-content-style":"default","site-sidebar-style":"default","ast-global-header-display":"","ast-banner-title-visibility":"","ast-main-header-display":"","ast-hfb-above-header-display":"","ast-hfb-below-header-display":"","ast-hfb-mobile-header-display":"","site-post-title":"","ast-breadcrumbs-content":"","ast-featured-img":"","footer-sml-layout":"","theme-transparent-header-meta":"","adv-header-id-meta":"","stick-header-meta":"","header-above-stick-meta":"","header-main-stick-meta":"","header-below-stick-meta":"","astra-migrate-meta-layouts":"default","ast-page-background-enabled":"default","ast-page-background-meta":{"desktop":{"background-color":"var(--ast-global-color-4)","background-image":"","background-repeat":"repeat","background-position":"center center","background-size":"auto","background-attachment":"scroll","background-type":"","background-media":"","overlay-type":"","overlay-color":"","overlay-opacity":"","overlay-gradient":""},"tablet":{"background-color":"","background-image":"","background-repeat":"repeat","background-position":"center center","background-size":"auto","background-attachment":"scroll","background-type":"","background-media":"","overlay-type":"","overlay-color":"","overlay-opacity":"","overlay-gradient":""},"mobile":{"background-color":"","background-image":"","background-repeat":"repeat","background-position":"center center","background-size":"auto","background-attachment":"scroll","background-type":"","background-media":"","overlay-type":"","overlay-color":"","overlay-opacity":"","overlay-gradient":""}},"ast-content-background-meta":{"desktop":{"background-color":"var(--ast-global-color-5)","background-image":"","background-repeat":"repeat","background-position":"center center","background-size":"auto","background-attachment":"scroll","background-type":"","background-media":"","overlay-type":"","overlay-color":"","overlay-opacity":"","overlay-gradient":""},"tablet":{"background-color":"var(--ast-global-color-5)","background-image":"","background-repeat":"repeat","background-position":"center center","background-size":"auto","background-attachment":"scroll","background-type":"","background-media":"","overlay-type":"","overlay-color":"","overlay-opacity":"","overlay-gradient":""},"mobile":{"background-color":"var(--ast-global-color-5)","background-image":"","background-repeat":"repeat","background-position":"center center","background-size":"auto","background-attachment":"scroll","background-type":"","background-media":"","overlay-type":"","overlay-color":"","overlay-opacity":"","overlay-gradient":""}},"footnotes":""},"class_list":["post-8830","page","type-page","status-publish","hentry"],"post_mailing_queue_ids":[],"_links":{"self":[{"href":"https:\/\/agora.xtec.cat\/ceiplanaspa\/wp-json\/wp\/v2\/pages\/8830","targetHints":{"allow":["GET"]}}],"collection":[{"href":"https:\/\/agora.xtec.cat\/ceiplanaspa\/wp-json\/wp\/v2\/pages"}],"about":[{"href":"https:\/\/agora.xtec.cat\/ceiplanaspa\/wp-json\/wp\/v2\/types\/page"}],"author":[{"embeddable":true,"href":"https:\/\/agora.xtec.cat\/ceiplanaspa\/wp-json\/wp\/v2\/users\/1"}],"replies":[{"embeddable":true,"href":"https:\/\/agora.xtec.cat\/ceiplanaspa\/wp-json\/wp\/v2\/comments?post=8830"}],"version-history":[{"count":3,"href":"https:\/\/agora.xtec.cat\/ceiplanaspa\/wp-json\/wp\/v2\/pages\/8830\/revisions"}],"predecessor-version":[{"id":11678,"href":"https:\/\/agora.xtec.cat\/ceiplanaspa\/wp-json\/wp\/v2\/pages\/8830\/revisions\/11678"}],"up":[{"embeddable":true,"href":"https:\/\/agora.xtec.cat\/ceiplanaspa\/wp-json\/wp\/v2\/pages\/8832"}],"wp:attachment":[{"href":"https:\/\/agora.xtec.cat\/ceiplanaspa\/wp-json\/wp\/v2\/media?parent=8830"}],"curies":[{"name":"wp","href":"https:\/\/api.w.org\/{rel}","templated":true}]}}