{"id":8825,"date":"2023-04-12T13:37:16","date_gmt":"2023-04-12T11:37:16","guid":{"rendered":"https:\/\/agora.xtec.cat\/ceiplanaspa\/?page_id=8825"},"modified":"2023-04-18T19:16:55","modified_gmt":"2023-04-18T17:16:55","slug":"colonies-sortides-i-tallers","status":"publish","type":"page","link":"https:\/\/agora.xtec.cat\/ceiplanaspa\/el-projecte\/colonies-sortides-i-tallers\/","title":{"rendered":"Col\u00f2nies, sortides i tallers"},"content":{"rendered":"<p>La nostra escola est\u00e0 situada al cor de Terrassa, on som afortunats de tenir acc\u00e9s a una \u00e0mplia gamma d&#8217;activitats culturals.<\/p>\n<p>La nostra ubicaci\u00f3 ens permet aprofitar les nombroses ofertes culturals que ofereix la ciutat, la qual cosa enriqueix les experi\u00e8ncies d&#8217;aprenentatge del nostre alumnat.<\/p>\n<p>Som una escola que valora l&#8217;aprenentatge experiencial i anima els nostres estudiants a participar en una varietat d&#8217;activitats. Creiem que experimentant i explorant el m\u00f3n que ens envolta, podem desenvolupar una comprensi\u00f3 m\u00e9s profunda de nosaltres mateixos i del m\u00f3n en qu\u00e8 vivim.<\/p>\n<p>Ens agrada molt sortir, i \u00e9s per aix\u00f2 que oferim cada any als nostres alumnes el seg\u00fcent patr\u00f3 de sortides:<\/p>\n<p>Sortides de tot el dia:<\/p>\n<ul>\n<li>sortida del projecte de classe.<\/li>\n<li>sortida l\u00fadica<\/li>\n<li>sortida setmana cultural<\/li>\n<li>sortida final de curs<\/li>\n<\/ul>\n<p>Tamb\u00e9, oferim activitats, sortides o tallers relacionades en les diferents \u00e0rees de treball:<\/p>\n<ul>\n<li>teatre i cinema en angl\u00e8s<\/li>\n<li>auditori, cant\u00e0nia, la clica de caire musical<\/li>\n<li>tallers d&#8217;art al centre cultural<\/li>\n<li>activitats f\u00edsiques organitzades pel consell esportiu<\/li>\n<li>activitats &#8220;escola verda&#8221;<\/li>\n<li>tallers matem\u00e0tics i de llengua<\/li>\n<li>altres diverses<\/li>\n<\/ul>\n<h3>Col\u00f2nies:<\/h3>\n<p>Les col\u00f2nies escolars s\u00f3n una experi\u00e8ncia educativa molt positiva per a molts estudiants per diverses raons:<\/p>\n<ol>\n<li>Fomenten l&#8217;autonomia: Les col\u00f2nies escolars permeten als estudiants desenvolupar la seva autonomia, ja que han de prendre decisions per si mateixos i viure sense els seus pares o tutors.<\/li>\n<li>Promouen les relacions socials: Durant les col\u00f2nies escolars, els estudiants tenen l&#8217;oportunitat de conviure i interactuar amb companys de classe fora de l&#8217;entorn escolar habitual, el que pot ajudar a millorar les seves relacions socials.<\/li>\n<li>Potencien la creativitat i la imaginaci\u00f3: Les col\u00f2nies escolars solen incloure activitats recreatives i l\u00fadiques que fomenten la creativitat i la imaginaci\u00f3 dels estudiants.<\/li>\n<li>Afavoreixen la integraci\u00f3 i la diversitat: Durant les col\u00f2nies escolars, els estudiants es relacionen amb companys de diferents edats, g\u00e8neres, cultures i or\u00edgens, el que pot ajudar a afavorir la integraci\u00f3 i la toler\u00e0ncia davant la diversitat.<\/li>\n<li>Proporcionen noves oportunitats d&#8217;aprenentatge: Les col\u00f2nies escolars solen incloure activitats educatives i did\u00e0ctiques que ofereixen als estudiants noves oportunitats d&#8217;aprenentatge i descoberta.<\/li>\n<\/ol>\n<p>En general, les col\u00f2nies escolars poden ser una experi\u00e8ncia molt enriquidora i beneficiosa per als estudiants, ajudant-los a desenvolupar-se a nivell personal, social i educatiu.<\/p>\n<p>Per aix\u00f2 oferim col\u00f2nies cada any a tots els cursos des de I4.<\/p>\n<p>I4 i I5 &#8211;&gt; una nit<\/p>\n<p>1r, 2n, 3r i 4t &#8211;&gt; dues nits<\/p>\n<p>5\u00e8 &#8211;&gt; dues nits (angl\u00e8s)<\/p>\n<p>6\u00e8 &#8211;&gt; viatge fi de curs (tres nits)<\/p>\n<p>&nbsp;<\/p>\n","protected":false},"excerpt":{"rendered":"<p>La nostra escola est\u00e0 situada al cor de Terrassa, on som afortunats de tenir acc\u00e9s a una \u00e0mplia gamma d&#8217;activitats culturals. La nostra ubicaci\u00f3 ens permet aprofitar les nombroses ofertes culturals que ofereix la ciutat, la qual cosa enriqueix les experi\u00e8ncies d&#8217;aprenentatge del nostre alumnat. Som una escola que valora l&#8217;aprenentatge experiencial i anima els [&hellip;]<\/p>\n","protected":false},"author":1,"featured_media":0,"parent":2795,"menu_order":0,"comment_status":"closed","ping_status":"closed","template":"page-templates\/side-menu.php","meta":{"_bbp_topic_count":0,"_bbp_reply_count":0,"_bbp_total_topic_count":0,"_bbp_total_reply_count":0,"_bbp_voice_count":0,"_bbp_anonymous_reply_count":0,"_bbp_topic_count_hidden":0,"_bbp_reply_count_hidden":0,"_bbp_forum_subforum_count":0,"site-sidebar-layout":"default","site-content-layout":"","ast-site-content-layout":"","site-content-style":"default","site-sidebar-style":"default","ast-global-header-display":"","ast-banner-title-visibility":"","ast-main-header-display":"","ast-hfb-above-header-display":"","ast-hfb-below-header-display":"","ast-hfb-mobile-header-display":"","site-post-title":"","ast-breadcrumbs-content":"","ast-featured-img":"","footer-sml-layout":"","theme-transparent-header-meta":"","adv-header-id-meta":"","stick-header-meta":"","header-above-stick-meta":"","header-main-stick-meta":"","header-below-stick-meta":"","astra-migrate-meta-layouts":"default","ast-page-background-enabled":"default","ast-page-background-meta":{"desktop":{"background-color":"var(--ast-global-color-4)","background-image":"","background-repeat":"repeat","background-position":"center center","background-size":"auto","background-attachment":"scroll","background-type":"","background-media":"","overlay-type":"","overlay-color":"","overlay-opacity":"","overlay-gradient":""},"tablet":{"background-color":"","background-image":"","background-repeat":"repeat","background-position":"center center","background-size":"auto","background-attachment":"scroll","background-type":"","background-media":"","overlay-type":"","overlay-color":"","overlay-opacity":"","overlay-gradient":""},"mobile":{"background-color":"","background-image":"","background-repeat":"repeat","background-position":"center center","background-size":"auto","background-attachment":"scroll","background-type":"","background-media":"","overlay-type":"","overlay-color":"","overlay-opacity":"","overlay-gradient":""}},"ast-content-background-meta":{"desktop":{"background-color":"var(--ast-global-color-5)","background-image":"","background-repeat":"repeat","background-position":"center center","background-size":"auto","background-attachment":"scroll","background-type":"","background-media":"","overlay-type":"","overlay-color":"","overlay-opacity":"","overlay-gradient":""},"tablet":{"background-color":"var(--ast-global-color-5)","background-image":"","background-repeat":"repeat","background-position":"center center","background-size":"auto","background-attachment":"scroll","background-type":"","background-media":"","overlay-type":"","overlay-color":"","overlay-opacity":"","overlay-gradient":""},"mobile":{"background-color":"var(--ast-global-color-5)","background-image":"","background-repeat":"repeat","background-position":"center center","background-size":"auto","background-attachment":"scroll","background-type":"","background-media":"","overlay-type":"","overlay-color":"","overlay-opacity":"","overlay-gradient":""}},"footnotes":""},"class_list":["post-8825","page","type-page","status-publish","hentry"],"post_mailing_queue_ids":[],"_links":{"self":[{"href":"https:\/\/agora.xtec.cat\/ceiplanaspa\/wp-json\/wp\/v2\/pages\/8825","targetHints":{"allow":["GET"]}}],"collection":[{"href":"https:\/\/agora.xtec.cat\/ceiplanaspa\/wp-json\/wp\/v2\/pages"}],"about":[{"href":"https:\/\/agora.xtec.cat\/ceiplanaspa\/wp-json\/wp\/v2\/types\/page"}],"author":[{"embeddable":true,"href":"https:\/\/agora.xtec.cat\/ceiplanaspa\/wp-json\/wp\/v2\/users\/1"}],"replies":[{"embeddable":true,"href":"https:\/\/agora.xtec.cat\/ceiplanaspa\/wp-json\/wp\/v2\/comments?post=8825"}],"version-history":[{"count":3,"href":"https:\/\/agora.xtec.cat\/ceiplanaspa\/wp-json\/wp\/v2\/pages\/8825\/revisions"}],"predecessor-version":[{"id":8994,"href":"https:\/\/agora.xtec.cat\/ceiplanaspa\/wp-json\/wp\/v2\/pages\/8825\/revisions\/8994"}],"up":[{"embeddable":true,"href":"https:\/\/agora.xtec.cat\/ceiplanaspa\/wp-json\/wp\/v2\/pages\/2795"}],"wp:attachment":[{"href":"https:\/\/agora.xtec.cat\/ceiplanaspa\/wp-json\/wp\/v2\/media?parent=8825"}],"curies":[{"name":"wp","href":"https:\/\/api.w.org\/{rel}","templated":true}]}}