{"id":8824,"date":"2023-04-12T13:37:16","date_gmt":"2023-04-12T11:37:16","guid":{"rendered":"https:\/\/agora.xtec.cat\/ceiplanaspa\/?page_id=8824"},"modified":"2023-04-18T10:15:19","modified_gmt":"2023-04-18T08:15:19","slug":"festivitats-i-celebracions","status":"publish","type":"page","link":"https:\/\/agora.xtec.cat\/ceiplanaspa\/el-projecte\/festivitats-i-celebracions\/","title":{"rendered":"Festivitats i celebracions"},"content":{"rendered":"<p>A l&#8217;escola, creiem que les festivitats s\u00f3n una oportunitat perfecta per a celebrar les diferents cultures i valors que ens envolten. A trav\u00e9s d&#8217;aquestes celebracions, els nostres alumnes aprenen a respectar i valorar les difer\u00e8ncies, alhora que celebren les coses que ens uneixen com a comunitat.<\/p>\n<p>Ens satisf\u00e0 el fet de poder oferir una gran varietat d&#8217;activitats relacionades amb les festivitats al llarg del curs, com ara tallers, jocs, m\u00fasica i altres activitats educatives i divertides. A m\u00e9s a m\u00e9s, tamb\u00e9 comptem amb la col\u00b7laboraci\u00f3 de les fam\u00edlies, que sempre ens ajuden a organitzar i fer que les festivitats siguin un \u00e8xit.<\/p>\n<p>Com b\u00e9 sabeu, a l\u2019escola tenim una s\u00e8rie de festivitats que s\u00f3n l\u2019eix de les nostres celebracions i que ens permeten aprofundir en els valors que volem transmetre als nostres alumnes. Avui, us volem parlar d\u2019algunes de les festivitats m\u00e9s destacades que celebrem a l\u2019escola.<\/p>\n<ul style=\"list-style-type: disc;\">\n<li><strong>La Castanyada i Halloween:<\/strong> A finals d\u2019octubre celebrem a l\u2019escola la Castanyada i Halloween, una festivitat que ens permet treballar els costums i tradicions d\u2019aquestes dates tan assenyalades. Durant aquesta setmana, els alumnes poden portar disfresses, fer manualitats relacionades amb la festivitat i gaudir d\u2019un bon berenar amb panellets i castanyes.<\/li>\n<li><strong>Dia internacional de la discapacitat:<\/strong> El 3 de desembre celebrem el Dia Internacional de la Discapacitat. Aquesta festivitat ens ajuda a reflexionar sobre la import\u00e0ncia de la inclusi\u00f3 i la igualtat de drets per a totes les persones, independentment de les seves capacitats. Durant aquesta jornada, realitzem diferents activitats que ens permeten comprendre i respectar les difer\u00e8ncies.<\/li>\n<li><strong>Concert de Nadal:<\/strong> Com cada any, celebrem el Nadal amb un concert que ens ofereixen els nostres alumnes. Durant aquesta celebraci\u00f3, els alumnes posen en pr\u00e0ctica tot el que han apr\u00e8s durant l\u2019any en les classes de m\u00fasica i, al mateix temps, ens obsequien amb una vetllada m\u00e0gica i emotiva que ens ajuda a entrar en l\u2019esperit nadalenc.<\/li>\n<li><strong>Dia de la Pau:<\/strong> El 30 de gener celebrem el Dia de la Pau, una festivitat que ens recorda la import\u00e0ncia de la conviv\u00e8ncia pac\u00edfica i del di\u00e0leg com a forma de resoluci\u00f3 de conflictes. A l\u2019escola, realitzem activitats perqu\u00e8 els alumnes reflexionin sobre la pau i el respecte mutu, i tamb\u00e9 participem en diferents iniciatives a nivell local i internacional.<\/li>\n<li><strong>Dijous Gras i Carnestoltes:<\/strong> Durant la setmana de Dijous Gras i Carnestoltes, els alumnes poden portar disfresses a l\u2019escola i gaudir de diferents activitats l\u00fadiques que els permeten divertir-se i experimentar llibertat creativa.<\/li>\n<li><strong>Dia de la dona:<\/strong> El 8 de mar\u00e7 celebrem el Dia de la Dona, una jornada que ens ajuda a reflexionar sobre la igualtat de g\u00e8nere i la import\u00e0ncia de lluitar contra la discriminaci\u00f3 i la viol\u00e8ncia masclista.<\/li>\n<li><strong>Dia de l&#8217;autisme:<\/strong> Tamb\u00e9 commemorem el Dia Internacional de les Persones amb Autisme, una jornada que ens ajuda a sensibilitzar-nos sobre aquesta realitat i a promoure la inclusi\u00f3 de les persones amb trastorns de l\u2019espectre autista a trav\u00e9s d&#8217;una activitat conjunta amb l&#8217;escola Crespinell, o xerrada.<\/li>\n<li><strong>Festa cultural de l\u2019escola:<\/strong> A finals del segon trimestre, l\u2019escola celebra tres dies de setmana cultural. En aquests dies, proposem una serie de tallers internivells per comunitats, sortides de tot el dia, xerrades i espectacles pel gaudi dels nostres infants.<\/li>\n<li><strong>Sant Jordi:<\/strong> \u00e9s una festa emblem\u00e0tica a Catalunya que es celebra cada 23 d&#8217;abril. \u00c9s una diada que simbolitza la cultura i l&#8217;amor per les lletres, les roses i la conviv\u00e8ncia pac\u00edfica entre les persones. A l&#8217;escola, celebrem Sant Jordi amb activitats culturals, com ara contes, poesia, dansa i teatre, per tal de fomentar el gust per la lectura i l&#8217;escriptura entre els nostres alumnes.<\/li>\n<li><strong>El Dia Mundial del Medi Ambient:<\/strong> \u00e9s una data que se celebra cada 5 de juny i que t\u00e9 com a objectiu conscienciar la poblaci\u00f3 mundial sobre la necessitat de preservar el nostre planeta i el seu ecosistema. A l&#8217;escola, dediquem aquesta jornada a la realitzaci\u00f3 d&#8217;activitats i tallers relacionats amb la sostenibilitat i el reciclatge, per tal de promoure el respecte i la cura del nostre entorn.<\/li>\n<li><strong>L&#8217;\u00faltim dia del curs:<\/strong> \u00e9s una jornada especial per a tota la comunitat escolar. \u00c9s el moment de fer balan\u00e7 del curs i acomiadar-se dels companys i professores que han format part de la nostra vida durant l&#8217;any. A l&#8217;escola, celebrem aquesta festa amb activitats l\u00fadiques i esportives, m\u00fasica i dansa, i amb una emotiva cerim\u00f2nia de graduaci\u00f3 per als alumnes de l&#8217;etapa d&#8217;Educaci\u00f3 Infantil i de Prim\u00e0ria.<\/li>\n<\/ul>\n<p>Per tots aquests motius, a l&#8217;escola donem una gran import\u00e0ncia a la celebraci\u00f3 de festivitats i jornades per tal de fomentar la cultura, la sostenibilitat i el valor de la conviv\u00e8ncia. Esperem que aquestes activitats contribueixin a formar persones compromeses i solid\u00e0ries amb el nostre entorn i amb la societat en general.<\/p>\n","protected":false},"excerpt":{"rendered":"<p>A l&#8217;escola, creiem que les festivitats s\u00f3n una oportunitat perfecta per a celebrar les diferents cultures i valors que ens envolten. A trav\u00e9s d&#8217;aquestes celebracions, els nostres alumnes aprenen a respectar i valorar les difer\u00e8ncies, alhora que celebren les coses que ens uneixen com a comunitat. Ens satisf\u00e0 el fet de poder oferir una gran [&hellip;]<\/p>\n","protected":false},"author":1,"featured_media":0,"parent":2795,"menu_order":8,"comment_status":"closed","ping_status":"closed","template":"page-templates\/side-menu.php","meta":{"_bbp_topic_count":0,"_bbp_reply_count":0,"_bbp_total_topic_count":0,"_bbp_total_reply_count":0,"_bbp_voice_count":0,"_bbp_anonymous_reply_count":0,"_bbp_topic_count_hidden":0,"_bbp_reply_count_hidden":0,"_bbp_forum_subforum_count":0,"site-sidebar-layout":"default","site-content-layout":"","ast-site-content-layout":"","site-content-style":"default","site-sidebar-style":"default","ast-global-header-display":"","ast-banner-title-visibility":"","ast-main-header-display":"","ast-hfb-above-header-display":"","ast-hfb-below-header-display":"","ast-hfb-mobile-header-display":"","site-post-title":"","ast-breadcrumbs-content":"","ast-featured-img":"","footer-sml-layout":"","theme-transparent-header-meta":"","adv-header-id-meta":"","stick-header-meta":"","header-above-stick-meta":"","header-main-stick-meta":"","header-below-stick-meta":"","astra-migrate-meta-layouts":"default","ast-page-background-enabled":"default","ast-page-background-meta":{"desktop":{"background-color":"var(--ast-global-color-4)","background-image":"","background-repeat":"repeat","background-position":"center center","background-size":"auto","background-attachment":"scroll","background-type":"","background-media":"","overlay-type":"","overlay-color":"","overlay-opacity":"","overlay-gradient":""},"tablet":{"background-color":"","background-image":"","background-repeat":"repeat","background-position":"center center","background-size":"auto","background-attachment":"scroll","background-type":"","background-media":"","overlay-type":"","overlay-color":"","overlay-opacity":"","overlay-gradient":""},"mobile":{"background-color":"","background-image":"","background-repeat":"repeat","background-position":"center center","background-size":"auto","background-attachment":"scroll","background-type":"","background-media":"","overlay-type":"","overlay-color":"","overlay-opacity":"","overlay-gradient":""}},"ast-content-background-meta":{"desktop":{"background-color":"var(--ast-global-color-5)","background-image":"","background-repeat":"repeat","background-position":"center center","background-size":"auto","background-attachment":"scroll","background-type":"","background-media":"","overlay-type":"","overlay-color":"","overlay-opacity":"","overlay-gradient":""},"tablet":{"background-color":"var(--ast-global-color-5)","background-image":"","background-repeat":"repeat","background-position":"center center","background-size":"auto","background-attachment":"scroll","background-type":"","background-media":"","overlay-type":"","overlay-color":"","overlay-opacity":"","overlay-gradient":""},"mobile":{"background-color":"var(--ast-global-color-5)","background-image":"","background-repeat":"repeat","background-position":"center center","background-size":"auto","background-attachment":"scroll","background-type":"","background-media":"","overlay-type":"","overlay-color":"","overlay-opacity":"","overlay-gradient":""}},"footnotes":""},"class_list":["post-8824","page","type-page","status-publish","hentry"],"post_mailing_queue_ids":[],"_links":{"self":[{"href":"https:\/\/agora.xtec.cat\/ceiplanaspa\/wp-json\/wp\/v2\/pages\/8824","targetHints":{"allow":["GET"]}}],"collection":[{"href":"https:\/\/agora.xtec.cat\/ceiplanaspa\/wp-json\/wp\/v2\/pages"}],"about":[{"href":"https:\/\/agora.xtec.cat\/ceiplanaspa\/wp-json\/wp\/v2\/types\/page"}],"author":[{"embeddable":true,"href":"https:\/\/agora.xtec.cat\/ceiplanaspa\/wp-json\/wp\/v2\/users\/1"}],"replies":[{"embeddable":true,"href":"https:\/\/agora.xtec.cat\/ceiplanaspa\/wp-json\/wp\/v2\/comments?post=8824"}],"version-history":[{"count":3,"href":"https:\/\/agora.xtec.cat\/ceiplanaspa\/wp-json\/wp\/v2\/pages\/8824\/revisions"}],"predecessor-version":[{"id":8967,"href":"https:\/\/agora.xtec.cat\/ceiplanaspa\/wp-json\/wp\/v2\/pages\/8824\/revisions\/8967"}],"up":[{"embeddable":true,"href":"https:\/\/agora.xtec.cat\/ceiplanaspa\/wp-json\/wp\/v2\/pages\/2795"}],"wp:attachment":[{"href":"https:\/\/agora.xtec.cat\/ceiplanaspa\/wp-json\/wp\/v2\/media?parent=8824"}],"curies":[{"name":"wp","href":"https:\/\/api.w.org\/{rel}","templated":true}]}}