{"id":8823,"date":"2023-04-12T13:37:16","date_gmt":"2023-04-12T11:37:16","guid":{"rendered":"https:\/\/agora.xtec.cat\/ceiplanaspa\/?page_id=8823"},"modified":"2024-10-16T22:45:00","modified_gmt":"2024-10-16T20:45:00","slug":"piscina","status":"publish","type":"page","link":"https:\/\/agora.xtec.cat\/ceiplanaspa\/altres-projectes\/piscina\/","title":{"rendered":"Piscina"},"content":{"rendered":"<p><a href=\"https:\/\/agora.xtec.cat\/ceiplanaspa\/wp-content\/uploads\/usu1392\/2024\/10\/F_pisc1.jpg\"><img loading=\"lazy\" decoding=\"async\" class=\"aligncenter size-full wp-image-11674\" src=\"https:\/\/agora.xtec.cat\/ceiplanaspa\/wp-content\/uploads\/usu1392\/2024\/10\/F_pisc1.jpg\" alt=\"\" width=\"422\" height=\"280\" srcset=\"https:\/\/agora.xtec.cat\/ceiplanaspa\/wp-content\/uploads\/usu1392\/2024\/10\/F_pisc1.jpg 422w, https:\/\/agora.xtec.cat\/ceiplanaspa\/wp-content\/uploads\/usu1392\/2024\/10\/F_pisc1-300x199.jpg 300w\" sizes=\"auto, (max-width: 422px) 100vw, 422px\" \/><\/a><\/p>\n<p><span style=\"font-weight: 400;\">Des del curs 2021-22, els nostre alumnat gaudeix de l\u2019activitat de piscina cada setmana gr\u00e0cies al conveni establert amb el centre esportiu Q-sport, situat a pocs minuts de l&#8217;escola. Aix\u00f2 ens permet no nom\u00e9s oferir als nostres alumnes una activitat esportiva saludable i divertida, sin\u00f3 tamb\u00e9 fer-ho amb la proximitat i la comoditat que aix\u00f2 comporta, ja que podem anar caminant!\u00a0<\/span><\/p>\n<p><span style=\"font-weight: 400;\">Per als alumnes de la primera inf\u00e0ncia, l&#8217;horari de la piscina \u00e9s a primera hora del mat\u00ed despr\u00e9s de l&#8217;esmorzar a la classe, mentre que per als alumnes de prim\u00e0ria \u00e9s a la tarda, despr\u00e9s de les classes. L&#8217;activitat t\u00e9 una durada de 45 minuts i els nostres alumnes tenen l&#8217;oportunitat de gaudir de l&#8217;aigua i millorar les seves habilitats esportives.<\/span><\/p>\n<p><span style=\"font-weight: 400;\">La piscina no \u00e9s de caire obligatori. Per als alumnes que no participen en l&#8217;activitat l\u2019escola ofereix activitats psicomotrius per tal que tamb\u00e9 puguin gaudir d&#8217;una activitat divertida i saludable. Aix\u00ed, tots els nostres alumnes poden gaudir de les avantatges de l&#8217;activitat f\u00edsica.<\/span><\/p>\n<p><span style=\"font-weight: 400;\">Per fer possible aquesta activitat, tamb\u00e9 comptem amb la col\u00b7laboraci\u00f3 de les fam\u00edlies. Cada any s\u2019organitza una batuda de voluntaris per a les classes participants, de manera que cada setmana diferents\u00a0 familiars poden acompanyar als infants a la piscina i ajudar en el desenvolupament de l&#8217;activitat.<\/span><\/p>\n<p><span style=\"font-weight: 400;\">Al final de curs, les fam\u00edlies assisteixen a les jornades de portes obertes, perqu\u00e8 puguin veure en directe les activitats i la diversi\u00f3 que els nostres alumnes experimenten en aquesta activitat.<\/span><\/p>\n<p><span style=\"font-weight: 400;\">\u00a0A m\u00e9s, a final de curs, realitzem una enquesta per saber l&#8217;opini\u00f3 de les fam\u00edlies sobre aquesta activitat, ja que per a nosaltres \u00e9s important con\u00e8ixer les seves impressions i suggeriments per millorar cont\u00ednuament.<\/span><\/p>\n<p><span style=\"font-weight: 400;\">Estem compromesos a oferir als nostres alumnes una educaci\u00f3 completa i equilibrada, on l&#8217;esport \u00e9s una part fonamental per al seu benestar f\u00edsic i emocional. La piscina \u00e9s nom\u00e9s una de les moltes activitats que oferim als nostres alumnes perqu\u00e8 puguin desenvolupar-se com a persones \u00edntegres i feli\u00e7os.<\/span><\/p>\n<p>&nbsp;<\/p>\n<p><strong><em>Quins beneficis comporta?<\/em><\/strong><\/p>\n<p><span style=\"font-weight: 400;\">A part d\u2019aprendre a nedar, o a perfeccionar t\u00e8cniques,\u00a0 els nostres infants aprenen autonomia alhora de vestir-se i desvestir-se i responsabilitat en arribar puntuals al lloc de l&#8217;activitat.<\/span><\/p>\n<p>&nbsp;<\/p>\n<p>L\u2019escola est\u00e0 compromesa a proporcionar una educaci\u00f3 completa i de qualitat que ajudi els nostres nens i nenes a cr\u00e9ixer i a desenvolupar-se en totes les \u00e0rees de la seva vida.<\/p>\n","protected":false},"excerpt":{"rendered":"<p>Des del curs 2021-22, els nostre alumnat gaudeix de l\u2019activitat de piscina cada setmana gr\u00e0cies al conveni establert amb el centre esportiu Q-sport, situat a pocs minuts de l&#8217;escola. Aix\u00f2 ens permet no nom\u00e9s oferir als nostres alumnes una activitat esportiva saludable i divertida, sin\u00f3 tamb\u00e9 fer-ho amb la proximitat i la comoditat que aix\u00f2 [&hellip;]<\/p>\n","protected":false},"author":1,"featured_media":0,"parent":8832,"menu_order":0,"comment_status":"closed","ping_status":"closed","template":"page-templates\/side-menu.php","meta":{"_bbp_topic_count":0,"_bbp_reply_count":0,"_bbp_total_topic_count":0,"_bbp_total_reply_count":0,"_bbp_voice_count":0,"_bbp_anonymous_reply_count":0,"_bbp_topic_count_hidden":0,"_bbp_reply_count_hidden":0,"_bbp_forum_subforum_count":0,"site-sidebar-layout":"default","site-content-layout":"","ast-site-content-layout":"","site-content-style":"default","site-sidebar-style":"default","ast-global-header-display":"","ast-banner-title-visibility":"","ast-main-header-display":"","ast-hfb-above-header-display":"","ast-hfb-below-header-display":"","ast-hfb-mobile-header-display":"","site-post-title":"","ast-breadcrumbs-content":"","ast-featured-img":"","footer-sml-layout":"","theme-transparent-header-meta":"","adv-header-id-meta":"","stick-header-meta":"","header-above-stick-meta":"","header-main-stick-meta":"","header-below-stick-meta":"","astra-migrate-meta-layouts":"default","ast-page-background-enabled":"default","ast-page-background-meta":{"desktop":{"background-color":"var(--ast-global-color-4)","background-image":"","background-repeat":"repeat","background-position":"center center","background-size":"auto","background-attachment":"scroll","background-type":"","background-media":"","overlay-type":"","overlay-color":"","overlay-opacity":"","overlay-gradient":""},"tablet":{"background-color":"","background-image":"","background-repeat":"repeat","background-position":"center center","background-size":"auto","background-attachment":"scroll","background-type":"","background-media":"","overlay-type":"","overlay-color":"","overlay-opacity":"","overlay-gradient":""},"mobile":{"background-color":"","background-image":"","background-repeat":"repeat","background-position":"center center","background-size":"auto","background-attachment":"scroll","background-type":"","background-media":"","overlay-type":"","overlay-color":"","overlay-opacity":"","overlay-gradient":""}},"ast-content-background-meta":{"desktop":{"background-color":"var(--ast-global-color-5)","background-image":"","background-repeat":"repeat","background-position":"center center","background-size":"auto","background-attachment":"scroll","background-type":"","background-media":"","overlay-type":"","overlay-color":"","overlay-opacity":"","overlay-gradient":""},"tablet":{"background-color":"var(--ast-global-color-5)","background-image":"","background-repeat":"repeat","background-position":"center center","background-size":"auto","background-attachment":"scroll","background-type":"","background-media":"","overlay-type":"","overlay-color":"","overlay-opacity":"","overlay-gradient":""},"mobile":{"background-color":"var(--ast-global-color-5)","background-image":"","background-repeat":"repeat","background-position":"center center","background-size":"auto","background-attachment":"scroll","background-type":"","background-media":"","overlay-type":"","overlay-color":"","overlay-opacity":"","overlay-gradient":""}},"footnotes":""},"class_list":["post-8823","page","type-page","status-publish","hentry"],"post_mailing_queue_ids":[],"_links":{"self":[{"href":"https:\/\/agora.xtec.cat\/ceiplanaspa\/wp-json\/wp\/v2\/pages\/8823","targetHints":{"allow":["GET"]}}],"collection":[{"href":"https:\/\/agora.xtec.cat\/ceiplanaspa\/wp-json\/wp\/v2\/pages"}],"about":[{"href":"https:\/\/agora.xtec.cat\/ceiplanaspa\/wp-json\/wp\/v2\/types\/page"}],"author":[{"embeddable":true,"href":"https:\/\/agora.xtec.cat\/ceiplanaspa\/wp-json\/wp\/v2\/users\/1"}],"replies":[{"embeddable":true,"href":"https:\/\/agora.xtec.cat\/ceiplanaspa\/wp-json\/wp\/v2\/comments?post=8823"}],"version-history":[{"count":5,"href":"https:\/\/agora.xtec.cat\/ceiplanaspa\/wp-json\/wp\/v2\/pages\/8823\/revisions"}],"predecessor-version":[{"id":11675,"href":"https:\/\/agora.xtec.cat\/ceiplanaspa\/wp-json\/wp\/v2\/pages\/8823\/revisions\/11675"}],"up":[{"embeddable":true,"href":"https:\/\/agora.xtec.cat\/ceiplanaspa\/wp-json\/wp\/v2\/pages\/8832"}],"wp:attachment":[{"href":"https:\/\/agora.xtec.cat\/ceiplanaspa\/wp-json\/wp\/v2\/media?parent=8823"}],"curies":[{"name":"wp","href":"https:\/\/api.w.org\/{rel}","templated":true}]}}