{"id":2845,"date":"2020-11-27T15:54:16","date_gmt":"2020-11-27T14:54:16","guid":{"rendered":"http:\/\/agora.xtec.cat\/ceiplanaspa\/?page_id=2845"},"modified":"2022-07-02T11:21:24","modified_gmt":"2022-07-02T09:21:24","slug":"matriculacio","status":"publish","type":"page","link":"https:\/\/agora.xtec.cat\/ceiplanaspa\/preinscripcio-i-matriculacio\/matriculacio\/","title":{"rendered":"Matriculaci\u00f3"},"content":{"rendered":"<p>Informaci\u00f3 a les fam\u00edlies:\u00a0<a href=\"https:\/\/agora.xtec.cat\/ceiplanaspa\/wp-content\/uploads\/usu1392\/2022\/06\/Informacio-a-les-families.pdf\" target=\"_blank\" rel=\"noopener\">Informaci\u00f3<\/a><\/p>\n<p>Documents matriculaci\u00f3:<\/p>\n<ul>\n<li><a href=\"https:\/\/agora.xtec.cat\/ceiplanaspa\/wp-content\/uploads\/usu1392\/2022\/06\/Inscripicio.pdf\" target=\"_blank\" rel=\"noopener\">Inscripci\u00f3<\/a><\/li>\n<li><a href=\"https:\/\/agora.xtec.cat\/ceiplanaspa\/wp-content\/uploads\/usu1392\/2022\/06\/Informacio-pagament-TPV-Escola.pdf\" target=\"_blank\" rel=\"noopener\">Informaci\u00f3 pagament TPV Escola<\/a><\/li>\n<li><a href=\"https:\/\/agora.xtec.cat\/ceiplanaspa\/wp-content\/uploads\/usu1392\/2022\/06\/Carta-compromis-educatiu.pdf\" target=\"_blank\" rel=\"noopener\">Carta comprom\u00eds educatiu<\/a><\/li>\n<li><a href=\"https:\/\/agora.xtec.cat\/ceiplanaspa\/wp-content\/uploads\/usu1392\/2022\/06\/Recollida-dels-alumnes.pdf\" target=\"_blank\" rel=\"noopener\">Recollida dels alumnes<\/a><\/li>\n<li><a href=\"https:\/\/agora.xtec.cat\/ceiplanaspa\/wp-content\/uploads\/usu1392\/2022\/06\/Autoritzacio-sortides-per-Terrassa.pdf\" target=\"_blank\" rel=\"noopener\">Autoritzaci\u00f3 sortides per Terrassa<\/a><\/li>\n<li><a href=\"https:\/\/agora.xtec.cat\/ceiplanaspa\/wp-content\/uploads\/usu1392\/2022\/06\/Autoritzacio-AFA.pdf\" target=\"_blank\" rel=\"noopener\">Autoritzaci\u00f3 AFA<\/a><\/li>\n<li><a href=\"https:\/\/agora.xtec.cat\/ceiplanaspa\/wp-content\/uploads\/usu1392\/2022\/06\/Autoritzacio-Crespinell.pdf\" target=\"_blank\" rel=\"noopener\">Autoritzaci\u00f3 Crespinell<\/a><\/li>\n<\/ul>\n<p>&nbsp;<\/p>\n","protected":false},"excerpt":{"rendered":"<p>Informaci\u00f3 a les fam\u00edlies:\u00a0Informaci\u00f3 Documents matriculaci\u00f3: Inscripci\u00f3 Informaci\u00f3 pagament TPV Escola Carta comprom\u00eds educatiu Recollida dels alumnes Autoritzaci\u00f3 sortides per Terrassa Autoritzaci\u00f3 AFA Autoritzaci\u00f3 Crespinell &nbsp;<\/p>\n","protected":false},"author":1,"featured_media":0,"parent":2837,"menu_order":2,"comment_status":"closed","ping_status":"closed","template":"page-templates\/side-menu.php","meta":{"_bbp_topic_count":0,"_bbp_reply_count":0,"_bbp_total_topic_count":0,"_bbp_total_reply_count":0,"_bbp_voice_count":0,"_bbp_anonymous_reply_count":0,"_bbp_topic_count_hidden":0,"_bbp_reply_count_hidden":0,"_bbp_forum_subforum_count":0,"site-sidebar-layout":"default","site-content-layout":"","ast-site-content-layout":"","site-content-style":"default","site-sidebar-style":"default","ast-global-header-display":"","ast-banner-title-visibility":"","ast-main-header-display":"","ast-hfb-above-header-display":"","ast-hfb-below-header-display":"","ast-hfb-mobile-header-display":"","site-post-title":"","ast-breadcrumbs-content":"","ast-featured-img":"","footer-sml-layout":"","theme-transparent-header-meta":"","adv-header-id-meta":"","stick-header-meta":"","header-above-stick-meta":"","header-main-stick-meta":"","header-below-stick-meta":"","astra-migrate-meta-layouts":"default","ast-page-background-enabled":"default","ast-page-background-meta":{"desktop":{"background-color":"var(--ast-global-color-4)","background-image":"","background-repeat":"repeat","background-position":"center center","background-size":"auto","background-attachment":"scroll","background-type":"","background-media":"","overlay-type":"","overlay-color":"","overlay-opacity":"","overlay-gradient":""},"tablet":{"background-color":"","background-image":"","background-repeat":"repeat","background-position":"center center","background-size":"auto","background-attachment":"scroll","background-type":"","background-media":"","overlay-type":"","overlay-color":"","overlay-opacity":"","overlay-gradient":""},"mobile":{"background-color":"","background-image":"","background-repeat":"repeat","background-position":"center center","background-size":"auto","background-attachment":"scroll","background-type":"","background-media":"","overlay-type":"","overlay-color":"","overlay-opacity":"","overlay-gradient":""}},"ast-content-background-meta":{"desktop":{"background-color":"var(--ast-global-color-5)","background-image":"","background-repeat":"repeat","background-position":"center center","background-size":"auto","background-attachment":"scroll","background-type":"","background-media":"","overlay-type":"","overlay-color":"","overlay-opacity":"","overlay-gradient":""},"tablet":{"background-color":"var(--ast-global-color-5)","background-image":"","background-repeat":"repeat","background-position":"center center","background-size":"auto","background-attachment":"scroll","background-type":"","background-media":"","overlay-type":"","overlay-color":"","overlay-opacity":"","overlay-gradient":""},"mobile":{"background-color":"var(--ast-global-color-5)","background-image":"","background-repeat":"repeat","background-position":"center center","background-size":"auto","background-attachment":"scroll","background-type":"","background-media":"","overlay-type":"","overlay-color":"","overlay-opacity":"","overlay-gradient":""}},"footnotes":""},"class_list":["post-2845","page","type-page","status-publish","hentry"],"post_mailing_queue_ids":[],"_links":{"self":[{"href":"https:\/\/agora.xtec.cat\/ceiplanaspa\/wp-json\/wp\/v2\/pages\/2845","targetHints":{"allow":["GET"]}}],"collection":[{"href":"https:\/\/agora.xtec.cat\/ceiplanaspa\/wp-json\/wp\/v2\/pages"}],"about":[{"href":"https:\/\/agora.xtec.cat\/ceiplanaspa\/wp-json\/wp\/v2\/types\/page"}],"author":[{"embeddable":true,"href":"https:\/\/agora.xtec.cat\/ceiplanaspa\/wp-json\/wp\/v2\/users\/1"}],"replies":[{"embeddable":true,"href":"https:\/\/agora.xtec.cat\/ceiplanaspa\/wp-json\/wp\/v2\/comments?post=2845"}],"version-history":[{"count":3,"href":"https:\/\/agora.xtec.cat\/ceiplanaspa\/wp-json\/wp\/v2\/pages\/2845\/revisions"}],"predecessor-version":[{"id":7299,"href":"https:\/\/agora.xtec.cat\/ceiplanaspa\/wp-json\/wp\/v2\/pages\/2845\/revisions\/7299"}],"up":[{"embeddable":true,"href":"https:\/\/agora.xtec.cat\/ceiplanaspa\/wp-json\/wp\/v2\/pages\/2837"}],"wp:attachment":[{"href":"https:\/\/agora.xtec.cat\/ceiplanaspa\/wp-json\/wp\/v2\/media?parent=2845"}],"curies":[{"name":"wp","href":"https:\/\/api.w.org\/{rel}","templated":true}]}}