{"id":2801,"date":"2020-11-27T12:24:21","date_gmt":"2020-11-27T11:24:21","guid":{"rendered":"http:\/\/agora.xtec.cat\/ceiplanaspa\/?page_id=2801"},"modified":"2023-05-05T08:37:40","modified_gmt":"2023-05-05T06:37:40","slug":"transformacio-biblioteca","status":"publish","type":"page","link":"https:\/\/agora.xtec.cat\/ceiplanaspa\/transformacio-biblioteca\/","title":{"rendered":"La nostra biblioteca"},"content":{"rendered":"<p>El projecte de la nostra biblioteca ha estat possible gr\u00e0cies a moltes persones boniques que han col\u00b7laborat:<\/p>\n<ul>\n<li style=\"list-style-type: none;\">\n<ul>\n<li>Tots els nens i les nenes de l&#8217;escola Lanaspa-Giralt<\/li>\n<li>La comissi\u00f3 de biblioteca de l&#8217;equip de mestres de Lanaspa.<\/li>\n<li>L&#8217;equip directiu.<\/li>\n<li>La comissi\u00f3 de biblioteca de les fam\u00edlies de l&#8217;escola: S\u00f2nia, Marta, Marta S., Nat\u00e0lia, Anne, Virtu, Samanta i Olga.<\/li>\n<li>A totes les fam\u00edlies de l&#8217;escola (AFA).<\/li>\n<li>Fam\u00edlies col\u00b7laboradores, en especial a: Felipe i a la Mireia, per ajudar a fer el disseny de l&#8217;espai, al Roger per fer-nos les fustes, i totes les persones que van ajudar a fer l&#8217;esporga.<\/li>\n<li>Gemma del C\u00f2dol.<\/li>\n<li>Elena i Anchu de la Synusia.<\/li>\n<li>Marta Mart\u00ed de la Biblioteca Central de Terrassa.<\/li>\n<li>Al Richard, el nostre conserge.<\/li>\n<li>A l&#8217;equip del programa PuntEdu.<\/li>\n<li>A la Rut i a l&#8217;Eli de l&#8217;escola del Crespinell.<\/li>\n<li>A l&#8217;Anna del CRP de Terrassa.<\/li>\n<\/ul>\n<\/li>\n<\/ul>\n<p>GR\u00c0CIES a totes les persones que fan possible que avui dia tinguem una biblioteca \u00fanica a una escola p\u00fablica!<\/p>\n","protected":false},"excerpt":{"rendered":"<p>El projecte de la nostra biblioteca ha estat possible gr\u00e0cies a moltes persones boniques que han col\u00b7laborat: Tots els nens i les nenes de l&#8217;escola Lanaspa-Giralt La comissi\u00f3 de biblioteca de l&#8217;equip de mestres de Lanaspa. L&#8217;equip directiu. La comissi\u00f3 de biblioteca de les fam\u00edlies de l&#8217;escola: S\u00f2nia, Marta, Marta S., Nat\u00e0lia, Anne, Virtu, Samanta [&hellip;]<\/p>\n","protected":false},"author":1,"featured_media":0,"parent":0,"menu_order":1,"comment_status":"closed","ping_status":"closed","template":"page-templates\/side-menu.php","meta":{"_bbp_topic_count":0,"_bbp_reply_count":0,"_bbp_total_topic_count":0,"_bbp_total_reply_count":0,"_bbp_voice_count":0,"_bbp_anonymous_reply_count":0,"_bbp_topic_count_hidden":0,"_bbp_reply_count_hidden":0,"_bbp_forum_subforum_count":0,"site-sidebar-layout":"default","site-content-layout":"","ast-site-content-layout":"","site-content-style":"default","site-sidebar-style":"default","ast-global-header-display":"","ast-banner-title-visibility":"","ast-main-header-display":"","ast-hfb-above-header-display":"","ast-hfb-below-header-display":"","ast-hfb-mobile-header-display":"","site-post-title":"","ast-breadcrumbs-content":"","ast-featured-img":"","footer-sml-layout":"","theme-transparent-header-meta":"","adv-header-id-meta":"","stick-header-meta":"","header-above-stick-meta":"","header-main-stick-meta":"","header-below-stick-meta":"","astra-migrate-meta-layouts":"default","ast-page-background-enabled":"default","ast-page-background-meta":{"desktop":{"background-color":"var(--ast-global-color-4)","background-image":"","background-repeat":"repeat","background-position":"center center","background-size":"auto","background-attachment":"scroll","background-type":"","background-media":"","overlay-type":"","overlay-color":"","overlay-opacity":"","overlay-gradient":""},"tablet":{"background-color":"","background-image":"","background-repeat":"repeat","background-position":"center center","background-size":"auto","background-attachment":"scroll","background-type":"","background-media":"","overlay-type":"","overlay-color":"","overlay-opacity":"","overlay-gradient":""},"mobile":{"background-color":"","background-image":"","background-repeat":"repeat","background-position":"center center","background-size":"auto","background-attachment":"scroll","background-type":"","background-media":"","overlay-type":"","overlay-color":"","overlay-opacity":"","overlay-gradient":""}},"ast-content-background-meta":{"desktop":{"background-color":"var(--ast-global-color-5)","background-image":"","background-repeat":"repeat","background-position":"center center","background-size":"auto","background-attachment":"scroll","background-type":"","background-media":"","overlay-type":"","overlay-color":"","overlay-opacity":"","overlay-gradient":""},"tablet":{"background-color":"var(--ast-global-color-5)","background-image":"","background-repeat":"repeat","background-position":"center center","background-size":"auto","background-attachment":"scroll","background-type":"","background-media":"","overlay-type":"","overlay-color":"","overlay-opacity":"","overlay-gradient":""},"mobile":{"background-color":"var(--ast-global-color-5)","background-image":"","background-repeat":"repeat","background-position":"center center","background-size":"auto","background-attachment":"scroll","background-type":"","background-media":"","overlay-type":"","overlay-color":"","overlay-opacity":"","overlay-gradient":""}},"footnotes":""},"class_list":["post-2801","page","type-page","status-publish","hentry"],"post_mailing_queue_ids":[],"_links":{"self":[{"href":"https:\/\/agora.xtec.cat\/ceiplanaspa\/wp-json\/wp\/v2\/pages\/2801","targetHints":{"allow":["GET"]}}],"collection":[{"href":"https:\/\/agora.xtec.cat\/ceiplanaspa\/wp-json\/wp\/v2\/pages"}],"about":[{"href":"https:\/\/agora.xtec.cat\/ceiplanaspa\/wp-json\/wp\/v2\/types\/page"}],"author":[{"embeddable":true,"href":"https:\/\/agora.xtec.cat\/ceiplanaspa\/wp-json\/wp\/v2\/users\/1"}],"replies":[{"embeddable":true,"href":"https:\/\/agora.xtec.cat\/ceiplanaspa\/wp-json\/wp\/v2\/comments?post=2801"}],"version-history":[{"count":3,"href":"https:\/\/agora.xtec.cat\/ceiplanaspa\/wp-json\/wp\/v2\/pages\/2801\/revisions"}],"predecessor-version":[{"id":9140,"href":"https:\/\/agora.xtec.cat\/ceiplanaspa\/wp-json\/wp\/v2\/pages\/2801\/revisions\/9140"}],"wp:attachment":[{"href":"https:\/\/agora.xtec.cat\/ceiplanaspa\/wp-json\/wp\/v2\/media?parent=2801"}],"curies":[{"name":"wp","href":"https:\/\/api.w.org\/{rel}","templated":true}]}}