{"id":2789,"date":"2020-11-27T12:03:52","date_gmt":"2020-11-27T11:03:52","guid":{"rendered":"http:\/\/agora.xtec.cat\/ceiplanaspa\/?page_id=2789"},"modified":"2025-09-10T22:22:29","modified_gmt":"2025-09-10T20:22:29","slug":"lequip","status":"publish","type":"page","link":"https:\/\/agora.xtec.cat\/ceiplanaspa\/quisom\/lequip\/","title":{"rendered":"L&#8217;equip 2025-2026"},"content":{"rendered":"<p class=\"has-normal-font-size\">L\u2019<strong>equip hum\u00e0 que formem l\u2019Escola Lanaspa-Giralt<\/strong> est\u00e0 obert a les situacions d\u2019aprenentatge i de canvi, per tal de poder donar resposta als reptes d\u2019una societat que avan\u00e7a constantment. En un moment fonamental per a l&#8217;Escola, on s&#8217;est\u00e0 definit la l\u00ednia pedag\u00f2gica d&#8217;aquesta, la il\u00b7lusi\u00f3 de fer-ho possible fa que l&#8217;equip trobi moments per: escoltar, observar, guiar, respectar, documentar, dissenyar, proposar&#8230;<\/p>\n<p class=\"has-normal-font-size\">Com a claustre, treballem amb responsabilitat i reflexionem sobre la pr\u00f2pia pr\u00e0ctica compartint i formant-nos conjuntament. Aquest \u00e9s un aspecte clau i fonamental per aconseguir l&#8217;educaci\u00f3 que volem oferir, sempre actuant per als nostres infants.<\/p>\n<p>Tanmateix, aquest canvi pedag\u00f2gic ha coincidit amb un canvi considerable dels professionals del centre.<\/p>\n<p>Estem molt emocionats i il\u00b7lusionats amb el projecte d&#8217;escola que estem construint.<\/p>\n<h5><strong>EQUIP DOCENT:<\/strong><\/h5>\n<p>&nbsp;<\/p>\n<ul style=\"list-style-type: square;\">\n<li><strong>EQUIP DIRECTIU:<\/strong>\n<ul style=\"list-style-type: circle;\">\n<li><strong>M\u00f2nica Sol\u00e0:<\/strong> Directora\n<ul style=\"list-style-type: circle;\">\n<li><em>monicasola@lanaspagiralt.com<\/em><\/li>\n<\/ul>\n<\/li>\n<li><strong>Mireia Morales:<\/strong> Cap d&#8217;estudis\n<ul style=\"list-style-type: circle;\">\n<li><em>mireiamorales@lanaspagiralt.com<\/em><\/li>\n<\/ul>\n<\/li>\n<li><strong>Sheila Lahoz:<\/strong> Secret\u00e0ria\n<ul style=\"list-style-type: circle;\">\n<li><em>sheilalahoz@lanaspagiralt.com<\/em><\/li>\n<\/ul>\n<\/li>\n<\/ul>\n<\/li>\n<\/ul>\n<p>&nbsp;<\/p>\n<ul style=\"list-style-type: square;\">\n<li><strong>TUTORS\/ES:<\/strong>\n<ul style=\"list-style-type: square;\">\n<li><strong>Marta Creus:<\/strong> Tutora d&#8217;I3<\/li>\n<li><strong>Ester Parera:<\/strong> Tutora d&#8217;I4<\/li>\n<li><strong>Meritxell Perona:<\/strong> Tutora d&#8217;I5<\/li>\n<li><strong>Neus Saperes:<\/strong> Tutora de 1r<\/li>\n<li><strong>Esther Fern\u00e1ndez:<\/strong> Tutora de 2n<\/li>\n<li><strong>Oriol Chaves:<\/strong> Tutor de 3r<\/li>\n<li><strong>Xavier Carrillo:<\/strong> Tutor de 4t<\/li>\n<li><strong>Raquel Gallego:<\/strong> Tutora de 5\u00e8<\/li>\n<li><strong>Mariona Barutel:<\/strong> Tutora de 6\u00e8<\/li>\n<\/ul>\n<\/li>\n<\/ul>\n<p>&nbsp;<\/p>\n<ul style=\"list-style-type: square;\">\n<li><strong>ESPECIALISTES:<\/strong>\n<ul style=\"list-style-type: square;\">\n<li><strong>Sheila Lahoz, Elena Xampeny i Rocio de Alarc\u00f3n:<\/strong> Angl\u00e8s<\/li>\n<li><strong>Xavi Carrillo i Neus Saperes:<\/strong> Educaci\u00f3 F\u00edsica<\/li>\n<li><strong>M\u00f2nica Sol\u00e0 i H\u00e9ctor Caselles:<\/strong> M\u00fasica<\/li>\n<li><strong>Mireia Morales i Oriol Chaves:<\/strong> Art<\/li>\n<li><strong>Noelia Campoy:<\/strong> Religi\u00f3, Cultura i Psicomotricitat<\/li>\n<li><strong>Maite Morell:<\/strong> Educaci\u00f3 Especial<\/li>\n<li><strong>Mari Carmen:<\/strong> Auxiliar d&#8217;Educaci\u00f3 Especial<\/li>\n<li><strong>Raquel Donnay:<\/strong> T\u00e8cnica d&#8217;Educaci\u00f3 Infantil<\/li>\n<\/ul>\n<\/li>\n<\/ul>\n<ul style=\"list-style-type: square;\">\n<li><strong>COORDINADORES D&#8217;ETAPA:<\/strong>\n<ul style=\"list-style-type: circle;\">\n<li><strong>Ester Parera:<\/strong> Coordinadora de Petits<\/li>\n<li><strong>Esther Fern\u00e1ndez:<\/strong> Coordinadora de Mitjans<\/li>\n<li><strong>Mariona Barutel:<\/strong> Coordinadora de Grans.<\/li>\n<\/ul>\n<\/li>\n<\/ul>\n<ul style=\"list-style-type: square;\">\n<li><strong>COORDINADORS\/ES D&#8217;ESCOLA<\/strong>:\n<ul style=\"list-style-type: circle;\">\n<li><strong>Xavier Carrillo:<\/strong> Coordinador Digital<\/li>\n<li><strong>Noelia Campoy:<\/strong> Coordinadora de Riscos Laborals<\/li>\n<li><strong>Rocio de Alarc\u00f3n:<\/strong> Coordinadora Ling\u00fc\u00edstica (LIC)<\/li>\n<li><strong>Maite Morell:<\/strong>\u00a0coordinadora de benestar emocional<\/li>\n<\/ul>\n<\/li>\n<\/ul>\n<h5><strong>PERSONAL DE SUPORT EXTERN:<\/strong><\/h5>\n<ul>\n<li><strong>Lourdes Mart\u00ednez:<\/strong> Equip d&#8217;Assessorament Psicopedag\u00f2gic (EAP)<\/li>\n<li><strong>Ram\u00f3n Nasarre:<\/strong> Inspector<\/li>\n<li><strong>Esther<\/strong> <strong>Rodr\u00edguez:<\/strong> Treballadora social<\/li>\n<li><strong>N\u00faria Pedret:\u00a0<\/strong>Fisioterapeuta<\/li>\n<\/ul>\n<h5><strong>EQUIP DE MIGDIA:<\/strong><\/h5>\n<ul>\n<li><strong>Trini:<\/strong> Coordinadora de l&#8217;empresa Mediterranea Catering<\/li>\n<\/ul>\n<h5><strong>PERSONAL DE CUINA:<\/strong><\/h5>\n<ul>\n<li><strong>Montse:<\/strong> Cuinera<\/li>\n<li>\u00a0Ajudant de cuina<\/li>\n<\/ul>\n<h5><strong>PERSONAL DE SERVEI:<\/strong><\/h5>\n<ul>\n<li><strong>Eli Mart\u00ednez:<\/strong> Administrativa<\/li>\n<li><strong>Richard Meschede:<\/strong> Conserge<\/li>\n<\/ul>\n<h5><strong>PERSONAL DE NETEJA:<\/strong><\/h5>\n<ul>\n<li><strong>Luisa<\/strong><\/li>\n<li><strong>Ramona<\/strong><\/li>\n<li><strong>Persona itinerant<\/strong><\/li>\n<\/ul>\n","protected":false},"excerpt":{"rendered":"<p>L\u2019equip hum\u00e0 que formem l\u2019Escola Lanaspa-Giralt est\u00e0 obert a les situacions d\u2019aprenentatge i de canvi, per tal de poder donar resposta als reptes d\u2019una societat que avan\u00e7a constantment. En un moment fonamental per a l&#8217;Escola, on s&#8217;est\u00e0 definit la l\u00ednia pedag\u00f2gica d&#8217;aquesta, la il\u00b7lusi\u00f3 de fer-ho possible fa que l&#8217;equip trobi moments per: escoltar, observar, [&hellip;]<\/p>\n","protected":false},"author":1,"featured_media":0,"parent":22,"menu_order":3,"comment_status":"closed","ping_status":"closed","template":"","meta":{"_bbp_topic_count":0,"_bbp_reply_count":0,"_bbp_total_topic_count":0,"_bbp_total_reply_count":0,"_bbp_voice_count":0,"_bbp_anonymous_reply_count":0,"_bbp_topic_count_hidden":0,"_bbp_reply_count_hidden":0,"_bbp_forum_subforum_count":0,"site-sidebar-layout":"default","site-content-layout":"","ast-site-content-layout":"default","site-content-style":"default","site-sidebar-style":"default","ast-global-header-display":"","ast-banner-title-visibility":"","ast-main-header-display":"","ast-hfb-above-header-display":"","ast-hfb-below-header-display":"","ast-hfb-mobile-header-display":"","site-post-title":"","ast-breadcrumbs-content":"","ast-featured-img":"","footer-sml-layout":"","theme-transparent-header-meta":"default","adv-header-id-meta":"","stick-header-meta":"","header-above-stick-meta":"","header-main-stick-meta":"","header-below-stick-meta":"","astra-migrate-meta-layouts":"set","ast-page-background-enabled":"default","ast-page-background-meta":{"desktop":{"background-color":"var(--ast-global-color-4)","background-image":"","background-repeat":"repeat","background-position":"center center","background-size":"auto","background-attachment":"scroll","background-type":"","background-media":"","overlay-type":"","overlay-color":"","overlay-opacity":"","overlay-gradient":""},"tablet":{"background-color":"","background-image":"","background-repeat":"repeat","background-position":"center center","background-size":"auto","background-attachment":"scroll","background-type":"","background-media":"","overlay-type":"","overlay-color":"","overlay-opacity":"","overlay-gradient":""},"mobile":{"background-color":"","background-image":"","background-repeat":"repeat","background-position":"center center","background-size":"auto","background-attachment":"scroll","background-type":"","background-media":"","overlay-type":"","overlay-color":"","overlay-opacity":"","overlay-gradient":""}},"ast-content-background-meta":{"desktop":{"background-color":"var(--ast-global-color-5)","background-image":"","background-repeat":"repeat","background-position":"center center","background-size":"auto","background-attachment":"scroll","background-type":"","background-media":"","overlay-type":"","overlay-color":"","overlay-opacity":"","overlay-gradient":""},"tablet":{"background-color":"var(--ast-global-color-5)","background-image":"","background-repeat":"repeat","background-position":"center center","background-size":"auto","background-attachment":"scroll","background-type":"","background-media":"","overlay-type":"","overlay-color":"","overlay-opacity":"","overlay-gradient":""},"mobile":{"background-color":"var(--ast-global-color-5)","background-image":"","background-repeat":"repeat","background-position":"center center","background-size":"auto","background-attachment":"scroll","background-type":"","background-media":"","overlay-type":"","overlay-color":"","overlay-opacity":"","overlay-gradient":""}},"footnotes":""},"class_list":["post-2789","page","type-page","status-publish","hentry"],"post_mailing_queue_ids":[],"_links":{"self":[{"href":"https:\/\/agora.xtec.cat\/ceiplanaspa\/wp-json\/wp\/v2\/pages\/2789","targetHints":{"allow":["GET"]}}],"collection":[{"href":"https:\/\/agora.xtec.cat\/ceiplanaspa\/wp-json\/wp\/v2\/pages"}],"about":[{"href":"https:\/\/agora.xtec.cat\/ceiplanaspa\/wp-json\/wp\/v2\/types\/page"}],"author":[{"embeddable":true,"href":"https:\/\/agora.xtec.cat\/ceiplanaspa\/wp-json\/wp\/v2\/users\/1"}],"replies":[{"embeddable":true,"href":"https:\/\/agora.xtec.cat\/ceiplanaspa\/wp-json\/wp\/v2\/comments?post=2789"}],"version-history":[{"count":8,"href":"https:\/\/agora.xtec.cat\/ceiplanaspa\/wp-json\/wp\/v2\/pages\/2789\/revisions"}],"predecessor-version":[{"id":13661,"href":"https:\/\/agora.xtec.cat\/ceiplanaspa\/wp-json\/wp\/v2\/pages\/2789\/revisions\/13661"}],"up":[{"embeddable":true,"href":"https:\/\/agora.xtec.cat\/ceiplanaspa\/wp-json\/wp\/v2\/pages\/22"}],"wp:attachment":[{"href":"https:\/\/agora.xtec.cat\/ceiplanaspa\/wp-json\/wp\/v2\/media?parent=2789"}],"curies":[{"name":"wp","href":"https:\/\/api.w.org\/{rel}","templated":true}]}}