{"id":26,"date":"2014-09-18T12:24:32","date_gmt":"2014-09-18T11:24:32","guid":{"rendered":"http:\/\/agora.xtec.cat\/ceiplanaspa\/?page_id=26"},"modified":"2020-11-30T10:29:50","modified_gmt":"2020-11-30T09:29:50","slug":"lescola","status":"publish","type":"page","link":"https:\/\/agora.xtec.cat\/ceiplanaspa\/quisom\/lescola\/","title":{"rendered":"L&#8217;escola"},"content":{"rendered":"<p style=\"text-align: justify;\">L\u2019<strong>Escola Lanaspa-Giralt de Terrassa<\/strong> \u00e9s una <em>escola p\u00fablica d\u2019una l\u00ednia<\/em>, situada al <em>centre<\/em> de Terrassa.<\/p>\n<p style=\"text-align: justify;\">L\u2019escola va comen\u00e7ar en un altre edifici al 1981. Aquest era petit per a la pr\u00e0ctica educativa. Despr\u00e9s de diferents propostes, el centre es va traslladar finalment a l\u2019actual edifici: <a href=\"http:\/\/jplananieto.blogspot.com.es\/2016\/01\/vapor-marcet-poal.html\" target=\"_blank\" rel=\"noopener noreferrer\">una antiga f\u00e0brica<\/a> (un vapor) remodelada.<\/p>\n<p style=\"text-align: justify;\">L\u2019escola t\u00e9 un <em>Projecte de Col\u00b7laboraci\u00f3<\/em> amb l\u2019<em>Escola d\u2019Educaci\u00f3 Especial Crespinell<\/em>, situada al mateix carrer i davant l\u2019Escola Lanaspa-Giralt. Els seus alumnes comparteixen diferents activitats, tallers, jocs, esbarjo, col\u00f2nies i sortides, entre d\u2019altres. Aquesta estreta relaci\u00f3 ens permet normalitzar la difer\u00e8ncia entre les persones amb necessitats especials i ens ajuda a crear un clima de toler\u00e0ncia, inclusi\u00f3, respecte i solidaritat entre els alumnes d\u2019ambdues escoles.<\/p>\n","protected":false},"excerpt":{"rendered":"<p>L\u2019Escola Lanaspa-Giralt de Terrassa \u00e9s una escola p\u00fablica d\u2019una l\u00ednia, situada al centre de Terrassa. L\u2019escola va comen\u00e7ar en un altre edifici al 1981. Aquest era petit per a la pr\u00e0ctica educativa. Despr\u00e9s de diferents propostes, el centre es va traslladar finalment a l\u2019actual edifici: una antiga f\u00e0brica (un vapor) remodelada. L\u2019escola t\u00e9 un Projecte [&hellip;]<\/p>\n","protected":false},"author":1,"featured_media":0,"parent":22,"menu_order":1,"comment_status":"closed","ping_status":"closed","template":"page-templates\/side-menu.php","meta":{"_bbp_topic_count":0,"_bbp_reply_count":0,"_bbp_total_topic_count":0,"_bbp_total_reply_count":0,"_bbp_voice_count":0,"_bbp_anonymous_reply_count":0,"_bbp_topic_count_hidden":0,"_bbp_reply_count_hidden":0,"_bbp_forum_subforum_count":0,"site-sidebar-layout":"default","site-content-layout":"","ast-site-content-layout":"","site-content-style":"default","site-sidebar-style":"default","ast-global-header-display":"","ast-banner-title-visibility":"","ast-main-header-display":"","ast-hfb-above-header-display":"","ast-hfb-below-header-display":"","ast-hfb-mobile-header-display":"","site-post-title":"","ast-breadcrumbs-content":"","ast-featured-img":"","footer-sml-layout":"","theme-transparent-header-meta":"","adv-header-id-meta":"","stick-header-meta":"","header-above-stick-meta":"","header-main-stick-meta":"","header-below-stick-meta":"","astra-migrate-meta-layouts":"default","ast-page-background-enabled":"default","ast-page-background-meta":{"desktop":{"background-color":"var(--ast-global-color-4)","background-image":"","background-repeat":"repeat","background-position":"center center","background-size":"auto","background-attachment":"scroll","background-type":"","background-media":"","overlay-type":"","overlay-color":"","overlay-opacity":"","overlay-gradient":""},"tablet":{"background-color":"","background-image":"","background-repeat":"repeat","background-position":"center center","background-size":"auto","background-attachment":"scroll","background-type":"","background-media":"","overlay-type":"","overlay-color":"","overlay-opacity":"","overlay-gradient":""},"mobile":{"background-color":"","background-image":"","background-repeat":"repeat","background-position":"center center","background-size":"auto","background-attachment":"scroll","background-type":"","background-media":"","overlay-type":"","overlay-color":"","overlay-opacity":"","overlay-gradient":""}},"ast-content-background-meta":{"desktop":{"background-color":"var(--ast-global-color-5)","background-image":"","background-repeat":"repeat","background-position":"center center","background-size":"auto","background-attachment":"scroll","background-type":"","background-media":"","overlay-type":"","overlay-color":"","overlay-opacity":"","overlay-gradient":""},"tablet":{"background-color":"var(--ast-global-color-5)","background-image":"","background-repeat":"repeat","background-position":"center center","background-size":"auto","background-attachment":"scroll","background-type":"","background-media":"","overlay-type":"","overlay-color":"","overlay-opacity":"","overlay-gradient":""},"mobile":{"background-color":"var(--ast-global-color-5)","background-image":"","background-repeat":"repeat","background-position":"center center","background-size":"auto","background-attachment":"scroll","background-type":"","background-media":"","overlay-type":"","overlay-color":"","overlay-opacity":"","overlay-gradient":""}},"footnotes":""},"class_list":["post-26","page","type-page","status-publish","hentry"],"post_mailing_queue_ids":[],"_links":{"self":[{"href":"https:\/\/agora.xtec.cat\/ceiplanaspa\/wp-json\/wp\/v2\/pages\/26","targetHints":{"allow":["GET"]}}],"collection":[{"href":"https:\/\/agora.xtec.cat\/ceiplanaspa\/wp-json\/wp\/v2\/pages"}],"about":[{"href":"https:\/\/agora.xtec.cat\/ceiplanaspa\/wp-json\/wp\/v2\/types\/page"}],"author":[{"embeddable":true,"href":"https:\/\/agora.xtec.cat\/ceiplanaspa\/wp-json\/wp\/v2\/users\/1"}],"replies":[{"embeddable":true,"href":"https:\/\/agora.xtec.cat\/ceiplanaspa\/wp-json\/wp\/v2\/comments?post=26"}],"version-history":[{"count":3,"href":"https:\/\/agora.xtec.cat\/ceiplanaspa\/wp-json\/wp\/v2\/pages\/26\/revisions"}],"predecessor-version":[{"id":3003,"href":"https:\/\/agora.xtec.cat\/ceiplanaspa\/wp-json\/wp\/v2\/pages\/26\/revisions\/3003"}],"up":[{"embeddable":true,"href":"https:\/\/agora.xtec.cat\/ceiplanaspa\/wp-json\/wp\/v2\/pages\/22"}],"wp:attachment":[{"href":"https:\/\/agora.xtec.cat\/ceiplanaspa\/wp-json\/wp\/v2\/media?parent=26"}],"curies":[{"name":"wp","href":"https:\/\/api.w.org\/{rel}","templated":true}]}}