{"id":24,"date":"2014-09-18T12:23:15","date_gmt":"2014-09-18T11:23:15","guid":{"rendered":"http:\/\/agora.xtec.cat\/ceiplanaspa\/?page_id=24"},"modified":"2023-03-07T10:16:18","modified_gmt":"2023-03-07T09:16:18","slug":"installacions","status":"publish","type":"page","link":"https:\/\/agora.xtec.cat\/ceiplanaspa\/quisom\/installacions\/","title":{"rendered":"Equipament i instal\u00b7lacions"},"content":{"rendered":"<p>L\u2019<strong>Escola Lanaspa-Giralt de Terrassa<\/strong> es troba en un espai privilegiat de la ciutat del centre de Terrassa. Antigament l&#8217;edifici era una <a href=\"http:\/\/jplananieto.blogspot.com\/2016\/01\/vapor-marcet-poal.html\">antiga f\u00e0brica (un vapor)<\/a>, que est\u00e0 remodelat per poder crear i tenir uns espais educatius adients per a una escola.<\/p>\n<p>L&#8217;escola es caracteritza per tenir espais comuns molt amplis, amb molta llum i, sobretot, per guardar les caracter\u00edstiques b\u00e0siques de la f\u00e0brica i l&#8217;estil modernista d&#8217;aquell moment. Aquest fet fa que l&#8217;espai sigui diferent i, al mateix temps, \u00fanic.<\/p>\n<p>Tamb\u00e9 cal dir que els docents seguim adequant-lo a la transformaci\u00f3 educativa que volem aconseguir i, per tant, els espais de l&#8217;escola tamb\u00e9 s&#8217;afavoreixen d&#8217;aquests canvis.<\/p>\n<ul>\n<li>PLANTA BAIXA\n<ul>\n<li>menjador<\/li>\n<li>cuina<\/li>\n<li>consergeria<\/li>\n<li>secretaria<\/li>\n<li>direcci\u00f3<\/li>\n<li>sala de mestres<\/li>\n<li>sala de treball<\/li>\n<li>biblioteca<\/li>\n<li>gimn\u00e0s<\/li>\n<li>pati<\/li>\n<\/ul>\n<\/li>\n<\/ul>\n<p>&nbsp;<\/p>\n<ul>\n<li>PRIMERA PLANTA\n<ul>\n<li>aula de I3<\/li>\n<li>aula de I4<\/li>\n<li>aula auxiliar d&#8217;infantil<\/li>\n<li>aula de pl\u00e0stica<\/li>\n<li>aula d&#8217;angl\u00e8s<\/li>\n<li>aules de 1r a 6\u00e8 de prim\u00e0ria<\/li>\n<li>aula auxiliar de prim\u00e0ria<\/li>\n<li>espais de lectura<\/li>\n<li>el rac\u00f3 de l&#8217;art<\/li>\n<li>projecte escolta&#8217;m<\/li>\n<\/ul>\n<\/li>\n<\/ul>\n<p>&nbsp;<\/p>\n<ul>\n<li>SEGONA PLANTA\n<ul>\n<li style=\"list-style-type: none;\">aula de P5<\/li>\n<li>aula polivalent (provisionalment de joc simb\u00f2lic)<\/li>\n<li>aula d&#8217;inform\u00e0tica<\/li>\n<li>hort<\/li>\n<li>projecte escolta&#8217;m<\/li>\n<\/ul>\n<\/li>\n<\/ul>\n<p>&nbsp;<\/p>\n<ul>\n<li>TERCERA PLANTA\n<ul>\n<li>aula de m\u00fasica<\/li>\n<li>pati (exclusiu de petits)<\/li>\n<\/ul>\n<\/li>\n<\/ul>\n","protected":false},"excerpt":{"rendered":"<p>L\u2019Escola Lanaspa-Giralt de Terrassa es troba en un espai privilegiat de la ciutat del centre de Terrassa. Antigament l&#8217;edifici era una antiga f\u00e0brica (un vapor), que est\u00e0 remodelat per poder crear i tenir uns espais educatius adients per a una escola. L&#8217;escola es caracteritza per tenir espais comuns molt amplis, amb molta llum i, sobretot, [&hellip;]<\/p>\n","protected":false},"author":1,"featured_media":0,"parent":22,"menu_order":2,"comment_status":"closed","ping_status":"closed","template":"page-templates\/side-menu.php","meta":{"_bbp_topic_count":0,"_bbp_reply_count":0,"_bbp_total_topic_count":0,"_bbp_total_reply_count":0,"_bbp_voice_count":0,"_bbp_anonymous_reply_count":0,"_bbp_topic_count_hidden":0,"_bbp_reply_count_hidden":0,"_bbp_forum_subforum_count":0,"site-sidebar-layout":"default","site-content-layout":"","ast-site-content-layout":"","site-content-style":"default","site-sidebar-style":"default","ast-global-header-display":"","ast-banner-title-visibility":"","ast-main-header-display":"","ast-hfb-above-header-display":"","ast-hfb-below-header-display":"","ast-hfb-mobile-header-display":"","site-post-title":"","ast-breadcrumbs-content":"","ast-featured-img":"","footer-sml-layout":"","theme-transparent-header-meta":"","adv-header-id-meta":"","stick-header-meta":"","header-above-stick-meta":"","header-main-stick-meta":"","header-below-stick-meta":"","astra-migrate-meta-layouts":"default","ast-page-background-enabled":"default","ast-page-background-meta":{"desktop":{"background-color":"var(--ast-global-color-4)","background-image":"","background-repeat":"repeat","background-position":"center center","background-size":"auto","background-attachment":"scroll","background-type":"","background-media":"","overlay-type":"","overlay-color":"","overlay-opacity":"","overlay-gradient":""},"tablet":{"background-color":"","background-image":"","background-repeat":"repeat","background-position":"center center","background-size":"auto","background-attachment":"scroll","background-type":"","background-media":"","overlay-type":"","overlay-color":"","overlay-opacity":"","overlay-gradient":""},"mobile":{"background-color":"","background-image":"","background-repeat":"repeat","background-position":"center center","background-size":"auto","background-attachment":"scroll","background-type":"","background-media":"","overlay-type":"","overlay-color":"","overlay-opacity":"","overlay-gradient":""}},"ast-content-background-meta":{"desktop":{"background-color":"var(--ast-global-color-5)","background-image":"","background-repeat":"repeat","background-position":"center center","background-size":"auto","background-attachment":"scroll","background-type":"","background-media":"","overlay-type":"","overlay-color":"","overlay-opacity":"","overlay-gradient":""},"tablet":{"background-color":"var(--ast-global-color-5)","background-image":"","background-repeat":"repeat","background-position":"center center","background-size":"auto","background-attachment":"scroll","background-type":"","background-media":"","overlay-type":"","overlay-color":"","overlay-opacity":"","overlay-gradient":""},"mobile":{"background-color":"var(--ast-global-color-5)","background-image":"","background-repeat":"repeat","background-position":"center center","background-size":"auto","background-attachment":"scroll","background-type":"","background-media":"","overlay-type":"","overlay-color":"","overlay-opacity":"","overlay-gradient":""}},"footnotes":""},"class_list":["post-24","page","type-page","status-publish","hentry"],"post_mailing_queue_ids":[],"_links":{"self":[{"href":"https:\/\/agora.xtec.cat\/ceiplanaspa\/wp-json\/wp\/v2\/pages\/24","targetHints":{"allow":["GET"]}}],"collection":[{"href":"https:\/\/agora.xtec.cat\/ceiplanaspa\/wp-json\/wp\/v2\/pages"}],"about":[{"href":"https:\/\/agora.xtec.cat\/ceiplanaspa\/wp-json\/wp\/v2\/types\/page"}],"author":[{"embeddable":true,"href":"https:\/\/agora.xtec.cat\/ceiplanaspa\/wp-json\/wp\/v2\/users\/1"}],"replies":[{"embeddable":true,"href":"https:\/\/agora.xtec.cat\/ceiplanaspa\/wp-json\/wp\/v2\/comments?post=24"}],"version-history":[{"count":3,"href":"https:\/\/agora.xtec.cat\/ceiplanaspa\/wp-json\/wp\/v2\/pages\/24\/revisions"}],"predecessor-version":[{"id":8609,"href":"https:\/\/agora.xtec.cat\/ceiplanaspa\/wp-json\/wp\/v2\/pages\/24\/revisions\/8609"}],"up":[{"embeddable":true,"href":"https:\/\/agora.xtec.cat\/ceiplanaspa\/wp-json\/wp\/v2\/pages\/22"}],"wp:attachment":[{"href":"https:\/\/agora.xtec.cat\/ceiplanaspa\/wp-json\/wp\/v2\/media?parent=24"}],"curies":[{"name":"wp","href":"https:\/\/api.w.org\/{rel}","templated":true}]}}