{"id":7788,"date":"2019-12-09T22:24:26","date_gmt":"2019-12-09T21:24:26","guid":{"rendered":"http:\/\/agora.xtec.cat\/ceiplamitjana\/?page_id=7788"},"modified":"2025-07-06T23:29:36","modified_gmt":"2025-07-06T21:29:36","slug":"escola-formadora","status":"publish","type":"page","link":"https:\/\/agora.xtec.cat\/ceiplamitjana\/projectes-de-centre\/escola-formadora\/","title":{"rendered":"Escola Formadora"},"content":{"rendered":"\n<p>La nostra escola es nodreix de practicants i aprenents dels diferents \u00e0mbits d&#8217;atenci\u00f3 directa amb infants, que provenen de centres educatius i universitats de Lleida i de fora de Catalunya. Tamb\u00e9 som centre formador de mestres de <a href=\"https:\/\/educacioprimaria.udl.cat\/ca\/\" data-type=\"link\" data-id=\"https:\/\/educacioprimaria.udl.cat\/ca\/\">DUAL <\/a>de la Universitat de Lleida. Els estudiants que acollim cursen pr\u00e0ctiques dels diferents estudis i especialitats: <img loading=\"lazy\" decoding=\"async\" class=\"alignright size-medium wp-image-19194\" src=\"https:\/\/agora.xtec.cat\/ceiplamitjana\/wp-content\/uploads\/usu573\/2023\/11\/LOGO-GEP-Dual-300x151.png\" alt=\"\" width=\"300\" height=\"151\" srcset=\"https:\/\/agora.xtec.cat\/ceiplamitjana\/wp-content\/uploads\/usu573\/2023\/11\/LOGO-GEP-Dual-300x151.png 300w, https:\/\/agora.xtec.cat\/ceiplamitjana\/wp-content\/uploads\/usu573\/2023\/11\/LOGO-GEP-Dual-1024x514.png 1024w, https:\/\/agora.xtec.cat\/ceiplamitjana\/wp-content\/uploads\/usu573\/2023\/11\/LOGO-GEP-Dual-768x385.png 768w, https:\/\/agora.xtec.cat\/ceiplamitjana\/wp-content\/uploads\/usu573\/2023\/11\/LOGO-GEP-Dual-1536x771.png 1536w, https:\/\/agora.xtec.cat\/ceiplamitjana\/wp-content\/uploads\/usu573\/2023\/11\/LOGO-GEP-Dual.png 1774w\" sizes=\"auto, (max-width: 300px) 100vw, 300px\" \/><\/p>\n\n\n\n<ul class=\"wp-block-list\">\n<li>Mestres<\/li>\n\n\n\n<li>Educadors\/es<\/li>\n\n\n\n<li>T\u00e8cniques d&#8217;educaci\u00f3 infantil<\/li>\n\n\n\n<li>Auxiliars d&#8217;educaci\u00f3 especial<\/li>\n\n\n\n<li>Monitors\/es de menjador<\/li>\n<\/ul>\n\n\n\n<p><\/p>\n","protected":false},"excerpt":{"rendered":"<p>La nostra escola es nodreix de practicants i aprenents dels diferents \u00e0mbits d&#8217;atenci\u00f3 directa amb infants, que provenen de centres educatius i universitats de Lleida i de fora de Catalunya. Tamb\u00e9 som centre formador de mestres de DUAL de la Universitat de Lleida. Els estudiants que acollim cursen pr\u00e0ctiques dels diferents estudis i especialitats:<\/p>\n","protected":false},"author":22,"featured_media":0,"parent":22665,"menu_order":4,"comment_status":"closed","ping_status":"closed","template":"","meta":{"_bbp_topic_count":0,"_bbp_reply_count":0,"_bbp_total_topic_count":0,"_bbp_total_reply_count":0,"_bbp_voice_count":0,"_bbp_anonymous_reply_count":0,"_bbp_topic_count_hidden":0,"_bbp_reply_count_hidden":0,"_bbp_forum_subforum_count":0,"site-sidebar-layout":"default","site-content-layout":"","ast-site-content-layout":"default","site-content-style":"default","site-sidebar-style":"default","ast-global-header-display":"","ast-banner-title-visibility":"","ast-main-header-display":"","ast-hfb-above-header-display":"","ast-hfb-below-header-display":"","ast-hfb-mobile-header-display":"","site-post-title":"","ast-breadcrumbs-content":"","ast-featured-img":"","footer-sml-layout":"","theme-transparent-header-meta":"","adv-header-id-meta":"","stick-header-meta":"","header-above-stick-meta":"","header-main-stick-meta":"","header-below-stick-meta":"","astra-migrate-meta-layouts":"set","ast-page-background-enabled":"default","ast-page-background-meta":{"desktop":{"background-color":"var(--ast-global-color-4)","background-image":"","background-repeat":"repeat","background-position":"center center","background-size":"auto","background-attachment":"scroll","background-type":"","background-media":"","overlay-type":"","overlay-color":"","overlay-opacity":"","overlay-gradient":""},"tablet":{"background-color":"","background-image":"","background-repeat":"repeat","background-position":"center center","background-size":"auto","background-attachment":"scroll","background-type":"","background-media":"","overlay-type":"","overlay-color":"","overlay-opacity":"","overlay-gradient":""},"mobile":{"background-color":"","background-image":"","background-repeat":"repeat","background-position":"center center","background-size":"auto","background-attachment":"scroll","background-type":"","background-media":"","overlay-type":"","overlay-color":"","overlay-opacity":"","overlay-gradient":""}},"ast-content-background-meta":{"desktop":{"background-color":"var(--ast-global-color-5)","background-image":"","background-repeat":"repeat","background-position":"center center","background-size":"auto","background-attachment":"scroll","background-type":"","background-media":"","overlay-type":"","overlay-color":"","overlay-opacity":"","overlay-gradient":""},"tablet":{"background-color":"var(--ast-global-color-5)","background-image":"","background-repeat":"repeat","background-position":"center center","background-size":"auto","background-attachment":"scroll","background-type":"","background-media":"","overlay-type":"","overlay-color":"","overlay-opacity":"","overlay-gradient":""},"mobile":{"background-color":"var(--ast-global-color-5)","background-image":"","background-repeat":"repeat","background-position":"center center","background-size":"auto","background-attachment":"scroll","background-type":"","background-media":"","overlay-type":"","overlay-color":"","overlay-opacity":"","overlay-gradient":""}},"footnotes":""},"class_list":["post-7788","page","type-page","status-publish","hentry"],"post_mailing_queue_ids":[],"_links":{"self":[{"href":"https:\/\/agora.xtec.cat\/ceiplamitjana\/wp-json\/wp\/v2\/pages\/7788","targetHints":{"allow":["GET"]}}],"collection":[{"href":"https:\/\/agora.xtec.cat\/ceiplamitjana\/wp-json\/wp\/v2\/pages"}],"about":[{"href":"https:\/\/agora.xtec.cat\/ceiplamitjana\/wp-json\/wp\/v2\/types\/page"}],"author":[{"embeddable":true,"href":"https:\/\/agora.xtec.cat\/ceiplamitjana\/wp-json\/wp\/v2\/users\/22"}],"replies":[{"embeddable":true,"href":"https:\/\/agora.xtec.cat\/ceiplamitjana\/wp-json\/wp\/v2\/comments?post=7788"}],"version-history":[{"count":6,"href":"https:\/\/agora.xtec.cat\/ceiplamitjana\/wp-json\/wp\/v2\/pages\/7788\/revisions"}],"predecessor-version":[{"id":22816,"href":"https:\/\/agora.xtec.cat\/ceiplamitjana\/wp-json\/wp\/v2\/pages\/7788\/revisions\/22816"}],"up":[{"embeddable":true,"href":"https:\/\/agora.xtec.cat\/ceiplamitjana\/wp-json\/wp\/v2\/pages\/22665"}],"wp:attachment":[{"href":"https:\/\/agora.xtec.cat\/ceiplamitjana\/wp-json\/wp\/v2\/media?parent=7788"}],"curies":[{"name":"wp","href":"https:\/\/api.w.org\/{rel}","templated":true}]}}