{"id":7784,"date":"2019-12-09T22:22:31","date_gmt":"2019-12-09T21:22:31","guid":{"rendered":"http:\/\/agora.xtec.cat\/ceiplamitjana\/?page_id=7784"},"modified":"2020-02-25T14:46:24","modified_gmt":"2020-02-25T13:46:24","slug":"agenda-21","status":"publish","type":"page","link":"https:\/\/agora.xtec.cat\/ceiplamitjana\/projectes-on-participem\/agenda-21\/","title":{"rendered":"Agenda 21"},"content":{"rendered":"<p>L&#8217;<a class=\"internal-link\" href=\"https:\/\/urbanisme.paeria.cat\/sostenibilitat\/A21E\/informacio-que-es-lagenda-21-escolar-de-lleida\">Agenda 21 Escolar<\/a> \u00e9s un programa promogut per l&#8217;Ajuntament de Lleida que vol facilitar la implicaci\u00f3 dels centres escolars en l&#8217;ambici\u00f3s projecte planetari de construir un m\u00f3n m\u00e9s sostenible, comen\u00e7ant per la intervenci\u00f3 en el nostre entorn m\u00e9s immediat.<\/p>\n<p>A la nostra escola treballem sota aquests grans eixos:<\/p>\n<ul>\n<li>Agents mediambientals: els alumnes de 4t, 5\u00e8 i 6\u00e8 de l&#8217;escola tenen la funci\u00f3 di\u00e0ria de vetllar perque cada residu generat a l&#8217;hora del pati es desi al contenidor corresponent. Cada dia una parella realitza una funci\u00f3 pedag\u00f2gica i de conscienciaci\u00f3 a la resta de companys\/es.<\/li>\n<li>Hort: A educaci\u00f3 infantil treballen l&#8217;hort mitjan\u00e7ant els tallers setmanals dels divendres. En grups internivells i de forma rotat\u00f2ria tots els nens i nenes coneixen el funcionament b\u00e0sic de l&#8217;hort escolar. A educaci\u00f3 prim\u00e0ria, els alumnes de tercer s\u00f3n els encarregats de fer un projecte a l&#8217;hort, amb l&#8217;ajuda d&#8217;un padr\u00ed voluntari familiar d&#8217;un alumne, el senyor Francisco, treballant i recollint moltes hortalisses i verdures.<\/li>\n<li>Agenda 21: compromisos: a l&#8217;escola cada nivell t\u00e9 assignat un comprom\u00eds relacionat amb la cura del medi ambient i el canvi clim\u00e0tic.<\/li>\n<li><span style=\"font-weight: 400;\"><span style=\"font-weight: 400;\">Recollida selectiva de residus al pati: <\/span><\/span>l\u2019escola La Mitjana en col\u00b7laboraci\u00f3 amb l\u2019institut de La Mitjana hem iniciat una activitat de recollida selectiva a l\u2019hora del pati.<\/li>\n<\/ul>\n","protected":false},"excerpt":{"rendered":"<p>L&#8217;Agenda 21 Escolar \u00e9s un programa promogut per l&#8217;Ajuntament de Lleida que vol facilitar la implicaci\u00f3 dels centres escolars en l&#8217;ambici\u00f3s projecte planetari de construir un m\u00f3n m\u00e9s sostenible, comen\u00e7ant per la intervenci\u00f3 en el nostre entorn m\u00e9s immediat. A la nostra escola treballem sota aquests grans eixos: Agents mediambientals: els alumnes de 4t, 5\u00e8 [&hellip;]<\/p>\n","protected":false},"author":22,"featured_media":0,"parent":7820,"menu_order":0,"comment_status":"closed","ping_status":"closed","template":"","meta":{"_bbp_topic_count":0,"_bbp_reply_count":0,"_bbp_total_topic_count":0,"_bbp_total_reply_count":0,"_bbp_voice_count":0,"_bbp_anonymous_reply_count":0,"_bbp_topic_count_hidden":0,"_bbp_reply_count_hidden":0,"_bbp_forum_subforum_count":0,"site-sidebar-layout":"default","site-content-layout":"","ast-site-content-layout":"","site-content-style":"default","site-sidebar-style":"default","ast-global-header-display":"","ast-banner-title-visibility":"","ast-main-header-display":"","ast-hfb-above-header-display":"","ast-hfb-below-header-display":"","ast-hfb-mobile-header-display":"","site-post-title":"","ast-breadcrumbs-content":"","ast-featured-img":"","footer-sml-layout":"","theme-transparent-header-meta":"","adv-header-id-meta":"","stick-header-meta":"","header-above-stick-meta":"","header-main-stick-meta":"","header-below-stick-meta":"","astra-migrate-meta-layouts":"default","ast-page-background-enabled":"default","ast-page-background-meta":{"desktop":{"background-color":"var(--ast-global-color-4)","background-image":"","background-repeat":"repeat","background-position":"center center","background-size":"auto","background-attachment":"scroll","background-type":"","background-media":"","overlay-type":"","overlay-color":"","overlay-opacity":"","overlay-gradient":""},"tablet":{"background-color":"","background-image":"","background-repeat":"repeat","background-position":"center center","background-size":"auto","background-attachment":"scroll","background-type":"","background-media":"","overlay-type":"","overlay-color":"","overlay-opacity":"","overlay-gradient":""},"mobile":{"background-color":"","background-image":"","background-repeat":"repeat","background-position":"center center","background-size":"auto","background-attachment":"scroll","background-type":"","background-media":"","overlay-type":"","overlay-color":"","overlay-opacity":"","overlay-gradient":""}},"ast-content-background-meta":{"desktop":{"background-color":"var(--ast-global-color-5)","background-image":"","background-repeat":"repeat","background-position":"center center","background-size":"auto","background-attachment":"scroll","background-type":"","background-media":"","overlay-type":"","overlay-color":"","overlay-opacity":"","overlay-gradient":""},"tablet":{"background-color":"var(--ast-global-color-5)","background-image":"","background-repeat":"repeat","background-position":"center center","background-size":"auto","background-attachment":"scroll","background-type":"","background-media":"","overlay-type":"","overlay-color":"","overlay-opacity":"","overlay-gradient":""},"mobile":{"background-color":"var(--ast-global-color-5)","background-image":"","background-repeat":"repeat","background-position":"center center","background-size":"auto","background-attachment":"scroll","background-type":"","background-media":"","overlay-type":"","overlay-color":"","overlay-opacity":"","overlay-gradient":""}},"footnotes":""},"class_list":["post-7784","page","type-page","status-publish","hentry"],"post_mailing_queue_ids":[],"_links":{"self":[{"href":"https:\/\/agora.xtec.cat\/ceiplamitjana\/wp-json\/wp\/v2\/pages\/7784","targetHints":{"allow":["GET"]}}],"collection":[{"href":"https:\/\/agora.xtec.cat\/ceiplamitjana\/wp-json\/wp\/v2\/pages"}],"about":[{"href":"https:\/\/agora.xtec.cat\/ceiplamitjana\/wp-json\/wp\/v2\/types\/page"}],"author":[{"embeddable":true,"href":"https:\/\/agora.xtec.cat\/ceiplamitjana\/wp-json\/wp\/v2\/users\/22"}],"replies":[{"embeddable":true,"href":"https:\/\/agora.xtec.cat\/ceiplamitjana\/wp-json\/wp\/v2\/comments?post=7784"}],"version-history":[{"count":4,"href":"https:\/\/agora.xtec.cat\/ceiplamitjana\/wp-json\/wp\/v2\/pages\/7784\/revisions"}],"predecessor-version":[{"id":8400,"href":"https:\/\/agora.xtec.cat\/ceiplamitjana\/wp-json\/wp\/v2\/pages\/7784\/revisions\/8400"}],"up":[{"embeddable":true,"href":"https:\/\/agora.xtec.cat\/ceiplamitjana\/wp-json\/wp\/v2\/pages\/7820"}],"wp:attachment":[{"href":"https:\/\/agora.xtec.cat\/ceiplamitjana\/wp-json\/wp\/v2\/media?parent=7784"}],"curies":[{"name":"wp","href":"https:\/\/api.w.org\/{rel}","templated":true}]}}