{"id":7778,"date":"2019-12-09T22:15:21","date_gmt":"2019-12-09T21:15:21","guid":{"rendered":"http:\/\/agora.xtec.cat\/ceiplamitjana\/?page_id=7778"},"modified":"2020-05-11T17:22:05","modified_gmt":"2020-05-11T15:22:05","slug":"projectes","status":"publish","type":"page","link":"https:\/\/agora.xtec.cat\/ceiplamitjana\/projectes-on-participem\/projectes\/","title":{"rendered":"Programa d&#8217;innovaci\u00f3 pedag\u00f2gica Tecnologies Digitals per a l&#8217;Aprenentatge"},"content":{"rendered":"<p>L&#8217;escola ha estat seleccionada per participar en el programa d&#8217;innovaci\u00f3 pedag\u00f2gica Tecnologies Digitals per a l&#8217;Aprenentatge d\u2019acord amb les bases reguladores de la\u00a0<a href=\"https:\/\/dogc.gencat.cat\/ca\/pdogc_canals_interns\/pdogc_resultats_fitxa\/?action=fitxa&amp;documentId=838437&amp;\" target=\"_blank\" rel=\"noopener noreferrer\">RESOLUCI\u00d3 EDU\/3044\/2018<\/a>, de 19 de desembre. Aquest programa t\u00e9 una durada de 3 cursos escolars.<\/p>\n<p><strong>Finalitat:<\/strong><\/p>\n<p><span style=\"font-family: inherit; font-size: 1em;\">1.1. Promoure l&#8217;equitat i la qualitat del sistema educatiu reflectida en la millora de les capacitats i compet\u00e8ncies de l&#8217;alumnat participant, les finalitats del Programa Tecnologies digitals per a l&#8217;Aprenentatge s\u00f3n:<\/span><\/p>\n<div>\n<ol style=\"list-style-type: lower-alpha;\">\n<li>Promoure la innovaci\u00f3 educativa basada en l&#8217;\u00fas efectiu de les tecnologies digitals per contribuir a enriquir i potenciar el conjunt dels aprenentatges curriculars.<\/li>\n<li>Facilitar el desplegament de les compet\u00e8ncies digitals.<\/li>\n<li>Fomentar la inclusi\u00f3 educativa amb els recursos digitals.<\/li>\n<li>Estimular la transformaci\u00f3 metodol\u00f2gica i organitzativa a nivell de centre educatiu.<\/li>\n<li>Promoure i impulsar l&#8217;avaluaci\u00f3 de l&#8217;impacte de les tecnologies digitals per a l&#8217;aprenentatge.<\/li>\n<\/ol>\n<p><strong>Objectius:<\/strong><\/p>\n<p>1.2. Els objectius del Programa d&#8217;innovaci\u00f3 pedag\u00f2gica Tecnologies Digitals per a l&#8217;Aprenentatge s\u00f3n:<\/p>\n<ol style=\"list-style-type: lower-alpha;\">\n<li>Adoptar les tecnologies digitals per promoure la innovaci\u00f3 educativa i el treball competencial i impulsar la transformaci\u00f3 digital educativa en el marc del pla TAC dels centres educatius.<\/li>\n<li>Adequar les propostes curriculars i did\u00e0ctiques a la integraci\u00f3 de les tecnologies digitals per tal d&#8217;impulsar les compet\u00e8ncies digitals.<\/li>\n<li>Promoure els usos responsables i segurs de les tecnologies digitals.<\/li>\n<li>Fomentar l&#8217;\u00fas de les tecnologies per a l&#8217;aprenentatge i el coneixement a partir de convenis de col\u00b7laboraci\u00f3 amb entitats externes.<\/li>\n<li>Impulsar, en el marc del PEC, lligat al pla TAC i al Pla de Comunicaci\u00f3 digital de centre, un projecte de comunicaci\u00f3 digital, tant de revista digital, com de r\u00e0dio o televisi\u00f3 escolar.<\/li>\n<li>Emprar les tecnologies m\u00f2bils per fomentar la innovaci\u00f3 educativa i els usos responsables i inclusius de les tecnologies digitals.<\/li>\n<li>Desenvolupar les capacitats de pensament computacional i de georeferenciaci\u00f3 d&#8217;una manera transversal.<\/li>\n<li>\u00a0Desenvolupar les compet\u00e8ncies b\u00e0siques de forma integrada amb l&#8217;enfocament STEM.<\/li>\n<\/ol>\n<p><strong>\u00c0mbits:<\/strong><\/p>\n<\/div>\n<div>\n<p>1.3. El Programa d&#8217;innovaci\u00f3 Tecnologies Digitals per a l&#8217;Aprenentatge s&#8217;emmarca en els seg\u00fcents \u00e0mbits definits per la Comissi\u00f3 d&#8217;Innovaci\u00f3:<\/p>\n<ol style=\"list-style-type: lower-alpha;\">\n<li>\u00c0mbit 1: metodologies i recursos per a la millora de l&#8217;ensenyament i aprenentatge.<\/li>\n<li>\u00c0mbit 2: organitzaci\u00f3 i gesti\u00f3 educativa.<\/li>\n<li>\u00c0mbit 3: relaci\u00f3 i cooperaci\u00f3 amb la comunitat educativa i l&#8217;entorn.<\/li>\n<\/ol>\n<\/div>\n","protected":false},"excerpt":{"rendered":"<p>L&#8217;escola ha estat seleccionada per participar en el programa d&#8217;innovaci\u00f3 pedag\u00f2gica Tecnologies Digitals per a l&#8217;Aprenentatge d\u2019acord amb les bases reguladores de la\u00a0RESOLUCI\u00d3 EDU\/3044\/2018, de 19 de desembre. Aquest programa t\u00e9 una durada de 3 cursos escolars. Finalitat: 1.1. Promoure l&#8217;equitat i la qualitat del sistema educatiu reflectida en la millora de les capacitats i [&hellip;]<\/p>\n","protected":false},"author":22,"featured_media":0,"parent":7820,"menu_order":0,"comment_status":"closed","ping_status":"closed","template":"","meta":{"_bbp_topic_count":0,"_bbp_reply_count":0,"_bbp_total_topic_count":0,"_bbp_total_reply_count":0,"_bbp_voice_count":0,"_bbp_anonymous_reply_count":0,"_bbp_topic_count_hidden":0,"_bbp_reply_count_hidden":0,"_bbp_forum_subforum_count":0,"site-sidebar-layout":"default","site-content-layout":"","ast-site-content-layout":"","site-content-style":"default","site-sidebar-style":"default","ast-global-header-display":"","ast-banner-title-visibility":"","ast-main-header-display":"","ast-hfb-above-header-display":"","ast-hfb-below-header-display":"","ast-hfb-mobile-header-display":"","site-post-title":"","ast-breadcrumbs-content":"","ast-featured-img":"","footer-sml-layout":"","theme-transparent-header-meta":"","adv-header-id-meta":"","stick-header-meta":"","header-above-stick-meta":"","header-main-stick-meta":"","header-below-stick-meta":"","astra-migrate-meta-layouts":"default","ast-page-background-enabled":"default","ast-page-background-meta":{"desktop":{"background-color":"var(--ast-global-color-4)","background-image":"","background-repeat":"repeat","background-position":"center center","background-size":"auto","background-attachment":"scroll","background-type":"","background-media":"","overlay-type":"","overlay-color":"","overlay-opacity":"","overlay-gradient":""},"tablet":{"background-color":"","background-image":"","background-repeat":"repeat","background-position":"center center","background-size":"auto","background-attachment":"scroll","background-type":"","background-media":"","overlay-type":"","overlay-color":"","overlay-opacity":"","overlay-gradient":""},"mobile":{"background-color":"","background-image":"","background-repeat":"repeat","background-position":"center center","background-size":"auto","background-attachment":"scroll","background-type":"","background-media":"","overlay-type":"","overlay-color":"","overlay-opacity":"","overlay-gradient":""}},"ast-content-background-meta":{"desktop":{"background-color":"var(--ast-global-color-5)","background-image":"","background-repeat":"repeat","background-position":"center center","background-size":"auto","background-attachment":"scroll","background-type":"","background-media":"","overlay-type":"","overlay-color":"","overlay-opacity":"","overlay-gradient":""},"tablet":{"background-color":"var(--ast-global-color-5)","background-image":"","background-repeat":"repeat","background-position":"center center","background-size":"auto","background-attachment":"scroll","background-type":"","background-media":"","overlay-type":"","overlay-color":"","overlay-opacity":"","overlay-gradient":""},"mobile":{"background-color":"var(--ast-global-color-5)","background-image":"","background-repeat":"repeat","background-position":"center center","background-size":"auto","background-attachment":"scroll","background-type":"","background-media":"","overlay-type":"","overlay-color":"","overlay-opacity":"","overlay-gradient":""}},"footnotes":""},"class_list":["post-7778","page","type-page","status-publish","hentry"],"post_mailing_queue_ids":[],"_links":{"self":[{"href":"https:\/\/agora.xtec.cat\/ceiplamitjana\/wp-json\/wp\/v2\/pages\/7778","targetHints":{"allow":["GET"]}}],"collection":[{"href":"https:\/\/agora.xtec.cat\/ceiplamitjana\/wp-json\/wp\/v2\/pages"}],"about":[{"href":"https:\/\/agora.xtec.cat\/ceiplamitjana\/wp-json\/wp\/v2\/types\/page"}],"author":[{"embeddable":true,"href":"https:\/\/agora.xtec.cat\/ceiplamitjana\/wp-json\/wp\/v2\/users\/22"}],"replies":[{"embeddable":true,"href":"https:\/\/agora.xtec.cat\/ceiplamitjana\/wp-json\/wp\/v2\/comments?post=7778"}],"version-history":[{"count":3,"href":"https:\/\/agora.xtec.cat\/ceiplamitjana\/wp-json\/wp\/v2\/pages\/7778\/revisions"}],"predecessor-version":[{"id":9987,"href":"https:\/\/agora.xtec.cat\/ceiplamitjana\/wp-json\/wp\/v2\/pages\/7778\/revisions\/9987"}],"up":[{"embeddable":true,"href":"https:\/\/agora.xtec.cat\/ceiplamitjana\/wp-json\/wp\/v2\/pages\/7820"}],"wp:attachment":[{"href":"https:\/\/agora.xtec.cat\/ceiplamitjana\/wp-json\/wp\/v2\/media?parent=7778"}],"curies":[{"name":"wp","href":"https:\/\/api.w.org\/{rel}","templated":true}]}}