{"id":6350,"date":"2019-03-22T19:47:30","date_gmt":"2019-03-22T18:47:30","guid":{"rendered":"http:\/\/agora.xtec.cat\/ceiplamitjana\/?page_id=6350"},"modified":"2025-07-10T20:32:08","modified_gmt":"2025-07-10T18:32:08","slug":"escoltam","status":"publish","type":"page","link":"https:\/\/agora.xtec.cat\/ceiplamitjana\/projectes-de-centre\/escoltam\/","title":{"rendered":"Escolta&#8217;m"},"content":{"rendered":"<div>\n<p><strong>QU\u00c8 \u00c9S?<\/strong><\/p>\n<ul style=\"list-style-type: square;\">\n<li style=\"font-weight: 400;\"><span style=\"font-weight: 400;\">\u00c9s un projecte de centre que treballa la tutoria i l\u2019atenci\u00f3 als nens i nenes de manera m\u00e9s individual. En grups de 3 o 4 alumnes com a m\u00e0xim i el tutor\/a es parla de qualsevol tema que sigui interessant per ell i elles.<\/span><\/li>\n<li style=\"font-weight: 400;\"><span style=\"font-weight: 400;\">\u00c9s un espai de trobada de mitja hora setmanal que facilita la relaci\u00f3 entre ells i tamb\u00e9 amb el tutor\/a.<\/span><\/li>\n<li style=\"font-weight: 400;\"><span style=\"font-weight: 400;\">\u00c9s un espai per treballar les emocions. <\/span><\/li>\n<li style=\"font-weight: 400;\"><span style=\"font-weight: 400;\">El projecte treballa des de les potencialitats i fortaleses de l\u2019alumnat, i els ajuda a creure en si mateixos.<\/span><\/li>\n<\/ul>\n<\/div>\n<div>\n<div>\u00a0<\/div>\n<\/div>\n<div><strong>OBJECTIUS<\/strong><\/div>\n<div>\n<ul style=\"list-style-type: square;\">\n<li style=\"font-weight: 400;\"><span style=\"font-weight: 400;\">Fer que l\u2019alumnat senti l\u2019escola com un espai segur on es pugui reflexionar i compartir idees i sentiments.<\/span><\/li>\n<li style=\"font-weight: 400;\"><span style=\"font-weight: 400;\">Centrar la mirada en els elements que afavoreixen el progr\u00e9s dels alumnes m\u00e9s que en les causes dels seus problemes.<\/span><\/li>\n<li style=\"font-weight: 400;\"><span style=\"font-weight: 400;\">Desenvolupar habilitats de comunicaci\u00f3 i relaci\u00f3 entre iguals.<\/span><\/li>\n<li style=\"font-weight: 400;\"><span style=\"font-weight: 400;\">Proporcionar al grup-classe un bon clima emocional i la motivaci\u00f3 per voler aprendre i treballar al centre educatiu.<\/span><\/li>\n<li style=\"font-weight: 400;\"><span style=\"font-weight: 400;\">Promoure el di\u00e0leg i el respecte a les difer\u00e8ncies individuals.<\/span><\/li>\n<li style=\"font-weight: 400;\"><span style=\"font-weight: 400;\">Establir un vincle positiu entre el tutor\/a i l\u2019alumnat.<\/span><\/li>\n<\/ul>\n<p><strong style=\"font-family: inherit; font-size: 1em;\">QUAN ES VA INICIAR?<\/strong><\/p>\n<p><span style=\"font-weight: 400;\">El projecte de tutoria Escolta&#8217;m es va posar en marxa en el nostre centre el curs 2017-18, en els nivells de I5, 1r i 3r. A partir del curs 2018-19 es va implementar a la resta de nivells de I4 fins a 6\u00e8.<\/span><\/p>\n<p><a href=\"https:\/\/drive.google.com\/file\/d\/141DMO00VbHp7LZnfnDdUW0IXDRssFe2b\/view?usp=sharing\" target=\"_blank\" rel=\"noopener noreferrer\">PROJECTE ESCOLTA&#8217;M<\/a><\/p>\n<\/div>\n\n\n<div class=\"wp-block-columns is-layout-flex wp-container-core-columns-is-layout-2 wp-block-columns-is-layout-flex\">\n<div class=\"wp-block-column is-layout-flow wp-block-column-is-layout-flow\" style=\"flex-basis:100%\">\n<div class=\"wp-block-group alignwide is-layout-constrained wp-block-group-is-layout-constrained\">\n<div class=\"wp-block-columns alignwide is-layout-flex wp-container-core-columns-is-layout-1 wp-block-columns-is-layout-flex\">\n<div class=\"wp-block-column is-layout-flow wp-block-column-is-layout-flow\" style=\"flex-basis:100%\">\n<figure class=\"wp-block-gallery has-nested-images columns-default is-cropped wp-block-gallery-1 is-layout-flex wp-block-gallery-is-layout-flex\">\n<figure class=\"wp-block-image size-large\"><a href=\"https:\/\/agora.xtec.cat\/ceiplamitjana\/wp-content\/uploads\/usu573\/2019\/03\/escoltam-infantil.png\"><img loading=\"lazy\" decoding=\"async\" width=\"470\" height=\"499\" src=\"https:\/\/agora.xtec.cat\/ceiplamitjana\/wp-content\/uploads\/usu573\/2019\/03\/escoltam-infantil.png\" alt=\"\" class=\"wp-image-6355\" srcset=\"https:\/\/agora.xtec.cat\/ceiplamitjana\/wp-content\/uploads\/usu573\/2019\/03\/escoltam-infantil.png 470w, https:\/\/agora.xtec.cat\/ceiplamitjana\/wp-content\/uploads\/usu573\/2019\/03\/escoltam-infantil-283x300.png 283w\" sizes=\"auto, (max-width: 470px) 100vw, 470px\" \/><\/a><figcaption class=\"wp-element-caption\">Espai Escolta&#8217;m Infantil<\/figcaption><\/figure>\n\n\n\n<figure class=\"wp-block-image size-large\"><a href=\"https:\/\/agora.xtec.cat\/ceiplamitjana\/wp-content\/uploads\/usu573\/2025\/07\/Foto-2-Espai-Escoltam-deducacio-primaria.jpg\"><img loading=\"lazy\" decoding=\"async\" width=\"1024\" height=\"768\" src=\"https:\/\/agora.xtec.cat\/ceiplamitjana\/wp-content\/uploads\/usu573\/2025\/07\/Foto-2-Espai-Escoltam-deducacio-primaria-1024x768.jpg\" alt=\"\" class=\"wp-image-23021\" srcset=\"https:\/\/agora.xtec.cat\/ceiplamitjana\/wp-content\/uploads\/usu573\/2025\/07\/Foto-2-Espai-Escoltam-deducacio-primaria-1024x768.jpg 1024w, https:\/\/agora.xtec.cat\/ceiplamitjana\/wp-content\/uploads\/usu573\/2025\/07\/Foto-2-Espai-Escoltam-deducacio-primaria-300x225.jpg 300w, https:\/\/agora.xtec.cat\/ceiplamitjana\/wp-content\/uploads\/usu573\/2025\/07\/Foto-2-Espai-Escoltam-deducacio-primaria-768x576.jpg 768w, https:\/\/agora.xtec.cat\/ceiplamitjana\/wp-content\/uploads\/usu573\/2025\/07\/Foto-2-Espai-Escoltam-deducacio-primaria-1536x1152.jpg 1536w, https:\/\/agora.xtec.cat\/ceiplamitjana\/wp-content\/uploads\/usu573\/2025\/07\/Foto-2-Espai-Escoltam-deducacio-primaria.jpg 2016w\" sizes=\"auto, (max-width: 1024px) 100vw, 1024px\" \/><\/a><figcaption class=\"wp-element-caption\">Espai Escolta&#8217;m Prim\u00e0ria<\/figcaption><\/figure>\n<\/figure>\n<\/div>\n<\/div>\n<\/div>\n<\/div>\n<\/div>\n","protected":false},"excerpt":{"rendered":"<p>QU\u00c8 \u00c9S? \u00c9s un projecte de centre que treballa la tutoria i l\u2019atenci\u00f3 als nens i nenes de manera m\u00e9s individual. En grups de 3 o 4 alumnes com a m\u00e0xim i el tutor\/a es parla de qualsevol tema que sigui interessant per ell i elles. \u00c9s un espai de trobada de mitja hora setmanal [&hellip;]<\/p>\n","protected":false},"author":3,"featured_media":0,"parent":22665,"menu_order":1,"comment_status":"closed","ping_status":"closed","template":"","meta":{"_bbp_topic_count":0,"_bbp_reply_count":0,"_bbp_total_topic_count":0,"_bbp_total_reply_count":0,"_bbp_voice_count":0,"_bbp_anonymous_reply_count":0,"_bbp_topic_count_hidden":0,"_bbp_reply_count_hidden":0,"_bbp_forum_subforum_count":0,"site-sidebar-layout":"default","site-content-layout":"","ast-site-content-layout":"default","site-content-style":"default","site-sidebar-style":"default","ast-global-header-display":"","ast-banner-title-visibility":"","ast-main-header-display":"","ast-hfb-above-header-display":"","ast-hfb-below-header-display":"","ast-hfb-mobile-header-display":"","site-post-title":"","ast-breadcrumbs-content":"","ast-featured-img":"","footer-sml-layout":"","theme-transparent-header-meta":"","adv-header-id-meta":"","stick-header-meta":"","header-above-stick-meta":"","header-main-stick-meta":"","header-below-stick-meta":"","astra-migrate-meta-layouts":"set","ast-page-background-enabled":"default","ast-page-background-meta":{"desktop":{"background-color":"var(--ast-global-color-4)","background-image":"","background-repeat":"repeat","background-position":"center center","background-size":"auto","background-attachment":"scroll","background-type":"","background-media":"","overlay-type":"","overlay-color":"","overlay-opacity":"","overlay-gradient":""},"tablet":{"background-color":"","background-image":"","background-repeat":"repeat","background-position":"center center","background-size":"auto","background-attachment":"scroll","background-type":"","background-media":"","overlay-type":"","overlay-color":"","overlay-opacity":"","overlay-gradient":""},"mobile":{"background-color":"","background-image":"","background-repeat":"repeat","background-position":"center center","background-size":"auto","background-attachment":"scroll","background-type":"","background-media":"","overlay-type":"","overlay-color":"","overlay-opacity":"","overlay-gradient":""}},"ast-content-background-meta":{"desktop":{"background-color":"var(--ast-global-color-5)","background-image":"","background-repeat":"repeat","background-position":"center center","background-size":"auto","background-attachment":"scroll","background-type":"","background-media":"","overlay-type":"","overlay-color":"","overlay-opacity":"","overlay-gradient":""},"tablet":{"background-color":"var(--ast-global-color-5)","background-image":"","background-repeat":"repeat","background-position":"center center","background-size":"auto","background-attachment":"scroll","background-type":"","background-media":"","overlay-type":"","overlay-color":"","overlay-opacity":"","overlay-gradient":""},"mobile":{"background-color":"var(--ast-global-color-5)","background-image":"","background-repeat":"repeat","background-position":"center center","background-size":"auto","background-attachment":"scroll","background-type":"","background-media":"","overlay-type":"","overlay-color":"","overlay-opacity":"","overlay-gradient":""}},"footnotes":""},"class_list":["post-6350","page","type-page","status-publish","hentry"],"post_mailing_queue_ids":[],"_links":{"self":[{"href":"https:\/\/agora.xtec.cat\/ceiplamitjana\/wp-json\/wp\/v2\/pages\/6350","targetHints":{"allow":["GET"]}}],"collection":[{"href":"https:\/\/agora.xtec.cat\/ceiplamitjana\/wp-json\/wp\/v2\/pages"}],"about":[{"href":"https:\/\/agora.xtec.cat\/ceiplamitjana\/wp-json\/wp\/v2\/types\/page"}],"author":[{"embeddable":true,"href":"https:\/\/agora.xtec.cat\/ceiplamitjana\/wp-json\/wp\/v2\/users\/3"}],"replies":[{"embeddable":true,"href":"https:\/\/agora.xtec.cat\/ceiplamitjana\/wp-json\/wp\/v2\/comments?post=6350"}],"version-history":[{"count":6,"href":"https:\/\/agora.xtec.cat\/ceiplamitjana\/wp-json\/wp\/v2\/pages\/6350\/revisions"}],"predecessor-version":[{"id":23023,"href":"https:\/\/agora.xtec.cat\/ceiplamitjana\/wp-json\/wp\/v2\/pages\/6350\/revisions\/23023"}],"up":[{"embeddable":true,"href":"https:\/\/agora.xtec.cat\/ceiplamitjana\/wp-json\/wp\/v2\/pages\/22665"}],"wp:attachment":[{"href":"https:\/\/agora.xtec.cat\/ceiplamitjana\/wp-json\/wp\/v2\/media?parent=6350"}],"curies":[{"name":"wp","href":"https:\/\/api.w.org\/{rel}","templated":true}]}}