{"id":4316,"date":"2018-04-17T16:05:46","date_gmt":"2018-04-17T14:05:46","guid":{"rendered":"http:\/\/agora.xtec.cat\/ceiplamitjana\/?page_id=4316"},"modified":"2025-07-03T18:19:42","modified_gmt":"2025-07-03T16:19:42","slug":"10e-aniversari","status":"publish","type":"page","link":"https:\/\/agora.xtec.cat\/ceiplamitjana\/lescola\/10e-aniversari\/","title":{"rendered":"10\u00e8 aniversari"},"content":{"rendered":"<p>El curs 17-18 vam celebrar el des\u00e8 aniversari amb un seguit d&#8217;activitats on va participar tota la comunitat educativa.<\/p>\n<p>Vam crear i gravar una can\u00e7\u00f3 que explica la curta per\u00f2 gran hist\u00f2ria de l&#8217;escola. El t\u00edtol de la can\u00e7\u00f3 \u00e9s:<\/p>\n<p>TOTS SOM UN<\/p>\n<p>&nbsp;<iframe loading=\"lazy\" id=\"audio_25564987\" style=\"border: 1px solid #EEE; box-sizing: border-box; width: 100%;\" src=\"https:\/\/www.ivoox.com\/player_ej_25564987_4_1.html?c1=ff6600\" width=\"400\" height=\"200\" frameborder=\"0\" scrolling=\"no\" allowfullscreen=\"allowfullscreen\"><\/iframe><\/p>\n<p>Per recordar la data hem guarnit el pati amb un graffiti, fet per en Krudel, artista i pare de l&#8217;escola.<\/p>\n<p>&nbsp;<iframe loading=\"lazy\" width=\"560\" height=\"315\" src=\"https:\/\/www.youtube.com\/embed\/czfbOSkn9ew\" frameborder=\"0\" allow=\"accelerometer; autoplay; encrypted-media; gyroscope; picture-in-picture\" allowfullscreen><\/iframe><\/p>\n<p>El dia de Sant Jordi vam gravar un lipdub amb tots els alumnes, mestres, personal d&#8217;administraci\u00f3, monitors i monitores, cuiner i cuineres, servei de neteja, pares i mares. <\/p>\n<p style=\"text-align: right;\">\nGr\u00e0cies a tots i totes els que vareu participar en la festa de Sant Jordi. Una escola no fa cada dia 10 anys.<\/p>\n<p>Disfruteu i emocioneu-vos!<\/p>\n<div class=\"ast-oembed-container \" style=\"height: 100%;\"><iframe loading=\"lazy\" title=\"LIPDUB EM18\" width=\"500\" height=\"281\" src=\"https:\/\/www.youtube.com\/embed\/eCejUax5LEg?feature=oembed\" frameborder=\"0\" allow=\"accelerometer; autoplay; clipboard-write; encrypted-media; gyroscope; picture-in-picture; web-share\" referrerpolicy=\"strict-origin-when-cross-origin\" allowfullscreen><\/iframe><\/div>\n","protected":false},"excerpt":{"rendered":"<p>El curs 17-18 vam celebrar el des\u00e8 aniversari amb un seguit d&#8217;activitats on va participar tota la comunitat educativa. Vam crear i gravar una can\u00e7\u00f3 que explica la curta per\u00f2 gran hist\u00f2ria de l&#8217;escola. El t\u00edtol de la can\u00e7\u00f3 \u00e9s: TOTS SOM UN &nbsp; Per recordar la data hem guarnit el pati amb un graffiti, [&hellip;]<\/p>\n","protected":false},"author":22,"featured_media":0,"parent":22,"menu_order":7,"comment_status":"closed","ping_status":"closed","template":"","meta":{"_bbp_topic_count":0,"_bbp_reply_count":0,"_bbp_total_topic_count":0,"_bbp_total_reply_count":0,"_bbp_voice_count":0,"_bbp_anonymous_reply_count":0,"_bbp_topic_count_hidden":0,"_bbp_reply_count_hidden":0,"_bbp_forum_subforum_count":0,"site-sidebar-layout":"default","site-content-layout":"","ast-site-content-layout":"","site-content-style":"default","site-sidebar-style":"default","ast-global-header-display":"","ast-banner-title-visibility":"","ast-main-header-display":"","ast-hfb-above-header-display":"","ast-hfb-below-header-display":"","ast-hfb-mobile-header-display":"","site-post-title":"","ast-breadcrumbs-content":"","ast-featured-img":"","footer-sml-layout":"","theme-transparent-header-meta":"","adv-header-id-meta":"","stick-header-meta":"","header-above-stick-meta":"","header-main-stick-meta":"","header-below-stick-meta":"","astra-migrate-meta-layouts":"default","ast-page-background-enabled":"default","ast-page-background-meta":{"desktop":{"background-color":"var(--ast-global-color-4)","background-image":"","background-repeat":"repeat","background-position":"center center","background-size":"auto","background-attachment":"scroll","background-type":"","background-media":"","overlay-type":"","overlay-color":"","overlay-opacity":"","overlay-gradient":""},"tablet":{"background-color":"","background-image":"","background-repeat":"repeat","background-position":"center center","background-size":"auto","background-attachment":"scroll","background-type":"","background-media":"","overlay-type":"","overlay-color":"","overlay-opacity":"","overlay-gradient":""},"mobile":{"background-color":"","background-image":"","background-repeat":"repeat","background-position":"center center","background-size":"auto","background-attachment":"scroll","background-type":"","background-media":"","overlay-type":"","overlay-color":"","overlay-opacity":"","overlay-gradient":""}},"ast-content-background-meta":{"desktop":{"background-color":"var(--ast-global-color-5)","background-image":"","background-repeat":"repeat","background-position":"center center","background-size":"auto","background-attachment":"scroll","background-type":"","background-media":"","overlay-type":"","overlay-color":"","overlay-opacity":"","overlay-gradient":""},"tablet":{"background-color":"var(--ast-global-color-5)","background-image":"","background-repeat":"repeat","background-position":"center center","background-size":"auto","background-attachment":"scroll","background-type":"","background-media":"","overlay-type":"","overlay-color":"","overlay-opacity":"","overlay-gradient":""},"mobile":{"background-color":"var(--ast-global-color-5)","background-image":"","background-repeat":"repeat","background-position":"center center","background-size":"auto","background-attachment":"scroll","background-type":"","background-media":"","overlay-type":"","overlay-color":"","overlay-opacity":"","overlay-gradient":""}},"footnotes":""},"class_list":["post-4316","page","type-page","status-publish","hentry"],"post_mailing_queue_ids":[],"_links":{"self":[{"href":"https:\/\/agora.xtec.cat\/ceiplamitjana\/wp-json\/wp\/v2\/pages\/4316","targetHints":{"allow":["GET"]}}],"collection":[{"href":"https:\/\/agora.xtec.cat\/ceiplamitjana\/wp-json\/wp\/v2\/pages"}],"about":[{"href":"https:\/\/agora.xtec.cat\/ceiplamitjana\/wp-json\/wp\/v2\/types\/page"}],"author":[{"embeddable":true,"href":"https:\/\/agora.xtec.cat\/ceiplamitjana\/wp-json\/wp\/v2\/users\/22"}],"replies":[{"embeddable":true,"href":"https:\/\/agora.xtec.cat\/ceiplamitjana\/wp-json\/wp\/v2\/comments?post=4316"}],"version-history":[{"count":2,"href":"https:\/\/agora.xtec.cat\/ceiplamitjana\/wp-json\/wp\/v2\/pages\/4316\/revisions"}],"predecessor-version":[{"id":6163,"href":"https:\/\/agora.xtec.cat\/ceiplamitjana\/wp-json\/wp\/v2\/pages\/4316\/revisions\/6163"}],"up":[{"embeddable":true,"href":"https:\/\/agora.xtec.cat\/ceiplamitjana\/wp-json\/wp\/v2\/pages\/22"}],"wp:attachment":[{"href":"https:\/\/agora.xtec.cat\/ceiplamitjana\/wp-json\/wp\/v2\/media?parent=4316"}],"curies":[{"name":"wp","href":"https:\/\/api.w.org\/{rel}","templated":true}]}}