{"id":322,"date":"2016-05-14T17:49:52","date_gmt":"2016-05-14T16:49:52","guid":{"rendered":"http:\/\/agora.xtec.cat\/ceiplamitjana\/?page_id=322"},"modified":"2026-03-09T16:23:34","modified_gmt":"2026-03-09T15:23:34","slug":"qui-som","status":"publish","type":"page","link":"https:\/\/agora.xtec.cat\/ceiplamitjana\/lescola\/qui-som\/","title":{"rendered":"Qui som"},"content":{"rendered":"<h3 style=\"text-align: center;\"><span style=\"color: #99cc00;\"><strong>CURS 2025 &#8211; 2026<\/strong><\/span><\/h3>\n<p><img loading=\"lazy\" decoding=\"async\" class=\"size-large wp-image-23087\" style=\"background-color: rgba(0, 0, 0, 0); font-size: 1rem; font-weight: inherit;\" src=\"https:\/\/agora.xtec.cat\/ceiplamitjana\/wp-content\/uploads\/usu573\/2025\/09\/IMG_20250901_171823-1024x594.jpg\" alt=\"\" width=\"1024\" height=\"594\" srcset=\"https:\/\/agora.xtec.cat\/ceiplamitjana\/wp-content\/uploads\/usu573\/2025\/09\/IMG_20250901_171823-1024x594.jpg 1024w, https:\/\/agora.xtec.cat\/ceiplamitjana\/wp-content\/uploads\/usu573\/2025\/09\/IMG_20250901_171823-300x174.jpg 300w, https:\/\/agora.xtec.cat\/ceiplamitjana\/wp-content\/uploads\/usu573\/2025\/09\/IMG_20250901_171823-768x445.jpg 768w, https:\/\/agora.xtec.cat\/ceiplamitjana\/wp-content\/uploads\/usu573\/2025\/09\/IMG_20250901_171823.jpg 1459w\" sizes=\"auto, (max-width: 1024px) 100vw, 1024px\" \/><\/p>\n<p><strong style=\"color: #339966; font-family: inherit; font-size: 1em; text-align: left;\">TUTORIES<\/strong><\/p>\n<table style=\"height: 487px; width: 99.6289%; border-style: dashed; border-color: #1fe076;\" width=\"99.6289%\">\n<caption>\u00a0<\/caption>\n<tbody>\n<tr style=\"height: 48px;\">\n<td style=\"height: 48px; width: 8.28425%; background-color: #f5ea98; text-align: center;\"><span style=\"color: #000000;\">NIVELL <\/span><\/td>\n<td style=\"width: 43.2146%; height: 48px; background-color: #a0deb2; text-align: center;\" colspan=\"2\">\u00a0 \u00a0 \u00a0 \u00a0 \u00a0 \u00a0 GRUP A<\/td>\n<td style=\"width: 104.21%; height: 48px; background-color: #7eeaf2; text-align: center;\" colspan=\"2\">GRUP B<\/td>\n<\/tr>\n<tr style=\"height: 48px;\">\n<td style=\"text-align: center; height: 48px; width: 8.28425%;\"><strong>I3<\/strong><\/td>\n<td style=\"width: 24.4787%; height: 48px; text-align: left;\">i3a@escolalamitjana.cat<\/td>\n<td style=\"height: 48px; width: 18.7359%; text-align: left;\">Marta Be\u00e0<\/td>\n<td style=\"width: 24.9794%; height: 48px; text-align: left;\"><span style=\"background-color: #f9f9f9;\">i3b@escolalamitjana.cat\u00a0<\/span><\/td>\n<td style=\"height: 48px; width: 79.2308%;\">Sara Canal<\/td>\n<\/tr>\n<tr style=\"height: 48px;\">\n<td style=\"text-align: center; height: 48px; width: 8.28425%;\"><strong>I4<\/strong><\/td>\n<td style=\"width: 24.4787%; height: 48px; text-align: left;\"><span style=\"background-color: #f9f9f9;\">i4a@escolalamitjana.cat\u00a0<\/span><\/td>\n<td style=\"height: 48px; width: 18.7359%; text-align: left;\">Ester Gen\u00e9<\/td>\n<td style=\"width: 24.9794%; height: 48px; text-align: left;\"><span style=\"background-color: #f9f9f9;\">i4b@escolalamitjana.cat\u00a0<\/span><\/td>\n<td style=\"height: 48px; width: 79.2308%;\">M\u00f2nica S\u00e1ez<\/td>\n<\/tr>\n<tr style=\"height: 49px;\">\n<td style=\"text-align: center; height: 49px; width: 8.28425%;\"><strong>I5<\/strong><\/td>\n<td style=\"width: 24.4787%; height: 49px; text-align: left;\">i5a@escolalamitjana.cat<\/td>\n<td style=\"height: 49px; width: 18.7359%; text-align: left;\">Montse Vill\u00f2ria<\/td>\n<td style=\"width: 24.9794%; height: 49px; text-align: left;\">i5b@escolalamitjana.cat<\/td>\n<td style=\"height: 49px; width: 79.2308%;\">S\u00f2nia Parra<\/td>\n<\/tr>\n<tr style=\"height: 49px;\">\n<td style=\"text-align: center; height: 49px; width: 8.28425%;\"><strong>1r<\/strong><\/td>\n<td style=\"width: 24.4787%; height: 49px; text-align: left;\">tutoria1a@escolalamitjana.cat<\/td>\n<td style=\"height: 49px; width: 18.7359%; text-align: left;\">Fina Guiu<\/td>\n<td style=\"width: 24.9794%; height: 49px; text-align: left;\"><span style=\"background-color: #f9f9f9;\">tutoria1b@escolalamitjana.cat\u00a0<\/span><\/td>\n<td style=\"height: 49px; width: 79.2308%;\">Montse Forns\/Laia Guzman<\/td>\n<\/tr>\n<tr style=\"height: 49px;\">\n<td style=\"text-align: center; height: 49px; width: 8.28425%;\"><strong>2n<\/strong><\/td>\n<td style=\"width: 24.4787%; height: 49px; text-align: left;\">tutoria2a@escolalamitjana.cat<\/td>\n<td style=\"height: 49px; width: 18.7359%; text-align: left;\">Maite Ribes<\/td>\n<td style=\"width: 24.9794%; height: 49px; text-align: left;\"><span style=\"background-color: #f9f9f9;\">tutoria2b@escolalamitjana.cat\u00a0<\/span><\/td>\n<td style=\"height: 49px; width: 79.2308%;\">Cristina Torres<\/td>\n<\/tr>\n<tr style=\"height: 49px;\">\n<td style=\"text-align: center; height: 49px; width: 8.28425%;\"><strong>3r<\/strong><\/td>\n<td style=\"width: 24.4787%; height: 49px; text-align: left;\"><span style=\"background-color: #f9f9f9;\">tutoria3a@escolalamitjana.cat\u00a0<\/span><\/td>\n<td style=\"height: 49px; width: 18.7359%; text-align: left;\">N\u00faria Guijalba<\/td>\n<td style=\"width: 24.9794%; height: 49px; text-align: left;\"><span style=\"background-color: #f9f9f9;\">tutoria3b@escolalamitjana.cat\u00a0<\/span><\/td>\n<td style=\"height: 49px; width: 79.2308%;\">Silvia Parra<\/td>\n<\/tr>\n<tr style=\"height: 49px;\">\n<td style=\"text-align: center; height: 49px; width: 8.28425%;\"><strong>4t<\/strong><\/td>\n<td style=\"width: 24.4787%; height: 49px; text-align: left;\"><span style=\"background-color: #ffffff;\">tutoria4a@escolalamitjana.cat\u00a0<\/span><\/td>\n<td style=\"height: 49px; width: 18.7359%; text-align: left;\">Leire Garcia<\/td>\n<td style=\"width: 24.9794%; height: 49px; text-align: left;\"><span style=\"background-color: #ffffff;\"><span style=\"background-color: #f9f9f9;\">tutoria4b@escolalamitjana.cat\u00a0<\/span><\/span><\/td>\n<td style=\"height: 49px; width: 79.2308%;\">Ton Romero<\/td>\n<\/tr>\n<tr style=\"height: 49px;\">\n<td style=\"text-align: center; height: 49px; width: 8.28425%;\"><strong>5\u00e8<\/strong><\/td>\n<td style=\"width: 24.4787%; height: 49px; text-align: left;\"><span style=\"background-color: #f9f9f9;\">tutoria5a@escolalamitjana.cat\u00a0<\/span><\/td>\n<td style=\"height: 49px; width: 18.7359%; text-align: left;\">Sergi Torrelles<\/td>\n<td style=\"width: 24.9794%; height: 49px; text-align: left;\"><span style=\"background-color: #f9f9f9;\">tutoria5b@escolalamitjana.cat\u00a0<\/span><\/td>\n<td style=\"height: 49px; width: 79.2308%;\">Laura Delgado<\/td>\n<\/tr>\n<tr style=\"height: 49px;\">\n<td style=\"text-align: center; height: 49px; width: 8.28425%;\"><strong>6\u00e8<\/strong><\/td>\n<td style=\"width: 24.4787%; height: 49px; text-align: left;\">tutoria6a@escolalamitjana.cat<\/td>\n<td style=\"height: 49px; width: 18.7359%; text-align: left;\">Laura Baldom\u00e0<\/td>\n<td style=\"width: 24.9794%; height: 49px; text-align: left;\"><span style=\"background-color: #ffffff;\"><span style=\"background-color: #f9f9f9;\">tutoria6b@escolalamitjana.cat\u00a0<\/span><\/span><\/td>\n<td style=\"height: 49px; width: 79.2308%;\">Jordi Tom\u00e0s<\/td>\n<\/tr>\n<\/tbody>\n<\/table>\n<p style=\"text-align: left;\"><span style=\"color: #339966;\"><strong>ESPECIALISTES<\/strong><\/span><\/p>\n<table class=\" alignleft\" style=\"height: 607px; width: 99.3713%;\" width=\"99.3713%\">\n<tbody>\n<tr style=\"height: 23px;\">\n<td style=\"width: 14.9777%; height: 59px;\"><strong>SIEI Infantil<\/strong><\/td>\n<td style=\"width: 2.35242%; height: 59px;\">siei<span class=\"\">@<\/span>escolalamitjana.cat<\/td>\n<td style=\"width: 23.4092%; height: 59px;\">Marta Domingo i N\u00faria Lend\u00ednez<\/td>\n<\/tr>\n<tr style=\"height: 23px;\">\n<td style=\"width: 14.9777%; height: 59px;\"><strong>SIEI Prim\u00e0ria<\/strong><\/td>\n<td style=\"width: 2.35242%; height: 59px;\">siei<span class=\"\">@<\/span>escolalamitjana.cat<\/td>\n<td style=\"width: 23.4092%; height: 59px;\">\u00cdngrid Ser\u00f3 i Isabel Duaig\u00fces<\/td>\n<\/tr>\n<tr style=\"height: 26px;\">\n<td style=\"width: 14.9777%; height: 49px;\"><strong>Angl\u00e8s<\/strong><\/td>\n<td style=\"width: 2.35242%; height: 49px;\">english@escolalamitjana.cat<\/td>\n<td style=\"width: 23.4092%; height: 49px;\">Maria Trepat<\/td>\n<\/tr>\n<tr style=\"height: 23px;\">\n<td style=\"width: 14.9777%; height: 50px;\"><strong><span style=\"color: #000000;\">Angl\u00e8s<\/span><\/strong><\/td>\n<td style=\"width: 2.35242%; height: 50px;\">english2@escolalamitjana.cat<\/td>\n<td style=\"width: 23.4092%; height: 50px;\">Silvia Pico<\/td>\n<\/tr>\n<tr style=\"height: 26px;\">\n<td style=\"width: 14.9777%; height: 56px;\"><strong>Educaci\u00f3 F\u00edsica<\/strong><\/td>\n<td style=\"width: 2.35242%; height: 56px;\">educaciofisica@escolalamitjana.cat<\/td>\n<td style=\"width: 23.4092%; height: 56px;\">Sandra Montoya<\/td>\n<\/tr>\n<tr style=\"height: 23px;\">\n<td style=\"width: 14.9777%; height: 60px;\"><strong><span style=\"color: #000000;\">Educaci\u00f3 F\u00edsica<\/span><\/strong><\/td>\n<td style=\"width: 2.35242%; height: 60px;\">educaciofisica2@escolalamitjana.cat<\/td>\n<td style=\"width: 23.4092%; height: 60px;\">Ramon Gilabert<\/td>\n<\/tr>\n<tr style=\"height: 43px;\">\n<td style=\"width: 14.9777%; height: 47px;\"><strong><span style=\"color: #000000;\">Educaci\u00f3 Musical<\/span><\/strong><\/td>\n<td style=\"width: 2.35242%; height: 47px;\">musica@escolalamitjana.cat<\/td>\n<td style=\"width: 23.4092%; height: 47px;\">Alba P\u00e9rez<\/td>\n<\/tr>\n<tr style=\"height: 43px;\">\n<td style=\"width: 14.9777%; height: 55px;\"><strong>Educaci\u00f3 Especial<\/strong><\/td>\n<td style=\"width: 2.35242%; height: 55px;\">ee@escolalamitjana.cat<\/td>\n<td style=\"width: 23.4092%; height: 55px;\">Elena Mo<\/td>\n<\/tr>\n<tr style=\"height: 43px;\">\n<td style=\"width: 14.9777%; height: 53px;\"><strong>Audici\u00f3 i llenguatge<\/strong><\/td>\n<td style=\"width: 2.35242%; height: 53px;\">mall@escolalamitjana.cat<\/td>\n<td style=\"width: 23.4092%; height: 53px;\">Montse Segarra<\/td>\n<\/tr>\n<tr style=\"height: 16px;\">\n<td style=\"width: 14.9777%; height: 49px;\"><strong>Aula d&#8217;acollida<\/strong><\/td>\n<td style=\"width: 2.35242%; height: 49px;\">aa@escolalamitjana.cat<\/td>\n<td style=\"width: 23.4092%; height: 49px;\">Elisabet Mart\u00ednez\/Joyce Gavarr\u00f3<\/td>\n<\/tr>\n<tr style=\"height: 43px;\">\n<td style=\"width: 14.9777%; height: 70px;\"><strong>Religi\u00f3<\/strong><\/td>\n<td style=\"width: 2.35242%; height: 70px;\">religio@escolalamitjana.cat<\/td>\n<td style=\"width: 23.4092%; height: 70px;\">Susana Lampurlan\u00e9s<\/td>\n<\/tr>\n<\/tbody>\n<\/table>\n<p><strong><span style=\"color: #339966;\">EQUIP DIR<\/span><\/strong><strong><span style=\"color: #339966;\">ECTIU<\/span><\/strong><\/p>\n<table style=\"height: 134px; width: 99.2515%;\" width=\"470\">\n<tbody>\n<tr style=\"height: 43px;\">\n<td style=\"text-align: left; width: 17.575%; height: 43px;\"><strong>Directora<\/strong><\/td>\n<td style=\"text-align: left; width: 24.5298%; height: 43px;\">Meritxell Soler<\/td>\n<td style=\"text-align: left; width: 188.801%; height: 134px;\" rowspan=\"3\">c5009344@xtec.cat<\/td>\n<\/tr>\n<tr style=\"height: 45px;\">\n<td style=\"text-align: left; width: 17.575%; height: 45px;\"><strong>Cap d&#8217;estudis<\/strong><\/td>\n<td style=\"text-align: left; width: 24.5298%; height: 45px;\">Eva Avil\u00e9s<\/td>\n<\/tr>\n<tr style=\"height: 46px;\">\n<td style=\"text-align: left; width: 17.575%; height: 46px;\"><strong>Secret\u00e0ria<\/strong><\/td>\n<td style=\"text-align: left; width: 24.5298%; height: 46px;\">S\u00edlvia Filella<\/td>\n<\/tr>\n<\/tbody>\n<\/table>\n<p><span style=\"color: #339966;\"><strong>EQUIP DE COORDINACI\u00d3<\/strong><\/span><\/p>\n<table style=\"height: 276px; width: 70.3843%;\" width=\"468\">\n<tbody>\n<tr style=\"height: 23px;\">\n<td style=\"text-align: left; width: 50.8071%; height: 23px;\"><strong>Coordinadora Educaci\u00f3 Infantil<\/strong><\/td>\n<td style=\"text-align: left; width: 130.973%; height: 23px;\">Montse Vill\u00f2ria<\/td>\n<\/tr>\n<tr style=\"height: 23px;\">\n<td style=\"text-align: left; width: 50.8071%; height: 23px;\"><strong>Coordinadora Cicle Mitjans<\/strong><\/td>\n<td style=\"text-align: left; width: 130.973%; height: 23px;\">Fina Guiu<\/td>\n<\/tr>\n<tr style=\"height: 23px;\">\n<td style=\"text-align: left; width: 50.8071%; height: 23px;\"><strong>Coordinadora Cicle Grans<\/strong><\/td>\n<td style=\"text-align: left; width: 130.973%; height: 23px;\"><span style=\"background-color: #f9f9f9;\">Mireia Niub\u00f3<\/span><\/td>\n<\/tr>\n<tr style=\"height: 23px;\">\n<td style=\"text-align: left; width: 50.8071%; height: 23px;\"><strong>Coordinadora CAEI<\/strong><\/td>\n<td style=\"text-align: left; width: 130.973%; height: 23px;\">Eva Avil\u00e9s<\/td>\n<\/tr>\n<tr style=\"height: 23px;\">\n<td style=\"text-align: left; width: 50.8071%; height: 23px;\"><strong>Coordinadora Aprenents<\/strong><\/td>\n<td style=\"text-align: left; width: 130.973%; height: 23px;\">Eva Avil\u00e9s<\/td>\n<\/tr>\n<tr style=\"height: 23px;\">\n<td style=\"text-align: left; width: 50.8071%; height: 23px;\"><strong>Coordinadora de Riscos Laborals<\/strong><\/td>\n<td style=\"text-align: left; width: 130.973%; height: 23px;\">Jordi Tom\u00e0s<\/td>\n<\/tr>\n<tr style=\"height: 23px;\">\n<td style=\"text-align: left; width: 50.8071%; height: 23px;\"><strong>Coordinador TIC<\/strong><\/td>\n<td style=\"text-align: left; width: 130.973%; height: 23px;\">Ton Romero<\/td>\n<\/tr>\n<tr style=\"height: 23px;\">\n<td style=\"text-align: left; width: 50.8071%; height: 23px;\"><strong>Coordinadora EE<\/strong><\/td>\n<td style=\"text-align: left; width: 130.973%; height: 23px;\">Elena Mo<\/td>\n<\/tr>\n<tr style=\"height: 23px;\">\n<td style=\"text-align: left; width: 50.8071%; height: 23px;\"><strong>Coordinadora COCOBE<\/strong><\/td>\n<td style=\"text-align: left; width: 130.973%; height: 23px;\">M\u00f2nica S\u00e1ez<\/td>\n<\/tr>\n<tr style=\"height: 23px;\">\n<td style=\"text-align: left; width: 50.8071%; height: 23px;\"><strong>Coordinadora LIC\/ Biblioteca<\/strong><\/td>\n<td style=\"text-align: left; width: 130.973%; height: 23px;\">Cristina Torres<\/td>\n<\/tr>\n<tr style=\"height: 23px;\">\n<td style=\"text-align: left; width: 50.8071%; height: 23px;\"><strong>Coordinador Escoles sostenibles<\/strong><\/td>\n<td style=\"text-align: left; width: 130.973%; height: 23px;\">S\u00edlvia Parra<\/td>\n<\/tr>\n<tr style=\"height: 23px;\">\n<td style=\"text-align: left; width: 50.8071%; height: 23px;\"><strong>Coordinadora Pla Catal\u00e0 de l&#8217;Esport<\/strong><\/td>\n<td style=\"text-align: left; width: 130.973%; height: 23px;\">Sandra Montoya<\/td>\n<\/tr>\n<\/tbody>\n<\/table>\n<p><strong><span style=\"color: #339966;\">PROFESSIONALS D&#8217;ATENCI\u00d3 EDUCATIVA<\/span><\/strong><\/p>\n<table style=\"height: 69px; width: 88.73%;\" width=\"460\">\n<tbody>\n<tr>\n<td style=\"width: 27.3862%;\"><strong>TEI (T\u00e8cnica EI)<\/strong><\/td>\n<td style=\"text-align: left; width: 182.54%;\">Marta Cajal<\/td>\n<\/tr>\n<tr>\n<td style=\"width: 27.3862%;\"><strong>EEE (Educador\/a EE)<\/strong><\/td>\n<td style=\"text-align: left; width: 182.54%;\">Maria Sylva, Anna Costa i Anna Ballester<\/td>\n<\/tr>\n<tr>\n<td style=\"width: 27.3862%;\"><strong>Auxiliars d&#8217;EE<\/strong><\/td>\n<td style=\"text-align: left; width: 182.54%;\">\u00c0gueda Subies, Alba Lumbierres, Montse Mata i Ainoha del Moral<\/td>\n<\/tr>\n<\/tbody>\n<\/table>\n<p><span style=\"color: #339966;\"><strong>ADMINISTRACI\u00d3 I CONSERGERIA<\/strong><\/span><\/p>\n<table style=\"height: 107px; width: 75.4399%;\" width=\"458\">\n<tbody>\n<tr>\n<td style=\"width: 39.3424%;\"><strong>Coordinadora menjador<\/strong><\/td>\n<td style=\"width: 161.178%; text-align: left;\">Teresa Odina<\/td>\n<\/tr>\n<tr>\n<td style=\"width: 39.3424%;\"><strong>Administratiu<\/strong><\/td>\n<td style=\"width: 161.178%; text-align: left;\">Carme Camacho<\/td>\n<\/tr>\n<tr>\n<td style=\"width: 39.3424%;\"><strong>Conserge<\/strong><\/td>\n<td style=\"width: 161.178%; text-align: left;\">Ana Blanco<\/td>\n<\/tr>\n<\/tbody>\n<\/table>\n<p><strong><span style=\"color: #339966;\">EQUIP D&#8217;ASSESSORAMENT EXTERN<\/span><\/strong><\/p>\n<table style=\"width: 54.1441%;\" width=\"458\">\n<tbody>\n<tr>\n<td style=\"width: 45.4685%;\"><strong>Psicopedagog<\/strong><\/td>\n<td style=\"width: 110.241%;\">S\u00f2nia Brotons<\/td>\n<\/tr>\n<tr>\n<td style=\"width: 45.4685%;\"><strong>Treballadora social<\/strong><\/td>\n<td style=\"width: 110.241%;\">Sandra Espejo<\/td>\n<\/tr>\n<tr>\n<td style=\"width: 45.4685%;\"><strong>Fisioterapeuta<\/strong><\/td>\n<td style=\"width: 110.241%;\">Rosana Llurda<\/td>\n<\/tr>\n<\/tbody>\n<\/table>\n<p><span style=\"border-radius: 2px; text-indent: 20px; width: auto; padding: 0px 4px 0px 0px; text-align: center; font: bold 11px\/20px 'Helvetica Neue',Helvetica,sans-serif; color: #ffffff; background: #bd081c no-repeat scroll 3px 50% \/ 14px 14px; position: absolute; opacity: 0.85; z-index: 8675309; display: none; cursor: pointer; top: 19px; left: 592px;\">Guardar<\/span><\/p>\n<p><span style=\"border-radius: 2px; text-indent: 20px; width: auto; padding: 0px 4px 0px 0px; text-align: center; font: bold 11px\/20px 'Helvetica Neue',Helvetica,sans-serif; color: #ffffff; background: #bd081c no-repeat scroll 3px 50% \/ 14px 14px; position: absolute; opacity: 0.85; z-index: 8675309; display: none; cursor: pointer; top: 19px; left: 592px;\">Guardar<\/span><\/p>\n<p><span style=\"border-radius: 2px; text-indent: 20px; width: auto; padding: 0px 4px 0px 0px; text-align: center; font: bold 11px\/20px 'Helvetica Neue',Helvetica,sans-serif; color: #ffffff; background: #bd081c no-repeat scroll 3px 50% \/ 14px 14px; position: absolute; opacity: 1; z-index: 8675309; display: none; cursor: pointer;\">Guardar<\/span><\/p>\n<p><span style=\"border-radius: 2px; text-indent: 20px; width: auto; padding: 0px 4px 0px 0px; text-align: center; font: bold 11px\/20px 'Helvetica Neue',Helvetica,sans-serif; color: #ffffff; background: #bd081c no-repeat scroll 3px 50% \/ 14px 14px; position: absolute; opacity: 1; z-index: 8675309; display: none; cursor: pointer; top: 68px; left: 240px;\">Save<\/span><\/p>\n<p><span style=\"border-radius: 2px; text-indent: 20px; width: auto; padding: 0px 4px 0px 0px; text-align: center; font: bold 11px\/20px 'Helvetica Neue',Helvetica,sans-serif; color: #ffffff; background: #bd081c no-repeat scroll 3px 50% \/ 14px 14px; position: absolute; opacity: 1; z-index: 8675309; display: none; cursor: pointer; top: 68px; left: 240px;\">Save<\/span><\/p>\n<p><span style=\"border-radius: 2px; text-indent: 20px; width: auto; padding: 0px 4px 0px 0px; text-align: center; font: bold 11px\/20px 'Helvetica Neue',Helvetica,sans-serif; color: #ffffff; background: #bd081c no-repeat scroll 3px 50% \/ 14px 14px; position: absolute; opacity: 1; z-index: 8675309; display: none; cursor: pointer;\">Guardar<\/span><\/p>\n<p><span style=\"border-radius: 2px; text-indent: 20px; width: auto; padding: 0px 4px 0px 0px; text-align: center; font: bold 11px\/20px 'Helvetica Neue',Helvetica,sans-serif; color: #ffffff; background: #bd081c no-repeat scroll 3px 50% \/ 14px 14px; position: absolute; opacity: 1; z-index: 8675309; display: none; cursor: pointer; top: 57px; left: 318px;\">Guardar<\/span><\/p>\n<p><span style=\"border-radius: 2px; text-indent: 20px; width: auto; padding: 0px 4px 0px 0px; text-align: center; font: bold 11px\/20px 'Helvetica Neue',Helvetica,sans-serif; color: #ffffff; background: #bd081c no-repeat scroll 3px 50% \/ 14px 14px; position: absolute; opacity: 1; z-index: 8675309; display: none; cursor: pointer;\">Save<\/span><\/p>\n<p><span style=\"border-radius: 2px; text-indent: 20px; width: auto; padding: 0px 4px 0px 0px; text-align: center; font: bold 11px\/20px 'Helvetica Neue',Helvetica,sans-serif; color: #ffffff; background: #bd081c no-repeat scroll 3px 50% \/ 14px 14px; position: absolute; opacity: 1; z-index: 8675309; display: none; cursor: pointer; top: 68px; left: 240px;\">Save<\/span><\/p>\n<p><span style=\"border-radius: 2px; text-indent: 20px; width: auto; padding: 0px 4px 0px 0px; text-align: center; font: bold 11px\/20px 'Helvetica Neue',Helvetica,sans-serif; color: #ffffff; background: #bd081c no-repeat scroll 3px 50% \/ 14px 14px; position: absolute; opacity: 1; z-index: 8675309; display: none; cursor: pointer; top: 68px; left: 240px;\">Save<\/span><\/p>\n<p><span style=\"border-radius: 2px; text-indent: 20px; width: auto; padding: 0px 4px 0px 0px; text-align: center; font: bold 11px\/20px 'Helvetica Neue',Helvetica,sans-serif; color: #ffffff; background: #bd081c no-repeat scroll 3px 50% \/ 14px 14px; position: absolute; opacity: 1; z-index: 8675309; display: none; cursor: pointer; top: 68px; left: 169px;\">Save<\/span><\/p>\n","protected":false},"excerpt":{"rendered":"<p>CURS 2025 &#8211; 2026 TUTORIES \u00a0 NIVELL \u00a0 \u00a0 \u00a0 \u00a0 \u00a0 \u00a0 GRUP A GRUP B I3 i3a@escolalamitjana.cat Marta Be\u00e0 i3b@escolalamitjana.cat\u00a0 Sara Canal I4 i4a@escolalamitjana.cat\u00a0 Ester Gen\u00e9 i4b@escolalamitjana.cat\u00a0 M\u00f2nica S\u00e1ez I5 i5a@escolalamitjana.cat Montse Vill\u00f2ria i5b@escolalamitjana.cat S\u00f2nia Parra 1r tutoria1a@escolalamitjana.cat Fina Guiu tutoria1b@escolalamitjana.cat\u00a0 Montse Forns\/Laia Guzman 2n tutoria2a@escolalamitjana.cat Maite Ribes tutoria2b@escolalamitjana.cat\u00a0 Cristina Torres 3r tutoria3a@escolalamitjana.cat\u00a0 [&hellip;]<\/p>\n","protected":false},"author":3,"featured_media":0,"parent":22,"menu_order":1,"comment_status":"closed","ping_status":"closed","template":"","meta":{"_bbp_topic_count":0,"_bbp_reply_count":0,"_bbp_total_topic_count":0,"_bbp_total_reply_count":0,"_bbp_voice_count":0,"_bbp_anonymous_reply_count":0,"_bbp_topic_count_hidden":0,"_bbp_reply_count_hidden":0,"_bbp_forum_subforum_count":0,"site-sidebar-layout":"default","site-content-layout":"","ast-site-content-layout":"default","site-content-style":"default","site-sidebar-style":"default","ast-global-header-display":"","ast-banner-title-visibility":"","ast-main-header-display":"","ast-hfb-above-header-display":"","ast-hfb-below-header-display":"","ast-hfb-mobile-header-display":"","site-post-title":"","ast-breadcrumbs-content":"","ast-featured-img":"","footer-sml-layout":"","theme-transparent-header-meta":"","adv-header-id-meta":"","stick-header-meta":"","header-above-stick-meta":"","header-main-stick-meta":"","header-below-stick-meta":"","astra-migrate-meta-layouts":"set","ast-page-background-enabled":"default","ast-page-background-meta":{"desktop":{"background-color":"var(--ast-global-color-4)","background-image":"","background-repeat":"repeat","background-position":"center center","background-size":"auto","background-attachment":"scroll","background-type":"","background-media":"","overlay-type":"","overlay-color":"","overlay-opacity":"","overlay-gradient":""},"tablet":{"background-color":"","background-image":"","background-repeat":"repeat","background-position":"center center","background-size":"auto","background-attachment":"scroll","background-type":"","background-media":"","overlay-type":"","overlay-color":"","overlay-opacity":"","overlay-gradient":""},"mobile":{"background-color":"","background-image":"","background-repeat":"repeat","background-position":"center center","background-size":"auto","background-attachment":"scroll","background-type":"","background-media":"","overlay-type":"","overlay-color":"","overlay-opacity":"","overlay-gradient":""}},"ast-content-background-meta":{"desktop":{"background-color":"var(--ast-global-color-5)","background-image":"","background-repeat":"repeat","background-position":"center center","background-size":"auto","background-attachment":"scroll","background-type":"","background-media":"","overlay-type":"","overlay-color":"","overlay-opacity":"","overlay-gradient":""},"tablet":{"background-color":"var(--ast-global-color-5)","background-image":"","background-repeat":"repeat","background-position":"center center","background-size":"auto","background-attachment":"scroll","background-type":"","background-media":"","overlay-type":"","overlay-color":"","overlay-opacity":"","overlay-gradient":""},"mobile":{"background-color":"var(--ast-global-color-5)","background-image":"","background-repeat":"repeat","background-position":"center center","background-size":"auto","background-attachment":"scroll","background-type":"","background-media":"","overlay-type":"","overlay-color":"","overlay-opacity":"","overlay-gradient":""}},"footnotes":""},"class_list":["post-322","page","type-page","status-publish","hentry"],"post_mailing_queue_ids":[],"_links":{"self":[{"href":"https:\/\/agora.xtec.cat\/ceiplamitjana\/wp-json\/wp\/v2\/pages\/322","targetHints":{"allow":["GET"]}}],"collection":[{"href":"https:\/\/agora.xtec.cat\/ceiplamitjana\/wp-json\/wp\/v2\/pages"}],"about":[{"href":"https:\/\/agora.xtec.cat\/ceiplamitjana\/wp-json\/wp\/v2\/types\/page"}],"author":[{"embeddable":true,"href":"https:\/\/agora.xtec.cat\/ceiplamitjana\/wp-json\/wp\/v2\/users\/3"}],"replies":[{"embeddable":true,"href":"https:\/\/agora.xtec.cat\/ceiplamitjana\/wp-json\/wp\/v2\/comments?post=322"}],"version-history":[{"count":6,"href":"https:\/\/agora.xtec.cat\/ceiplamitjana\/wp-json\/wp\/v2\/pages\/322\/revisions"}],"predecessor-version":[{"id":24179,"href":"https:\/\/agora.xtec.cat\/ceiplamitjana\/wp-json\/wp\/v2\/pages\/322\/revisions\/24179"}],"up":[{"embeddable":true,"href":"https:\/\/agora.xtec.cat\/ceiplamitjana\/wp-json\/wp\/v2\/pages\/22"}],"wp:attachment":[{"href":"https:\/\/agora.xtec.cat\/ceiplamitjana\/wp-json\/wp\/v2\/media?parent=322"}],"curies":[{"name":"wp","href":"https:\/\/api.w.org\/{rel}","templated":true}]}}