{"id":254,"date":"2016-04-05T09:26:01","date_gmt":"2016-04-05T08:26:01","guid":{"rendered":"http:\/\/agora.xtec.cat\/ceiplamitjana\/?page_id=254"},"modified":"2025-07-11T09:24:30","modified_gmt":"2025-07-11T07:24:30","slug":"circulars-2","status":"publish","type":"page","link":"https:\/\/agora.xtec.cat\/ceiplamitjana\/espai-families\/circulars-2\/","title":{"rendered":"Autoritzacions"},"content":{"rendered":"\n<p><a href=\"https:\/\/docs.google.com\/document\/d\/1kQG-C20qGofxuTLYZXsl5hfgntcyTaQa\/edit?usp=sharing&amp;ouid=108828421281267996317&amp;rtpof=true&amp;sd=true\">Carta de comprom\u00eds<\/a><\/p>\n<p><a href=\"https:\/\/docs.google.com\/document\/d\/1SVw39gOFvfw47li8R8pIBksrT2eLiz5j\/edit?usp=sharing&amp;ouid=108828421281267996317&amp;rtpof=true&amp;sd=true\">Autoritzaci\u00f3 per sortides pel municipi<img loading=\"lazy\" decoding=\"async\" class=\" wp-image-23032 alignright\" src=\"https:\/\/agora.xtec.cat\/ceiplamitjana\/wp-content\/uploads\/usu573\/2025\/07\/937159-150x150.png\" alt=\"\" width=\"237\" height=\"237\" srcset=\"https:\/\/agora.xtec.cat\/ceiplamitjana\/wp-content\/uploads\/usu573\/2025\/07\/937159-150x150.png 150w, https:\/\/agora.xtec.cat\/ceiplamitjana\/wp-content\/uploads\/usu573\/2025\/07\/937159-300x300.png 300w, https:\/\/agora.xtec.cat\/ceiplamitjana\/wp-content\/uploads\/usu573\/2025\/07\/937159.png 512w\" sizes=\"auto, (max-width: 237px) 100vw, 237px\" \/><\/a><\/p>\n<p><a href=\"https:\/\/docs.google.com\/document\/d\/1TUuyU-iN1Yy2q2zLCURwZD9D9_6u7hdW\/edit?usp=sharing&amp;ouid=108828421281267996317&amp;rtpof=true&amp;sd=true\">Autoritzaci\u00f3 per marxar sol de l&#8217;escola<\/a><\/p>\n<p><a href=\"https:\/\/docs.google.com\/document\/d\/1ypKaiAIU3FWbaFxfFp46iz5liXo_3gfq\/edit?usp=sharing&amp;ouid=108828421281267996317&amp;rtpof=true&amp;sd=true\">Autoritzaci\u00f3 per marxar amb un germ\u00e0 o germana del centre<\/a><\/p>\n","protected":false},"excerpt":{"rendered":"<p>Carta de comprom\u00eds Autoritzaci\u00f3 per sortides pel municipi Autoritzaci\u00f3 per marxar sol de l&#8217;escola Autoritzaci\u00f3 per marxar amb un germ\u00e0 o germana del centre<\/p>\n","protected":false},"author":3,"featured_media":0,"parent":22609,"menu_order":2,"comment_status":"closed","ping_status":"closed","template":"","meta":{"_bbp_topic_count":0,"_bbp_reply_count":0,"_bbp_total_topic_count":0,"_bbp_total_reply_count":0,"_bbp_voice_count":0,"_bbp_anonymous_reply_count":0,"_bbp_topic_count_hidden":0,"_bbp_reply_count_hidden":0,"_bbp_forum_subforum_count":0,"site-sidebar-layout":"default","site-content-layout":"","ast-site-content-layout":"default","site-content-style":"default","site-sidebar-style":"default","ast-global-header-display":"","ast-banner-title-visibility":"","ast-main-header-display":"","ast-hfb-above-header-display":"","ast-hfb-below-header-display":"","ast-hfb-mobile-header-display":"","site-post-title":"","ast-breadcrumbs-content":"","ast-featured-img":"","footer-sml-layout":"","theme-transparent-header-meta":"","adv-header-id-meta":"","stick-header-meta":"","header-above-stick-meta":"","header-main-stick-meta":"","header-below-stick-meta":"","astra-migrate-meta-layouts":"set","ast-page-background-enabled":"default","ast-page-background-meta":{"desktop":{"background-color":"var(--ast-global-color-4)","background-image":"","background-repeat":"repeat","background-position":"center center","background-size":"auto","background-attachment":"scroll","background-type":"","background-media":"","overlay-type":"","overlay-color":"","overlay-opacity":"","overlay-gradient":""},"tablet":{"background-color":"","background-image":"","background-repeat":"repeat","background-position":"center center","background-size":"auto","background-attachment":"scroll","background-type":"","background-media":"","overlay-type":"","overlay-color":"","overlay-opacity":"","overlay-gradient":""},"mobile":{"background-color":"","background-image":"","background-repeat":"repeat","background-position":"center center","background-size":"auto","background-attachment":"scroll","background-type":"","background-media":"","overlay-type":"","overlay-color":"","overlay-opacity":"","overlay-gradient":""}},"ast-content-background-meta":{"desktop":{"background-color":"var(--ast-global-color-5)","background-image":"","background-repeat":"repeat","background-position":"center center","background-size":"auto","background-attachment":"scroll","background-type":"","background-media":"","overlay-type":"","overlay-color":"","overlay-opacity":"","overlay-gradient":""},"tablet":{"background-color":"var(--ast-global-color-5)","background-image":"","background-repeat":"repeat","background-position":"center center","background-size":"auto","background-attachment":"scroll","background-type":"","background-media":"","overlay-type":"","overlay-color":"","overlay-opacity":"","overlay-gradient":""},"mobile":{"background-color":"var(--ast-global-color-5)","background-image":"","background-repeat":"repeat","background-position":"center center","background-size":"auto","background-attachment":"scroll","background-type":"","background-media":"","overlay-type":"","overlay-color":"","overlay-opacity":"","overlay-gradient":""}},"footnotes":""},"class_list":["post-254","page","type-page","status-publish","hentry"],"post_mailing_queue_ids":[],"_links":{"self":[{"href":"https:\/\/agora.xtec.cat\/ceiplamitjana\/wp-json\/wp\/v2\/pages\/254","targetHints":{"allow":["GET"]}}],"collection":[{"href":"https:\/\/agora.xtec.cat\/ceiplamitjana\/wp-json\/wp\/v2\/pages"}],"about":[{"href":"https:\/\/agora.xtec.cat\/ceiplamitjana\/wp-json\/wp\/v2\/types\/page"}],"author":[{"embeddable":true,"href":"https:\/\/agora.xtec.cat\/ceiplamitjana\/wp-json\/wp\/v2\/users\/3"}],"replies":[{"embeddable":true,"href":"https:\/\/agora.xtec.cat\/ceiplamitjana\/wp-json\/wp\/v2\/comments?post=254"}],"version-history":[{"count":6,"href":"https:\/\/agora.xtec.cat\/ceiplamitjana\/wp-json\/wp\/v2\/pages\/254\/revisions"}],"predecessor-version":[{"id":23041,"href":"https:\/\/agora.xtec.cat\/ceiplamitjana\/wp-json\/wp\/v2\/pages\/254\/revisions\/23041"}],"up":[{"embeddable":true,"href":"https:\/\/agora.xtec.cat\/ceiplamitjana\/wp-json\/wp\/v2\/pages\/22609"}],"wp:attachment":[{"href":"https:\/\/agora.xtec.cat\/ceiplamitjana\/wp-json\/wp\/v2\/media?parent=254"}],"curies":[{"name":"wp","href":"https:\/\/api.w.org\/{rel}","templated":true}]}}