{"id":22745,"date":"2025-07-04T11:04:13","date_gmt":"2025-07-04T09:04:13","guid":{"rendered":"https:\/\/agora.xtec.cat\/ceiplamitjana\/?page_id=22745"},"modified":"2025-07-11T13:18:57","modified_gmt":"2025-07-11T11:18:57","slug":"festes","status":"publish","type":"page","link":"https:\/\/agora.xtec.cat\/ceiplamitjana\/activitats\/festes\/","title":{"rendered":"Festes"},"content":{"rendered":"\n<div class=\"wp-block-media-text is-stacked-on-mobile\" style=\"grid-template-columns:48% auto\"><figure class=\"wp-block-media-text__media\"><img loading=\"lazy\" decoding=\"async\" width=\"756\" height=\"403\" src=\"https:\/\/agora.xtec.cat\/ceiplamitjana\/wp-content\/uploads\/usu573\/2025\/07\/CASTA-e1752140047187.jpg\" alt=\"\" class=\"wp-image-22992 size-full\" srcset=\"https:\/\/agora.xtec.cat\/ceiplamitjana\/wp-content\/uploads\/usu573\/2025\/07\/CASTA-e1752140047187.jpg 756w, https:\/\/agora.xtec.cat\/ceiplamitjana\/wp-content\/uploads\/usu573\/2025\/07\/CASTA-e1752140047187-300x160.jpg 300w\" sizes=\"auto, (max-width: 756px) 100vw, 756px\" \/><\/figure><div class=\"wp-block-media-text__content\">\n<p><strong>CASTANYADA<\/strong><\/p>\n\n\n\n<p>A la nostra escola, la Castanyada \u00e9s un dels moments m\u00e9s esperats de l&#8217;inici de curs! La celebrem amb molta il\u00b7lusi\u00f3, menjant castanyes calentetes que ens ajuden a agafar forces. Despr\u00e9s, ens reunim tots junts al pati per ballar les danses i cantar les can\u00e7ons m\u00e9s tradicionals de la Castanyada. \u00c9s una jornada plena d&#8217;alegria i germanor on compartim la tradici\u00f3 i gaudim de la tardor.<\/p>\n<\/div><\/div>\n\n\n\n<hr class=\"wp-block-separator has-alpha-channel-opacity\"\/>\n\n\n\n<div class=\"wp-block-media-text is-stacked-on-mobile\" style=\"grid-template-columns:48% auto\"><figure class=\"wp-block-media-text__media\"><img loading=\"lazy\" decoding=\"async\" width=\"1024\" height=\"576\" src=\"https:\/\/agora.xtec.cat\/ceiplamitjana\/wp-content\/uploads\/usu573\/2025\/07\/F76C819C-9EF2-47EB-B8C4-36A011544AF1-2.jpg\" alt=\"\" class=\"wp-image-22916 size-full\" srcset=\"https:\/\/agora.xtec.cat\/ceiplamitjana\/wp-content\/uploads\/usu573\/2025\/07\/F76C819C-9EF2-47EB-B8C4-36A011544AF1-2.jpg 1024w, https:\/\/agora.xtec.cat\/ceiplamitjana\/wp-content\/uploads\/usu573\/2025\/07\/F76C819C-9EF2-47EB-B8C4-36A011544AF1-2-300x169.jpg 300w, https:\/\/agora.xtec.cat\/ceiplamitjana\/wp-content\/uploads\/usu573\/2025\/07\/F76C819C-9EF2-47EB-B8C4-36A011544AF1-2-768x432.jpg 768w\" sizes=\"auto, (max-width: 1024px) 100vw, 1024px\" \/><\/figure><div class=\"wp-block-media-text__content\">\n<p><strong>NADAL<\/strong><\/p>\n\n\n\n<p>A la nostra escola, el Nadal \u00e9s una \u00e8poca m\u00e0gica. Un dels moments m\u00e9s esperats \u00e9s la festa de Nadal, on els nens i nenes preparen actuacions musicals i la cursa sol\u00b7lid\u00e0ria. Aquests moments els compartim amb totes les fam\u00edlies.<\/p>\n\n\n\n<p>Tamb\u00e9 \u00e9s tradici\u00f3 fer cagar ti\u00f3 a educaci\u00f3 infantil i durant uns dies l&#8217;alimenten d&#8217;all\u00f2 m\u00e9s b\u00e9 perqu\u00e8 cagui moltes coses per la classe. A m\u00e9s, durant les tardes de tallers els alumnes elaboren postals o altres manualitats per emportar-se a casa. <\/p>\n\n\n\n<p>Totes aquestes activitats ajuden a crear un ambient de Nadal ple d&#8217;il\u00b7lusi\u00f3, tradici\u00f3 i conviv\u00e8ncia a l&#8217;escola.<\/p>\n\n\n\n<p><\/p>\n<\/div><\/div>\n\n\n\n<hr class=\"wp-block-separator has-alpha-channel-opacity\"\/>\n\n\n\n<div class=\"wp-block-media-text is-stacked-on-mobile\"><figure class=\"wp-block-media-text__media\"><img loading=\"lazy\" decoding=\"async\" width=\"1024\" height=\"544\" src=\"https:\/\/agora.xtec.cat\/ceiplamitjana\/wp-content\/uploads\/usu573\/2025\/07\/IMG_8001-e1752139966903.jpg\" alt=\"\" class=\"wp-image-22917 size-full\" srcset=\"https:\/\/agora.xtec.cat\/ceiplamitjana\/wp-content\/uploads\/usu573\/2025\/07\/IMG_8001-e1752139966903.jpg 1024w, https:\/\/agora.xtec.cat\/ceiplamitjana\/wp-content\/uploads\/usu573\/2025\/07\/IMG_8001-e1752139966903-300x159.jpg 300w, https:\/\/agora.xtec.cat\/ceiplamitjana\/wp-content\/uploads\/usu573\/2025\/07\/IMG_8001-e1752139966903-768x408.jpg 768w\" sizes=\"auto, (max-width: 1024px) 100vw, 1024px\" \/><\/figure><div class=\"wp-block-media-text__content\">\n<p><strong>CARNAVAL<\/strong><\/p>\n\n\n\n<p>A la nostra escola, el Carnaval \u00e9s una celebraci\u00f3 molt especial i esperada per tots i totes! Durant aquests dies ens visita ni m\u00e9s ni menys que el <strong>Pau Pi, el Rei Carnestoltes de Lleida<\/strong>! La seva arribada marca l&#8217;inici de la setmana m\u00e9s esbojarrada.<\/p>\n\n\n\n<p>Durant els dies previs el Rei Carnestoltes ens envia una <strong>ordre di\u00e0ria<\/strong> que hem de complir: pot ser que h\u00e0gim de venir amb els cabells de colors, amb un complement divertit, amb un pijama, o fins i tot amb la roba del rev\u00e9s! Aquestes ordres ens ajuden a entrar en l&#8217;esperit del Carnaval i a viure la festa amb molta il\u00b7lusi\u00f3 i ganes de riure.<\/p>\n<\/div><\/div>\n\n\n\n<hr class=\"wp-block-separator has-alpha-channel-opacity\"\/>\n\n\n\n<div class=\"wp-block-media-text is-stacked-on-mobile\"><figure class=\"wp-block-media-text__media\"><img loading=\"lazy\" decoding=\"async\" width=\"1024\" height=\"987\" src=\"https:\/\/agora.xtec.cat\/ceiplamitjana\/wp-content\/uploads\/usu573\/2025\/07\/IMG-20240423-WA0008-e1752170735860-1024x987.jpg\" alt=\"\" class=\"wp-image-22980 size-full\"\/><\/figure><div class=\"wp-block-media-text__content\">\n<p><strong>SANT JORDI<\/strong><\/p>\n\n\n\n<p>Celebrar Sant Jordi a l&#8217;Escola La Mitjana amb intercanvi de llibres, lectures, tallers amb fam\u00edlies, can\u00e7ons i danses  \u00e9s una oportunitat fant\u00e0stica per fomentar l&#8217;amor per la cultura i la lectura entre l&#8217;alumnat.<\/p>\n\n\n\n<p> Aquesta festivitat, tan arrelada a Catalunya, va molt m\u00e9s enll\u00e0 de la simple tradici\u00f3.<\/p>\n<\/div><\/div>\n\n\n\n<hr class=\"wp-block-separator has-alpha-channel-opacity\"\/>\n\n\n\n<div class=\"wp-block-media-text is-stacked-on-mobile\"><figure class=\"wp-block-media-text__media\"><img loading=\"lazy\" decoding=\"async\" width=\"1024\" height=\"768\" src=\"https:\/\/agora.xtec.cat\/ceiplamitjana\/wp-content\/uploads\/usu573\/2025\/07\/638f96af-8f1b-4cd2-8753-fc57f5125616.jpg\" alt=\"\" class=\"wp-image-22920 size-full\" srcset=\"https:\/\/agora.xtec.cat\/ceiplamitjana\/wp-content\/uploads\/usu573\/2025\/07\/638f96af-8f1b-4cd2-8753-fc57f5125616.jpg 1024w, https:\/\/agora.xtec.cat\/ceiplamitjana\/wp-content\/uploads\/usu573\/2025\/07\/638f96af-8f1b-4cd2-8753-fc57f5125616-300x225.jpg 300w, https:\/\/agora.xtec.cat\/ceiplamitjana\/wp-content\/uploads\/usu573\/2025\/07\/638f96af-8f1b-4cd2-8753-fc57f5125616-768x576.jpg 768w\" sizes=\"auto, (max-width: 1024px) 100vw, 1024px\" \/><\/figure><div class=\"wp-block-media-text__content\">\n<p><strong>COMIAT DE 6\u00c8<\/strong><\/p>\n\n\n\n<p>Els comiats sempre estan plens d&#8217;emocions i molts records, per\u00f2, en aquest cas, tamb\u00e9 d&#8217;il\u00b7lusi\u00f3, de satisfacci\u00f3 i d&#8217;orgull. Acaba una etapa meravellosa, per\u00f2 en comen\u00e7a una altra igual d&#8217;especial.<\/p>\n<\/div><\/div>\n\n\n\n<p><\/p>\n","protected":false},"excerpt":{"rendered":"<p>CASTANYADA A la nostra escola, la Castanyada \u00e9s un dels moments m\u00e9s esperats de l&#8217;inici de curs! La celebrem amb molta il\u00b7lusi\u00f3, menjant castanyes calentetes que ens ajuden a agafar forces. Despr\u00e9s, ens reunim tots junts al pati per ballar les danses i cantar les can\u00e7ons m\u00e9s tradicionals de la Castanyada. \u00c9s una jornada plena [&hellip;]<\/p>\n","protected":false},"author":1,"featured_media":0,"parent":22652,"menu_order":0,"comment_status":"closed","ping_status":"close","template":"","meta":{"_bbp_topic_count":0,"_bbp_reply_count":0,"_bbp_total_topic_count":0,"_bbp_total_reply_count":0,"_bbp_voice_count":0,"_bbp_anonymous_reply_count":0,"_bbp_topic_count_hidden":0,"_bbp_reply_count_hidden":0,"_bbp_forum_subforum_count":0,"site-sidebar-layout":"default","site-content-layout":"","ast-site-content-layout":"default","site-content-style":"default","site-sidebar-style":"default","ast-global-header-display":"","ast-banner-title-visibility":"","ast-main-header-display":"","ast-hfb-above-header-display":"","ast-hfb-below-header-display":"","ast-hfb-mobile-header-display":"","site-post-title":"","ast-breadcrumbs-content":"","ast-featured-img":"","footer-sml-layout":"","theme-transparent-header-meta":"","adv-header-id-meta":"","stick-header-meta":"","header-above-stick-meta":"","header-main-stick-meta":"","header-below-stick-meta":"","astra-migrate-meta-layouts":"set","ast-page-background-enabled":"default","ast-page-background-meta":{"desktop":{"background-color":"var(--ast-global-color-4)","background-image":"","background-repeat":"repeat","background-position":"center center","background-size":"auto","background-attachment":"scroll","background-type":"","background-media":"","overlay-type":"","overlay-color":"","overlay-opacity":"","overlay-gradient":""},"tablet":{"background-color":"","background-image":"","background-repeat":"repeat","background-position":"center center","background-size":"auto","background-attachment":"scroll","background-type":"","background-media":"","overlay-type":"","overlay-color":"","overlay-opacity":"","overlay-gradient":""},"mobile":{"background-color":"","background-image":"","background-repeat":"repeat","background-position":"center center","background-size":"auto","background-attachment":"scroll","background-type":"","background-media":"","overlay-type":"","overlay-color":"","overlay-opacity":"","overlay-gradient":""}},"ast-content-background-meta":{"desktop":{"background-color":"var(--ast-global-color-5)","background-image":"","background-repeat":"repeat","background-position":"center center","background-size":"auto","background-attachment":"scroll","background-type":"","background-media":"","overlay-type":"","overlay-color":"","overlay-opacity":"","overlay-gradient":""},"tablet":{"background-color":"var(--ast-global-color-5)","background-image":"","background-repeat":"repeat","background-position":"center center","background-size":"auto","background-attachment":"scroll","background-type":"","background-media":"","overlay-type":"","overlay-color":"","overlay-opacity":"","overlay-gradient":""},"mobile":{"background-color":"var(--ast-global-color-5)","background-image":"","background-repeat":"repeat","background-position":"center center","background-size":"auto","background-attachment":"scroll","background-type":"","background-media":"","overlay-type":"","overlay-color":"","overlay-opacity":"","overlay-gradient":""}},"footnotes":""},"class_list":["post-22745","page","type-page","status-publish","hentry"],"post_mailing_queue_ids":[],"_links":{"self":[{"href":"https:\/\/agora.xtec.cat\/ceiplamitjana\/wp-json\/wp\/v2\/pages\/22745","targetHints":{"allow":["GET"]}}],"collection":[{"href":"https:\/\/agora.xtec.cat\/ceiplamitjana\/wp-json\/wp\/v2\/pages"}],"about":[{"href":"https:\/\/agora.xtec.cat\/ceiplamitjana\/wp-json\/wp\/v2\/types\/page"}],"author":[{"embeddable":true,"href":"https:\/\/agora.xtec.cat\/ceiplamitjana\/wp-json\/wp\/v2\/users\/1"}],"replies":[{"embeddable":true,"href":"https:\/\/agora.xtec.cat\/ceiplamitjana\/wp-json\/wp\/v2\/comments?post=22745"}],"version-history":[{"count":6,"href":"https:\/\/agora.xtec.cat\/ceiplamitjana\/wp-json\/wp\/v2\/pages\/22745\/revisions"}],"predecessor-version":[{"id":23059,"href":"https:\/\/agora.xtec.cat\/ceiplamitjana\/wp-json\/wp\/v2\/pages\/22745\/revisions\/23059"}],"up":[{"embeddable":true,"href":"https:\/\/agora.xtec.cat\/ceiplamitjana\/wp-json\/wp\/v2\/pages\/22652"}],"wp:attachment":[{"href":"https:\/\/agora.xtec.cat\/ceiplamitjana\/wp-json\/wp\/v2\/media?parent=22745"}],"curies":[{"name":"wp","href":"https:\/\/api.w.org\/{rel}","templated":true}]}}