{"id":22741,"date":"2025-07-04T11:03:13","date_gmt":"2025-07-04T09:03:13","guid":{"rendered":"https:\/\/agora.xtec.cat\/ceiplamitjana\/?page_id=22741"},"modified":"2025-07-10T20:52:34","modified_gmt":"2025-07-10T18:52:34","slug":"coeducacio","status":"publish","type":"page","link":"https:\/\/agora.xtec.cat\/ceiplamitjana\/activitats\/coeducacio\/","title":{"rendered":"Coeducaci\u00f3"},"content":{"rendered":"\n<div class=\"wp-block-media-text is-stacked-on-mobile\"><figure class=\"wp-block-media-text__media\"><img loading=\"lazy\" decoding=\"async\" width=\"1024\" height=\"768\" src=\"https:\/\/agora.xtec.cat\/ceiplamitjana\/wp-content\/uploads\/usu573\/2025\/07\/IMG-20250130-WA0042.jpg\" alt=\"\" class=\"wp-image-22835 size-full\" srcset=\"https:\/\/agora.xtec.cat\/ceiplamitjana\/wp-content\/uploads\/usu573\/2025\/07\/IMG-20250130-WA0042.jpg 1024w, https:\/\/agora.xtec.cat\/ceiplamitjana\/wp-content\/uploads\/usu573\/2025\/07\/IMG-20250130-WA0042-300x225.jpg 300w, https:\/\/agora.xtec.cat\/ceiplamitjana\/wp-content\/uploads\/usu573\/2025\/07\/IMG-20250130-WA0042-768x576.jpg 768w\" sizes=\"auto, (max-width: 1024px) 100vw, 1024px\" \/><\/figure><div class=\"wp-block-media-text__content\">\n<p><strong>DIA DE LA PAU<\/strong><\/p>\n\n\n\n<p>La pau \u00e9s un dels valors m\u00e9s importants. Per poder desenvolupar una actitud pacifista o no violenta duem a terme moltes activitats i, a m\u00e9s a m\u00e9s, tamb\u00e9 celebrem el Dia de la Pau amb tot d&#8217;activitats diverses.<\/p>\n<\/div><\/div>\n\n\n\n<hr class=\"wp-block-separator has-alpha-channel-opacity\"\/>\n\n\n\n<div class=\"wp-block-media-text is-stacked-on-mobile\"><figure class=\"wp-block-media-text__media\"><img loading=\"lazy\" decoding=\"async\" width=\"1024\" height=\"768\" src=\"https:\/\/agora.xtec.cat\/ceiplamitjana\/wp-content\/uploads\/usu573\/2023\/11\/IMG_3839-1024x768.jpg\" alt=\"\" class=\"wp-image-19286 size-full\" srcset=\"https:\/\/agora.xtec.cat\/ceiplamitjana\/wp-content\/uploads\/usu573\/2023\/11\/IMG_3839-1024x768.jpg 1024w, https:\/\/agora.xtec.cat\/ceiplamitjana\/wp-content\/uploads\/usu573\/2023\/11\/IMG_3839-300x225.jpg 300w, https:\/\/agora.xtec.cat\/ceiplamitjana\/wp-content\/uploads\/usu573\/2023\/11\/IMG_3839-768x576.jpg 768w, https:\/\/agora.xtec.cat\/ceiplamitjana\/wp-content\/uploads\/usu573\/2023\/11\/IMG_3839-1536x1152.jpg 1536w, https:\/\/agora.xtec.cat\/ceiplamitjana\/wp-content\/uploads\/usu573\/2023\/11\/IMG_3839-2048x1536.jpg 2048w, https:\/\/agora.xtec.cat\/ceiplamitjana\/wp-content\/uploads\/usu573\/2023\/11\/IMG_3839-200x150.jpg 200w\" sizes=\"auto, (max-width: 1024px) 100vw, 1024px\" \/><\/figure><div class=\"wp-block-media-text__content\">\n<p><strong>EDUCACI\u00d3 AFECTIVOSEXUAL<\/strong><\/p>\n\n\n\n<p>L&#8217;estima i la sexualitat formen part de la vida i del proc\u00e9s de maduraci\u00f3 de les persones, per aquests motius creiem que \u00e9s important que vinguin a l&#8217;escola professionals especialistes que ens ajudin a entendre i a gestionar de manera saludable aquest \u00e0mbit de la vida i del m\u00f3n.<\/p>\n<\/div><\/div>\n\n\n\n<hr class=\"wp-block-separator has-alpha-channel-opacity\"\/>\n\n\n\n<div class=\"wp-block-media-text is-stacked-on-mobile\"><figure class=\"wp-block-media-text__media\"><img loading=\"lazy\" decoding=\"async\" width=\"480\" height=\"360\" src=\"https:\/\/agora.xtec.cat\/ceiplamitjana\/wp-content\/uploads\/usu573\/2023\/05\/0-1.jpg\" alt=\"\" class=\"wp-image-18346 size-full\" srcset=\"https:\/\/agora.xtec.cat\/ceiplamitjana\/wp-content\/uploads\/usu573\/2023\/05\/0-1.jpg 480w, https:\/\/agora.xtec.cat\/ceiplamitjana\/wp-content\/uploads\/usu573\/2023\/05\/0-1-300x225.jpg 300w, https:\/\/agora.xtec.cat\/ceiplamitjana\/wp-content\/uploads\/usu573\/2023\/05\/0-1-200x150.jpg 200w\" sizes=\"auto, (max-width: 480px) 100vw, 480px\" \/><\/figure><div class=\"wp-block-media-text__content\">\n<p><strong>DRETS DELS INFANTS<\/strong><\/p>\n\n\n\n<p>L&#8217;Escola La Mitjana, com qualsevol centre educatiu, t\u00e9 un paper fonamental en la garantia i promoci\u00f3 dels <strong>Drets dels Infants<\/strong>. Aquests drets, reconeguts internacionalment per la Convenci\u00f3 sobre els Drets de l&#8217;Infant de les Nacions Unides, s\u00f3n essencials per al desenvolupament integral dels infants i adolescents.<\/p>\n\n\n\n<p>A La Mitjana, la implementaci\u00f3 d&#8217;aquests drets es tradueix en un entorn on cada alumne se sent <strong>segur, respectat i valorat<\/strong>. <\/p>\n<\/div><\/div>\n\n\n\n<p><\/p>\n","protected":false},"excerpt":{"rendered":"<p>DIA DE LA PAU La pau \u00e9s un dels valors m\u00e9s importants. Per poder desenvolupar una actitud pacifista o no violenta duem a terme moltes activitats i, a m\u00e9s a m\u00e9s, tamb\u00e9 celebrem el Dia de la Pau amb tot d&#8217;activitats diverses. EDUCACI\u00d3 AFECTIVOSEXUAL L&#8217;estima i la sexualitat formen part de la vida i del [&hellip;]<\/p>\n","protected":false},"author":1,"featured_media":0,"parent":22652,"menu_order":0,"comment_status":"closed","ping_status":"close","template":"","meta":{"_bbp_topic_count":0,"_bbp_reply_count":0,"_bbp_total_topic_count":0,"_bbp_total_reply_count":0,"_bbp_voice_count":0,"_bbp_anonymous_reply_count":0,"_bbp_topic_count_hidden":0,"_bbp_reply_count_hidden":0,"_bbp_forum_subforum_count":0,"site-sidebar-layout":"default","site-content-layout":"","ast-site-content-layout":"default","site-content-style":"default","site-sidebar-style":"default","ast-global-header-display":"","ast-banner-title-visibility":"","ast-main-header-display":"","ast-hfb-above-header-display":"","ast-hfb-below-header-display":"","ast-hfb-mobile-header-display":"","site-post-title":"","ast-breadcrumbs-content":"","ast-featured-img":"","footer-sml-layout":"","theme-transparent-header-meta":"","adv-header-id-meta":"","stick-header-meta":"","header-above-stick-meta":"","header-main-stick-meta":"","header-below-stick-meta":"","astra-migrate-meta-layouts":"set","ast-page-background-enabled":"default","ast-page-background-meta":{"desktop":{"background-color":"var(--ast-global-color-4)","background-image":"","background-repeat":"repeat","background-position":"center center","background-size":"auto","background-attachment":"scroll","background-type":"","background-media":"","overlay-type":"","overlay-color":"","overlay-opacity":"","overlay-gradient":""},"tablet":{"background-color":"","background-image":"","background-repeat":"repeat","background-position":"center center","background-size":"auto","background-attachment":"scroll","background-type":"","background-media":"","overlay-type":"","overlay-color":"","overlay-opacity":"","overlay-gradient":""},"mobile":{"background-color":"","background-image":"","background-repeat":"repeat","background-position":"center center","background-size":"auto","background-attachment":"scroll","background-type":"","background-media":"","overlay-type":"","overlay-color":"","overlay-opacity":"","overlay-gradient":""}},"ast-content-background-meta":{"desktop":{"background-color":"var(--ast-global-color-5)","background-image":"","background-repeat":"repeat","background-position":"center center","background-size":"auto","background-attachment":"scroll","background-type":"","background-media":"","overlay-type":"","overlay-color":"","overlay-opacity":"","overlay-gradient":""},"tablet":{"background-color":"var(--ast-global-color-5)","background-image":"","background-repeat":"repeat","background-position":"center center","background-size":"auto","background-attachment":"scroll","background-type":"","background-media":"","overlay-type":"","overlay-color":"","overlay-opacity":"","overlay-gradient":""},"mobile":{"background-color":"var(--ast-global-color-5)","background-image":"","background-repeat":"repeat","background-position":"center center","background-size":"auto","background-attachment":"scroll","background-type":"","background-media":"","overlay-type":"","overlay-color":"","overlay-opacity":"","overlay-gradient":""}},"footnotes":""},"class_list":["post-22741","page","type-page","status-publish","hentry"],"post_mailing_queue_ids":[],"_links":{"self":[{"href":"https:\/\/agora.xtec.cat\/ceiplamitjana\/wp-json\/wp\/v2\/pages\/22741","targetHints":{"allow":["GET"]}}],"collection":[{"href":"https:\/\/agora.xtec.cat\/ceiplamitjana\/wp-json\/wp\/v2\/pages"}],"about":[{"href":"https:\/\/agora.xtec.cat\/ceiplamitjana\/wp-json\/wp\/v2\/types\/page"}],"author":[{"embeddable":true,"href":"https:\/\/agora.xtec.cat\/ceiplamitjana\/wp-json\/wp\/v2\/users\/1"}],"replies":[{"embeddable":true,"href":"https:\/\/agora.xtec.cat\/ceiplamitjana\/wp-json\/wp\/v2\/comments?post=22741"}],"version-history":[{"count":5,"href":"https:\/\/agora.xtec.cat\/ceiplamitjana\/wp-json\/wp\/v2\/pages\/22741\/revisions"}],"predecessor-version":[{"id":23029,"href":"https:\/\/agora.xtec.cat\/ceiplamitjana\/wp-json\/wp\/v2\/pages\/22741\/revisions\/23029"}],"up":[{"embeddable":true,"href":"https:\/\/agora.xtec.cat\/ceiplamitjana\/wp-json\/wp\/v2\/pages\/22652"}],"wp:attachment":[{"href":"https:\/\/agora.xtec.cat\/ceiplamitjana\/wp-json\/wp\/v2\/media?parent=22741"}],"curies":[{"name":"wp","href":"https:\/\/api.w.org\/{rel}","templated":true}]}}