{"id":22646,"date":"2025-07-03T13:41:56","date_gmt":"2025-07-03T11:41:56","guid":{"rendered":"https:\/\/agora.xtec.cat\/ceiplamitjana\/?page_id=22646"},"modified":"2025-07-10T10:13:37","modified_gmt":"2025-07-10T08:13:37","slug":"projecte-biblioteca-i-xcl","status":"publish","type":"page","link":"https:\/\/agora.xtec.cat\/ceiplamitjana\/projectes-de-centre\/projecte-biblioteca-i-xcl\/","title":{"rendered":"Projecte Biblioteca"},"content":{"rendered":"\n<figure class=\"wp-block-image alignright\"><a href=\"https:\/\/agora.xtec.cat\/ceiplamitjana\/wp-content\/uploads\/usu573\/2020\/10\/BESCAT.edu2-1-1.png\"><img loading=\"lazy\" decoding=\"async\" width=\"300\" height=\"300\" src=\"https:\/\/agora.xtec.cat\/ceiplamitjana\/wp-content\/uploads\/usu573\/2020\/10\/BESCAT.edu2-1-1-300x300.png\" alt=\"\" class=\"wp-image-10903\" srcset=\"https:\/\/agora.xtec.cat\/ceiplamitjana\/wp-content\/uploads\/usu573\/2020\/10\/BESCAT.edu2-1-1-300x300.png 300w, https:\/\/agora.xtec.cat\/ceiplamitjana\/wp-content\/uploads\/usu573\/2020\/10\/BESCAT.edu2-1-1-150x150.png 150w, https:\/\/agora.xtec.cat\/ceiplamitjana\/wp-content\/uploads\/usu573\/2020\/10\/BESCAT.edu2-1-1.png 500w\" sizes=\"auto, (max-width: 300px) 100vw, 300px\" \/><\/a><\/figure>\n\n\n\n<p>Des del Servei de Suports i Recursos Ling\u00fc\u00edstics del Departament d\u2019Educaci\u00f3 dins del Programa biblioteca escolar puntedu, ens han publicat la nostra experi\u00e8ncia de biblioteca escolar en l\u2019espai nodes de <a href=\"https:\/\/projectes.xtec.cat\/bescat\/portada\/biblioteca-adapta\/\" data-type=\"link\" data-id=\"https:\/\/projectes.xtec.cat\/bescat\/portada\/biblioteca-adapta\/\">Biblioteques escolars de Catalunya<\/a> (programa \u201cpuntedu\u201d).<\/p>\n\n\n\n<p>\u00c9s per aquest motiu que ens han otorgat&nbsp;<strong>el segell digital de bona pr\u00e0ctica<\/strong>&nbsp;de biblioteca escolar (l\u00ednia 2), per tal que el puguem inserir en el vostre espai blog a mode de reconeixement.<\/p>\n\n\n\n<p>Aquest segell indica que la nostra experi\u00e8ncia compleix amb els objectius seg\u00fcents:<\/p>\n\n\n\n<ul class=\"wp-block-list\">\n<li>Detectar bons models de funcionament de biblioteques de centres educatius de totes les etapes.<\/li>\n\n\n\n<li>Afavorir l\u2019intercanvi entre centres i la consolidaci\u00f3 d\u2019una xarxa de biblioteques escolars.<\/li>\n\n\n\n<li>Establir lligams entre el programa \u201cpuntedu\u201d i les biblioteques dels centres educatius.<\/li>\n\n\n\n<li>Fer visible el paper de la biblioteca com a centre de recursos per a l\u2019aprenentatge i l\u2019ensenyament, com a eix del pla de lectura de centre i com a motor d\u2019innovaci\u00f3 en el centre educatiu.<\/li>\n<\/ul>\n\n\n\n<figure class=\"wp-block-gallery has-nested-images columns-default is-cropped wp-block-gallery-1 is-layout-flex wp-block-gallery-is-layout-flex\">\n<figure class=\"wp-block-image size-large\"><a href=\"https:\/\/agora.xtec.cat\/ceiplamitjana\/wp-content\/uploads\/usu573\/2024\/09\/IMG20240909083008-scaled.jpg\"><img loading=\"lazy\" decoding=\"async\" width=\"1024\" height=\"908\" data-id=\"20911\" src=\"https:\/\/agora.xtec.cat\/ceiplamitjana\/wp-content\/uploads\/usu573\/2024\/09\/IMG20240909083008-1024x908.jpg\" alt=\"\" class=\"wp-image-20911\" srcset=\"https:\/\/agora.xtec.cat\/ceiplamitjana\/wp-content\/uploads\/usu573\/2024\/09\/IMG20240909083008-1024x908.jpg 1024w, https:\/\/agora.xtec.cat\/ceiplamitjana\/wp-content\/uploads\/usu573\/2024\/09\/IMG20240909083008-300x266.jpg 300w, https:\/\/agora.xtec.cat\/ceiplamitjana\/wp-content\/uploads\/usu573\/2024\/09\/IMG20240909083008-768x681.jpg 768w, https:\/\/agora.xtec.cat\/ceiplamitjana\/wp-content\/uploads\/usu573\/2024\/09\/IMG20240909083008-1536x1362.jpg 1536w, https:\/\/agora.xtec.cat\/ceiplamitjana\/wp-content\/uploads\/usu573\/2024\/09\/IMG20240909083008-2048x1816.jpg 2048w\" sizes=\"auto, (max-width: 1024px) 100vw, 1024px\" \/><\/a><\/figure>\n\n\n\n<figure class=\"wp-block-image size-large\"><a href=\"https:\/\/agora.xtec.cat\/ceiplamitjana\/wp-content\/uploads\/usu573\/2023\/10\/Dia-bibliotecas-1-scaled-1.jpg\"><img loading=\"lazy\" decoding=\"async\" width=\"732\" height=\"1024\" data-id=\"19000\" src=\"https:\/\/agora.xtec.cat\/ceiplamitjana\/wp-content\/uploads\/usu573\/2023\/10\/Dia-bibliotecas-1-scaled-1-732x1024.jpg\" alt=\"\" class=\"wp-image-19000\" srcset=\"https:\/\/agora.xtec.cat\/ceiplamitjana\/wp-content\/uploads\/usu573\/2023\/10\/Dia-bibliotecas-1-scaled-1-732x1024.jpg 732w, https:\/\/agora.xtec.cat\/ceiplamitjana\/wp-content\/uploads\/usu573\/2023\/10\/Dia-bibliotecas-1-scaled-1-214x300.jpg 214w, https:\/\/agora.xtec.cat\/ceiplamitjana\/wp-content\/uploads\/usu573\/2023\/10\/Dia-bibliotecas-1-scaled-1-768x1075.jpg 768w, https:\/\/agora.xtec.cat\/ceiplamitjana\/wp-content\/uploads\/usu573\/2023\/10\/Dia-bibliotecas-1-scaled-1-1097x1536.jpg 1097w, https:\/\/agora.xtec.cat\/ceiplamitjana\/wp-content\/uploads\/usu573\/2023\/10\/Dia-bibliotecas-1-scaled-1-1463x2048.jpg 1463w, https:\/\/agora.xtec.cat\/ceiplamitjana\/wp-content\/uploads\/usu573\/2023\/10\/Dia-bibliotecas-1-scaled-1.jpg 1829w\" sizes=\"auto, (max-width: 732px) 100vw, 732px\" \/><\/a><\/figure>\n\n\n\n<figure class=\"wp-block-image size-large\"><a href=\"https:\/\/agora.xtec.cat\/ceiplamitjana\/wp-content\/uploads\/usu573\/2020\/11\/IMG20201119124727.jpg\"><img loading=\"lazy\" decoding=\"async\" width=\"984\" height=\"1024\" data-id=\"11333\" src=\"https:\/\/agora.xtec.cat\/ceiplamitjana\/wp-content\/uploads\/usu573\/2020\/11\/IMG20201119124727-984x1024.jpg\" alt=\"\" class=\"wp-image-11333\" srcset=\"https:\/\/agora.xtec.cat\/ceiplamitjana\/wp-content\/uploads\/usu573\/2020\/11\/IMG20201119124727-984x1024.jpg 984w, https:\/\/agora.xtec.cat\/ceiplamitjana\/wp-content\/uploads\/usu573\/2020\/11\/IMG20201119124727-288x300.jpg 288w, https:\/\/agora.xtec.cat\/ceiplamitjana\/wp-content\/uploads\/usu573\/2020\/11\/IMG20201119124727-768x799.jpg 768w\" sizes=\"auto, (max-width: 984px) 100vw, 984px\" \/><\/a><\/figure>\n\n\n\n<figure class=\"wp-block-image size-large\"><a href=\"https:\/\/agora.xtec.cat\/ceiplamitjana\/wp-content\/uploads\/usu573\/2016\/10\/IMG_6767.jpg\"><img loading=\"lazy\" decoding=\"async\" width=\"336\" height=\"448\" data-id=\"828\" src=\"https:\/\/agora.xtec.cat\/ceiplamitjana\/wp-content\/uploads\/usu573\/2016\/10\/IMG_6767.jpg\" alt=\"\" class=\"wp-image-828\" srcset=\"https:\/\/agora.xtec.cat\/ceiplamitjana\/wp-content\/uploads\/usu573\/2016\/10\/IMG_6767.jpg 336w, https:\/\/agora.xtec.cat\/ceiplamitjana\/wp-content\/uploads\/usu573\/2016\/10\/IMG_6767-225x300.jpg 225w\" sizes=\"auto, (max-width: 336px) 100vw, 336px\" \/><\/a><\/figure>\n<\/figure>\n","protected":false},"excerpt":{"rendered":"<p>Des del Servei de Suports i Recursos Ling\u00fc\u00edstics del Departament d\u2019Educaci\u00f3 dins del Programa biblioteca escolar puntedu, ens han publicat la nostra experi\u00e8ncia de biblioteca escolar en l\u2019espai nodes de Biblioteques escolars de Catalunya (programa \u201cpuntedu\u201d). \u00c9s per aquest motiu que ens han otorgat&nbsp;el segell digital de bona pr\u00e0ctica&nbsp;de biblioteca escolar (l\u00ednia 2), per tal [&hellip;]<\/p>\n","protected":false},"author":1,"featured_media":0,"parent":22665,"menu_order":7,"comment_status":"closed","ping_status":"closed","template":"","meta":{"_bbp_topic_count":0,"_bbp_reply_count":0,"_bbp_total_topic_count":0,"_bbp_total_reply_count":0,"_bbp_voice_count":0,"_bbp_anonymous_reply_count":0,"_bbp_topic_count_hidden":0,"_bbp_reply_count_hidden":0,"_bbp_forum_subforum_count":0,"site-sidebar-layout":"default","site-content-layout":"","ast-site-content-layout":"default","site-content-style":"default","site-sidebar-style":"default","ast-global-header-display":"","ast-banner-title-visibility":"","ast-main-header-display":"","ast-hfb-above-header-display":"","ast-hfb-below-header-display":"","ast-hfb-mobile-header-display":"","site-post-title":"","ast-breadcrumbs-content":"","ast-featured-img":"","footer-sml-layout":"","theme-transparent-header-meta":"","adv-header-id-meta":"","stick-header-meta":"","header-above-stick-meta":"","header-main-stick-meta":"","header-below-stick-meta":"","astra-migrate-meta-layouts":"set","ast-page-background-enabled":"default","ast-page-background-meta":{"desktop":{"background-color":"var(--ast-global-color-4)","background-image":"","background-repeat":"repeat","background-position":"center center","background-size":"auto","background-attachment":"scroll","background-type":"","background-media":"","overlay-type":"","overlay-color":"","overlay-opacity":"","overlay-gradient":""},"tablet":{"background-color":"","background-image":"","background-repeat":"repeat","background-position":"center center","background-size":"auto","background-attachment":"scroll","background-type":"","background-media":"","overlay-type":"","overlay-color":"","overlay-opacity":"","overlay-gradient":""},"mobile":{"background-color":"","background-image":"","background-repeat":"repeat","background-position":"center center","background-size":"auto","background-attachment":"scroll","background-type":"","background-media":"","overlay-type":"","overlay-color":"","overlay-opacity":"","overlay-gradient":""}},"ast-content-background-meta":{"desktop":{"background-color":"var(--ast-global-color-5)","background-image":"","background-repeat":"repeat","background-position":"center center","background-size":"auto","background-attachment":"scroll","background-type":"","background-media":"","overlay-type":"","overlay-color":"","overlay-opacity":"","overlay-gradient":""},"tablet":{"background-color":"var(--ast-global-color-5)","background-image":"","background-repeat":"repeat","background-position":"center center","background-size":"auto","background-attachment":"scroll","background-type":"","background-media":"","overlay-type":"","overlay-color":"","overlay-opacity":"","overlay-gradient":""},"mobile":{"background-color":"var(--ast-global-color-5)","background-image":"","background-repeat":"repeat","background-position":"center center","background-size":"auto","background-attachment":"scroll","background-type":"","background-media":"","overlay-type":"","overlay-color":"","overlay-opacity":"","overlay-gradient":""}},"footnotes":""},"class_list":["post-22646","page","type-page","status-publish","hentry"],"post_mailing_queue_ids":[],"_links":{"self":[{"href":"https:\/\/agora.xtec.cat\/ceiplamitjana\/wp-json\/wp\/v2\/pages\/22646","targetHints":{"allow":["GET"]}}],"collection":[{"href":"https:\/\/agora.xtec.cat\/ceiplamitjana\/wp-json\/wp\/v2\/pages"}],"about":[{"href":"https:\/\/agora.xtec.cat\/ceiplamitjana\/wp-json\/wp\/v2\/types\/page"}],"author":[{"embeddable":true,"href":"https:\/\/agora.xtec.cat\/ceiplamitjana\/wp-json\/wp\/v2\/users\/1"}],"replies":[{"embeddable":true,"href":"https:\/\/agora.xtec.cat\/ceiplamitjana\/wp-json\/wp\/v2\/comments?post=22646"}],"version-history":[{"count":6,"href":"https:\/\/agora.xtec.cat\/ceiplamitjana\/wp-json\/wp\/v2\/pages\/22646\/revisions"}],"predecessor-version":[{"id":22949,"href":"https:\/\/agora.xtec.cat\/ceiplamitjana\/wp-json\/wp\/v2\/pages\/22646\/revisions\/22949"}],"up":[{"embeddable":true,"href":"https:\/\/agora.xtec.cat\/ceiplamitjana\/wp-json\/wp\/v2\/pages\/22665"}],"wp:attachment":[{"href":"https:\/\/agora.xtec.cat\/ceiplamitjana\/wp-json\/wp\/v2\/media?parent=22646"}],"curies":[{"name":"wp","href":"https:\/\/api.w.org\/{rel}","templated":true}]}}