{"id":22640,"date":"2025-07-03T13:33:22","date_gmt":"2025-07-03T11:33:22","guid":{"rendered":"https:\/\/agora.xtec.cat\/ceiplamitjana\/?page_id=22640"},"modified":"2025-07-10T17:24:02","modified_gmt":"2025-07-10T15:24:02","slug":"projecte-de-direccio-2","status":"publish","type":"page","link":"https:\/\/agora.xtec.cat\/ceiplamitjana\/documents\/projecte-de-direccio-2\/","title":{"rendered":"Projecte de Direcci\u00f3"},"content":{"rendered":"\n<figure class=\"wp-block-image alignright size-full is-resized\"><img loading=\"lazy\" decoding=\"async\" width=\"432\" height=\"308\" src=\"https:\/\/agora.xtec.cat\/ceiplamitjana\/wp-content\/uploads\/usu573\/2025\/07\/Projecte-direccio-e1752160918157.jpg\" alt=\"\" class=\"wp-image-22931\" style=\"width:410px;height:auto\" srcset=\"https:\/\/agora.xtec.cat\/ceiplamitjana\/wp-content\/uploads\/usu573\/2025\/07\/Projecte-direccio-e1752160918157.jpg 432w, https:\/\/agora.xtec.cat\/ceiplamitjana\/wp-content\/uploads\/usu573\/2025\/07\/Projecte-direccio-e1752160918157-300x214.jpg 300w\" sizes=\"auto, (max-width: 432px) 100vw, 432px\" \/><\/figure>\n\n\n\n<p>El Projecte de direcci\u00f3\u00a0\u00e9s un document b\u00e0sic de gesti\u00f3 del centre docent que ordena el desplegament i l\u2019aplicaci\u00f3 del\u00a0PEC\u00a0per al per\u00edode de mandat de la direcci\u00f3, concreta l\u2019estructura organitzativa i hi inclou uns indicadors que serveixen per avaluar l\u2019exercici de la direcci\u00f3.\u00a0 El PdD es concreta cada curs mitjan\u00e7ant les\u00a0Programacions Generals Anuals\u00a0per tal d\u2019assolir els objectius formulats al projecte.<\/p>\n\n\n\n<p>DOCUMENT: <a href=\"https:\/\/drive.google.com\/file\/d\/1ClkbN952NTX4UmI80J0oXU18DuVZ2dpB\/view?usp=sharing\">PROJECTE DE DIRECCI\u00d3.<\/a><\/p>\n","protected":false},"excerpt":{"rendered":"<p>El Projecte de direcci\u00f3\u00a0\u00e9s un document b\u00e0sic de gesti\u00f3 del centre docent que ordena el desplegament i l\u2019aplicaci\u00f3 del\u00a0PEC\u00a0per al per\u00edode de mandat de la direcci\u00f3, concreta l\u2019estructura organitzativa i hi inclou uns indicadors que serveixen per avaluar l\u2019exercici de la direcci\u00f3.\u00a0 El PdD es concreta cada curs mitjan\u00e7ant les\u00a0Programacions Generals Anuals\u00a0per tal d\u2019assolir els [&hellip;]<\/p>\n","protected":false},"author":1,"featured_media":0,"parent":22621,"menu_order":2,"comment_status":"closed","ping_status":"closed","template":"","meta":{"_bbp_topic_count":0,"_bbp_reply_count":0,"_bbp_total_topic_count":0,"_bbp_total_reply_count":0,"_bbp_voice_count":0,"_bbp_anonymous_reply_count":0,"_bbp_topic_count_hidden":0,"_bbp_reply_count_hidden":0,"_bbp_forum_subforum_count":0,"site-sidebar-layout":"default","site-content-layout":"","ast-site-content-layout":"default","site-content-style":"default","site-sidebar-style":"default","ast-global-header-display":"","ast-banner-title-visibility":"","ast-main-header-display":"","ast-hfb-above-header-display":"","ast-hfb-below-header-display":"","ast-hfb-mobile-header-display":"","site-post-title":"","ast-breadcrumbs-content":"","ast-featured-img":"","footer-sml-layout":"","theme-transparent-header-meta":"","adv-header-id-meta":"","stick-header-meta":"","header-above-stick-meta":"","header-main-stick-meta":"","header-below-stick-meta":"","astra-migrate-meta-layouts":"set","ast-page-background-enabled":"default","ast-page-background-meta":{"desktop":{"background-color":"var(--ast-global-color-4)","background-image":"","background-repeat":"repeat","background-position":"center center","background-size":"auto","background-attachment":"scroll","background-type":"","background-media":"","overlay-type":"","overlay-color":"","overlay-opacity":"","overlay-gradient":""},"tablet":{"background-color":"","background-image":"","background-repeat":"repeat","background-position":"center center","background-size":"auto","background-attachment":"scroll","background-type":"","background-media":"","overlay-type":"","overlay-color":"","overlay-opacity":"","overlay-gradient":""},"mobile":{"background-color":"","background-image":"","background-repeat":"repeat","background-position":"center center","background-size":"auto","background-attachment":"scroll","background-type":"","background-media":"","overlay-type":"","overlay-color":"","overlay-opacity":"","overlay-gradient":""}},"ast-content-background-meta":{"desktop":{"background-color":"var(--ast-global-color-5)","background-image":"","background-repeat":"repeat","background-position":"center center","background-size":"auto","background-attachment":"scroll","background-type":"","background-media":"","overlay-type":"","overlay-color":"","overlay-opacity":"","overlay-gradient":""},"tablet":{"background-color":"var(--ast-global-color-5)","background-image":"","background-repeat":"repeat","background-position":"center center","background-size":"auto","background-attachment":"scroll","background-type":"","background-media":"","overlay-type":"","overlay-color":"","overlay-opacity":"","overlay-gradient":""},"mobile":{"background-color":"var(--ast-global-color-5)","background-image":"","background-repeat":"repeat","background-position":"center center","background-size":"auto","background-attachment":"scroll","background-type":"","background-media":"","overlay-type":"","overlay-color":"","overlay-opacity":"","overlay-gradient":""}},"footnotes":""},"class_list":["post-22640","page","type-page","status-publish","hentry"],"post_mailing_queue_ids":[],"_links":{"self":[{"href":"https:\/\/agora.xtec.cat\/ceiplamitjana\/wp-json\/wp\/v2\/pages\/22640","targetHints":{"allow":["GET"]}}],"collection":[{"href":"https:\/\/agora.xtec.cat\/ceiplamitjana\/wp-json\/wp\/v2\/pages"}],"about":[{"href":"https:\/\/agora.xtec.cat\/ceiplamitjana\/wp-json\/wp\/v2\/types\/page"}],"author":[{"embeddable":true,"href":"https:\/\/agora.xtec.cat\/ceiplamitjana\/wp-json\/wp\/v2\/users\/1"}],"replies":[{"embeddable":true,"href":"https:\/\/agora.xtec.cat\/ceiplamitjana\/wp-json\/wp\/v2\/comments?post=22640"}],"version-history":[{"count":4,"href":"https:\/\/agora.xtec.cat\/ceiplamitjana\/wp-json\/wp\/v2\/pages\/22640\/revisions"}],"predecessor-version":[{"id":23004,"href":"https:\/\/agora.xtec.cat\/ceiplamitjana\/wp-json\/wp\/v2\/pages\/22640\/revisions\/23004"}],"up":[{"embeddable":true,"href":"https:\/\/agora.xtec.cat\/ceiplamitjana\/wp-json\/wp\/v2\/pages\/22621"}],"wp:attachment":[{"href":"https:\/\/agora.xtec.cat\/ceiplamitjana\/wp-json\/wp\/v2\/media?parent=22640"}],"curies":[{"name":"wp","href":"https:\/\/api.w.org\/{rel}","templated":true}]}}