{"id":22638,"date":"2025-07-03T13:32:22","date_gmt":"2025-07-03T11:32:22","guid":{"rendered":"https:\/\/agora.xtec.cat\/ceiplamitjana\/?page_id=22638"},"modified":"2025-07-10T10:38:25","modified_gmt":"2025-07-10T08:38:25","slug":"enllacos-dinteres","status":"publish","type":"page","link":"https:\/\/agora.xtec.cat\/ceiplamitjana\/espai-families\/enllacos-dinteres\/","title":{"rendered":"Enlla\u00e7os d&#8217;Inter\u00e8s"},"content":{"rendered":"\n<ul class=\"wp-block-list\"><\/ul>\n\n\n\n<figure class=\"wp-block-image alignright size-full\"><img loading=\"lazy\" decoding=\"async\" width=\"225\" height=\"225\" src=\"https:\/\/agora.xtec.cat\/ceiplamitjana\/wp-content\/uploads\/usu573\/2025\/07\/baixa.jpg\" alt=\"\" class=\"wp-image-22959\" srcset=\"https:\/\/agora.xtec.cat\/ceiplamitjana\/wp-content\/uploads\/usu573\/2025\/07\/baixa.jpg 225w, https:\/\/agora.xtec.cat\/ceiplamitjana\/wp-content\/uploads\/usu573\/2025\/07\/baixa-150x150.jpg 150w\" sizes=\"auto, (max-width: 225px) 100vw, 225px\" \/><\/figure>\n\n\n\n<p><a href=\"https:\/\/educacio.gencat.cat\/ca\/inici\/index.html\" data-type=\"link\" data-id=\"https:\/\/educacio.gencat.cat\/ca\/inici\/index.html\">Departament d&#8217;Educaci\u00f3 i Formaci\u00f3 Professional<\/a><\/p>\n\n\n\n<p><a href=\"https:\/\/educacio.gencat.cat\/ca\/arees-actuacio\/families\/index.html\" data-type=\"link\" data-id=\"https:\/\/educacio.gencat.cat\/ca\/arees-actuacio\/families\/index.html\">Fam\u00edlies<\/a><\/p>\n\n\n\n<p><a href=\"https:\/\/canalsalut.gencat.cat\/ca\/vida-saludable\/us-responsable-noves-tecnologies\/infancia-adolescencia\/index.html\" data-type=\"link\" data-id=\"https:\/\/canalsalut.gencat.cat\/ca\/vida-saludable\/us-responsable-noves-tecnologies\/infancia-adolescencia\/index.html\">\u00das responsable de noves tecnologies en la inf\u00e0ncia i l&#8217;adolesc\u00e8ncia<\/a><\/p>\n\n\n\n<p><a href=\"https:\/\/llegim.org\/\" data-type=\"link\" data-id=\"https:\/\/llegim.org\/\">Llegim<\/a><\/p>\n\n\n\n<p><a href=\"https:\/\/www.edu365.cat\/\" data-type=\"link\" data-id=\"https:\/\/www.edu365.cat\/\">Jocs educatius. Edu365<\/a><\/p>\n\n\n\n<p><\/p>\n","protected":false},"excerpt":{"rendered":"<p>Departament d&#8217;Educaci\u00f3 i Formaci\u00f3 Professional Fam\u00edlies \u00das responsable de noves tecnologies en la inf\u00e0ncia i l&#8217;adolesc\u00e8ncia Llegim Jocs educatius. Edu365<\/p>\n","protected":false},"author":1,"featured_media":0,"parent":22609,"menu_order":7,"comment_status":"closed","ping_status":"closed","template":"","meta":{"_bbp_topic_count":0,"_bbp_reply_count":0,"_bbp_total_topic_count":0,"_bbp_total_reply_count":0,"_bbp_voice_count":0,"_bbp_anonymous_reply_count":0,"_bbp_topic_count_hidden":0,"_bbp_reply_count_hidden":0,"_bbp_forum_subforum_count":0,"site-sidebar-layout":"default","site-content-layout":"","ast-site-content-layout":"default","site-content-style":"default","site-sidebar-style":"default","ast-global-header-display":"","ast-banner-title-visibility":"","ast-main-header-display":"","ast-hfb-above-header-display":"","ast-hfb-below-header-display":"","ast-hfb-mobile-header-display":"","site-post-title":"","ast-breadcrumbs-content":"","ast-featured-img":"","footer-sml-layout":"","theme-transparent-header-meta":"","adv-header-id-meta":"","stick-header-meta":"","header-above-stick-meta":"","header-main-stick-meta":"","header-below-stick-meta":"","astra-migrate-meta-layouts":"set","ast-page-background-enabled":"default","ast-page-background-meta":{"desktop":{"background-color":"var(--ast-global-color-4)","background-image":"","background-repeat":"repeat","background-position":"center center","background-size":"auto","background-attachment":"scroll","background-type":"","background-media":"","overlay-type":"","overlay-color":"","overlay-opacity":"","overlay-gradient":""},"tablet":{"background-color":"","background-image":"","background-repeat":"repeat","background-position":"center center","background-size":"auto","background-attachment":"scroll","background-type":"","background-media":"","overlay-type":"","overlay-color":"","overlay-opacity":"","overlay-gradient":""},"mobile":{"background-color":"","background-image":"","background-repeat":"repeat","background-position":"center center","background-size":"auto","background-attachment":"scroll","background-type":"","background-media":"","overlay-type":"","overlay-color":"","overlay-opacity":"","overlay-gradient":""}},"ast-content-background-meta":{"desktop":{"background-color":"var(--ast-global-color-5)","background-image":"","background-repeat":"repeat","background-position":"center center","background-size":"auto","background-attachment":"scroll","background-type":"","background-media":"","overlay-type":"","overlay-color":"","overlay-opacity":"","overlay-gradient":""},"tablet":{"background-color":"var(--ast-global-color-5)","background-image":"","background-repeat":"repeat","background-position":"center center","background-size":"auto","background-attachment":"scroll","background-type":"","background-media":"","overlay-type":"","overlay-color":"","overlay-opacity":"","overlay-gradient":""},"mobile":{"background-color":"var(--ast-global-color-5)","background-image":"","background-repeat":"repeat","background-position":"center center","background-size":"auto","background-attachment":"scroll","background-type":"","background-media":"","overlay-type":"","overlay-color":"","overlay-opacity":"","overlay-gradient":""}},"footnotes":""},"class_list":["post-22638","page","type-page","status-publish","hentry"],"post_mailing_queue_ids":[],"_links":{"self":[{"href":"https:\/\/agora.xtec.cat\/ceiplamitjana\/wp-json\/wp\/v2\/pages\/22638","targetHints":{"allow":["GET"]}}],"collection":[{"href":"https:\/\/agora.xtec.cat\/ceiplamitjana\/wp-json\/wp\/v2\/pages"}],"about":[{"href":"https:\/\/agora.xtec.cat\/ceiplamitjana\/wp-json\/wp\/v2\/types\/page"}],"author":[{"embeddable":true,"href":"https:\/\/agora.xtec.cat\/ceiplamitjana\/wp-json\/wp\/v2\/users\/1"}],"replies":[{"embeddable":true,"href":"https:\/\/agora.xtec.cat\/ceiplamitjana\/wp-json\/wp\/v2\/comments?post=22638"}],"version-history":[{"count":4,"href":"https:\/\/agora.xtec.cat\/ceiplamitjana\/wp-json\/wp\/v2\/pages\/22638\/revisions"}],"predecessor-version":[{"id":22962,"href":"https:\/\/agora.xtec.cat\/ceiplamitjana\/wp-json\/wp\/v2\/pages\/22638\/revisions\/22962"}],"up":[{"embeddable":true,"href":"https:\/\/agora.xtec.cat\/ceiplamitjana\/wp-json\/wp\/v2\/pages\/22609"}],"wp:attachment":[{"href":"https:\/\/agora.xtec.cat\/ceiplamitjana\/wp-json\/wp\/v2\/media?parent=22638"}],"curies":[{"name":"wp","href":"https:\/\/api.w.org\/{rel}","templated":true}]}}