{"id":22631,"date":"2025-07-03T13:22:04","date_gmt":"2025-07-03T11:22:04","guid":{"rendered":"https:\/\/agora.xtec.cat\/ceiplamitjana\/?page_id=22631"},"modified":"2025-07-10T10:42:28","modified_gmt":"2025-07-10T08:42:28","slug":"pla-dacollida","status":"publish","type":"page","link":"https:\/\/agora.xtec.cat\/ceiplamitjana\/documents\/pla-dacollida\/","title":{"rendered":"Pla d&#8217;Acollida"},"content":{"rendered":"\n<p><\/p>\n\n\n\n<figure class=\"wp-block-image alignright size-full is-resized\"><a href=\"https:\/\/agora.xtec.cat\/ceiplamitjana\/wp-content\/uploads\/usu573\/2025\/07\/ACOLLIDA.jpg\"><img loading=\"lazy\" decoding=\"async\" width=\"263\" height=\"192\" src=\"https:\/\/agora.xtec.cat\/ceiplamitjana\/wp-content\/uploads\/usu573\/2025\/07\/ACOLLIDA.jpg\" alt=\"\" class=\"wp-image-22964\" style=\"width:393px;height:auto\"\/><\/a><\/figure>\n\n\n\n<p>El pla d\u2019acollida t\u00e9 com a objectiu facilitar la presa de contacte del treballador que<br>s\u2019incorpora a una organitzaci\u00f3 amb el lloc de treball, l\u2019entorn on es desenvolupa i els<br>recursos i serveis de qu\u00e8 disposa per exercir les seves responsabilitats.<br>El pla d\u2019acollida regula el proc\u00e9s d\u2019acollida, \u00e9s a dir, estableix el protocol a seguir en les<br>diferents fases de la recepci\u00f3 d\u2019un treballador. Un proc\u00e9s d&#8217;acollida t\u00e9 quatre fases:<br>preparaci\u00f3, acollida pr\u00e8via, incorporaci\u00f3 i seguiment. \u00c9s convenient disposar d&#8217;un protocol<br>que reculli els recursos necessaris en cadascuna d&#8217;aquestes fases, tan materials com<br>personals.<\/p>\n\n\n\n<p>DOCUMENT: <a href=\"https:\/\/drive.google.com\/file\/d\/1dPxuIx5yGutAvXXEbRjXeO5o_mmvxTio\/view?usp=sharing\">PLA D&#8217;ACOLLIDA<\/a><\/p>\n\n\n\n<p><\/p>\n","protected":false},"excerpt":{"rendered":"<p>El pla d\u2019acollida t\u00e9 com a objectiu facilitar la presa de contacte del treballador ques\u2019incorpora a una organitzaci\u00f3 amb el lloc de treball, l\u2019entorn on es desenvolupa i elsrecursos i serveis de qu\u00e8 disposa per exercir les seves responsabilitats.El pla d\u2019acollida regula el proc\u00e9s d\u2019acollida, \u00e9s a dir, estableix el protocol a seguir en lesdiferents [&hellip;]<\/p>\n","protected":false},"author":1,"featured_media":0,"parent":22621,"menu_order":6,"comment_status":"closed","ping_status":"closed","template":"","meta":{"_bbp_topic_count":0,"_bbp_reply_count":0,"_bbp_total_topic_count":0,"_bbp_total_reply_count":0,"_bbp_voice_count":0,"_bbp_anonymous_reply_count":0,"_bbp_topic_count_hidden":0,"_bbp_reply_count_hidden":0,"_bbp_forum_subforum_count":0,"site-sidebar-layout":"default","site-content-layout":"","ast-site-content-layout":"default","site-content-style":"default","site-sidebar-style":"default","ast-global-header-display":"","ast-banner-title-visibility":"","ast-main-header-display":"","ast-hfb-above-header-display":"","ast-hfb-below-header-display":"","ast-hfb-mobile-header-display":"","site-post-title":"","ast-breadcrumbs-content":"","ast-featured-img":"","footer-sml-layout":"","theme-transparent-header-meta":"","adv-header-id-meta":"","stick-header-meta":"","header-above-stick-meta":"","header-main-stick-meta":"","header-below-stick-meta":"","astra-migrate-meta-layouts":"set","ast-page-background-enabled":"default","ast-page-background-meta":{"desktop":{"background-color":"var(--ast-global-color-4)","background-image":"","background-repeat":"repeat","background-position":"center center","background-size":"auto","background-attachment":"scroll","background-type":"","background-media":"","overlay-type":"","overlay-color":"","overlay-opacity":"","overlay-gradient":""},"tablet":{"background-color":"","background-image":"","background-repeat":"repeat","background-position":"center center","background-size":"auto","background-attachment":"scroll","background-type":"","background-media":"","overlay-type":"","overlay-color":"","overlay-opacity":"","overlay-gradient":""},"mobile":{"background-color":"","background-image":"","background-repeat":"repeat","background-position":"center center","background-size":"auto","background-attachment":"scroll","background-type":"","background-media":"","overlay-type":"","overlay-color":"","overlay-opacity":"","overlay-gradient":""}},"ast-content-background-meta":{"desktop":{"background-color":"var(--ast-global-color-5)","background-image":"","background-repeat":"repeat","background-position":"center center","background-size":"auto","background-attachment":"scroll","background-type":"","background-media":"","overlay-type":"","overlay-color":"","overlay-opacity":"","overlay-gradient":""},"tablet":{"background-color":"var(--ast-global-color-5)","background-image":"","background-repeat":"repeat","background-position":"center center","background-size":"auto","background-attachment":"scroll","background-type":"","background-media":"","overlay-type":"","overlay-color":"","overlay-opacity":"","overlay-gradient":""},"mobile":{"background-color":"var(--ast-global-color-5)","background-image":"","background-repeat":"repeat","background-position":"center center","background-size":"auto","background-attachment":"scroll","background-type":"","background-media":"","overlay-type":"","overlay-color":"","overlay-opacity":"","overlay-gradient":""}},"footnotes":""},"class_list":["post-22631","page","type-page","status-publish","hentry"],"post_mailing_queue_ids":[],"_links":{"self":[{"href":"https:\/\/agora.xtec.cat\/ceiplamitjana\/wp-json\/wp\/v2\/pages\/22631","targetHints":{"allow":["GET"]}}],"collection":[{"href":"https:\/\/agora.xtec.cat\/ceiplamitjana\/wp-json\/wp\/v2\/pages"}],"about":[{"href":"https:\/\/agora.xtec.cat\/ceiplamitjana\/wp-json\/wp\/v2\/types\/page"}],"author":[{"embeddable":true,"href":"https:\/\/agora.xtec.cat\/ceiplamitjana\/wp-json\/wp\/v2\/users\/1"}],"replies":[{"embeddable":true,"href":"https:\/\/agora.xtec.cat\/ceiplamitjana\/wp-json\/wp\/v2\/comments?post=22631"}],"version-history":[{"count":2,"href":"https:\/\/agora.xtec.cat\/ceiplamitjana\/wp-json\/wp\/v2\/pages\/22631\/revisions"}],"predecessor-version":[{"id":22965,"href":"https:\/\/agora.xtec.cat\/ceiplamitjana\/wp-json\/wp\/v2\/pages\/22631\/revisions\/22965"}],"up":[{"embeddable":true,"href":"https:\/\/agora.xtec.cat\/ceiplamitjana\/wp-json\/wp\/v2\/pages\/22621"}],"wp:attachment":[{"href":"https:\/\/agora.xtec.cat\/ceiplamitjana\/wp-json\/wp\/v2\/media?parent=22631"}],"curies":[{"name":"wp","href":"https:\/\/api.w.org\/{rel}","templated":true}]}}