{"id":22629,"date":"2025-07-03T13:21:44","date_gmt":"2025-07-03T11:21:44","guid":{"rendered":"https:\/\/agora.xtec.cat\/ceiplamitjana\/?page_id=22629"},"modified":"2025-07-10T10:42:42","modified_gmt":"2025-07-10T08:42:42","slug":"programacio-general-anual","status":"publish","type":"page","link":"https:\/\/agora.xtec.cat\/ceiplamitjana\/documents\/programacio-general-anual\/","title":{"rendered":"Programaci\u00f3 General Anual"},"content":{"rendered":"\n<figure class=\"wp-block-image alignright size-large is-resized\"><a href=\"https:\/\/agora.xtec.cat\/ceiplamitjana\/wp-content\/uploads\/usu573\/2025\/07\/pro.jpg\"><img loading=\"lazy\" decoding=\"async\" width=\"1024\" height=\"572\" src=\"https:\/\/agora.xtec.cat\/ceiplamitjana\/wp-content\/uploads\/usu573\/2025\/07\/pro-1024x572.jpg\" alt=\"\" class=\"wp-image-22951\" style=\"width:454px;height:auto\" srcset=\"https:\/\/agora.xtec.cat\/ceiplamitjana\/wp-content\/uploads\/usu573\/2025\/07\/pro-1024x572.jpg 1024w, https:\/\/agora.xtec.cat\/ceiplamitjana\/wp-content\/uploads\/usu573\/2025\/07\/pro-300x168.jpg 300w, https:\/\/agora.xtec.cat\/ceiplamitjana\/wp-content\/uploads\/usu573\/2025\/07\/pro-768x429.jpg 768w, https:\/\/agora.xtec.cat\/ceiplamitjana\/wp-content\/uploads\/usu573\/2025\/07\/pro.jpg 1080w\" sizes=\"auto, (max-width: 1024px) 100vw, 1024px\" \/><\/a><\/figure>\n\n\n\n<p>La Programaci\u00f3 General Anual \u00e9s el document normatiu que concreta\u00a0les actuacions per a cada curs a partir del\u00a0<a href=\"https:\/\/drive.google.com\/file\/d\/1l6u0wQDtQHCto9-QJGnR4xqH7sQcN1Af\/view?usp=sharing\">Projecte Educatiu de Centre<\/a>.\u00a0<em>Ha d\u2019explicitar les prioritats i els aspectes relatius al funcionament dels centres per\u00a0al curs escolar, fent \u00e8mfasi en els seg\u00fcents aspectes:<\/em><\/p>\n\n\n\n<ul class=\"wp-block-list\">\n<li><em>Prioritats del curs: concrecions d\u2019objectius, actuacions (temporitzaci\u00f3 i<\/em><br><em>responsabilitats) i indicadors d\u2019avaluaci\u00f3.<\/em><\/li>\n\n\n\n<li><em>Funcionament i organitzaci\u00f3 del curs: informacions m\u00e9s rellevants que<\/em><br><em>conformen la planificaci\u00f3 de l\u2019any escolar.*<\/em><\/li>\n<\/ul>\n\n\n\n<p>La PGA \u00e9s valorada al final del curs a partir dels indicadors d\u2019avaluaci\u00f3 previstos a l\u2019inici. La Mem\u00f2ria del curs recollir\u00e0 la valoraci\u00f3 de les actuacions fetes i pendents.<\/p>\n\n\n\n<p><\/p>\n","protected":false},"excerpt":{"rendered":"<p>La Programaci\u00f3 General Anual \u00e9s el document normatiu que concreta\u00a0les actuacions per a cada curs a partir del\u00a0Projecte Educatiu de Centre.\u00a0Ha d\u2019explicitar les prioritats i els aspectes relatius al funcionament dels centres per\u00a0al curs escolar, fent \u00e8mfasi en els seg\u00fcents aspectes: La PGA \u00e9s valorada al final del curs a partir dels indicadors d\u2019avaluaci\u00f3 previstos [&hellip;]<\/p>\n","protected":false},"author":1,"featured_media":0,"parent":22621,"menu_order":5,"comment_status":"closed","ping_status":"closed","template":"","meta":{"_bbp_topic_count":0,"_bbp_reply_count":0,"_bbp_total_topic_count":0,"_bbp_total_reply_count":0,"_bbp_voice_count":0,"_bbp_anonymous_reply_count":0,"_bbp_topic_count_hidden":0,"_bbp_reply_count_hidden":0,"_bbp_forum_subforum_count":0,"site-sidebar-layout":"default","site-content-layout":"","ast-site-content-layout":"default","site-content-style":"default","site-sidebar-style":"default","ast-global-header-display":"","ast-banner-title-visibility":"","ast-main-header-display":"","ast-hfb-above-header-display":"","ast-hfb-below-header-display":"","ast-hfb-mobile-header-display":"","site-post-title":"","ast-breadcrumbs-content":"","ast-featured-img":"","footer-sml-layout":"","theme-transparent-header-meta":"","adv-header-id-meta":"","stick-header-meta":"","header-above-stick-meta":"","header-main-stick-meta":"","header-below-stick-meta":"","astra-migrate-meta-layouts":"set","ast-page-background-enabled":"default","ast-page-background-meta":{"desktop":{"background-color":"var(--ast-global-color-4)","background-image":"","background-repeat":"repeat","background-position":"center center","background-size":"auto","background-attachment":"scroll","background-type":"","background-media":"","overlay-type":"","overlay-color":"","overlay-opacity":"","overlay-gradient":""},"tablet":{"background-color":"","background-image":"","background-repeat":"repeat","background-position":"center center","background-size":"auto","background-attachment":"scroll","background-type":"","background-media":"","overlay-type":"","overlay-color":"","overlay-opacity":"","overlay-gradient":""},"mobile":{"background-color":"","background-image":"","background-repeat":"repeat","background-position":"center center","background-size":"auto","background-attachment":"scroll","background-type":"","background-media":"","overlay-type":"","overlay-color":"","overlay-opacity":"","overlay-gradient":""}},"ast-content-background-meta":{"desktop":{"background-color":"var(--ast-global-color-5)","background-image":"","background-repeat":"repeat","background-position":"center center","background-size":"auto","background-attachment":"scroll","background-type":"","background-media":"","overlay-type":"","overlay-color":"","overlay-opacity":"","overlay-gradient":""},"tablet":{"background-color":"var(--ast-global-color-5)","background-image":"","background-repeat":"repeat","background-position":"center center","background-size":"auto","background-attachment":"scroll","background-type":"","background-media":"","overlay-type":"","overlay-color":"","overlay-opacity":"","overlay-gradient":""},"mobile":{"background-color":"var(--ast-global-color-5)","background-image":"","background-repeat":"repeat","background-position":"center center","background-size":"auto","background-attachment":"scroll","background-type":"","background-media":"","overlay-type":"","overlay-color":"","overlay-opacity":"","overlay-gradient":""}},"footnotes":""},"class_list":["post-22629","page","type-page","status-publish","hentry"],"post_mailing_queue_ids":[],"_links":{"self":[{"href":"https:\/\/agora.xtec.cat\/ceiplamitjana\/wp-json\/wp\/v2\/pages\/22629","targetHints":{"allow":["GET"]}}],"collection":[{"href":"https:\/\/agora.xtec.cat\/ceiplamitjana\/wp-json\/wp\/v2\/pages"}],"about":[{"href":"https:\/\/agora.xtec.cat\/ceiplamitjana\/wp-json\/wp\/v2\/types\/page"}],"author":[{"embeddable":true,"href":"https:\/\/agora.xtec.cat\/ceiplamitjana\/wp-json\/wp\/v2\/users\/1"}],"replies":[{"embeddable":true,"href":"https:\/\/agora.xtec.cat\/ceiplamitjana\/wp-json\/wp\/v2\/comments?post=22629"}],"version-history":[{"count":4,"href":"https:\/\/agora.xtec.cat\/ceiplamitjana\/wp-json\/wp\/v2\/pages\/22629\/revisions"}],"predecessor-version":[{"id":22956,"href":"https:\/\/agora.xtec.cat\/ceiplamitjana\/wp-json\/wp\/v2\/pages\/22629\/revisions\/22956"}],"up":[{"embeddable":true,"href":"https:\/\/agora.xtec.cat\/ceiplamitjana\/wp-json\/wp\/v2\/pages\/22621"}],"wp:attachment":[{"href":"https:\/\/agora.xtec.cat\/ceiplamitjana\/wp-json\/wp\/v2\/media?parent=22629"}],"curies":[{"name":"wp","href":"https:\/\/api.w.org\/{rel}","templated":true}]}}