{"id":209,"date":"2016-02-18T22:33:37","date_gmt":"2016-02-18T21:33:37","guid":{"rendered":"http:\/\/agora.xtec.cat\/ceiplamitjana\/?page_id=209"},"modified":"2020-02-25T19:16:49","modified_gmt":"2020-02-25T18:16:49","slug":"racons","status":"publish","type":"page","link":"https:\/\/agora.xtec.cat\/ceiplamitjana\/documents\/projecte-educatiu\/metodologies\/racons\/","title":{"rendered":"Racons"},"content":{"rendered":"<p align=\"JUSTIFY\">El treball per racons \u00e9s una proposta metodol\u00f2gica que delimita, dins l\u2019aula, diferents espais on els nostres alumnes poden realitzar, de manera simult\u00e0nia, diferents activitats de tipus cognitiu, manipulatiu i simb\u00f2lic.<\/p>\n<p align=\"JUSTIFY\">La manera d\u2019organitzar la classe \u00e9s oferir una gran varietat de propostes a les quals els nens poden accedir d\u2019una forma oberta. Els nens trien el rac\u00f3 per realitzar les activitats aut\u00f2nomament, amb d\u2019altres companys o amb l\u2019adult. Trobem racons dins de cada aula i racons al passad\u00eds on es barregen els nens i les nenes de 3, 4 i 5 anys.<\/p>\n<p align=\"JUSTIFY\">Els objectius generals s\u00f3n afavorir l\u2019autonomia i la capacitat d\u2019organitzaci\u00f3 dels alumnes, respectar els difererents ritmes de treball i d&#8217;aprenentatge, educar les persones perqu\u00e8 tinguin criteri propi i potenciar les interrelacions.<\/p>\n<p align=\"JUSTIFY\">A m\u00e9s a m\u00e9s, cada rac\u00f3 respon a uns objectius concrets corresponents al treball quotidi\u00e0 dut a terme a l&#8217;aula.<\/p>\n","protected":false},"excerpt":{"rendered":"<p>El treball per racons \u00e9s una proposta metodol\u00f2gica que delimita, dins l\u2019aula, diferents espais on els nostres alumnes poden realitzar, de manera simult\u00e0nia, diferents activitats de tipus cognitiu, manipulatiu i simb\u00f2lic. La manera d\u2019organitzar la classe \u00e9s oferir una gran varietat de propostes a les quals els nens poden accedir d\u2019una forma oberta. Els nens [&hellip;]<\/p>\n","protected":false},"author":3,"featured_media":0,"parent":232,"menu_order":2,"comment_status":"closed","ping_status":"closed","template":"","meta":{"_bbp_topic_count":0,"_bbp_reply_count":0,"_bbp_total_topic_count":0,"_bbp_total_reply_count":0,"_bbp_voice_count":0,"_bbp_anonymous_reply_count":0,"_bbp_topic_count_hidden":0,"_bbp_reply_count_hidden":0,"_bbp_forum_subforum_count":0,"site-sidebar-layout":"default","site-content-layout":"","ast-site-content-layout":"","site-content-style":"default","site-sidebar-style":"default","ast-global-header-display":"","ast-banner-title-visibility":"","ast-main-header-display":"","ast-hfb-above-header-display":"","ast-hfb-below-header-display":"","ast-hfb-mobile-header-display":"","site-post-title":"","ast-breadcrumbs-content":"","ast-featured-img":"","footer-sml-layout":"","theme-transparent-header-meta":"","adv-header-id-meta":"","stick-header-meta":"","header-above-stick-meta":"","header-main-stick-meta":"","header-below-stick-meta":"","astra-migrate-meta-layouts":"default","ast-page-background-enabled":"default","ast-page-background-meta":{"desktop":{"background-color":"var(--ast-global-color-4)","background-image":"","background-repeat":"repeat","background-position":"center center","background-size":"auto","background-attachment":"scroll","background-type":"","background-media":"","overlay-type":"","overlay-color":"","overlay-opacity":"","overlay-gradient":""},"tablet":{"background-color":"","background-image":"","background-repeat":"repeat","background-position":"center center","background-size":"auto","background-attachment":"scroll","background-type":"","background-media":"","overlay-type":"","overlay-color":"","overlay-opacity":"","overlay-gradient":""},"mobile":{"background-color":"","background-image":"","background-repeat":"repeat","background-position":"center center","background-size":"auto","background-attachment":"scroll","background-type":"","background-media":"","overlay-type":"","overlay-color":"","overlay-opacity":"","overlay-gradient":""}},"ast-content-background-meta":{"desktop":{"background-color":"var(--ast-global-color-5)","background-image":"","background-repeat":"repeat","background-position":"center center","background-size":"auto","background-attachment":"scroll","background-type":"","background-media":"","overlay-type":"","overlay-color":"","overlay-opacity":"","overlay-gradient":""},"tablet":{"background-color":"var(--ast-global-color-5)","background-image":"","background-repeat":"repeat","background-position":"center center","background-size":"auto","background-attachment":"scroll","background-type":"","background-media":"","overlay-type":"","overlay-color":"","overlay-opacity":"","overlay-gradient":""},"mobile":{"background-color":"var(--ast-global-color-5)","background-image":"","background-repeat":"repeat","background-position":"center center","background-size":"auto","background-attachment":"scroll","background-type":"","background-media":"","overlay-type":"","overlay-color":"","overlay-opacity":"","overlay-gradient":""}},"footnotes":""},"class_list":["post-209","page","type-page","status-publish","hentry"],"post_mailing_queue_ids":[],"_links":{"self":[{"href":"https:\/\/agora.xtec.cat\/ceiplamitjana\/wp-json\/wp\/v2\/pages\/209","targetHints":{"allow":["GET"]}}],"collection":[{"href":"https:\/\/agora.xtec.cat\/ceiplamitjana\/wp-json\/wp\/v2\/pages"}],"about":[{"href":"https:\/\/agora.xtec.cat\/ceiplamitjana\/wp-json\/wp\/v2\/types\/page"}],"author":[{"embeddable":true,"href":"https:\/\/agora.xtec.cat\/ceiplamitjana\/wp-json\/wp\/v2\/users\/3"}],"replies":[{"embeddable":true,"href":"https:\/\/agora.xtec.cat\/ceiplamitjana\/wp-json\/wp\/v2\/comments?post=209"}],"version-history":[{"count":2,"href":"https:\/\/agora.xtec.cat\/ceiplamitjana\/wp-json\/wp\/v2\/pages\/209\/revisions"}],"predecessor-version":[{"id":8448,"href":"https:\/\/agora.xtec.cat\/ceiplamitjana\/wp-json\/wp\/v2\/pages\/209\/revisions\/8448"}],"up":[{"embeddable":true,"href":"https:\/\/agora.xtec.cat\/ceiplamitjana\/wp-json\/wp\/v2\/pages\/232"}],"wp:attachment":[{"href":"https:\/\/agora.xtec.cat\/ceiplamitjana\/wp-json\/wp\/v2\/media?parent=209"}],"curies":[{"name":"wp","href":"https:\/\/api.w.org\/{rel}","templated":true}]}}