{"id":207,"date":"2016-02-18T22:32:46","date_gmt":"2016-02-18T21:32:46","guid":{"rendered":"http:\/\/agora.xtec.cat\/ceiplamitjana\/?page_id=207"},"modified":"2020-02-25T15:40:36","modified_gmt":"2020-02-25T14:40:36","slug":"projectes","status":"publish","type":"page","link":"https:\/\/agora.xtec.cat\/ceiplamitjana\/documents\/projecte-educatiu\/metodologies\/projectes\/","title":{"rendered":"Aprenentatge basat en projectes"},"content":{"rendered":"<p>El treball per projectes es realitza des de la perspectiva d\u2019un treball respectu\u00f3s amb els interessos dels infants.<\/p>\n<p>El proc\u00e9s s&#8217;inicia des del di\u00e0leg i l\u2019escolta de les converses dels nens i les nenes i recollint els seus dubtes i\u00a0 preguntes, amb la participaci\u00f3 activa de tota la comunitat educativa.<\/p>\n<p>El mestre guia el projecte i ajuda els infants a fer-se preguntes sobre el que els envolta. Es tracta d&#8217;una perspectiva educativa, una manera d&#8217;entendre el m\u00f3n. El treball per projectes ens aporta, no nom\u00e9s coneixements, sin\u00f3 l&#8217;aprenentatge d&#8217;aquells processos i compet\u00e8ncies\u00a0 \u00fatils per\u00a0 la vida. Com organitzar-nos, com cercar informaci\u00f3, com aprendre a aprendre. Amb els projectes ajudem als alumnes a fer-se conscients dels seus aprenentatges i a avaluar-se.<\/p>\n<p>Aquesta manera d&#8217;aprendre ens proporciona avantatges com: atendre a la diversitat, respectar els diferents ritmes d&#8217;aprenentatge, aprendre a treballar en equip, organitzar-se el seu propi temps i feina.<\/p>\n<p>Els projectes i aprenentatges que els nens i nenes fan els mostren als companys, pares, mares i altres membres de la comunitat educativa afegint\u00a0 un gran valor i rellev\u00e0ncia social a la seva tasca.<\/p>\n<p>&nbsp;<\/p>\n","protected":false},"excerpt":{"rendered":"<p>El treball per projectes es realitza des de la perspectiva d\u2019un treball respectu\u00f3s amb els interessos dels infants. El proc\u00e9s s&#8217;inicia des del di\u00e0leg i l\u2019escolta de les converses dels nens i les nenes i recollint els seus dubtes i\u00a0 preguntes, amb la participaci\u00f3 activa de tota la comunitat educativa. El mestre guia el projecte [&hellip;]<\/p>\n","protected":false},"author":3,"featured_media":0,"parent":232,"menu_order":1,"comment_status":"closed","ping_status":"closed","template":"","meta":{"_bbp_topic_count":0,"_bbp_reply_count":0,"_bbp_total_topic_count":0,"_bbp_total_reply_count":0,"_bbp_voice_count":0,"_bbp_anonymous_reply_count":0,"_bbp_topic_count_hidden":0,"_bbp_reply_count_hidden":0,"_bbp_forum_subforum_count":0,"site-sidebar-layout":"default","site-content-layout":"","ast-site-content-layout":"","site-content-style":"default","site-sidebar-style":"default","ast-global-header-display":"","ast-banner-title-visibility":"","ast-main-header-display":"","ast-hfb-above-header-display":"","ast-hfb-below-header-display":"","ast-hfb-mobile-header-display":"","site-post-title":"","ast-breadcrumbs-content":"","ast-featured-img":"","footer-sml-layout":"","theme-transparent-header-meta":"","adv-header-id-meta":"","stick-header-meta":"","header-above-stick-meta":"","header-main-stick-meta":"","header-below-stick-meta":"","astra-migrate-meta-layouts":"default","ast-page-background-enabled":"default","ast-page-background-meta":{"desktop":{"background-color":"var(--ast-global-color-4)","background-image":"","background-repeat":"repeat","background-position":"center center","background-size":"auto","background-attachment":"scroll","background-type":"","background-media":"","overlay-type":"","overlay-color":"","overlay-opacity":"","overlay-gradient":""},"tablet":{"background-color":"","background-image":"","background-repeat":"repeat","background-position":"center center","background-size":"auto","background-attachment":"scroll","background-type":"","background-media":"","overlay-type":"","overlay-color":"","overlay-opacity":"","overlay-gradient":""},"mobile":{"background-color":"","background-image":"","background-repeat":"repeat","background-position":"center center","background-size":"auto","background-attachment":"scroll","background-type":"","background-media":"","overlay-type":"","overlay-color":"","overlay-opacity":"","overlay-gradient":""}},"ast-content-background-meta":{"desktop":{"background-color":"var(--ast-global-color-5)","background-image":"","background-repeat":"repeat","background-position":"center center","background-size":"auto","background-attachment":"scroll","background-type":"","background-media":"","overlay-type":"","overlay-color":"","overlay-opacity":"","overlay-gradient":""},"tablet":{"background-color":"var(--ast-global-color-5)","background-image":"","background-repeat":"repeat","background-position":"center center","background-size":"auto","background-attachment":"scroll","background-type":"","background-media":"","overlay-type":"","overlay-color":"","overlay-opacity":"","overlay-gradient":""},"mobile":{"background-color":"var(--ast-global-color-5)","background-image":"","background-repeat":"repeat","background-position":"center center","background-size":"auto","background-attachment":"scroll","background-type":"","background-media":"","overlay-type":"","overlay-color":"","overlay-opacity":"","overlay-gradient":""}},"footnotes":""},"class_list":["post-207","page","type-page","status-publish","hentry"],"post_mailing_queue_ids":[],"_links":{"self":[{"href":"https:\/\/agora.xtec.cat\/ceiplamitjana\/wp-json\/wp\/v2\/pages\/207","targetHints":{"allow":["GET"]}}],"collection":[{"href":"https:\/\/agora.xtec.cat\/ceiplamitjana\/wp-json\/wp\/v2\/pages"}],"about":[{"href":"https:\/\/agora.xtec.cat\/ceiplamitjana\/wp-json\/wp\/v2\/types\/page"}],"author":[{"embeddable":true,"href":"https:\/\/agora.xtec.cat\/ceiplamitjana\/wp-json\/wp\/v2\/users\/3"}],"replies":[{"embeddable":true,"href":"https:\/\/agora.xtec.cat\/ceiplamitjana\/wp-json\/wp\/v2\/comments?post=207"}],"version-history":[{"count":3,"href":"https:\/\/agora.xtec.cat\/ceiplamitjana\/wp-json\/wp\/v2\/pages\/207\/revisions"}],"predecessor-version":[{"id":8419,"href":"https:\/\/agora.xtec.cat\/ceiplamitjana\/wp-json\/wp\/v2\/pages\/207\/revisions\/8419"}],"up":[{"embeddable":true,"href":"https:\/\/agora.xtec.cat\/ceiplamitjana\/wp-json\/wp\/v2\/pages\/232"}],"wp:attachment":[{"href":"https:\/\/agora.xtec.cat\/ceiplamitjana\/wp-json\/wp\/v2\/media?parent=207"}],"curies":[{"name":"wp","href":"https:\/\/api.w.org\/{rel}","templated":true}]}}