{"id":10845,"date":"2020-10-22T16:39:08","date_gmt":"2020-10-22T14:39:08","guid":{"rendered":"http:\/\/agora.xtec.cat\/ceiplamitjana\/?page_id=10845"},"modified":"2020-10-22T16:41:01","modified_gmt":"2020-10-22T14:41:01","slug":"organitzacio-en-cas-de-quarantena-dun-grup","status":"publish","type":"page","link":"https:\/\/agora.xtec.cat\/ceiplamitjana\/documents\/projecte-educatiu\/documents-de-centre\/organitzacio-en-cas-de-quarantena-dun-grup\/","title":{"rendered":"ORGANITZACI\u00d3 EN CAS DE QUARANTENA D&#8217;UN GRUP"},"content":{"rendered":"<p>En cas de quarantena d&#8217;un grup, l&#8217;activitat lectiva s&#8217;organitzar\u00e0 com indiquem a continuaci\u00f3:<\/p>\n<table style=\"width: 959px; height: 286px;\">\n<tbody>\n<tr>\n<td style=\"width: 120px;\"><\/td>\n<td style=\"width: 263.2px; text-align: center; background-color: #a8e3b4;\"><strong>METODOLOGIA I RECURSOS<\/strong><\/td>\n<td style=\"width: 282.4px; text-align: center; background-color: #a8e3b4;\"><strong>CONTACTE AMB EL GRUP<\/strong><\/td>\n<td style=\"width: 283.2px; text-align: center; background-color: #a8e3b4;\"><strong>CONTACTE AMB FAM\u00cdLIES<\/strong><\/td>\n<\/tr>\n<tr>\n<td style=\"width: 120px;\">CICLE INFANTIL<\/p>\n<p>P3-P4-P5<\/td>\n<td style=\"width: 263.2px;\"><\/td>\n<td style=\"width: 282.4px;\"><\/td>\n<td style=\"width: 283.2px;\"><\/td>\n<\/tr>\n<tr>\n<td style=\"width: 120px;\">CICLE MITJANS<\/p>\n<p>1r-2n-3r<\/td>\n<td style=\"width: 263.2px;\"><\/td>\n<td style=\"width: 282.4px;\"><\/td>\n<td style=\"width: 283.2px;\"><\/td>\n<\/tr>\n<tr>\n<td style=\"width: 120px;\">CICLE GRANS<\/p>\n<p>4t-5\u00e8-6\u00e8<\/td>\n<td style=\"width: 263.2px;\"><\/td>\n<td style=\"width: 282.4px;\"><\/td>\n<td style=\"width: 283.2px;\"><\/td>\n<\/tr>\n<\/tbody>\n<\/table>\n","protected":false},"excerpt":{"rendered":"<p>En cas de quarantena d&#8217;un grup, l&#8217;activitat lectiva s&#8217;organitzar\u00e0 com indiquem a continuaci\u00f3: METODOLOGIA I RECURSOS CONTACTE AMB EL GRUP CONTACTE AMB FAM\u00cdLIES CICLE INFANTIL P3-P4-P5 CICLE MITJANS 1r-2n-3r CICLE GRANS 4t-5\u00e8-6\u00e8<\/p>\n","protected":false},"author":22,"featured_media":0,"parent":7775,"menu_order":0,"comment_status":"closed","ping_status":"closed","template":"","meta":{"_bbp_topic_count":0,"_bbp_reply_count":0,"_bbp_total_topic_count":0,"_bbp_total_reply_count":0,"_bbp_voice_count":0,"_bbp_anonymous_reply_count":0,"_bbp_topic_count_hidden":0,"_bbp_reply_count_hidden":0,"_bbp_forum_subforum_count":0,"site-sidebar-layout":"default","site-content-layout":"","ast-site-content-layout":"","site-content-style":"default","site-sidebar-style":"default","ast-global-header-display":"","ast-banner-title-visibility":"","ast-main-header-display":"","ast-hfb-above-header-display":"","ast-hfb-below-header-display":"","ast-hfb-mobile-header-display":"","site-post-title":"","ast-breadcrumbs-content":"","ast-featured-img":"","footer-sml-layout":"","theme-transparent-header-meta":"","adv-header-id-meta":"","stick-header-meta":"","header-above-stick-meta":"","header-main-stick-meta":"","header-below-stick-meta":"","astra-migrate-meta-layouts":"default","ast-page-background-enabled":"default","ast-page-background-meta":{"desktop":{"background-color":"var(--ast-global-color-4)","background-image":"","background-repeat":"repeat","background-position":"center center","background-size":"auto","background-attachment":"scroll","background-type":"","background-media":"","overlay-type":"","overlay-color":"","overlay-opacity":"","overlay-gradient":""},"tablet":{"background-color":"","background-image":"","background-repeat":"repeat","background-position":"center center","background-size":"auto","background-attachment":"scroll","background-type":"","background-media":"","overlay-type":"","overlay-color":"","overlay-opacity":"","overlay-gradient":""},"mobile":{"background-color":"","background-image":"","background-repeat":"repeat","background-position":"center center","background-size":"auto","background-attachment":"scroll","background-type":"","background-media":"","overlay-type":"","overlay-color":"","overlay-opacity":"","overlay-gradient":""}},"ast-content-background-meta":{"desktop":{"background-color":"var(--ast-global-color-5)","background-image":"","background-repeat":"repeat","background-position":"center center","background-size":"auto","background-attachment":"scroll","background-type":"","background-media":"","overlay-type":"","overlay-color":"","overlay-opacity":"","overlay-gradient":""},"tablet":{"background-color":"var(--ast-global-color-5)","background-image":"","background-repeat":"repeat","background-position":"center center","background-size":"auto","background-attachment":"scroll","background-type":"","background-media":"","overlay-type":"","overlay-color":"","overlay-opacity":"","overlay-gradient":""},"mobile":{"background-color":"var(--ast-global-color-5)","background-image":"","background-repeat":"repeat","background-position":"center center","background-size":"auto","background-attachment":"scroll","background-type":"","background-media":"","overlay-type":"","overlay-color":"","overlay-opacity":"","overlay-gradient":""}},"footnotes":""},"class_list":["post-10845","page","type-page","status-publish","hentry"],"post_mailing_queue_ids":[],"_links":{"self":[{"href":"https:\/\/agora.xtec.cat\/ceiplamitjana\/wp-json\/wp\/v2\/pages\/10845","targetHints":{"allow":["GET"]}}],"collection":[{"href":"https:\/\/agora.xtec.cat\/ceiplamitjana\/wp-json\/wp\/v2\/pages"}],"about":[{"href":"https:\/\/agora.xtec.cat\/ceiplamitjana\/wp-json\/wp\/v2\/types\/page"}],"author":[{"embeddable":true,"href":"https:\/\/agora.xtec.cat\/ceiplamitjana\/wp-json\/wp\/v2\/users\/22"}],"replies":[{"embeddable":true,"href":"https:\/\/agora.xtec.cat\/ceiplamitjana\/wp-json\/wp\/v2\/comments?post=10845"}],"version-history":[{"count":3,"href":"https:\/\/agora.xtec.cat\/ceiplamitjana\/wp-json\/wp\/v2\/pages\/10845\/revisions"}],"predecessor-version":[{"id":10857,"href":"https:\/\/agora.xtec.cat\/ceiplamitjana\/wp-json\/wp\/v2\/pages\/10845\/revisions\/10857"}],"up":[{"embeddable":true,"href":"https:\/\/agora.xtec.cat\/ceiplamitjana\/wp-json\/wp\/v2\/pages\/7775"}],"wp:attachment":[{"href":"https:\/\/agora.xtec.cat\/ceiplamitjana\/wp-json\/wp\/v2\/media?parent=10845"}],"curies":[{"name":"wp","href":"https:\/\/api.w.org\/{rel}","templated":true}]}}