{"id":10767,"date":"2020-10-14T18:49:43","date_gmt":"2020-10-14T16:49:43","guid":{"rendered":"http:\/\/agora.xtec.cat\/ceiplamitjana\/?page_id=10767"},"modified":"2025-07-04T09:48:26","modified_gmt":"2025-07-04T07:48:26","slug":"erasmus-ka1-future-classroom-lab","status":"publish","type":"page","link":"https:\/\/agora.xtec.cat\/ceiplamitjana\/projectes-de-centre\/erasmus-ka1-future-classroom-lab\/","title":{"rendered":"ERASMUS+ KA1    FUTURE CLASSROOM LAB"},"content":{"rendered":"<h2 style=\"text-align: left;\">PROJECTE ERASMUS+ KA 101<a href=\"https:\/\/agora.xtec.cat\/ceiplamitjana\/wp-content\/uploads\/usu573\/2020\/10\/cofinanciado_derecha.png\"><img loading=\"lazy\" decoding=\"async\" class=\"size-medium wp-image-10861 alignright\" src=\"https:\/\/agora.xtec.cat\/ceiplamitjana\/wp-content\/uploads\/usu573\/2020\/10\/cofinanciado_derecha-300x69.png\" alt=\"\" width=\"300\" height=\"69\" srcset=\"https:\/\/agora.xtec.cat\/ceiplamitjana\/wp-content\/uploads\/usu573\/2020\/10\/cofinanciado_derecha-300x69.png 300w, https:\/\/agora.xtec.cat\/ceiplamitjana\/wp-content\/uploads\/usu573\/2020\/10\/cofinanciado_derecha-768x176.png 768w, https:\/\/agora.xtec.cat\/ceiplamitjana\/wp-content\/uploads\/usu573\/2020\/10\/cofinanciado_derecha.png 844w\" sizes=\"auto, (max-width: 300px) 100vw, 300px\" \/><\/a><\/h2>\n<h4><em><strong>FUTURE CLASSROOM LAB: &#8220;Innovative learning spaces&#8221;<\/strong><\/em><\/h4>\n<p>Durant el curs 19\/20 la nostra escola va presentar un projecte per participar en el programa internacional Erasmus+.\u00a0 Aquest estiu, el nostre projecte va ser seleccionat amb molt bona qualificaci\u00f3. El projecte t\u00e9 una durada de 2 anys i consisteix en la formaci\u00f3 del professorat mitjan\u00e7ant mobilitats a altres pa\u00efsos europeus, tant amb cursos estructurats com amb &#8220;job shadowing&#8221;, \u00e9s a dir, per\u00edodes d&#8217;observaci\u00f3 en escoles d&#8217;altres pa\u00efsos.<\/p>\n<figure id=\"attachment_11932\" aria-describedby=\"caption-attachment-11932\" style=\"width: 270px\" class=\"wp-caption alignright\"><a href=\"https:\/\/agora.xtec.cat\/ceiplamitjana\/wp-content\/uploads\/usu573\/2021\/01\/fcl.png\"><img loading=\"lazy\" decoding=\"async\" class=\" wp-image-11932\" src=\"https:\/\/agora.xtec.cat\/ceiplamitjana\/wp-content\/uploads\/usu573\/2021\/01\/fcl.png\" alt=\"\" width=\"270\" height=\"170\" srcset=\"https:\/\/agora.xtec.cat\/ceiplamitjana\/wp-content\/uploads\/usu573\/2021\/01\/fcl.png 512w, https:\/\/agora.xtec.cat\/ceiplamitjana\/wp-content\/uploads\/usu573\/2021\/01\/fcl-300x189.png 300w\" sizes=\"auto, (max-width: 270px) 100vw, 270px\" \/><\/a><figcaption id=\"caption-attachment-11932\" class=\"wp-caption-text\"><em>Foto from European Schoolnet<\/em><\/figcaption><\/figure>\n<p>Hem elaborat un pla de desenvolupament centrat en els seg\u00fcents aspectes:<\/p>\n<ul>\n<li>Millora de la compet\u00e8ncia digital del professorat.<\/li>\n<li>Innovaci\u00f3 i actualitzaci\u00f3 de metodologies actives.<\/li>\n<li>Reorganitzaci\u00f3 d&#8217;espais d&#8217;aprenentatge per portar a terme aquestes millores metodol\u00f2giques.<\/li>\n<li>Internacionalitzaci\u00f3 de la nostra escola.<\/li>\n<\/ul>\n<p>La finalitat d&#8217;aquest projecte \u00e9s millorar els resultats dels alumnes personalitzant el seu proc\u00e9s d&#8217;aprenentatge, atenent a la diversitat, al seu benestar i la seva motivaci\u00f3. Volem continuar avan\u00e7ant en la implementaci\u00f3 de pedagogies actives i innovadores.<\/p>\n<p>Per aconseguir-ho ens hem marcat aquest objectius:<\/p>\n<ul>\n<li>Optimitzar els espais educatius del centre transformant-los en espais d&#8217;aprenentatge, seguint la l\u00ednia metodol\u00f2gica de les Aules del futur (Future Classroom Labs).<\/li>\n<li>Millorar la compet\u00e8ncia digital del professorat per enriquir els projectes globalitzats.<\/li>\n<li>Integrar metodologies actives en la nostra pr\u00e0ctica docent que impliquin canvis en la personalitzaci\u00f3 de l&#8217;aprenentatge dels alumnes i preparar-los per l&#8217;aprenentatge al llarg de la vida.<\/li>\n<li>Construir relacions amb centres educatius d&#8217;altres pa\u00efsos europeus per motivar la col\u00b7laboraci\u00f3 en futurs projectes internacionals.<\/li>\n<\/ul>\n<p>Podeu trobar la descripci\u00f3 del nostre projecte a la <strong>plataforma de resultats de Erasmus+<\/strong>\u00a0 fent clic <a href=\"https:\/\/erasmus-plus.ec.europa.eu\/projects\/search\/details\/2020-1-ES01-KA101-079768\" target=\"_blank\" rel=\"noopener noreferrer\">AQU\u00cd.<\/a><\/p>\n<p><a href=\"https:\/\/agora.xtec.cat\/ceiplamitjana\/wp-content\/uploads\/usu573\/2021\/04\/IMG_69721.jpg\"><img loading=\"lazy\" decoding=\"async\" class=\"wp-image-13030 alignright\" src=\"https:\/\/agora.xtec.cat\/ceiplamitjana\/wp-content\/uploads\/usu573\/2021\/04\/IMG_69721.jpg\" alt=\"\" width=\"528\" height=\"347\" srcset=\"https:\/\/agora.xtec.cat\/ceiplamitjana\/wp-content\/uploads\/usu573\/2021\/04\/IMG_69721.jpg 3829w, https:\/\/agora.xtec.cat\/ceiplamitjana\/wp-content\/uploads\/usu573\/2021\/04\/IMG_69721-300x197.jpg 300w, https:\/\/agora.xtec.cat\/ceiplamitjana\/wp-content\/uploads\/usu573\/2021\/04\/IMG_69721-768x504.jpg 768w, https:\/\/agora.xtec.cat\/ceiplamitjana\/wp-content\/uploads\/usu573\/2021\/04\/IMG_69721-1024x672.jpg 1024w\" sizes=\"auto, (max-width: 528px) 100vw, 528px\" \/><\/a>El professorat del centre rebr\u00e0 formaci\u00f3 sobre <a href=\"https:\/\/fcl.eun.org\/\" target=\"_blank\" rel=\"noopener noreferrer\">Future Classroom Labs<\/a> en la seu de Brussel\u00b7les i,\u00a0 si la situaci\u00f3 de la pand\u00e8mia ho permet, tamb\u00e9 visitarem escoles de Fran\u00e7a, It\u00e0lia, Turquia i Portugal on ja tenen experi\u00e8ncia en aquest tema.<\/p>\n<p>Estem molt il\u00b7lusionats i il\u00b7lusionades amb aquest projecte perqu\u00e8 \u00e9s una oportunitat molt enriquidora per crear vincles amb altres centres i que els nostres infants es motivin i gaudeixin d&#8217;aquestes relacions amb escoles d&#8217;altres pa\u00efsos. De la mateixa manera, donat que \u00e9s un projecte de centre, tot all\u00f2 en lo que ens formarem i que aprendrem influir\u00e0 en la millora de la qualitat de la pr\u00e0ctica docent.<\/p>\n<p>Us anirem informant del desenvolupament del projecte a la p\u00e0gina web de l&#8217;escola. Stay tuned!!<\/p>\n<p>erasmus<span class=\"atwho-query\">@escolalamitjana.cat<\/span><\/p>\n<p>#erasmuslamitjana<\/p>\n","protected":false},"excerpt":{"rendered":"<p>PROJECTE ERASMUS+ KA 101 FUTURE CLASSROOM LAB: &#8220;Innovative learning spaces&#8221; Durant el curs 19\/20 la nostra escola va presentar un projecte per participar en el programa internacional Erasmus+.\u00a0 Aquest estiu, el nostre projecte va ser seleccionat amb molt bona qualificaci\u00f3. El projecte t\u00e9 una durada de 2 anys i consisteix en la formaci\u00f3 del professorat [&hellip;]<\/p>\n","protected":false},"author":22,"featured_media":0,"parent":22665,"menu_order":2,"comment_status":"closed","ping_status":"closed","template":"","meta":{"_bbp_topic_count":0,"_bbp_reply_count":0,"_bbp_total_topic_count":0,"_bbp_total_reply_count":0,"_bbp_voice_count":0,"_bbp_anonymous_reply_count":0,"_bbp_topic_count_hidden":0,"_bbp_reply_count_hidden":0,"_bbp_forum_subforum_count":0,"site-sidebar-layout":"default","site-content-layout":"","ast-site-content-layout":"default","site-content-style":"default","site-sidebar-style":"default","ast-global-header-display":"","ast-banner-title-visibility":"","ast-main-header-display":"","ast-hfb-above-header-display":"","ast-hfb-below-header-display":"","ast-hfb-mobile-header-display":"","site-post-title":"","ast-breadcrumbs-content":"","ast-featured-img":"","footer-sml-layout":"","theme-transparent-header-meta":"","adv-header-id-meta":"","stick-header-meta":"","header-above-stick-meta":"","header-main-stick-meta":"","header-below-stick-meta":"","astra-migrate-meta-layouts":"set","ast-page-background-enabled":"default","ast-page-background-meta":{"desktop":{"background-color":"var(--ast-global-color-4)","background-image":"","background-repeat":"repeat","background-position":"center center","background-size":"auto","background-attachment":"scroll","background-type":"","background-media":"","overlay-type":"","overlay-color":"","overlay-opacity":"","overlay-gradient":""},"tablet":{"background-color":"","background-image":"","background-repeat":"repeat","background-position":"center center","background-size":"auto","background-attachment":"scroll","background-type":"","background-media":"","overlay-type":"","overlay-color":"","overlay-opacity":"","overlay-gradient":""},"mobile":{"background-color":"","background-image":"","background-repeat":"repeat","background-position":"center center","background-size":"auto","background-attachment":"scroll","background-type":"","background-media":"","overlay-type":"","overlay-color":"","overlay-opacity":"","overlay-gradient":""}},"ast-content-background-meta":{"desktop":{"background-color":"var(--ast-global-color-5)","background-image":"","background-repeat":"repeat","background-position":"center center","background-size":"auto","background-attachment":"scroll","background-type":"","background-media":"","overlay-type":"","overlay-color":"","overlay-opacity":"","overlay-gradient":""},"tablet":{"background-color":"var(--ast-global-color-5)","background-image":"","background-repeat":"repeat","background-position":"center center","background-size":"auto","background-attachment":"scroll","background-type":"","background-media":"","overlay-type":"","overlay-color":"","overlay-opacity":"","overlay-gradient":""},"mobile":{"background-color":"var(--ast-global-color-5)","background-image":"","background-repeat":"repeat","background-position":"center center","background-size":"auto","background-attachment":"scroll","background-type":"","background-media":"","overlay-type":"","overlay-color":"","overlay-opacity":"","overlay-gradient":""}},"footnotes":""},"class_list":["post-10767","page","type-page","status-publish","hentry"],"post_mailing_queue_ids":[],"_links":{"self":[{"href":"https:\/\/agora.xtec.cat\/ceiplamitjana\/wp-json\/wp\/v2\/pages\/10767","targetHints":{"allow":["GET"]}}],"collection":[{"href":"https:\/\/agora.xtec.cat\/ceiplamitjana\/wp-json\/wp\/v2\/pages"}],"about":[{"href":"https:\/\/agora.xtec.cat\/ceiplamitjana\/wp-json\/wp\/v2\/types\/page"}],"author":[{"embeddable":true,"href":"https:\/\/agora.xtec.cat\/ceiplamitjana\/wp-json\/wp\/v2\/users\/22"}],"replies":[{"embeddable":true,"href":"https:\/\/agora.xtec.cat\/ceiplamitjana\/wp-json\/wp\/v2\/comments?post=10767"}],"version-history":[{"count":4,"href":"https:\/\/agora.xtec.cat\/ceiplamitjana\/wp-json\/wp\/v2\/pages\/10767\/revisions"}],"predecessor-version":[{"id":22714,"href":"https:\/\/agora.xtec.cat\/ceiplamitjana\/wp-json\/wp\/v2\/pages\/10767\/revisions\/22714"}],"up":[{"embeddable":true,"href":"https:\/\/agora.xtec.cat\/ceiplamitjana\/wp-json\/wp\/v2\/pages\/22665"}],"wp:attachment":[{"href":"https:\/\/agora.xtec.cat\/ceiplamitjana\/wp-json\/wp\/v2\/media?parent=10767"}],"curies":[{"name":"wp","href":"https:\/\/api.w.org\/{rel}","templated":true}]}}