{"id":782,"date":"2024-09-01T09:00:59","date_gmt":"2024-09-01T07:00:59","guid":{"rendered":"http:\/\/agora.xtec.cat\/ceiplaminerva\/?page_id=782"},"modified":"2025-09-08T15:37:15","modified_gmt":"2025-09-08T13:37:15","slug":"cursos","status":"publish","type":"page","link":"https:\/\/agora.xtec.cat\/ceiplaminerva\/cursos\/","title":{"rendered":"Cursos i correus d&#8217;aula"},"content":{"rendered":"\n<h5 class=\"wp-block-heading\">Horari d\u2019atenci\u00f3 a les fam\u00edlies<\/h5>\n\n\n\n<p>L&#8217;hora d&#8217;atenci\u00f3 a les fam\u00edlies \u00e9s els <strong>dilluns de 12:30 a 13:30 hores.<\/strong> Si s&#8217;escau es pot acordar un altre dia&nbsp; i hora. El tutor o la tutora citar\u00e0 les fam\u00edlies un cop al curs com a m\u00ednim. Sempre que una fam\u00edlia demani una entrevista amb el tutor\/a, ser\u00e0 atesa al m\u00e9s aviat possible.<\/p>\n\n\n\n<p>Les fam\u00edlies tamb\u00e9 podran concertar hora de visita, per entrevistar-se amb els i les mestres dels seus fills i filles escrivint una nota a l&#8217;agenda, trucant per tel\u00e8fon a l\u2019escola o via correu electr\u00f2nic a l&#8217;adre\u00e7a d&#8217;aula.<\/p>\n\n\n\n<p><strong>CORREUS D&#8217;AULA<\/strong><\/p>\n\n\n\n<p><strong>I3<\/strong>\u00a0<strong>A<\/strong>&#8211; p3<span class=\"\">@escolaminerva.cat<\/span><\/p>\n\n\n\n<p><strong>I3 B<\/strong> &#8211; p3bminerva@gmail.com<\/p>\n\n\n\n<p><strong>I4 A<\/strong> &#8211; p4@escolaminerva.cat<\/p>\n\n\n\n<p><strong>I5 A<\/strong> &#8211; p5<span class=\"\">@<\/span>escolaminerva.cat<\/p>\n\n\n\n<p><strong>I5 B<\/strong> &#8211; p5b<span class=\"\">@escolaminerva.cat<\/span><\/p>\n\n\n\n<p><strong>1r A<\/strong> &#8211; 1ra<span class=\"\">@<\/span>escolaminerva.cat<\/p>\n\n\n\n<p><strong>1r B<\/strong> &#8211; 1rb<span class=\"\"><span class=\"\"><span class=\"\"><span class=\"\"><span class=\"\">@<\/span>escolaminerva.cat<\/span><\/span><\/span><\/span><\/p>\n\n\n\n<p><strong>2n A<\/strong> &#8211; 2na<span class=\"\">@esc<\/span>olaminerva.cat<\/p>\n\n\n\n<p><strong>2n B<\/strong> &#8211; 2nb@escolaminerva.cat<\/p>\n\n\n\n<p><strong>3r A<\/strong> &#8211; 3ra<span class=\"\">@<\/span>escolaminerva.cat<\/p>\n\n\n\n<p><strong>3r B<\/strong> &#8211; 3rb@escolaminerva.cat<\/p>\n\n\n\n<p><strong>4t A<\/strong> &#8211; 4rta@escolaminerva.cat<\/p>\n\n\n\n<p><strong>4t B<\/strong> &#8211; 4tb<span class=\"\">@<\/span>escolaminerva.cat<\/p>\n\n\n\n<p><strong>5\u00e8 A<\/strong> &#8211; 5ea@escolaminerva.cat<\/p>\n\n\n\n<p><strong>5\u00e8 B<\/strong> &#8211; 5eb<span class=\"\">@<\/span>escolaminerva.cat<\/p>\n\n\n\n<p><strong>6\u00e8 A<\/strong> &#8211; 6ea@escolaminerva.cat<\/p>\n\n\n\n<p><strong>6\u00e8 B<\/strong> &#8211; 6eb<span class=\"\">@<\/span>escolaminerva.cat<\/p>\n","protected":false},"excerpt":{"rendered":"<p>Horari d\u2019atenci\u00f3 a les fam\u00edlies L&#8217;hora d&#8217;atenci\u00f3 a les fam\u00edlies \u00e9s els dilluns de 12:30 a 13:30 hores. Si s&#8217;escau es pot acordar un altre dia&nbsp; i hora. El tutor o la tutora citar\u00e0 les fam\u00edlies un cop al curs com a m\u00ednim. Sempre que una fam\u00edlia demani una entrevista amb el tutor\/a, ser\u00e0 atesa [&hellip;]<\/p>\n","protected":false},"author":1,"featured_media":0,"parent":0,"menu_order":0,"comment_status":"closed","ping_status":"closed","template":"","meta":{"_bbp_topic_count":0,"_bbp_reply_count":0,"_bbp_total_topic_count":0,"_bbp_total_reply_count":0,"_bbp_voice_count":0,"_bbp_anonymous_reply_count":0,"_bbp_topic_count_hidden":0,"_bbp_reply_count_hidden":0,"_bbp_forum_subforum_count":0,"site-sidebar-layout":"default","site-content-layout":"","ast-site-content-layout":"default","site-content-style":"default","site-sidebar-style":"default","ast-global-header-display":"","ast-banner-title-visibility":"","ast-main-header-display":"","ast-hfb-above-header-display":"","ast-hfb-below-header-display":"","ast-hfb-mobile-header-display":"","site-post-title":"","ast-breadcrumbs-content":"","ast-featured-img":"","footer-sml-layout":"","theme-transparent-header-meta":"default","adv-header-id-meta":"","stick-header-meta":"","header-above-stick-meta":"","header-main-stick-meta":"","header-below-stick-meta":"","astra-migrate-meta-layouts":"set","ast-page-background-enabled":"default","ast-page-background-meta":{"desktop":{"background-color":"var(--ast-global-color-4)","background-image":"","background-repeat":"repeat","background-position":"center center","background-size":"auto","background-attachment":"scroll","background-type":"","background-media":"","overlay-type":"","overlay-color":"","overlay-opacity":"","overlay-gradient":""},"tablet":{"background-color":"","background-image":"","background-repeat":"repeat","background-position":"center center","background-size":"auto","background-attachment":"scroll","background-type":"","background-media":"","overlay-type":"","overlay-color":"","overlay-opacity":"","overlay-gradient":""},"mobile":{"background-color":"","background-image":"","background-repeat":"repeat","background-position":"center center","background-size":"auto","background-attachment":"scroll","background-type":"","background-media":"","overlay-type":"","overlay-color":"","overlay-opacity":"","overlay-gradient":""}},"ast-content-background-meta":{"desktop":{"background-color":"var(--ast-global-color-5)","background-image":"","background-repeat":"repeat","background-position":"center center","background-size":"auto","background-attachment":"scroll","background-type":"","background-media":"","overlay-type":"","overlay-color":"","overlay-opacity":"","overlay-gradient":""},"tablet":{"background-color":"var(--ast-global-color-5)","background-image":"","background-repeat":"repeat","background-position":"center center","background-size":"auto","background-attachment":"scroll","background-type":"","background-media":"","overlay-type":"","overlay-color":"","overlay-opacity":"","overlay-gradient":""},"mobile":{"background-color":"var(--ast-global-color-5)","background-image":"","background-repeat":"repeat","background-position":"center center","background-size":"auto","background-attachment":"scroll","background-type":"","background-media":"","overlay-type":"","overlay-color":"","overlay-opacity":"","overlay-gradient":""}},"footnotes":""},"class_list":["post-782","page","type-page","status-publish","hentry"],"post_mailing_queue_ids":[],"_links":{"self":[{"href":"https:\/\/agora.xtec.cat\/ceiplaminerva\/wp-json\/wp\/v2\/pages\/782","targetHints":{"allow":["GET"]}}],"collection":[{"href":"https:\/\/agora.xtec.cat\/ceiplaminerva\/wp-json\/wp\/v2\/pages"}],"about":[{"href":"https:\/\/agora.xtec.cat\/ceiplaminerva\/wp-json\/wp\/v2\/types\/page"}],"author":[{"embeddable":true,"href":"https:\/\/agora.xtec.cat\/ceiplaminerva\/wp-json\/wp\/v2\/users\/1"}],"replies":[{"embeddable":true,"href":"https:\/\/agora.xtec.cat\/ceiplaminerva\/wp-json\/wp\/v2\/comments?post=782"}],"version-history":[{"count":6,"href":"https:\/\/agora.xtec.cat\/ceiplaminerva\/wp-json\/wp\/v2\/pages\/782\/revisions"}],"predecessor-version":[{"id":19468,"href":"https:\/\/agora.xtec.cat\/ceiplaminerva\/wp-json\/wp\/v2\/pages\/782\/revisions\/19468"}],"wp:attachment":[{"href":"https:\/\/agora.xtec.cat\/ceiplaminerva\/wp-json\/wp\/v2\/media?parent=782"}],"curies":[{"name":"wp","href":"https:\/\/api.w.org\/{rel}","templated":true}]}}