{"id":550,"date":"2024-09-01T09:00:24","date_gmt":"2024-09-01T07:00:24","guid":{"rendered":"http:\/\/agora.xtec.cat\/ceiplaminerva\/?page_id=550"},"modified":"2025-06-26T10:12:54","modified_gmt":"2025-06-26T08:12:54","slug":"autoritzacions","status":"publish","type":"page","link":"https:\/\/agora.xtec.cat\/ceiplaminerva\/autoritzacions\/","title":{"rendered":"Autoritzacions escolars"},"content":{"rendered":"\n<figure class=\"wp-block-gallery has-nested-images columns-default is-cropped wp-block-gallery-1 is-layout-flex wp-block-gallery-is-layout-flex\"><\/figure>\n\n\n\n<p><a href=\"https:\/\/agora.xtec.cat\/ceiplaminerva\/wp-content\/uploads\/usu929\/2024\/09\/Autoritzacio-administracio-paracetamol.pdf\">Autoritzaci\u00f3 administraci\u00f3 paracetamol<\/a><\/p>\n\n\n\n<p><a href=\"https:\/\/agora.xtec.cat\/ceiplaminerva\/wp-content\/uploads\/usu929\/2024\/09\/Autoritzacio-per-a-drets-dimatge.pdf\">Autoritzaci\u00f3 per a drets d&#8217;imatge<\/a><\/p>\n\n\n\n<p><a href=\"https:\/\/agora.xtec.cat\/ceiplaminerva\/wp-content\/uploads\/usu929\/2024\/09\/Autoritzacio-us-de-recursos-digitals.pdf\">Autoritzaci\u00f3 \u00fas de recursos digitals<\/a><\/p>\n\n\n\n<div class=\"wp-block-file\"><a id=\"wp-block-file--media-1c242ca3-bbe5-4a9f-9177-3fbba8699abe\" href=\"https:\/\/agora.xtec.cat\/ceiplaminerva\/wp-content\/uploads\/usu929\/2025\/06\/Autoritzacions-a-sortir-al-medi-proper.pdf.docx\">Autoritzacions-a-sortir-al-medi-proper.pdf<\/a><a href=\"https:\/\/agora.xtec.cat\/ceiplaminerva\/wp-content\/uploads\/usu929\/2025\/06\/Autoritzacions-a-sortir-al-medi-proper.pdf.docx\" class=\"wp-block-file__button wp-element-button\" download aria-describedby=\"wp-block-file--media-1c242ca3-bbe5-4a9f-9177-3fbba8699abe\">Baixa<\/a><\/div>\n\n\n\n<div class=\"wp-block-file\"><a id=\"wp-block-file--media-5ae71b54-f648-4455-b715-023c88ce3b8b\" href=\"https:\/\/agora.xtec.cat\/ceiplaminerva\/wp-content\/uploads\/usu929\/2025\/06\/Autoritzacio-a-sortir-del-centre-per-acompanyants.docx\">Autoritzacio-a-sortir-del-centre-per-acompanyants<\/a><a href=\"https:\/\/agora.xtec.cat\/ceiplaminerva\/wp-content\/uploads\/usu929\/2025\/06\/Autoritzacio-a-sortir-del-centre-per-acompanyants.docx\" class=\"wp-block-file__button wp-element-button\" download aria-describedby=\"wp-block-file--media-5ae71b54-f648-4455-b715-023c88ce3b8b\">Baixa<\/a><\/div>\n","protected":false},"excerpt":{"rendered":"<p>Autoritzaci\u00f3 administraci\u00f3 paracetamol Autoritzaci\u00f3 per a drets d&#8217;imatge Autoritzaci\u00f3 \u00fas de recursos digitals<\/p>\n","protected":false},"author":1,"featured_media":0,"parent":0,"menu_order":0,"comment_status":"closed","ping_status":"closed","template":"","meta":{"_bbp_topic_count":0,"_bbp_reply_count":0,"_bbp_total_topic_count":0,"_bbp_total_reply_count":0,"_bbp_voice_count":0,"_bbp_anonymous_reply_count":0,"_bbp_topic_count_hidden":0,"_bbp_reply_count_hidden":0,"_bbp_forum_subforum_count":0,"site-sidebar-layout":"default","site-content-layout":"","ast-site-content-layout":"default","site-content-style":"default","site-sidebar-style":"default","ast-global-header-display":"","ast-banner-title-visibility":"","ast-main-header-display":"","ast-hfb-above-header-display":"","ast-hfb-below-header-display":"","ast-hfb-mobile-header-display":"","site-post-title":"","ast-breadcrumbs-content":"","ast-featured-img":"","footer-sml-layout":"","theme-transparent-header-meta":"default","adv-header-id-meta":"","stick-header-meta":"","header-above-stick-meta":"","header-main-stick-meta":"","header-below-stick-meta":"","astra-migrate-meta-layouts":"set","ast-page-background-enabled":"default","ast-page-background-meta":{"desktop":{"background-color":"var(--ast-global-color-4)","background-image":"","background-repeat":"repeat","background-position":"center center","background-size":"auto","background-attachment":"scroll","background-type":"","background-media":"","overlay-type":"","overlay-color":"","overlay-opacity":"","overlay-gradient":""},"tablet":{"background-color":"","background-image":"","background-repeat":"repeat","background-position":"center center","background-size":"auto","background-attachment":"scroll","background-type":"","background-media":"","overlay-type":"","overlay-color":"","overlay-opacity":"","overlay-gradient":""},"mobile":{"background-color":"","background-image":"","background-repeat":"repeat","background-position":"center center","background-size":"auto","background-attachment":"scroll","background-type":"","background-media":"","overlay-type":"","overlay-color":"","overlay-opacity":"","overlay-gradient":""}},"ast-content-background-meta":{"desktop":{"background-color":"var(--ast-global-color-5)","background-image":"","background-repeat":"repeat","background-position":"center center","background-size":"auto","background-attachment":"scroll","background-type":"","background-media":"","overlay-type":"","overlay-color":"","overlay-opacity":"","overlay-gradient":""},"tablet":{"background-color":"var(--ast-global-color-5)","background-image":"","background-repeat":"repeat","background-position":"center center","background-size":"auto","background-attachment":"scroll","background-type":"","background-media":"","overlay-type":"","overlay-color":"","overlay-opacity":"","overlay-gradient":""},"mobile":{"background-color":"var(--ast-global-color-5)","background-image":"","background-repeat":"repeat","background-position":"center center","background-size":"auto","background-attachment":"scroll","background-type":"","background-media":"","overlay-type":"","overlay-color":"","overlay-opacity":"","overlay-gradient":""}},"footnotes":""},"class_list":["post-550","page","type-page","status-publish","hentry"],"post_mailing_queue_ids":[],"_links":{"self":[{"href":"https:\/\/agora.xtec.cat\/ceiplaminerva\/wp-json\/wp\/v2\/pages\/550","targetHints":{"allow":["GET"]}}],"collection":[{"href":"https:\/\/agora.xtec.cat\/ceiplaminerva\/wp-json\/wp\/v2\/pages"}],"about":[{"href":"https:\/\/agora.xtec.cat\/ceiplaminerva\/wp-json\/wp\/v2\/types\/page"}],"author":[{"embeddable":true,"href":"https:\/\/agora.xtec.cat\/ceiplaminerva\/wp-json\/wp\/v2\/users\/1"}],"replies":[{"embeddable":true,"href":"https:\/\/agora.xtec.cat\/ceiplaminerva\/wp-json\/wp\/v2\/comments?post=550"}],"version-history":[{"count":7,"href":"https:\/\/agora.xtec.cat\/ceiplaminerva\/wp-json\/wp\/v2\/pages\/550\/revisions"}],"predecessor-version":[{"id":19630,"href":"https:\/\/agora.xtec.cat\/ceiplaminerva\/wp-json\/wp\/v2\/pages\/550\/revisions\/19630"}],"wp:attachment":[{"href":"https:\/\/agora.xtec.cat\/ceiplaminerva\/wp-json\/wp\/v2\/media?parent=550"}],"curies":[{"name":"wp","href":"https:\/\/api.w.org\/{rel}","templated":true}]}}