{"id":539,"date":"2019-02-15T15:58:52","date_gmt":"2019-02-15T14:58:52","guid":{"rendered":"http:\/\/agora.xtec.cat\/ceiplaminerva\/?page_id=539"},"modified":"2025-05-12T12:01:50","modified_gmt":"2025-05-12T10:01:50","slug":"qui-som","status":"publish","type":"page","link":"https:\/\/agora.xtec.cat\/ceiplaminerva\/lescola-2\/qui-som\/","title":{"rendered":"QUI SOM?"},"content":{"rendered":"\n<p>Som una escola catalana, p\u00fablica, participativa, amb una metodologia de treball activa i respectuosa amb els ritmes i els processos interns dels infants. El nostre prop\u00f2sit \u00e9s el desenvolupament de les compet\u00e8ncies per la vida, aquelles que ens serveixen per poder donar resposta als reptes individuals i col\u00b7lectius.<\/p>\n\n\n\n<p>Som un centre comprom\u00e8s amb el medi ambient i la vida saludable, la cultura i canvi educatiu. La nostra idea d\u2019escola \u00e9s construir un projecte pedag\u00f2gic que doni resposta a les necessitats actuals de l\u2019educaci\u00f3, i<span style=\"font-family: inherit;\"><span style=\"font-size: 1em;\">&nbsp;per aix\u00f2 som un dels centres que forma part del programa d&#8217;escoles verdes, som escola guardonada amb els <\/span><\/span>premis<span style=\"font-family: inherit;\"><span style=\"font-size: 1em;\"> Baldiri Reixach.&nbsp;<\/span><\/span><\/p>\n","protected":false},"excerpt":{"rendered":"<p>Som una escola catalana, p\u00fablica, participativa, amb una metodologia de treball activa i respectuosa amb els ritmes i els processos interns dels infants. El nostre prop\u00f2sit \u00e9s el desenvolupament de les compet\u00e8ncies per la vida, aquelles que ens serveixen per poder donar resposta als reptes individuals i col\u00b7lectius. Som un centre comprom\u00e8s amb el medi [&hellip;]<\/p>\n","protected":false},"author":1,"featured_media":0,"parent":536,"menu_order":10,"comment_status":"closed","ping_status":"closed","template":"","meta":{"_bbp_topic_count":0,"_bbp_reply_count":0,"_bbp_total_topic_count":0,"_bbp_total_reply_count":0,"_bbp_voice_count":0,"_bbp_anonymous_reply_count":0,"_bbp_topic_count_hidden":0,"_bbp_reply_count_hidden":0,"_bbp_forum_subforum_count":0,"site-sidebar-layout":"default","site-content-layout":"","ast-site-content-layout":"default","site-content-style":"default","site-sidebar-style":"default","ast-global-header-display":"","ast-banner-title-visibility":"","ast-main-header-display":"","ast-hfb-above-header-display":"","ast-hfb-below-header-display":"","ast-hfb-mobile-header-display":"","site-post-title":"","ast-breadcrumbs-content":"","ast-featured-img":"","footer-sml-layout":"","theme-transparent-header-meta":"default","adv-header-id-meta":"","stick-header-meta":"","header-above-stick-meta":"","header-main-stick-meta":"","header-below-stick-meta":"","astra-migrate-meta-layouts":"set","ast-page-background-enabled":"default","ast-page-background-meta":{"desktop":{"background-color":"var(--ast-global-color-4)","background-image":"","background-repeat":"repeat","background-position":"center center","background-size":"auto","background-attachment":"scroll","background-type":"","background-media":"","overlay-type":"","overlay-color":"","overlay-opacity":"","overlay-gradient":""},"tablet":{"background-color":"","background-image":"","background-repeat":"repeat","background-position":"center center","background-size":"auto","background-attachment":"scroll","background-type":"","background-media":"","overlay-type":"","overlay-color":"","overlay-opacity":"","overlay-gradient":""},"mobile":{"background-color":"","background-image":"","background-repeat":"repeat","background-position":"center center","background-size":"auto","background-attachment":"scroll","background-type":"","background-media":"","overlay-type":"","overlay-color":"","overlay-opacity":"","overlay-gradient":""}},"ast-content-background-meta":{"desktop":{"background-color":"var(--ast-global-color-5)","background-image":"","background-repeat":"repeat","background-position":"center center","background-size":"auto","background-attachment":"scroll","background-type":"","background-media":"","overlay-type":"","overlay-color":"","overlay-opacity":"","overlay-gradient":""},"tablet":{"background-color":"var(--ast-global-color-5)","background-image":"","background-repeat":"repeat","background-position":"center center","background-size":"auto","background-attachment":"scroll","background-type":"","background-media":"","overlay-type":"","overlay-color":"","overlay-opacity":"","overlay-gradient":""},"mobile":{"background-color":"var(--ast-global-color-5)","background-image":"","background-repeat":"repeat","background-position":"center center","background-size":"auto","background-attachment":"scroll","background-type":"","background-media":"","overlay-type":"","overlay-color":"","overlay-opacity":"","overlay-gradient":""}},"footnotes":""},"class_list":["post-539","page","type-page","status-publish","hentry"],"post_mailing_queue_ids":[],"_links":{"self":[{"href":"https:\/\/agora.xtec.cat\/ceiplaminerva\/wp-json\/wp\/v2\/pages\/539","targetHints":{"allow":["GET"]}}],"collection":[{"href":"https:\/\/agora.xtec.cat\/ceiplaminerva\/wp-json\/wp\/v2\/pages"}],"about":[{"href":"https:\/\/agora.xtec.cat\/ceiplaminerva\/wp-json\/wp\/v2\/types\/page"}],"author":[{"embeddable":true,"href":"https:\/\/agora.xtec.cat\/ceiplaminerva\/wp-json\/wp\/v2\/users\/1"}],"replies":[{"embeddable":true,"href":"https:\/\/agora.xtec.cat\/ceiplaminerva\/wp-json\/wp\/v2\/comments?post=539"}],"version-history":[{"count":6,"href":"https:\/\/agora.xtec.cat\/ceiplaminerva\/wp-json\/wp\/v2\/pages\/539\/revisions"}],"predecessor-version":[{"id":19423,"href":"https:\/\/agora.xtec.cat\/ceiplaminerva\/wp-json\/wp\/v2\/pages\/539\/revisions\/19423"}],"up":[{"embeddable":true,"href":"https:\/\/agora.xtec.cat\/ceiplaminerva\/wp-json\/wp\/v2\/pages\/536"}],"wp:attachment":[{"href":"https:\/\/agora.xtec.cat\/ceiplaminerva\/wp-json\/wp\/v2\/media?parent=539"}],"curies":[{"name":"wp","href":"https:\/\/api.w.org\/{rel}","templated":true}]}}