{"id":536,"date":"2024-09-01T09:00:17","date_gmt":"2024-09-01T07:00:17","guid":{"rendered":"http:\/\/agora.xtec.cat\/ceiplaminerva\/?page_id=536"},"modified":"2025-05-12T12:18:49","modified_gmt":"2025-05-12T10:18:49","slug":"lescola-2","status":"publish","type":"page","link":"https:\/\/agora.xtec.cat\/ceiplaminerva\/lescola-2\/","title":{"rendered":"L&#8217;escola"},"content":{"rendered":"\n<p><strong>TRETS D&#8217;IDENTITAT&nbsp;<\/strong><\/p>\n\n\n\n<p>Els trets d&#8217;identitat que ens defineixen com a escola s\u00f3n els seg\u00fcents:<\/p>\n\n\n\n<ul class=\"wp-block-list\">\n<li><strong>CATALANA<\/strong>: Som una escola p\u00fablica i catalana. El catal\u00e0 \u00e9s la llengua de comunicaci\u00f3 interna i externa i, Catalunya , \u00e9s el marc de refer\u00e8ncia a l&#8217;hora de relacionar-se amb el m\u00f3n. Apostem, de manera molt ferma i contundent, per la immersi\u00f3 ling\u00fc\u00edstica: fent con\u00e8ixer i valorant la llengua, la hist\u00f2ria, les festes i costums tradicionals.<\/li>\n\n\n\n<li><strong>ACOLLIDORA I INCLUSIVA<\/strong>: Oferim a tot l&#8217;alumnat amb independ\u00e8ncia de la llengua, cultura, condici\u00f3 social i origen, en benefici de la cohesi\u00f3 social.<\/li>\n\n\n\n<li><strong>COEDUCATIVA I NO SEXISTA<\/strong>: Treballem per la igualtat de drets i oportunitats, i una no discriminaci\u00f3 per raons de sexe, orientaci\u00f3 sexual, ra\u00e7a o religi\u00f3, tot utilitzant un llenguatge no sexista.<\/li>\n\n\n\n<li><strong>EDUCACI\u00d3 INTEGRAL<\/strong>: Treballem per garantir l&#8217;\u00e8xit educatiu, personal i social de les nenes i els nens, i a trav\u00e9s del PROJECTE DE FILOSOFIA 3\/18 (entre altres) potenciem l&#8217;esperit cr\u00edtic i la bona conviv\u00e8ncia. Fent especial \u00e8mfasi en l&#8217;atenci\u00f3 a la diversitat, per tal d&#8217;atendre i oferir a cada infant la resposta m\u00e9s adequada a les seves caracter\u00edstiques i necessitats.<\/li>\n\n\n\n<li><strong>ESCOLA VERDA<\/strong>: Som una escola compromesa amb el Medi Ambient, adoptant la filosofia del centre 3 &#8220;R&#8221;\u00a0 (Redu\u00efm, Reciclem i Reutilitzem), aix\u00ed com les 3 &#8220;S&#8221; (Sostenible, Saludable i Solid\u00e0ria). Potenciem, dia rere dia, els bons h\u00e0bits alimentaris i l&#8217;exercici f\u00edsic. Estem reconeguts com a Escola Verda des de desembre de 2008.<\/li>\n\n\n\n<li><strong>DIGITAL<\/strong>: Potenciem la compet\u00e8ncia digital vers el nostre alumnat utilitzant les noves tecnologies com a eina d&#8217;aprenentatge i comunicaci\u00f3, a les diferents activitats\u00a0 del dia a dia amb l&#8217;alumnat. Per aix\u00f2, disposem de recursos digitals a totes les aules, espais comuns del centre i aula d&#8217;inform\u00e0tica.<\/li>\n<\/ul>\n","protected":false},"excerpt":{"rendered":"<p>TRETS D&#8217;IDENTITAT&nbsp; Els trets d&#8217;identitat que ens defineixen com a escola s\u00f3n els seg\u00fcents:<\/p>\n","protected":false},"author":1,"featured_media":0,"parent":0,"menu_order":10,"comment_status":"closed","ping_status":"closed","template":"","meta":{"_bbp_topic_count":0,"_bbp_reply_count":0,"_bbp_total_topic_count":0,"_bbp_total_reply_count":0,"_bbp_voice_count":0,"_bbp_anonymous_reply_count":0,"_bbp_topic_count_hidden":0,"_bbp_reply_count_hidden":0,"_bbp_forum_subforum_count":0,"site-sidebar-layout":"default","site-content-layout":"","ast-site-content-layout":"default","site-content-style":"default","site-sidebar-style":"default","ast-global-header-display":"","ast-banner-title-visibility":"","ast-main-header-display":"","ast-hfb-above-header-display":"","ast-hfb-below-header-display":"","ast-hfb-mobile-header-display":"","site-post-title":"","ast-breadcrumbs-content":"","ast-featured-img":"","footer-sml-layout":"","theme-transparent-header-meta":"default","adv-header-id-meta":"","stick-header-meta":"","header-above-stick-meta":"","header-main-stick-meta":"","header-below-stick-meta":"","astra-migrate-meta-layouts":"set","ast-page-background-enabled":"default","ast-page-background-meta":{"desktop":{"background-color":"var(--ast-global-color-4)","background-image":"","background-repeat":"repeat","background-position":"center center","background-size":"auto","background-attachment":"scroll","background-type":"","background-media":"","overlay-type":"","overlay-color":"","overlay-opacity":"","overlay-gradient":""},"tablet":{"background-color":"","background-image":"","background-repeat":"repeat","background-position":"center center","background-size":"auto","background-attachment":"scroll","background-type":"","background-media":"","overlay-type":"","overlay-color":"","overlay-opacity":"","overlay-gradient":""},"mobile":{"background-color":"","background-image":"","background-repeat":"repeat","background-position":"center center","background-size":"auto","background-attachment":"scroll","background-type":"","background-media":"","overlay-type":"","overlay-color":"","overlay-opacity":"","overlay-gradient":""}},"ast-content-background-meta":{"desktop":{"background-color":"var(--ast-global-color-5)","background-image":"","background-repeat":"repeat","background-position":"center center","background-size":"auto","background-attachment":"scroll","background-type":"","background-media":"","overlay-type":"","overlay-color":"","overlay-opacity":"","overlay-gradient":""},"tablet":{"background-color":"var(--ast-global-color-5)","background-image":"","background-repeat":"repeat","background-position":"center center","background-size":"auto","background-attachment":"scroll","background-type":"","background-media":"","overlay-type":"","overlay-color":"","overlay-opacity":"","overlay-gradient":""},"mobile":{"background-color":"var(--ast-global-color-5)","background-image":"","background-repeat":"repeat","background-position":"center center","background-size":"auto","background-attachment":"scroll","background-type":"","background-media":"","overlay-type":"","overlay-color":"","overlay-opacity":"","overlay-gradient":""}},"footnotes":""},"class_list":["post-536","page","type-page","status-publish","hentry"],"post_mailing_queue_ids":[],"_links":{"self":[{"href":"https:\/\/agora.xtec.cat\/ceiplaminerva\/wp-json\/wp\/v2\/pages\/536","targetHints":{"allow":["GET"]}}],"collection":[{"href":"https:\/\/agora.xtec.cat\/ceiplaminerva\/wp-json\/wp\/v2\/pages"}],"about":[{"href":"https:\/\/agora.xtec.cat\/ceiplaminerva\/wp-json\/wp\/v2\/types\/page"}],"author":[{"embeddable":true,"href":"https:\/\/agora.xtec.cat\/ceiplaminerva\/wp-json\/wp\/v2\/users\/1"}],"replies":[{"embeddable":true,"href":"https:\/\/agora.xtec.cat\/ceiplaminerva\/wp-json\/wp\/v2\/comments?post=536"}],"version-history":[{"count":5,"href":"https:\/\/agora.xtec.cat\/ceiplaminerva\/wp-json\/wp\/v2\/pages\/536\/revisions"}],"predecessor-version":[{"id":19437,"href":"https:\/\/agora.xtec.cat\/ceiplaminerva\/wp-json\/wp\/v2\/pages\/536\/revisions\/19437"}],"wp:attachment":[{"href":"https:\/\/agora.xtec.cat\/ceiplaminerva\/wp-json\/wp\/v2\/media?parent=536"}],"curies":[{"name":"wp","href":"https:\/\/api.w.org\/{rel}","templated":true}]}}