{"id":527,"date":"2024-09-01T09:00:13","date_gmt":"2024-09-01T07:00:13","guid":{"rendered":"http:\/\/agora.xtec.cat\/ceiplaminerva\/?page_id=527"},"modified":"2025-02-07T11:43:41","modified_gmt":"2025-02-07T10:43:41","slug":"carta-compromis-educatiu","status":"publish","type":"page","link":"https:\/\/agora.xtec.cat\/ceiplaminerva\/carta-compromis-educatiu\/","title":{"rendered":"Carta comprom\u00eds educatiu"},"content":{"rendered":"\n<p>La\u00a0carta de comprom\u00eds\u00a0\u00e9s un document elaborat pels centres educatius on s\u2019expressen els compromisos entre les fam\u00edlies i l\u2019escola: acceptaci\u00f3 del projecte educatiu del centre, respecte a les conviccions ideol\u00f2giques i morals de les fam\u00edlies, adopci\u00f3 de mesures correctores per a la bona conviv\u00e8ncia, comunicaci\u00f3 i diferents maneres que les fam\u00edlies tenen per poder participar en els centres. En definitiva, expressa els objectius necessaris per assolir un entorn de conviv\u00e8ncia i respecte pel desenvolupament de les activitats educatives. Escola i fam\u00edlia s\u2019han d\u2019avenir a compartir els principis que inspiren la carta, i que han de respectar els drets i les llibertats de les fam\u00edlies, aix\u00ed com el projecte educatiu del centre.<\/p>\n\n\n\n<p>En el moment de la matr\u00edcula, totes les fam\u00edlies han de formalitzar la carta de comprom\u00eds educatiu, que t\u00e9 per finalitat facilitar la cooperaci\u00f3 entre les accions educatives de les fam\u00edlies i les del centre educatiu. En concret:<\/p>\n\n\n\n<ul class=\"wp-block-list\">\n<li>Que la fam\u00edlia conegui el projecte educatiu del centre i s\u2019hi comprometi.<\/li>\n\n\n\n<li>Millorar la informaci\u00f3 i comunicaci\u00f3 entre el centre educatiu i les fam\u00edlies.<\/li>\n\n\n\n<li>Facilitar el compliment dels drets i deures de la comunitat educativa.<\/li>\n\n\n\n<li>Fomentar la conviv\u00e8ncia i el bon clima escolar.<\/li>\n\n\n\n<li>Corresponsabilitzar el centre i la fam\u00edlia en les diferents mesures educatives que puguin rebre els\/les alumnes.<\/li>\n<\/ul>\n\n\n\n<p>Aqu\u00ed podeu llegir la\u00a0<a href=\"https:\/\/agora.xtec.cat\/ceiplaminerva\/wp-content\/uploads\/usu929\/2024\/07\/Carta-compromis-educatiu-2024.pdf\">Carta comprom\u00eds educatiu<\/a> de l&#8217;Escola La Minerva<\/p>\n","protected":false},"excerpt":{"rendered":"<p>La\u00a0carta de comprom\u00eds\u00a0\u00e9s un document elaborat pels centres educatius on s\u2019expressen els compromisos entre les fam\u00edlies i l\u2019escola: acceptaci\u00f3 del projecte educatiu del centre, respecte a les conviccions ideol\u00f2giques i morals de les fam\u00edlies, adopci\u00f3 de mesures correctores per a la bona conviv\u00e8ncia, comunicaci\u00f3 i diferents maneres que les fam\u00edlies tenen per poder participar en [&hellip;]<\/p>\n","protected":false},"author":1,"featured_media":0,"parent":0,"menu_order":0,"comment_status":"closed","ping_status":"closed","template":"","meta":{"_bbp_topic_count":0,"_bbp_reply_count":0,"_bbp_total_topic_count":0,"_bbp_total_reply_count":0,"_bbp_voice_count":0,"_bbp_anonymous_reply_count":0,"_bbp_topic_count_hidden":0,"_bbp_reply_count_hidden":0,"_bbp_forum_subforum_count":0,"site-sidebar-layout":"default","site-content-layout":"","ast-site-content-layout":"default","site-content-style":"default","site-sidebar-style":"default","ast-global-header-display":"","ast-banner-title-visibility":"","ast-main-header-display":"","ast-hfb-above-header-display":"","ast-hfb-below-header-display":"","ast-hfb-mobile-header-display":"","site-post-title":"","ast-breadcrumbs-content":"","ast-featured-img":"","footer-sml-layout":"","theme-transparent-header-meta":"default","adv-header-id-meta":"","stick-header-meta":"","header-above-stick-meta":"","header-main-stick-meta":"","header-below-stick-meta":"","astra-migrate-meta-layouts":"set","ast-page-background-enabled":"default","ast-page-background-meta":{"desktop":{"background-color":"var(--ast-global-color-4)","background-image":"","background-repeat":"repeat","background-position":"center center","background-size":"auto","background-attachment":"scroll","background-type":"","background-media":"","overlay-type":"","overlay-color":"","overlay-opacity":"","overlay-gradient":""},"tablet":{"background-color":"","background-image":"","background-repeat":"repeat","background-position":"center center","background-size":"auto","background-attachment":"scroll","background-type":"","background-media":"","overlay-type":"","overlay-color":"","overlay-opacity":"","overlay-gradient":""},"mobile":{"background-color":"","background-image":"","background-repeat":"repeat","background-position":"center center","background-size":"auto","background-attachment":"scroll","background-type":"","background-media":"","overlay-type":"","overlay-color":"","overlay-opacity":"","overlay-gradient":""}},"ast-content-background-meta":{"desktop":{"background-color":"var(--ast-global-color-5)","background-image":"","background-repeat":"repeat","background-position":"center center","background-size":"auto","background-attachment":"scroll","background-type":"","background-media":"","overlay-type":"","overlay-color":"","overlay-opacity":"","overlay-gradient":""},"tablet":{"background-color":"var(--ast-global-color-5)","background-image":"","background-repeat":"repeat","background-position":"center center","background-size":"auto","background-attachment":"scroll","background-type":"","background-media":"","overlay-type":"","overlay-color":"","overlay-opacity":"","overlay-gradient":""},"mobile":{"background-color":"var(--ast-global-color-5)","background-image":"","background-repeat":"repeat","background-position":"center center","background-size":"auto","background-attachment":"scroll","background-type":"","background-media":"","overlay-type":"","overlay-color":"","overlay-opacity":"","overlay-gradient":""}},"footnotes":""},"class_list":["post-527","page","type-page","status-publish","hentry"],"post_mailing_queue_ids":[],"_links":{"self":[{"href":"https:\/\/agora.xtec.cat\/ceiplaminerva\/wp-json\/wp\/v2\/pages\/527","targetHints":{"allow":["GET"]}}],"collection":[{"href":"https:\/\/agora.xtec.cat\/ceiplaminerva\/wp-json\/wp\/v2\/pages"}],"about":[{"href":"https:\/\/agora.xtec.cat\/ceiplaminerva\/wp-json\/wp\/v2\/types\/page"}],"author":[{"embeddable":true,"href":"https:\/\/agora.xtec.cat\/ceiplaminerva\/wp-json\/wp\/v2\/users\/1"}],"replies":[{"embeddable":true,"href":"https:\/\/agora.xtec.cat\/ceiplaminerva\/wp-json\/wp\/v2\/comments?post=527"}],"version-history":[{"count":5,"href":"https:\/\/agora.xtec.cat\/ceiplaminerva\/wp-json\/wp\/v2\/pages\/527\/revisions"}],"predecessor-version":[{"id":2872,"href":"https:\/\/agora.xtec.cat\/ceiplaminerva\/wp-json\/wp\/v2\/pages\/527\/revisions\/2872"}],"wp:attachment":[{"href":"https:\/\/agora.xtec.cat\/ceiplaminerva\/wp-json\/wp\/v2\/media?parent=527"}],"curies":[{"name":"wp","href":"https:\/\/api.w.org\/{rel}","templated":true}]}}