{"id":509,"date":"2019-09-01T09:00:54","date_gmt":"2019-09-01T07:00:54","guid":{"rendered":"http:\/\/agora.xtec.cat\/ceiplaminerva\/?page_id=509"},"modified":"2025-02-07T22:16:47","modified_gmt":"2025-02-07T21:16:47","slug":"afa-associacio-de-families-dalumnes","status":"publish","type":"page","link":"https:\/\/agora.xtec.cat\/ceiplaminerva\/afa-associacio-de-families-dalumnes\/","title":{"rendered":"AFA (Associaci\u00f3 de Fam\u00edlies d&#8217;Alumnes)"},"content":{"rendered":"\n<h4 class=\"wp-block-heading\"><span style=\"color: #339966;\">QU\u00c8 \u00c9S L&#8217;AFA?<\/span><\/h4>\n\n\n\n<p>Una associaci\u00f3 sense \u00e0nim de lucre formada per fam\u00edlies de l&#8217;escola que, de forma volunt\u00e0ria, col\u00b7laborem activament en l&#8217;educaci\u00f3 dels nostres infants.<\/p>\n\n\n\n<h4 class=\"wp-block-heading\"><span style=\"color: #339966;\">OBJECTIUS<\/span><\/h4>\n\n\n\n<ul class=\"wp-block-list\">\n<li>Promoure la participaci\u00f3 de les fam\u00edlies de l&#8217;alumnat en la gesti\u00f3 del centre.<\/li>\n\n\n\n<li>Facilitar la col\u00b7laboraci\u00f3 amb el centre en els \u00e0mbits social, cultural, econ\u00f2mic i laboral de l&#8217;entorn.<\/li>\n\n\n\n<li>Promoure les activitats extraescolars de formaci\u00f3 de l&#8217;alumnat.<\/li>\n<\/ul>\n\n\n\n<h4 class=\"wp-block-heading\">&nbsp;<\/h4>\n\n\n\n<h4 class=\"wp-block-heading\"><span style=\"color: #339966;\">QU\u00c8 FEM?<\/span><\/h4>\n\n\n\n<p>Gestionem les activitats extraescolars.<\/p>\n\n\n\n<p>Aquestes activitats estan organitzades i desenvolupades per una empresa externa. Trobareu el calendari de dies i hores de les activitats al plaf\u00f3 d&#8217;anuncis de l&#8217;AFA i en aquesta p\u00e0gina web.<\/p>\n\n\n\n<p>Tota l&#8217;ajuda \u00e9s benvinguda i us animem a formar part de l&#8217;AFA.<\/p>\n\n\n\n<p>Fam\u00edlies de l&#8217;escola, us necessitem!<\/p>\n\n\n\n<p>La Minerva us necessita!<\/p>\n\n\n\n<p>Contacte:<\/p>\n\n\n\n<p>93 769 16 67<\/p>\n\n\n\n<p>ampalaminerva@gmail.com<\/p>\n\n\n\n<p><a href=\"mailto:ampalaminervablogspot.com\">ampalaminervablogspot.com<\/a><\/p>\n\n\n\n<p>instagram: @afaminerva<\/p>\n\n\n\n<p>Facebook: ampa.escolalaminerva<\/p>\n","protected":false},"excerpt":{"rendered":"<p>QU\u00c8 \u00c9S L&#8217;AFA? Una associaci\u00f3 sense \u00e0nim de lucre formada per fam\u00edlies de l&#8217;escola que, de forma volunt\u00e0ria, col\u00b7laborem activament en l&#8217;educaci\u00f3 dels nostres infants. OBJECTIUS &nbsp; QU\u00c8 FEM? Gestionem les activitats extraescolars. Aquestes activitats estan organitzades i desenvolupades per una empresa externa. Trobareu el calendari de dies i hores de les activitats al plaf\u00f3 [&hellip;]<\/p>\n","protected":false},"author":1,"featured_media":0,"parent":0,"menu_order":0,"comment_status":"closed","ping_status":"closed","template":"","meta":{"_bbp_topic_count":0,"_bbp_reply_count":0,"_bbp_total_topic_count":0,"_bbp_total_reply_count":0,"_bbp_voice_count":0,"_bbp_anonymous_reply_count":0,"_bbp_topic_count_hidden":0,"_bbp_reply_count_hidden":0,"_bbp_forum_subforum_count":0,"site-sidebar-layout":"default","site-content-layout":"","ast-site-content-layout":"default","site-content-style":"default","site-sidebar-style":"default","ast-global-header-display":"","ast-banner-title-visibility":"","ast-main-header-display":"","ast-hfb-above-header-display":"","ast-hfb-below-header-display":"","ast-hfb-mobile-header-display":"","site-post-title":"","ast-breadcrumbs-content":"","ast-featured-img":"","footer-sml-layout":"","theme-transparent-header-meta":"default","adv-header-id-meta":"","stick-header-meta":"","header-above-stick-meta":"","header-main-stick-meta":"","header-below-stick-meta":"","astra-migrate-meta-layouts":"set","ast-page-background-enabled":"default","ast-page-background-meta":{"desktop":{"background-color":"var(--ast-global-color-4)","background-image":"","background-repeat":"repeat","background-position":"center center","background-size":"auto","background-attachment":"scroll","background-type":"","background-media":"","overlay-type":"","overlay-color":"","overlay-opacity":"","overlay-gradient":""},"tablet":{"background-color":"","background-image":"","background-repeat":"repeat","background-position":"center center","background-size":"auto","background-attachment":"scroll","background-type":"","background-media":"","overlay-type":"","overlay-color":"","overlay-opacity":"","overlay-gradient":""},"mobile":{"background-color":"","background-image":"","background-repeat":"repeat","background-position":"center center","background-size":"auto","background-attachment":"scroll","background-type":"","background-media":"","overlay-type":"","overlay-color":"","overlay-opacity":"","overlay-gradient":""}},"ast-content-background-meta":{"desktop":{"background-color":"var(--ast-global-color-5)","background-image":"","background-repeat":"repeat","background-position":"center center","background-size":"auto","background-attachment":"scroll","background-type":"","background-media":"","overlay-type":"","overlay-color":"","overlay-opacity":"","overlay-gradient":""},"tablet":{"background-color":"var(--ast-global-color-5)","background-image":"","background-repeat":"repeat","background-position":"center center","background-size":"auto","background-attachment":"scroll","background-type":"","background-media":"","overlay-type":"","overlay-color":"","overlay-opacity":"","overlay-gradient":""},"mobile":{"background-color":"var(--ast-global-color-5)","background-image":"","background-repeat":"repeat","background-position":"center center","background-size":"auto","background-attachment":"scroll","background-type":"","background-media":"","overlay-type":"","overlay-color":"","overlay-opacity":"","overlay-gradient":""}},"footnotes":""},"class_list":["post-509","page","type-page","status-publish","hentry"],"post_mailing_queue_ids":[],"_links":{"self":[{"href":"https:\/\/agora.xtec.cat\/ceiplaminerva\/wp-json\/wp\/v2\/pages\/509","targetHints":{"allow":["GET"]}}],"collection":[{"href":"https:\/\/agora.xtec.cat\/ceiplaminerva\/wp-json\/wp\/v2\/pages"}],"about":[{"href":"https:\/\/agora.xtec.cat\/ceiplaminerva\/wp-json\/wp\/v2\/types\/page"}],"author":[{"embeddable":true,"href":"https:\/\/agora.xtec.cat\/ceiplaminerva\/wp-json\/wp\/v2\/users\/1"}],"replies":[{"embeddable":true,"href":"https:\/\/agora.xtec.cat\/ceiplaminerva\/wp-json\/wp\/v2\/comments?post=509"}],"version-history":[{"count":6,"href":"https:\/\/agora.xtec.cat\/ceiplaminerva\/wp-json\/wp\/v2\/pages\/509\/revisions"}],"predecessor-version":[{"id":2882,"href":"https:\/\/agora.xtec.cat\/ceiplaminerva\/wp-json\/wp\/v2\/pages\/509\/revisions\/2882"}],"wp:attachment":[{"href":"https:\/\/agora.xtec.cat\/ceiplaminerva\/wp-json\/wp\/v2\/media?parent=509"}],"curies":[{"name":"wp","href":"https:\/\/api.w.org\/{rel}","templated":true}]}}