{"id":2763,"date":"2025-01-24T13:55:21","date_gmt":"2025-01-24T12:55:21","guid":{"rendered":"https:\/\/agora.xtec.cat\/ceiplaminerva\/?page_id=2763"},"modified":"2025-05-12T12:12:44","modified_gmt":"2025-05-12T10:12:44","slug":"escola-verda","status":"publish","type":"page","link":"https:\/\/agora.xtec.cat\/ceiplaminerva\/organitzacio-i-funcionament\/escola-verda\/","title":{"rendered":"Escola Verda"},"content":{"rendered":"\n<figure class=\"wp-block-image aligncenter size-large is-resized\"><a href=\"https:\/\/agora.xtec.cat\/ceiplaminerva\/wp-content\/uploads\/usu929\/2025\/01\/SomEscolaVerda-fon.jpg\"><img loading=\"lazy\" decoding=\"async\" width=\"1024\" height=\"362\" src=\"https:\/\/agora.xtec.cat\/ceiplaminerva\/wp-content\/uploads\/usu929\/2025\/01\/SomEscolaVerda-fon-1024x362.jpg\" alt=\"\" class=\"wp-image-2765\" style=\"width:656px;height:auto\" srcset=\"https:\/\/agora.xtec.cat\/ceiplaminerva\/wp-content\/uploads\/usu929\/2025\/01\/SomEscolaVerda-fon-1024x362.jpg 1024w, https:\/\/agora.xtec.cat\/ceiplaminerva\/wp-content\/uploads\/usu929\/2025\/01\/SomEscolaVerda-fon-300x106.jpg 300w, https:\/\/agora.xtec.cat\/ceiplaminerva\/wp-content\/uploads\/usu929\/2025\/01\/SomEscolaVerda-fon-768x272.jpg 768w, https:\/\/agora.xtec.cat\/ceiplaminerva\/wp-content\/uploads\/usu929\/2025\/01\/SomEscolaVerda-fon.jpg 1374w\" sizes=\"auto, (max-width: 1024px) 100vw, 1024px\" \/><\/a><\/figure>\n\n\n\n<p class=\"has-text-align-center\"><strong>LA MINERVA, UNA ESCOLA VERDA<\/strong><\/p>\n\n\n\n<p class=\"has-text-align-center\"><strong>\u201cUna escola participativa i disposada a canviar\u201d<\/strong><\/p>\n\n\n\n<p>El projecte Escoles Verdes \u00e9s una iniciativa promoguda pels departaments d\u2019Ensenyament i Medi Ambient que t\u00e9 dos objectius principals:<\/p>\n\n\n\n<ul class=\"wp-block-list\">\n<li>Educar i sensibilitzar als alumnes en el respecte al medi ambient i en la necessitat de conservar el patrimoni natural.<\/li>\n<\/ul>\n\n\n\n<ul class=\"wp-block-list\">\n<li>Minimitzar els impactes que s\u00f3n conseq\u00fc\u00e8ncia del funcionament del centre.<\/li>\n<\/ul>\n\n\n\n<p>L\u2019escola La Minerva va decidir adherir-se al programa\u00a0 escoles verdes l&#8217;any 2004, per\u00f2 va ser l&#8217;any 2008 on vam rebre el distintiu d\u2019escola verda. El programa escoles verdes vol promoure un canvi en la cultura de centre a trav\u00e9s de quatre contextos d\u2019acci\u00f3: el curr\u00edculum, l\u2019organitzaci\u00f3 i la participaci\u00f3, la gesti\u00f3 sostenible de recursos i materials i la implicaci\u00f3 en l\u2019entorn. Aix\u00ed doncs,\u00a0 ent\u00e9n que el proc\u00e9s educatiu que ha de provocar aquest canvi no nom\u00e9s es dona a l\u2019aula, sin\u00f3 tamb\u00e9 en tots els moments i espais de la vida escolar.<\/p>\n\n\n\n<p><strong>Bones pr\u00e0ctiques ambientals a l\u2019escola<\/strong><\/p>\n\n\n\n<p>La preservaci\u00f3 i millora de l\u2019entorn natural constitueixen un dels objectius de la nostra societat per fer front als problemes mediambientals actuals i futurs. L\u2019aplicaci\u00f3 d\u2019unes bones pr\u00e0ctiques pret\u00e9n aconseguir un canvi d\u2019actitud en tota la comunitat educativa envers la protecci\u00f3 del medi ambient, fomentant la participaci\u00f3 activa i modificant certs h\u00e0bits de la nostra vida di\u00e0ria. Es tracta d\u2019una acci\u00f3 d\u2019anada i tornada, on tots aprenem i ensenyem a la vegada.<\/p>\n\n\n\n<p>Totes les persones de l\u2019escola tenim consci\u00e8ncia de la import\u00e0ncia de les nostres accions, i de com repercuteixen en el medi ambient. <strong>Els petits canvis s\u00f3n poderosos!<\/strong><\/p>\n\n\n\n<p><strong>Qu\u00e8 fem a l\u2019escola?<\/strong><\/p>\n\n\n\n<p>1) Utilitzem el paper d\u2019una manera eficient, reduint el consum fent les fotoc\u00f2pies imprescindibles, imprimint a doble cara i reutilitzant el paper que nom\u00e9s est\u00e0 escrit per una cara. Tamb\u00e9 reutilitzem llibres, compartint els recursos disponibles i fomentant la responsabilitat vers el material.<\/p>\n\n\n\n<p>2) Fem recollida selectiva de deixalles (paper, envasos i org\u00e0nic). Per aquest mateix motiu hi ha papereres de recollida selectiva distribu\u00efdes per les diferents aules i espais del centre.<\/p>\n\n\n\n<p>3) Evitem els embolcalls d\u2019un sol \u00fas per esmorzar. Fem servir ampolles reutilitzables i carmanyoles.<\/p>\n\n\n\n<p>4) Eduquem en un estil de vida saludable potenciant el consum de fruita.<\/p>\n\n\n\n<p>5) Utilitzem l\u2019energia de la manera m\u00e9s responsable:<\/p>\n\n\n\n<ul class=\"wp-block-list\">\n<li>Abaixem la calefacci\u00f3 i tanquem finestres i portes quan aquesta est\u00e0 en funcionament.<\/li>\n<\/ul>\n\n\n\n<ul class=\"wp-block-list\">\n<li>Utilitzem b\u00e9 les aixetes, gastant\u00a0 nom\u00e9s l\u2019aigua necess\u00e0ria.<\/li>\n<\/ul>\n\n\n\n<p>5) Potenciem les zones verdes a l\u2019escola. Tenim cura del nostre hort, on plantem diverses llavors. Tamb\u00e9 el fem servir com a espai l\u00fadic i de descoberta de l\u2019entorn.&nbsp;<\/p>\n\n\n\n<p>6) Celebrem les festes populars i les activitats del centre potenciant la sostenibilitat.<\/p>\n\n\n\n<p>7) Potenciem la mobilitat sostenible amb algunes de les sortides que realitzem.<\/p>\n\n\n\n<p>8) Duem a terme iniciatives i programes que fomenten accions sostenibles, com les recollides selectives en els diferents nivells o el Let\u2019s Clean Up.&nbsp;<\/p>\n","protected":false},"excerpt":{"rendered":"<p>LA MINERVA, UNA ESCOLA VERDA \u201cUna escola participativa i disposada a canviar\u201d El projecte Escoles Verdes \u00e9s una iniciativa promoguda pels departaments d\u2019Ensenyament i Medi Ambient que t\u00e9 dos objectius principals: L\u2019escola La Minerva va decidir adherir-se al programa\u00a0 escoles verdes l&#8217;any 2004, per\u00f2 va ser l&#8217;any 2008 on vam rebre el distintiu d\u2019escola verda. [&hellip;]<\/p>\n","protected":false},"author":1,"featured_media":0,"parent":920,"menu_order":10,"comment_status":"closed","ping_status":"close","template":"","meta":{"_bbp_topic_count":0,"_bbp_reply_count":0,"_bbp_total_topic_count":0,"_bbp_total_reply_count":0,"_bbp_voice_count":0,"_bbp_anonymous_reply_count":0,"_bbp_topic_count_hidden":0,"_bbp_reply_count_hidden":0,"_bbp_forum_subforum_count":0,"site-sidebar-layout":"default","site-content-layout":"","ast-site-content-layout":"default","site-content-style":"default","site-sidebar-style":"default","ast-global-header-display":"","ast-banner-title-visibility":"","ast-main-header-display":"","ast-hfb-above-header-display":"","ast-hfb-below-header-display":"","ast-hfb-mobile-header-display":"","site-post-title":"","ast-breadcrumbs-content":"","ast-featured-img":"","footer-sml-layout":"","theme-transparent-header-meta":"","adv-header-id-meta":"","stick-header-meta":"","header-above-stick-meta":"","header-main-stick-meta":"","header-below-stick-meta":"","astra-migrate-meta-layouts":"set","ast-page-background-enabled":"default","ast-page-background-meta":{"desktop":{"background-color":"var(--ast-global-color-4)","background-image":"","background-repeat":"repeat","background-position":"center center","background-size":"auto","background-attachment":"scroll","background-type":"","background-media":"","overlay-type":"","overlay-color":"","overlay-opacity":"","overlay-gradient":""},"tablet":{"background-color":"","background-image":"","background-repeat":"repeat","background-position":"center center","background-size":"auto","background-attachment":"scroll","background-type":"","background-media":"","overlay-type":"","overlay-color":"","overlay-opacity":"","overlay-gradient":""},"mobile":{"background-color":"","background-image":"","background-repeat":"repeat","background-position":"center center","background-size":"auto","background-attachment":"scroll","background-type":"","background-media":"","overlay-type":"","overlay-color":"","overlay-opacity":"","overlay-gradient":""}},"ast-content-background-meta":{"desktop":{"background-color":"var(--ast-global-color-5)","background-image":"","background-repeat":"repeat","background-position":"center center","background-size":"auto","background-attachment":"scroll","background-type":"","background-media":"","overlay-type":"","overlay-color":"","overlay-opacity":"","overlay-gradient":""},"tablet":{"background-color":"var(--ast-global-color-5)","background-image":"","background-repeat":"repeat","background-position":"center center","background-size":"auto","background-attachment":"scroll","background-type":"","background-media":"","overlay-type":"","overlay-color":"","overlay-opacity":"","overlay-gradient":""},"mobile":{"background-color":"var(--ast-global-color-5)","background-image":"","background-repeat":"repeat","background-position":"center center","background-size":"auto","background-attachment":"scroll","background-type":"","background-media":"","overlay-type":"","overlay-color":"","overlay-opacity":"","overlay-gradient":""}},"footnotes":""},"class_list":["post-2763","page","type-page","status-publish","hentry"],"post_mailing_queue_ids":[],"_links":{"self":[{"href":"https:\/\/agora.xtec.cat\/ceiplaminerva\/wp-json\/wp\/v2\/pages\/2763","targetHints":{"allow":["GET"]}}],"collection":[{"href":"https:\/\/agora.xtec.cat\/ceiplaminerva\/wp-json\/wp\/v2\/pages"}],"about":[{"href":"https:\/\/agora.xtec.cat\/ceiplaminerva\/wp-json\/wp\/v2\/types\/page"}],"author":[{"embeddable":true,"href":"https:\/\/agora.xtec.cat\/ceiplaminerva\/wp-json\/wp\/v2\/users\/1"}],"replies":[{"embeddable":true,"href":"https:\/\/agora.xtec.cat\/ceiplaminerva\/wp-json\/wp\/v2\/comments?post=2763"}],"version-history":[{"count":3,"href":"https:\/\/agora.xtec.cat\/ceiplaminerva\/wp-json\/wp\/v2\/pages\/2763\/revisions"}],"predecessor-version":[{"id":2767,"href":"https:\/\/agora.xtec.cat\/ceiplaminerva\/wp-json\/wp\/v2\/pages\/2763\/revisions\/2767"}],"up":[{"embeddable":true,"href":"https:\/\/agora.xtec.cat\/ceiplaminerva\/wp-json\/wp\/v2\/pages\/920"}],"wp:attachment":[{"href":"https:\/\/agora.xtec.cat\/ceiplaminerva\/wp-json\/wp\/v2\/media?parent=2763"}],"curies":[{"name":"wp","href":"https:\/\/api.w.org\/{rel}","templated":true}]}}