{"id":19413,"date":"2025-05-12T11:50:08","date_gmt":"2025-05-12T09:50:08","guid":{"rendered":"https:\/\/agora.xtec.cat\/ceiplaminerva\/?page_id=19413"},"modified":"2025-05-12T11:59:39","modified_gmt":"2025-05-12T09:59:39","slug":"aquiproubullying","status":"publish","type":"page","link":"https:\/\/agora.xtec.cat\/ceiplaminerva\/documentacio-de-centre\/projecte-de-convivencia\/aquiproubullying\/","title":{"rendered":"#aquiproubullying"},"content":{"rendered":"\n<p>El Programa d\u2019innovaci\u00f3 pedag\u00f2gica&nbsp;<a href=\"https:\/\/xtec.gencat.cat\/ca\/centres\/projeducatiu\/convivencia\/aquiproubullying\/\" target=\"_blank\" rel=\"noreferrer noopener\"><strong>#aquiproubullying<\/strong>,<\/a>&nbsp;impulsat per la Direcci\u00f3 General d&#8217;Atenci\u00f3 a la Fam\u00edlia i Comunitat Educativa, promou el benestar emocional de l\u2019alumnat, la&nbsp;implicaci\u00f3 individual i col\u00b7lectiva en la millora de la conviv\u00e8ncia, i la sensibilitzaci\u00f3 envers&nbsp;l\u2019assetjament escolar com a factors clau en la prevenci\u00f3. A banda, promou estrat\u00e8gies de detecci\u00f3&nbsp;preventiva continuada, estructures de tipificaci\u00f3 i pautes en el proc\u00e9s d\u2019abordatge de situacions&nbsp;d\u2019assetjament i ciberassetjament escolar.<\/p>\n\n\n\n<p><strong>OBJECTIUS<\/strong><\/p>\n\n\n\n<ul class=\"wp-block-list\">\n<li>Establir estrat\u00e8gies emmarcades en l&#8217;\u00e0mbit de la prevenci\u00f3 de l&#8217;assetjament escolar i altres tipus&nbsp;de viol\u00e8ncies tals com s\u00f3n la prevenci\u00f3 i la sensibilitzaci\u00f3 envers l&#8217;assetjament escolar.<\/li>\n\n\n\n<li>Sensibilitzar i implicar tota la comunitat escolar en la millora de la conviv\u00e8ncia i el comprom\u00eds amb el benestar com a eina clau per a l&#8217;\u00e8xit escolar.<\/li>\n\n\n\n<li>Empoderar i implicar l&#8217;alumnat en el treball per la millora del benestar emocional propi i dels companys i companyes.<\/li>\n\n\n\n<li>Concretar les accions i els mecanismes que es duran a terme per a la millora de la detecci\u00f3 preventiva continuada.<\/li>\n\n\n\n<li>Establir criteris i canals per a una bona detecci\u00f3 per la soluci\u00f3 aprofundint en la tipificaci\u00f3 de casos per a una millor resoluci\u00f3 i una r\u00e0pida resposta educativa.<\/li>\n\n\n\n<li>Dotar d&#8217;estrat\u00e8gies per a l&#8217;abordatge davant de l&#8217;alumnat implicat, els grups classe i les fam\u00edlies.<\/li>\n<\/ul>\n\n\n\n<iframe loading=\"lazy\" src=\"https:\/\/drive.google.com\/file\/d\/1lK94yfvuqib20rZc5Fmu1oWD_-EYhOdB\/preview\" width=\"640\" height=\"480\" allow=\"autoplay\"><\/iframe>\n","protected":false},"excerpt":{"rendered":"<p>El Programa d\u2019innovaci\u00f3 pedag\u00f2gica&nbsp;#aquiproubullying,&nbsp;impulsat per la Direcci\u00f3 General d&#8217;Atenci\u00f3 a la Fam\u00edlia i Comunitat Educativa, promou el benestar emocional de l\u2019alumnat, la&nbsp;implicaci\u00f3 individual i col\u00b7lectiva en la millora de la conviv\u00e8ncia, i la sensibilitzaci\u00f3 envers&nbsp;l\u2019assetjament escolar com a factors clau en la prevenci\u00f3. A banda, promou estrat\u00e8gies de detecci\u00f3&nbsp;preventiva continuada, estructures de tipificaci\u00f3 i pautes [&hellip;]<\/p>\n","protected":false},"author":1,"featured_media":0,"parent":2808,"menu_order":10,"comment_status":"closed","ping_status":"close","template":"","meta":{"_bbp_topic_count":0,"_bbp_reply_count":0,"_bbp_total_topic_count":0,"_bbp_total_reply_count":0,"_bbp_voice_count":0,"_bbp_anonymous_reply_count":0,"_bbp_topic_count_hidden":0,"_bbp_reply_count_hidden":0,"_bbp_forum_subforum_count":0,"site-sidebar-layout":"default","site-content-layout":"","ast-site-content-layout":"default","site-content-style":"default","site-sidebar-style":"default","ast-global-header-display":"","ast-banner-title-visibility":"","ast-main-header-display":"","ast-hfb-above-header-display":"","ast-hfb-below-header-display":"","ast-hfb-mobile-header-display":"","site-post-title":"","ast-breadcrumbs-content":"","ast-featured-img":"","footer-sml-layout":"","theme-transparent-header-meta":"","adv-header-id-meta":"","stick-header-meta":"","header-above-stick-meta":"","header-main-stick-meta":"","header-below-stick-meta":"","astra-migrate-meta-layouts":"set","ast-page-background-enabled":"default","ast-page-background-meta":{"desktop":{"background-color":"var(--ast-global-color-4)","background-image":"","background-repeat":"repeat","background-position":"center center","background-size":"auto","background-attachment":"scroll","background-type":"","background-media":"","overlay-type":"","overlay-color":"","overlay-opacity":"","overlay-gradient":""},"tablet":{"background-color":"","background-image":"","background-repeat":"repeat","background-position":"center center","background-size":"auto","background-attachment":"scroll","background-type":"","background-media":"","overlay-type":"","overlay-color":"","overlay-opacity":"","overlay-gradient":""},"mobile":{"background-color":"","background-image":"","background-repeat":"repeat","background-position":"center center","background-size":"auto","background-attachment":"scroll","background-type":"","background-media":"","overlay-type":"","overlay-color":"","overlay-opacity":"","overlay-gradient":""}},"ast-content-background-meta":{"desktop":{"background-color":"var(--ast-global-color-5)","background-image":"","background-repeat":"repeat","background-position":"center center","background-size":"auto","background-attachment":"scroll","background-type":"","background-media":"","overlay-type":"","overlay-color":"","overlay-opacity":"","overlay-gradient":""},"tablet":{"background-color":"var(--ast-global-color-5)","background-image":"","background-repeat":"repeat","background-position":"center center","background-size":"auto","background-attachment":"scroll","background-type":"","background-media":"","overlay-type":"","overlay-color":"","overlay-opacity":"","overlay-gradient":""},"mobile":{"background-color":"var(--ast-global-color-5)","background-image":"","background-repeat":"repeat","background-position":"center center","background-size":"auto","background-attachment":"scroll","background-type":"","background-media":"","overlay-type":"","overlay-color":"","overlay-opacity":"","overlay-gradient":""}},"footnotes":""},"class_list":["post-19413","page","type-page","status-publish","hentry"],"post_mailing_queue_ids":[],"_links":{"self":[{"href":"https:\/\/agora.xtec.cat\/ceiplaminerva\/wp-json\/wp\/v2\/pages\/19413","targetHints":{"allow":["GET"]}}],"collection":[{"href":"https:\/\/agora.xtec.cat\/ceiplaminerva\/wp-json\/wp\/v2\/pages"}],"about":[{"href":"https:\/\/agora.xtec.cat\/ceiplaminerva\/wp-json\/wp\/v2\/types\/page"}],"author":[{"embeddable":true,"href":"https:\/\/agora.xtec.cat\/ceiplaminerva\/wp-json\/wp\/v2\/users\/1"}],"replies":[{"embeddable":true,"href":"https:\/\/agora.xtec.cat\/ceiplaminerva\/wp-json\/wp\/v2\/comments?post=19413"}],"version-history":[{"count":3,"href":"https:\/\/agora.xtec.cat\/ceiplaminerva\/wp-json\/wp\/v2\/pages\/19413\/revisions"}],"predecessor-version":[{"id":19417,"href":"https:\/\/agora.xtec.cat\/ceiplaminerva\/wp-json\/wp\/v2\/pages\/19413\/revisions\/19417"}],"up":[{"embeddable":true,"href":"https:\/\/agora.xtec.cat\/ceiplaminerva\/wp-json\/wp\/v2\/pages\/2808"}],"wp:attachment":[{"href":"https:\/\/agora.xtec.cat\/ceiplaminerva\/wp-json\/wp\/v2\/media?parent=19413"}],"curies":[{"name":"wp","href":"https:\/\/api.w.org\/{rel}","templated":true}]}}