{"id":19328,"date":"2025-04-07T19:07:39","date_gmt":"2025-04-07T17:07:39","guid":{"rendered":"https:\/\/agora.xtec.cat\/ceiplaminerva\/?page_id=19328"},"modified":"2025-05-12T12:13:37","modified_gmt":"2025-05-12T10:13:37","slug":"projecte-esportiu-de-centre-pesc","status":"publish","type":"page","link":"https:\/\/agora.xtec.cat\/ceiplaminerva\/organitzacio-i-funcionament\/projecte-esportiu-de-centre-pesc\/","title":{"rendered":"Projecte Esportiu de Centre (PEsC)"},"content":{"rendered":"\n<p>Des del curs 2024\/2025, i amb motiu de l&#8217;entrada del centre al Pla Catal\u00e0 de l&#8217;Esport Escolar (PCEE) de cara al curs 2025\/2026, l&#8217;Escola La Minerva disposa d&#8217;un PEsC elaborat per l&#8217;equip de docents d&#8217;Educaci\u00f3 F\u00edsica.<\/p>\n\n\n\n<p>Per a la redacci\u00f3 d\u2019aquest projecte s\u2019han planificat els seg\u00fcents objectius generals:<\/p>\n\n\n\n<ol class=\"wp-block-list\">\n<li><strong>Establir activitats esportives que afavoreixin les habilitats i destreses per complementar un model d\u2019educaci\u00f3 integral a l\u2019infant.<\/strong><\/li>\n<\/ol>\n\n\n\n<ol class=\"wp-block-list\" start=\"2\">\n<li><strong>Potenciar a trav\u00e9s de l\u2019activitat esportiva la projecci\u00f3 del centre a l\u2019entorn m\u00e9s proper, vinculant-lo a la ciutat.<\/strong><\/li>\n<\/ol>\n\n\n\n<ol class=\"wp-block-list\" start=\"3\">\n<li><strong>Desenvolupar la pr\u00e0ctica de l\u2019esport i el joc com a recreaci\u00f3, divertiment i relaci\u00f3 durant el temps de lleure.<\/strong><\/li>\n<\/ol>\n\n\n\n<ol class=\"wp-block-list\" start=\"4\">\n<li><strong>Fomentar entre els infants l\u2019adquisici\u00f3 d\u2019h\u00e0bits de pr\u00e0ctica fisicoesportiva per al desenvolupament personal i social.<\/strong><\/li>\n<\/ol>\n\n\n\n<ol class=\"wp-block-list\" start=\"5\">\n<li><strong>Augmentar el desenvolupament f\u00edsic, motriu, cognitiu i afectiu dels infants participants.<\/strong><\/li>\n<\/ol>\n\n\n\n<ol class=\"wp-block-list\" start=\"6\">\n<li><strong>Ser un element imprescindible per a la integraci\u00f3 dels col\u00b7lectius desfavorits, com ara immigrants, persones amb situaci\u00f3 de risc social, persones amb discapacitat, etc.<\/strong><\/li>\n<\/ol>\n\n\n\n<ol class=\"wp-block-list\" start=\"7\">\n<li><strong>Fer de la pr\u00e0ctica esportiva i el joc un element clau per a l\u2019adquisici\u00f3 de valors com la solidaritat, la col\u00b7laboraci\u00f3, el di\u00e0leg, la toler\u00e0ncia, la no discriminaci\u00f3, la igualtat entre sexes, l\u2019esportivitat i el joc net.<\/strong><\/li>\n<\/ol>\n\n\n\n<ol class=\"wp-block-list\" start=\"8\">\n<li><strong>Donar alternatives de vida activa a les fam\u00edlies per ocupar les hores lliures dels seus fills o aquelles en qu\u00e8 no els poden atendre amb la dedicaci\u00f3 desitjable.<\/strong><\/li>\n<\/ol>\n\n\n\n<ol class=\"wp-block-list\" start=\"9\">\n<li><strong>Fomentar els h\u00e0bits en l\u2019alimentaci\u00f3 saludable durant l\u2019horari lectiu incidint en la capacitat cr\u00edtica de l\u2019infant per tal que pugui transferir-ho a la seva vida personal i familiar.<\/strong><\/li>\n<\/ol>\n\n\n\n<ol class=\"wp-block-list\" start=\"10\">\n<li><strong>Crear una l\u00ednia pedag\u00f2gica i metodol\u00f2gica a seguir per l\u2019equip docent d\u2019educaci\u00f3 f\u00edsica.<\/strong><\/li>\n<\/ol>\n\n\n\n<ol class=\"wp-block-list\" start=\"11\">\n<li><strong>Implicar-se en el grup de treball de mestres d\u2019educaci\u00f3 f\u00edsica de l\u2019Alt Maresme.<\/strong><\/li>\n<\/ol>\n\n\n\n<p>Aquests objectius generals s&#8217;esmicolen en d&#8217;altres d&#8217;espec\u00edfics els quals seran revisats i avaluats en finalitzar cada curs gr\u00e0cies als indicadors elaborats amb aquesta finalitat.<\/p>\n","protected":false},"excerpt":{"rendered":"<p>Des del curs 2024\/2025, i amb motiu de l&#8217;entrada del centre al Pla Catal\u00e0 de l&#8217;Esport Escolar (PCEE) de cara al curs 2025\/2026, l&#8217;Escola La Minerva disposa d&#8217;un PEsC elaborat per l&#8217;equip de docents d&#8217;Educaci\u00f3 F\u00edsica. Per a la redacci\u00f3 d\u2019aquest projecte s\u2019han planificat els seg\u00fcents objectius generals: Aquests objectius generals s&#8217;esmicolen en d&#8217;altres d&#8217;espec\u00edfics [&hellip;]<\/p>\n","protected":false},"author":1,"featured_media":0,"parent":920,"menu_order":20,"comment_status":"closed","ping_status":"close","template":"","meta":{"_bbp_topic_count":0,"_bbp_reply_count":0,"_bbp_total_topic_count":0,"_bbp_total_reply_count":0,"_bbp_voice_count":0,"_bbp_anonymous_reply_count":0,"_bbp_topic_count_hidden":0,"_bbp_reply_count_hidden":0,"_bbp_forum_subforum_count":0,"site-sidebar-layout":"default","site-content-layout":"","ast-site-content-layout":"default","site-content-style":"default","site-sidebar-style":"default","ast-global-header-display":"","ast-banner-title-visibility":"","ast-main-header-display":"","ast-hfb-above-header-display":"","ast-hfb-below-header-display":"","ast-hfb-mobile-header-display":"","site-post-title":"","ast-breadcrumbs-content":"","ast-featured-img":"","footer-sml-layout":"","theme-transparent-header-meta":"","adv-header-id-meta":"","stick-header-meta":"","header-above-stick-meta":"","header-main-stick-meta":"","header-below-stick-meta":"","astra-migrate-meta-layouts":"set","ast-page-background-enabled":"default","ast-page-background-meta":{"desktop":{"background-color":"var(--ast-global-color-4)","background-image":"","background-repeat":"repeat","background-position":"center center","background-size":"auto","background-attachment":"scroll","background-type":"","background-media":"","overlay-type":"","overlay-color":"","overlay-opacity":"","overlay-gradient":""},"tablet":{"background-color":"","background-image":"","background-repeat":"repeat","background-position":"center center","background-size":"auto","background-attachment":"scroll","background-type":"","background-media":"","overlay-type":"","overlay-color":"","overlay-opacity":"","overlay-gradient":""},"mobile":{"background-color":"","background-image":"","background-repeat":"repeat","background-position":"center center","background-size":"auto","background-attachment":"scroll","background-type":"","background-media":"","overlay-type":"","overlay-color":"","overlay-opacity":"","overlay-gradient":""}},"ast-content-background-meta":{"desktop":{"background-color":"var(--ast-global-color-5)","background-image":"","background-repeat":"repeat","background-position":"center center","background-size":"auto","background-attachment":"scroll","background-type":"","background-media":"","overlay-type":"","overlay-color":"","overlay-opacity":"","overlay-gradient":""},"tablet":{"background-color":"var(--ast-global-color-5)","background-image":"","background-repeat":"repeat","background-position":"center center","background-size":"auto","background-attachment":"scroll","background-type":"","background-media":"","overlay-type":"","overlay-color":"","overlay-opacity":"","overlay-gradient":""},"mobile":{"background-color":"var(--ast-global-color-5)","background-image":"","background-repeat":"repeat","background-position":"center center","background-size":"auto","background-attachment":"scroll","background-type":"","background-media":"","overlay-type":"","overlay-color":"","overlay-opacity":"","overlay-gradient":""}},"footnotes":""},"class_list":["post-19328","page","type-page","status-publish","hentry"],"post_mailing_queue_ids":[],"_links":{"self":[{"href":"https:\/\/agora.xtec.cat\/ceiplaminerva\/wp-json\/wp\/v2\/pages\/19328","targetHints":{"allow":["GET"]}}],"collection":[{"href":"https:\/\/agora.xtec.cat\/ceiplaminerva\/wp-json\/wp\/v2\/pages"}],"about":[{"href":"https:\/\/agora.xtec.cat\/ceiplaminerva\/wp-json\/wp\/v2\/types\/page"}],"author":[{"embeddable":true,"href":"https:\/\/agora.xtec.cat\/ceiplaminerva\/wp-json\/wp\/v2\/users\/1"}],"replies":[{"embeddable":true,"href":"https:\/\/agora.xtec.cat\/ceiplaminerva\/wp-json\/wp\/v2\/comments?post=19328"}],"version-history":[{"count":2,"href":"https:\/\/agora.xtec.cat\/ceiplaminerva\/wp-json\/wp\/v2\/pages\/19328\/revisions"}],"predecessor-version":[{"id":19330,"href":"https:\/\/agora.xtec.cat\/ceiplaminerva\/wp-json\/wp\/v2\/pages\/19328\/revisions\/19330"}],"up":[{"embeddable":true,"href":"https:\/\/agora.xtec.cat\/ceiplaminerva\/wp-json\/wp\/v2\/pages\/920"}],"wp:attachment":[{"href":"https:\/\/agora.xtec.cat\/ceiplaminerva\/wp-json\/wp\/v2\/media?parent=19328"}],"curies":[{"name":"wp","href":"https:\/\/api.w.org\/{rel}","templated":true}]}}