{"id":19043,"date":"2025-02-08T11:43:06","date_gmt":"2025-02-08T10:43:06","guid":{"rendered":"https:\/\/agora.xtec.cat\/ceiplaminerva\/?page_id=19043"},"modified":"2025-02-08T11:56:46","modified_gmt":"2025-02-08T10:56:46","slug":"curs-scratch","status":"publish","type":"page","link":"https:\/\/agora.xtec.cat\/ceiplaminerva\/curs-scratch\/","title":{"rendered":"Curs Scracth"},"content":{"rendered":"\n<figure class=\"wp-block-image aligncenter size-full\"><a href=\"https:\/\/agora.xtec.cat\/ceiplaminerva\/wp-content\/uploads\/usu929\/2025\/02\/ScratchBlogLogo.jpg\"><img loading=\"lazy\" decoding=\"async\" width=\"1000\" height=\"288\" src=\"https:\/\/agora.xtec.cat\/ceiplaminerva\/wp-content\/uploads\/usu929\/2025\/02\/ScratchBlogLogo.jpg\" alt=\"\" class=\"wp-image-19050\" srcset=\"https:\/\/agora.xtec.cat\/ceiplaminerva\/wp-content\/uploads\/usu929\/2025\/02\/ScratchBlogLogo.jpg 1000w, https:\/\/agora.xtec.cat\/ceiplaminerva\/wp-content\/uploads\/usu929\/2025\/02\/ScratchBlogLogo-300x86.jpg 300w, https:\/\/agora.xtec.cat\/ceiplaminerva\/wp-content\/uploads\/usu929\/2025\/02\/ScratchBlogLogo-768x221.jpg 768w\" sizes=\"auto, (max-width: 1000px) 100vw, 1000px\" \/><\/a><\/figure>\n\n\n\n<div class=\"wp-block-columns is-layout-flex wp-container-core-columns-is-layout-1 wp-block-columns-is-layout-flex\">\n<div class=\"wp-block-column is-layout-flow wp-block-column-is-layout-flow\">\n<blockquote class=\"wp-embedded-content\" data-secret=\"v21EMLLYqu\"><a href=\"https:\/\/agora.xtec.cat\/ceiplaminerva\/modul-1-comenca-lscratch-aventura-scratch-3\/\">M\u00f2dul 1. Comen\u00e7a l&#8217;Scratch aventura (Scratch 3.0)<\/a><\/blockquote><iframe loading=\"lazy\" class=\"wp-embedded-content\" sandbox=\"allow-scripts\" security=\"restricted\" style=\"position: absolute; clip: rect(1px, 1px, 1px, 1px);\" title=\"&#8220;M\u00f2dul 1. Comen\u00e7a l&#8217;Scratch aventura (Scratch 3.0)&#8221; &#8212; Escola La Minerva\" src=\"https:\/\/agora.xtec.cat\/ceiplaminerva\/modul-1-comenca-lscratch-aventura-scratch-3\/embed\/#?secret=iaeLCuVRru#?secret=v21EMLLYqu\" data-secret=\"v21EMLLYqu\" width=\"500\" height=\"282\" frameborder=\"0\" marginwidth=\"0\" marginheight=\"0\" scrolling=\"no\"><\/iframe>\n<\/div>\n\n\n\n<div class=\"wp-block-column is-layout-flow wp-block-column-is-layout-flow\">\n<blockquote class=\"wp-embedded-content\" data-secret=\"4c5Tj5mqh8\"><a href=\"https:\/\/agora.xtec.cat\/ceiplaminerva\/modul-2-i-si-fem-un-joc-o-dos-scratch-3\/\">M\u00f2dul 2.  I si fem un joc? O dos (Scratch 3.0)<\/a><\/blockquote><iframe loading=\"lazy\" class=\"wp-embedded-content\" sandbox=\"allow-scripts\" security=\"restricted\" style=\"position: absolute; clip: rect(1px, 1px, 1px, 1px);\" title=\"&#8220;M\u00f2dul 2.  I si fem un joc? O dos (Scratch 3.0)&#8221; &#8212; Escola La Minerva\" src=\"https:\/\/agora.xtec.cat\/ceiplaminerva\/modul-2-i-si-fem-un-joc-o-dos-scratch-3\/embed\/#?secret=Pr2KcLgJLi#?secret=4c5Tj5mqh8\" data-secret=\"4c5Tj5mqh8\" width=\"500\" height=\"282\" frameborder=\"0\" marginwidth=\"0\" marginheight=\"0\" scrolling=\"no\"><\/iframe>\n<\/div>\n<\/div>\n\n\n\n<div class=\"wp-block-columns is-layout-flex wp-container-core-columns-is-layout-2 wp-block-columns-is-layout-flex\">\n<div class=\"wp-block-column is-layout-flow wp-block-column-is-layout-flow\">\n<blockquote class=\"wp-embedded-content\" data-secret=\"FqT2CpMUQR\"><a href=\"https:\/\/agora.xtec.cat\/ceiplaminerva\/modul-3-dissenyem-el-nostre-scapescratch-scratch-3-0\/\">M\u00f2dul 3. Dissenyem el nostre ScapeScratch (Scratch 3.0)<\/a><\/blockquote><iframe loading=\"lazy\" class=\"wp-embedded-content\" sandbox=\"allow-scripts\" security=\"restricted\" style=\"position: absolute; clip: rect(1px, 1px, 1px, 1px);\" title=\"&#8220;M\u00f2dul 3. Dissenyem el nostre ScapeScratch (Scratch 3.0)&#8221; &#8212; Escola La Minerva\" src=\"https:\/\/agora.xtec.cat\/ceiplaminerva\/modul-3-dissenyem-el-nostre-scapescratch-scratch-3-0\/embed\/#?secret=51R9Kp97BL#?secret=FqT2CpMUQR\" data-secret=\"FqT2CpMUQR\" width=\"500\" height=\"282\" frameborder=\"0\" marginwidth=\"0\" marginheight=\"0\" scrolling=\"no\"><\/iframe>\n<\/div>\n\n\n\n<div class=\"wp-block-column is-layout-flow wp-block-column-is-layout-flow\">\n<blockquote class=\"wp-embedded-content\" data-secret=\"VpajDvcnCm\"><a href=\"https:\/\/agora.xtec.cat\/ceiplaminerva\/modul-4-fem-la-nostra-volta-al-mon-en-etapes-scratch-3-0\/\">M\u00f2dul 4. Fem la nostra Volta al M\u00f3n en etapes (Scratch 3.0)<\/a><\/blockquote><iframe loading=\"lazy\" class=\"wp-embedded-content\" sandbox=\"allow-scripts\" security=\"restricted\" style=\"position: absolute; clip: rect(1px, 1px, 1px, 1px);\" title=\"&#8220;M\u00f2dul 4. Fem la nostra Volta al M\u00f3n en etapes (Scratch 3.0)&#8221; &#8212; Escola La Minerva\" src=\"https:\/\/agora.xtec.cat\/ceiplaminerva\/modul-4-fem-la-nostra-volta-al-mon-en-etapes-scratch-3-0\/embed\/#?secret=Q6P9gMQohE#?secret=VpajDvcnCm\" data-secret=\"VpajDvcnCm\" width=\"500\" height=\"282\" frameborder=\"0\" marginwidth=\"0\" marginheight=\"0\" scrolling=\"no\"><\/iframe>\n<\/div>\n<\/div>\n\n\n\n<div class=\"wp-block-columns is-layout-flex wp-container-core-columns-is-layout-3 wp-block-columns-is-layout-flex\">\n<div class=\"wp-block-column is-layout-flow wp-block-column-is-layout-flow\">\n<blockquote class=\"wp-embedded-content\" data-secret=\"JpbGyQi2EN\"><a href=\"https:\/\/agora.xtec.cat\/ceiplaminerva\/modul-5-scratch-viu-i-en-directe-scratch-3-0\/\">M\u00f2dul 5. Scratch viu i en directe (Scratch 3.0)<\/a><\/blockquote><iframe loading=\"lazy\" class=\"wp-embedded-content\" sandbox=\"allow-scripts\" security=\"restricted\" style=\"position: absolute; clip: rect(1px, 1px, 1px, 1px);\" title=\"&#8220;M\u00f2dul 5. Scratch viu i en directe (Scratch 3.0)&#8221; &#8212; Escola La Minerva\" src=\"https:\/\/agora.xtec.cat\/ceiplaminerva\/modul-5-scratch-viu-i-en-directe-scratch-3-0\/embed\/#?secret=tBqDlMgWaL#?secret=JpbGyQi2EN\" data-secret=\"JpbGyQi2EN\" width=\"500\" height=\"282\" frameborder=\"0\" marginwidth=\"0\" marginheight=\"0\" scrolling=\"no\"><\/iframe>\n<\/div>\n\n\n\n<div class=\"wp-block-column is-layout-flow wp-block-column-is-layout-flow\">\n<blockquote class=\"wp-embedded-content\" data-secret=\"eJxRc7U7BO\"><a href=\"https:\/\/agora.xtec.cat\/ceiplaminerva\/modul-6-sessio-2-bis\/\">M\u00f2dul 6. Dissenya, construeix i programa el teu robot<\/a><\/blockquote><iframe loading=\"lazy\" class=\"wp-embedded-content\" sandbox=\"allow-scripts\" security=\"restricted\" style=\"position: absolute; clip: rect(1px, 1px, 1px, 1px);\" title=\"&#8220;M\u00f2dul 6. Dissenya, construeix i programa el teu robot&#8221; &#8212; Escola La Minerva\" src=\"https:\/\/agora.xtec.cat\/ceiplaminerva\/modul-6-sessio-2-bis\/embed\/#?secret=yjKqT4z6oR#?secret=eJxRc7U7BO\" data-secret=\"eJxRc7U7BO\" width=\"500\" height=\"282\" frameborder=\"0\" marginwidth=\"0\" marginheight=\"0\" scrolling=\"no\"><\/iframe>\n<\/div>\n<\/div>\n","protected":false},"excerpt":{"rendered":"<p>M\u00f2dul 1. Comen\u00e7a l&#8217;Scratch aventura (Scratch 3.0) M\u00f2dul 2. I si fem un joc? O dos (Scratch 3.0) M\u00f2dul 3. Dissenyem el nostre ScapeScratch (Scratch 3.0) M\u00f2dul 4. Fem la nostra Volta al M\u00f3n en etapes (Scratch 3.0) M\u00f2dul 5. Scratch viu i en directe (Scratch 3.0) M\u00f2dul 6. Dissenya, construeix i programa el teu [&hellip;]<\/p>\n","protected":false},"author":1,"featured_media":0,"parent":0,"menu_order":0,"comment_status":"closed","ping_status":"close","template":"","meta":{"_bbp_topic_count":0,"_bbp_reply_count":0,"_bbp_total_topic_count":0,"_bbp_total_reply_count":0,"_bbp_voice_count":0,"_bbp_anonymous_reply_count":0,"_bbp_topic_count_hidden":0,"_bbp_reply_count_hidden":0,"_bbp_forum_subforum_count":0,"site-sidebar-layout":"default","site-content-layout":"","ast-site-content-layout":"default","site-content-style":"default","site-sidebar-style":"default","ast-global-header-display":"","ast-banner-title-visibility":"","ast-main-header-display":"","ast-hfb-above-header-display":"","ast-hfb-below-header-display":"","ast-hfb-mobile-header-display":"","site-post-title":"","ast-breadcrumbs-content":"","ast-featured-img":"","footer-sml-layout":"","theme-transparent-header-meta":"","adv-header-id-meta":"","stick-header-meta":"","header-above-stick-meta":"","header-main-stick-meta":"","header-below-stick-meta":"","astra-migrate-meta-layouts":"set","ast-page-background-enabled":"default","ast-page-background-meta":{"desktop":{"background-color":"var(--ast-global-color-4)","background-image":"","background-repeat":"repeat","background-position":"center center","background-size":"auto","background-attachment":"scroll","background-type":"","background-media":"","overlay-type":"","overlay-color":"","overlay-opacity":"","overlay-gradient":""},"tablet":{"background-color":"","background-image":"","background-repeat":"repeat","background-position":"center center","background-size":"auto","background-attachment":"scroll","background-type":"","background-media":"","overlay-type":"","overlay-color":"","overlay-opacity":"","overlay-gradient":""},"mobile":{"background-color":"","background-image":"","background-repeat":"repeat","background-position":"center center","background-size":"auto","background-attachment":"scroll","background-type":"","background-media":"","overlay-type":"","overlay-color":"","overlay-opacity":"","overlay-gradient":""}},"ast-content-background-meta":{"desktop":{"background-color":"var(--ast-global-color-5)","background-image":"","background-repeat":"repeat","background-position":"center center","background-size":"auto","background-attachment":"scroll","background-type":"","background-media":"","overlay-type":"","overlay-color":"","overlay-opacity":"","overlay-gradient":""},"tablet":{"background-color":"var(--ast-global-color-5)","background-image":"","background-repeat":"repeat","background-position":"center center","background-size":"auto","background-attachment":"scroll","background-type":"","background-media":"","overlay-type":"","overlay-color":"","overlay-opacity":"","overlay-gradient":""},"mobile":{"background-color":"var(--ast-global-color-5)","background-image":"","background-repeat":"repeat","background-position":"center center","background-size":"auto","background-attachment":"scroll","background-type":"","background-media":"","overlay-type":"","overlay-color":"","overlay-opacity":"","overlay-gradient":""}},"footnotes":""},"class_list":["post-19043","page","type-page","status-publish","hentry"],"post_mailing_queue_ids":[],"_links":{"self":[{"href":"https:\/\/agora.xtec.cat\/ceiplaminerva\/wp-json\/wp\/v2\/pages\/19043","targetHints":{"allow":["GET"]}}],"collection":[{"href":"https:\/\/agora.xtec.cat\/ceiplaminerva\/wp-json\/wp\/v2\/pages"}],"about":[{"href":"https:\/\/agora.xtec.cat\/ceiplaminerva\/wp-json\/wp\/v2\/types\/page"}],"author":[{"embeddable":true,"href":"https:\/\/agora.xtec.cat\/ceiplaminerva\/wp-json\/wp\/v2\/users\/1"}],"replies":[{"embeddable":true,"href":"https:\/\/agora.xtec.cat\/ceiplaminerva\/wp-json\/wp\/v2\/comments?post=19043"}],"version-history":[{"count":6,"href":"https:\/\/agora.xtec.cat\/ceiplaminerva\/wp-json\/wp\/v2\/pages\/19043\/revisions"}],"predecessor-version":[{"id":19067,"href":"https:\/\/agora.xtec.cat\/ceiplaminerva\/wp-json\/wp\/v2\/pages\/19043\/revisions\/19067"}],"wp:attachment":[{"href":"https:\/\/agora.xtec.cat\/ceiplaminerva\/wp-json\/wp\/v2\/media?parent=19043"}],"curies":[{"name":"wp","href":"https:\/\/api.w.org\/{rel}","templated":true}]}}