{"id":17494,"date":"2019-02-08T12:45:45","date_gmt":"2019-02-08T11:45:45","guid":{"rendered":"http:\/\/projectes.xtec.cat\/programacioirobotica\/?page_id=17494"},"modified":"2025-02-08T12:17:25","modified_gmt":"2025-02-08T11:17:25","slug":"modul-1-comenca-lscratch-aventura-scratch-3","status":"publish","type":"page","link":"https:\/\/agora.xtec.cat\/ceiplaminerva\/modul-1-comenca-lscratch-aventura-scratch-3\/","title":{"rendered":"M\u00f2dul 1. Comen\u00e7a l&#8217;Scratch aventura (Scratch 3.0)"},"content":{"rendered":"\n<p>En aquest m\u00f2dul comen\u00e7arem a treballar amb l&#8217;Scratch, un viatge al\u00b7lucinant pel cam\u00ed de la programaci\u00f3!<\/p>\n\n\n\n<p>El&nbsp;repte final d\u2019aquest m\u00f2dul ser\u00e0 la creaci\u00f3 de <strong>postals interactives<\/strong>. Per tal de resoldre el repte descobrirem l&#8217;entorn de l&#8217;Scratch i la necessitat de programar. Explorarem els objectes i els personatges que seran els protagonistes de la nostra postal. Comen\u00e7arem a programar fent un di\u00e0leg, movent els personatges &nbsp;per anar construint l&#8217;acci\u00f3 i animant els objectes i els personatges.<\/p>\n\n\n\n<figure class=\"wp-block-table\"><table><tbody><tr><td class=\"has-text-align-center\" data-align=\"center\">SESSI\u00d3<\/td><td class=\"has-text-align-center\" data-align=\"center\">PLANS DE TREBALL<\/td><td>ACTIVITATS<\/td><\/tr><tr><td class=\"has-text-align-center\" data-align=\"center\">Sessi\u00f3 1<br><a href=\"https:\/\/agora.xtec.cat\/ceiplaminerva\/modul-1-comenca-lscratch-aventura-scratch-3\/sessio-1-comencem-el-projecte\/\">Comencem: el projecte<\/a><\/td><td class=\"has-text-align-center\" data-align=\"center\">Qu\u00e8 \u00e9s l\u2019Scratch?<br>Descobrim el web de l&#8217;Scratch<br><p>Creem un usuari per comen\u00e7ar a treballar<\/p><p>Presentem el projecte<\/p><\/td><td><ul><li>Presentaci\u00f3 de l\u2019activitat<\/li><br><li>Presentaci\u00f3 del programa Scratch<\/li><br><li>L&#8217;espai del grup a l&#8217;Scratch: usuari i contrasenya<\/li><br><li>Definici\u00f3 del projecte: postal interactiva<\/li><br><li>Observaci\u00f3 d&#8217;exemples de postals a l&#8217;Scratch<\/li><\/ul><\/td><\/tr><tr><td class=\"has-text-align-center\" data-align=\"center\">Sessi\u00f3 2<br><a href=\"https:\/\/agora.xtec.cat\/ceiplaminerva\/modul-1-comenca-lscratch-aventura-scratch-3\/sessio-2-creem-personatges-i-els-fem-parlar\/\">Creem personatges i els fem parlar<\/a><\/td><td class=\"has-text-align-center\" data-align=\"center\">Planificaci\u00f3 del projecte<br>L\u2019entorn de programaci\u00f3 de l\u2019Scratch<br><p>Creaci\u00f3 de personatges<\/p><p>Di\u00e0leg entre personatges<\/p><\/td><td><ul><li>Definici\u00f3 del projecte de grup<\/li><br><li>Descoberta de la interf\u00edcie de l&#8217;Scratch<\/li><br><li>Afegir personatges<\/li><br><li>Di\u00e0legs entre personatges<\/li><\/ul><\/td><\/tr><tr><td class=\"has-text-align-center\" data-align=\"center\">Sessi\u00f3 3<br><a href=\"https:\/\/agora.xtec.cat\/ceiplaminerva\/modul-1-comenca-lscratch-aventura-scratch-3\/sessio-3-movem-els-personatges\/\">Movem els personatges<\/a><\/td><td class=\"has-text-align-center\" data-align=\"center\">Els personatges es poden moure?<br>El bloc de moviment<br><p>Primers moviments: mou-te, rebota, fixa la rotaci\u00f3, posici\u00f3 inicial, ves a, llisca<\/p><p>Estructura iterativa<\/p><p>Direcci\u00f3 del moviment<\/p><p>Personatges animats<\/p><\/td><td><ul><li>Primers moviments, rebota, fixa la rotaci\u00f3, posici\u00f3 inicial,\u00a0v\u00e9s a, llisca.<\/li><br><li>Moviments amb canvis de vestit<\/li><\/ul><\/td><\/tr><tr><td class=\"has-text-align-center\" data-align=\"center\">Sessi\u00f3 4<br><a href=\"https:\/\/agora.xtec.cat\/ceiplaminerva\/modul-1-comenca-lscratch-aventura-scratch-3\/sessio-4-incorporem-hi-mes-personatges\/\">Incorporem-hi m\u00e9s personatges<\/a><\/td><td class=\"has-text-align-center\" data-align=\"center\">Dibuixar personatges<br>Editar vestits<br><p>Mode mapa de bits i mode vectorial<\/p><p>Importaci\u00f3 de personatges<\/p><p>Respecte als drets d\u2019autor<\/p><p>\u00das de la c\u00e0mera per crear personatges<\/p><\/td><td><ul><li>Creaci\u00f3 de personatges<\/li><br><li>Disseny de personatges: galeria i categories, esborrar i duplicar<\/li><br><li>Gesti\u00f3 de l\u2019aspecte dels personatges (mida, color\u2026)<\/li><br><li>Disseny d\u2019un personatge propi<\/li><br><li>Drets d&#8217;autor: llic\u00e8ncies Creative Commons<\/li><\/ul><\/td><\/tr><tr><td class=\"has-text-align-center\" data-align=\"center\">Sessi\u00f3 5<br><a href=\"https:\/\/agora.xtec.cat\/ceiplaminerva\/modul-1-comenca-lscratch-aventura-scratch-3\/sessio-5-ens-movem-en-totes-direccions\/\">Ens movem en totes direccions<\/a><\/td><td class=\"has-text-align-center\" data-align=\"center\">Propietats dels personatges<br><br>Els personatges saben dibuixar<br><p>El bloc \u201cllapis\u201d<\/p><p>Dibuixem pol\u00edgons i estrelles<\/p><\/td><td><ul><li>Propietats dels personatges<\/li><br><li>Control de les direccions dels personatges en l&#8217;inici i el moviment<\/li><br><li>Dibuix mitjan\u00e7ant moviment d&#8217;un personatge<\/li><br><li>Estructura iterativa<\/li><\/ul><\/td><\/tr><tr><td class=\"has-text-align-center\" data-align=\"center\">Sessi\u00f3 6<br><a href=\"https:\/\/agora.xtec.cat\/ceiplaminerva\/modul-1-comenca-lscratch-aventura-scratch-3\/sessio-6-dissenyem-lescenari\/\">Dissenyem l&#8217;escenari<\/a><\/td><td class=\"has-text-align-center\" data-align=\"center\">On s\u00f3n els personatges?<\/td><td><ul><li>Creaci\u00f3 d&#8217;un escenari<\/li><br><li>Disseny i modificaci\u00f3 del fons<\/li><br><li>Efectes sobre els escenaris<\/li><\/ul><\/td><\/tr><tr><td class=\"has-text-align-center\" data-align=\"center\">Sessi\u00f3 7<br><a href=\"https:\/\/agora.xtec.cat\/ceiplaminerva\/modul-1-comenca-lscratch-aventura-scratch-3\/sessio-7-efectes-grafics-dels-personatges\/\">Efectes gr\u00e0fics dels personatges<\/a><\/td><td class=\"has-text-align-center\" data-align=\"center\">Efectes gr\u00e0fics dels personatges<br>Altres propietats dels personatges<br><p>Dibuix de figures i estampaci\u00f3 de personatges<\/p><p>Nombres aleatoris<\/p><p>Coordenades de l\u2019escenari<\/p><\/td><td><ul><li>Canvis d&#8217;aspecte dels personatges<\/li><br><li>Accions aleat\u00f2ries<\/li><\/ul><\/td><\/tr><tr><td class=\"has-text-align-center\" data-align=\"center\">Sessi\u00f3 8<br><a href=\"https:\/\/agora.xtec.cat\/ceiplaminerva\/modul-1-comenca-lscratch-aventura-scratch-3\/sessio-8-efectes-de-so-i-musica\/\">Efectes de so<\/a><\/td><td class=\"has-text-align-center\" data-align=\"center\">Afegim so des de la galeria<br>Enregistrament de so<br><p>Afegim so des d&#8217;un fitxer<\/p><p>Fem m\u00fasica<\/p><\/td><td><ul><li>\u00das de sons de la galeria<\/li><br><li>Enregistrament de sons i afegir-los<\/li><br><li>Creaci\u00f3 de m\u00fasica amb l&#8217;extensi\u00f3: instruments, notes i tempo<\/li><\/ul><\/td><\/tr><tr><td class=\"has-text-align-center\" data-align=\"center\">Sessi\u00f3 9<br><a href=\"https:\/\/agora.xtec.cat\/ceiplaminerva\/modul-1-comenca-lscratch-aventura-scratch-3\/sessio-9-potser-si-potser-no\/\">Potser s\u00ed, potser no<\/a><\/td><td class=\"has-text-align-center\" data-align=\"center\">Estructures condicionals<br>Expressions l\u00f2giques<br><p>Sensors i operadors<\/p><p>Preguntes i respostes<\/p><\/td><td><ul><li><span style=\"font-weight: 400;\">C\u00f2pia i canvi de nom dels projectes<\/span><\/li><br><li><span style=\"font-weight: 400;\">Estructura condicional. \u00das d\u2019expressions l\u00f2giques<\/span><\/li><br><li><span style=\"font-weight: 400;\">Finalitzaci\u00f3 d\u2019una estructura iterativa amb una estructura condicional<\/span><\/li><br><li><span style=\"font-weight: 400;\">Comunicaci\u00f3 amb l\u2019usuari<\/span><\/li><\/ul><\/td><\/tr><tr><td class=\"has-text-align-center\" data-align=\"center\">Sessi\u00f3 10<br><a href=\"https:\/\/agora.xtec.cat\/ceiplaminerva\/modul-1-comenca-lscratch-aventura-scratch-3\/sessio-10-els-personatges-es-comuniquen\/\">Els personatges es comuniquen<\/a><\/td><td class=\"has-text-align-center\" data-align=\"center\">Esdeveniments<br>Enviament de missatges<\/td><td><ul><li>Enviament de missatges entre personatges<\/li><br><li>Treballar amb les Scratch Cards<\/li><\/ul><\/td><\/tr><tr><td class=\"has-text-align-center\" data-align=\"center\">Sessi\u00f3 11<br><a href=\"https:\/\/agora.xtec.cat\/ceiplaminerva\/modul-1-comenca-lscratch-aventura-scratch-3\/sessio-11-i-ara-acabem-el-nostre-projecte\/\">I ara acabem el nostre projecte<\/a><\/td><td class=\"has-text-align-center\" data-align=\"center\">Revisi\u00f3 de la descripci\u00f3 del projecte<br>Programaci\u00f3 del projecte<br><p>Aprofitar altres projectes o programes<\/p><p>Control de funcionament del projecte<\/p><\/td><td><ul><li>Descripci\u00f3 final de projecte<\/li><br><li>Copia de projectes i programes<\/li><br><li>Programaci\u00f3 del projecte<\/li><\/ul><\/td><\/tr><tr><td class=\"has-text-align-center\" data-align=\"center\">Sessi\u00f3 12<br><a href=\"https:\/\/agora.xtec.cat\/ceiplaminerva\/modul-1-comenca-lscratch-aventura-scratch-3\/sessio-12-presentem-el-nostre-projecte-i-el-valorem\/\">Presentem el nostre projecte i el valorem<\/a><\/td><td class=\"has-text-align-center\" data-align=\"center\">Com fer una presentaci\u00f3?<br>Ens autoavaluem<br><p>Ens avaluem com a grup<\/p><\/td><td><ul><li>Pautes per dur a terme la presentaci\u00f3 del projecte<\/li><br><li>Coavaluaci\u00f3 del grup<\/li><br><li>Autoavaluaci\u00f3 dels alumnes<\/li><\/ul><\/td><\/tr><\/tbody><\/table><\/figure>\n","protected":false},"excerpt":{"rendered":"<p>En aquest m\u00f2dul comen\u00e7arem a treballar amb l&#8217;Scratch, un viatge al\u00b7lucinant pel cam\u00ed de la programaci\u00f3! El&nbsp;repte final d\u2019aquest m\u00f2dul ser\u00e0 la creaci\u00f3 de postals interactives. Per tal de resoldre el repte descobrirem l&#8217;entorn de l&#8217;Scratch i la necessitat de programar. Explorarem els objectes i els personatges que seran els protagonistes de la nostra postal. [&hellip;]<\/p>\n","protected":false},"author":1,"featured_media":0,"parent":0,"menu_order":15,"comment_status":"closed","ping_status":"closed","template":"","meta":{"_bbp_topic_count":0,"_bbp_reply_count":0,"_bbp_total_topic_count":0,"_bbp_total_reply_count":0,"_bbp_voice_count":0,"_bbp_anonymous_reply_count":0,"_bbp_topic_count_hidden":0,"_bbp_reply_count_hidden":0,"_bbp_forum_subforum_count":0,"site-sidebar-layout":"default","site-content-layout":"","ast-site-content-layout":"default","site-content-style":"default","site-sidebar-style":"default","ast-global-header-display":"","ast-banner-title-visibility":"","ast-main-header-display":"","ast-hfb-above-header-display":"","ast-hfb-below-header-display":"","ast-hfb-mobile-header-display":"","site-post-title":"","ast-breadcrumbs-content":"","ast-featured-img":"","footer-sml-layout":"","theme-transparent-header-meta":"","adv-header-id-meta":"","stick-header-meta":"","header-above-stick-meta":"","header-main-stick-meta":"","header-below-stick-meta":"","astra-migrate-meta-layouts":"set","ast-page-background-enabled":"default","ast-page-background-meta":{"desktop":{"background-color":"var(--ast-global-color-4)","background-image":"","background-repeat":"repeat","background-position":"center center","background-size":"auto","background-attachment":"scroll","background-type":"","background-media":"","overlay-type":"","overlay-color":"","overlay-opacity":"","overlay-gradient":""},"tablet":{"background-color":"","background-image":"","background-repeat":"repeat","background-position":"center center","background-size":"auto","background-attachment":"scroll","background-type":"","background-media":"","overlay-type":"","overlay-color":"","overlay-opacity":"","overlay-gradient":""},"mobile":{"background-color":"","background-image":"","background-repeat":"repeat","background-position":"center center","background-size":"auto","background-attachment":"scroll","background-type":"","background-media":"","overlay-type":"","overlay-color":"","overlay-opacity":"","overlay-gradient":""}},"ast-content-background-meta":{"desktop":{"background-color":"var(--ast-global-color-5)","background-image":"","background-repeat":"repeat","background-position":"center center","background-size":"auto","background-attachment":"scroll","background-type":"","background-media":"","overlay-type":"","overlay-color":"","overlay-opacity":"","overlay-gradient":""},"tablet":{"background-color":"var(--ast-global-color-5)","background-image":"","background-repeat":"repeat","background-position":"center center","background-size":"auto","background-attachment":"scroll","background-type":"","background-media":"","overlay-type":"","overlay-color":"","overlay-opacity":"","overlay-gradient":""},"mobile":{"background-color":"var(--ast-global-color-5)","background-image":"","background-repeat":"repeat","background-position":"center center","background-size":"auto","background-attachment":"scroll","background-type":"","background-media":"","overlay-type":"","overlay-color":"","overlay-opacity":"","overlay-gradient":""}},"footnotes":""},"class_list":["post-17494","page","type-page","status-publish","hentry"],"post_mailing_queue_ids":[],"_links":{"self":[{"href":"https:\/\/agora.xtec.cat\/ceiplaminerva\/wp-json\/wp\/v2\/pages\/17494","targetHints":{"allow":["GET"]}}],"collection":[{"href":"https:\/\/agora.xtec.cat\/ceiplaminerva\/wp-json\/wp\/v2\/pages"}],"about":[{"href":"https:\/\/agora.xtec.cat\/ceiplaminerva\/wp-json\/wp\/v2\/types\/page"}],"author":[{"embeddable":true,"href":"https:\/\/agora.xtec.cat\/ceiplaminerva\/wp-json\/wp\/v2\/users\/1"}],"replies":[{"embeddable":true,"href":"https:\/\/agora.xtec.cat\/ceiplaminerva\/wp-json\/wp\/v2\/comments?post=17494"}],"version-history":[{"count":4,"href":"https:\/\/agora.xtec.cat\/ceiplaminerva\/wp-json\/wp\/v2\/pages\/17494\/revisions"}],"predecessor-version":[{"id":19106,"href":"https:\/\/agora.xtec.cat\/ceiplaminerva\/wp-json\/wp\/v2\/pages\/17494\/revisions\/19106"}],"wp:attachment":[{"href":"https:\/\/agora.xtec.cat\/ceiplaminerva\/wp-json\/wp\/v2\/media?parent=17494"}],"curies":[{"name":"wp","href":"https:\/\/api.w.org\/{rel}","templated":true}]}}