{"id":1171,"date":"2024-09-09T09:00:32","date_gmt":"2024-09-09T07:00:32","guid":{"rendered":"http:\/\/agora.xtec.cat\/ceiplaminerva\/?page_id=1171"},"modified":"2025-05-12T12:14:05","modified_gmt":"2025-05-12T10:14:05","slug":"edc","status":"publish","type":"page","link":"https:\/\/agora.xtec.cat\/ceiplaminerva\/organitzacio-i-funcionament\/edc\/","title":{"rendered":"Estrat\u00e8gia Digital de Centre (EDC)"},"content":{"rendered":"\n<p>L&#8217;Estrat\u00e8gia Digital de Centre (EDC) \u00e9s un instrument per a la planificaci\u00f3 i governan\u00e7a de la tecnologia en el marc de l&#8217;autonomia de centre i del seu projecte educatiu. Els objectius de l&#8217;Estrat\u00e8gia Digital de Centre s\u00f3n, entre d&#8217;altres:<\/p>\n\n\n\n<ul class=\"wp-block-list\">\n<li>Planificar el desplegament i la inserci\u00f3 de les eines digitals en els \u00e0mbits educatiu, administratiu i comunicatiu.<\/li>\n\n\n\n<li>Promoure l&#8217;assoliment de la compet\u00e8ncia digital per part de tots els alumnes.<\/li>\n\n\n\n<li>Promoure l&#8217;assoliment de la Compet\u00e8ncia Digital Docent per part de tots els mestres.<\/li>\n\n\n\n<li>Impulsar els usos curriculars de les tecnologies digitals, i fer-ne el seguiment i avaluaci\u00f3.<\/li>\n\n\n\n<li>Assignar responsabilitats compartides en la gesti\u00f3 de la tecnologia de centre.<\/li>\n\n\n\n<li>Vetllar pel compliment de la normativa en els usos de la tecnologia, especialment en all\u00f2 que estableix la Llei Org\u00e0nica 15\/1999, de 13 de desembre, de protecci\u00f3 de dades de car\u00e0cter personal (LOPD) i a la Llei de Propietat Intel\u00b7lectual (LPI).<\/li>\n\n\n\n<li>Establir criteris per a la definici\u00f3 de les prioritats de dotaci\u00f3 dels recursos tecnol\u00f2gics i d&#8217;assessorament i de formaci\u00f3 dels docents.<\/li>\n\n\n\n<li>Establir la pres\u00e8ncia del centre a internet (Portal de Centre, plataforma virtual).<\/li>\n<\/ul>\n\n\n\n<figure class=\"wp-block-image aligncenter\"><img loading=\"lazy\" decoding=\"async\" width=\"1024\" height=\"729\" src=\"https:\/\/agora.xtec.cat\/ceiplaminerva\/wp-content\/uploads\/usu929\/2024\/09\/Que-es-lEstrategia-Digital-de-Centre-Prat-Educacio-1024x729.jpg\" alt=\"\" class=\"wp-image-2489\" srcset=\"https:\/\/agora.xtec.cat\/ceiplaminerva\/wp-content\/uploads\/usu929\/2024\/09\/Que-es-lEstrategia-Digital-de-Centre-Prat-Educacio-1024x729.jpg 1024w, https:\/\/agora.xtec.cat\/ceiplaminerva\/wp-content\/uploads\/usu929\/2024\/09\/Que-es-lEstrategia-Digital-de-Centre-Prat-Educacio-300x214.jpg 300w, https:\/\/agora.xtec.cat\/ceiplaminerva\/wp-content\/uploads\/usu929\/2024\/09\/Que-es-lEstrategia-Digital-de-Centre-Prat-Educacio-768x547.jpg 768w, https:\/\/agora.xtec.cat\/ceiplaminerva\/wp-content\/uploads\/usu929\/2024\/09\/Que-es-lEstrategia-Digital-de-Centre-Prat-Educacio.jpg 1270w\" sizes=\"auto, (max-width: 1024px) 100vw, 1024px\" \/><\/figure>\n","protected":false},"excerpt":{"rendered":"<p>L&#8217;Estrat\u00e8gia Digital de Centre (EDC) \u00e9s un instrument per a la planificaci\u00f3 i governan\u00e7a de la tecnologia en el marc de l&#8217;autonomia de centre i del seu projecte educatiu. Els objectius de l&#8217;Estrat\u00e8gia Digital de Centre s\u00f3n, entre d&#8217;altres:<\/p>\n","protected":false},"author":1,"featured_media":0,"parent":920,"menu_order":30,"comment_status":"closed","ping_status":"closed","template":"","meta":{"_bbp_topic_count":0,"_bbp_reply_count":0,"_bbp_total_topic_count":0,"_bbp_total_reply_count":0,"_bbp_voice_count":0,"_bbp_anonymous_reply_count":0,"_bbp_topic_count_hidden":0,"_bbp_reply_count_hidden":0,"_bbp_forum_subforum_count":0,"site-sidebar-layout":"default","site-content-layout":"","ast-site-content-layout":"default","site-content-style":"default","site-sidebar-style":"default","ast-global-header-display":"","ast-banner-title-visibility":"","ast-main-header-display":"","ast-hfb-above-header-display":"","ast-hfb-below-header-display":"","ast-hfb-mobile-header-display":"","site-post-title":"","ast-breadcrumbs-content":"","ast-featured-img":"","footer-sml-layout":"","theme-transparent-header-meta":"default","adv-header-id-meta":"","stick-header-meta":"","header-above-stick-meta":"","header-main-stick-meta":"","header-below-stick-meta":"","astra-migrate-meta-layouts":"set","ast-page-background-enabled":"default","ast-page-background-meta":{"desktop":{"background-color":"var(--ast-global-color-4)","background-image":"","background-repeat":"repeat","background-position":"center center","background-size":"auto","background-attachment":"scroll","background-type":"","background-media":"","overlay-type":"","overlay-color":"","overlay-opacity":"","overlay-gradient":""},"tablet":{"background-color":"","background-image":"","background-repeat":"repeat","background-position":"center center","background-size":"auto","background-attachment":"scroll","background-type":"","background-media":"","overlay-type":"","overlay-color":"","overlay-opacity":"","overlay-gradient":""},"mobile":{"background-color":"","background-image":"","background-repeat":"repeat","background-position":"center center","background-size":"auto","background-attachment":"scroll","background-type":"","background-media":"","overlay-type":"","overlay-color":"","overlay-opacity":"","overlay-gradient":""}},"ast-content-background-meta":{"desktop":{"background-color":"var(--ast-global-color-5)","background-image":"","background-repeat":"repeat","background-position":"center center","background-size":"auto","background-attachment":"scroll","background-type":"","background-media":"","overlay-type":"","overlay-color":"","overlay-opacity":"","overlay-gradient":""},"tablet":{"background-color":"var(--ast-global-color-5)","background-image":"","background-repeat":"repeat","background-position":"center center","background-size":"auto","background-attachment":"scroll","background-type":"","background-media":"","overlay-type":"","overlay-color":"","overlay-opacity":"","overlay-gradient":""},"mobile":{"background-color":"var(--ast-global-color-5)","background-image":"","background-repeat":"repeat","background-position":"center center","background-size":"auto","background-attachment":"scroll","background-type":"","background-media":"","overlay-type":"","overlay-color":"","overlay-opacity":"","overlay-gradient":""}},"footnotes":""},"class_list":["post-1171","page","type-page","status-publish","hentry"],"post_mailing_queue_ids":[],"_links":{"self":[{"href":"https:\/\/agora.xtec.cat\/ceiplaminerva\/wp-json\/wp\/v2\/pages\/1171","targetHints":{"allow":["GET"]}}],"collection":[{"href":"https:\/\/agora.xtec.cat\/ceiplaminerva\/wp-json\/wp\/v2\/pages"}],"about":[{"href":"https:\/\/agora.xtec.cat\/ceiplaminerva\/wp-json\/wp\/v2\/types\/page"}],"author":[{"embeddable":true,"href":"https:\/\/agora.xtec.cat\/ceiplaminerva\/wp-json\/wp\/v2\/users\/1"}],"replies":[{"embeddable":true,"href":"https:\/\/agora.xtec.cat\/ceiplaminerva\/wp-json\/wp\/v2\/comments?post=1171"}],"version-history":[{"count":5,"href":"https:\/\/agora.xtec.cat\/ceiplaminerva\/wp-json\/wp\/v2\/pages\/1171\/revisions"}],"predecessor-version":[{"id":19434,"href":"https:\/\/agora.xtec.cat\/ceiplaminerva\/wp-json\/wp\/v2\/pages\/1171\/revisions\/19434"}],"up":[{"embeddable":true,"href":"https:\/\/agora.xtec.cat\/ceiplaminerva\/wp-json\/wp\/v2\/pages\/920"}],"wp:attachment":[{"href":"https:\/\/agora.xtec.cat\/ceiplaminerva\/wp-json\/wp\/v2\/media?parent=1171"}],"curies":[{"name":"wp","href":"https:\/\/api.w.org\/{rel}","templated":true}]}}