{"id":1072,"date":"2024-09-08T18:30:02","date_gmt":"2024-09-08T16:30:02","guid":{"rendered":"http:\/\/agora.xtec.cat\/ceiplaminerva\/?page_id=1072"},"modified":"2025-05-12T12:05:23","modified_gmt":"2025-05-12T10:05:23","slug":"consell-escolar-2","status":"publish","type":"page","link":"https:\/\/agora.xtec.cat\/ceiplaminerva\/lescola-2\/consell-escolar-2\/","title":{"rendered":"Consell Escolar"},"content":{"rendered":"\n<h5 class=\"wp-block-heading\">Components:<\/h5>\n\n\n\n<p>EQUIP DIRECTIU<\/p>\n\n\n\n<p>Merc\u00e8 Pitarch (directora), Vanessa Exp\u00f3sito (cap d\u2019estudis), Adri\u00e0 Buch (secretari)<\/p>\n\n\n\n<p>REPRESENTANTS DELS MESTRES<\/p>\n\n\n\n<p>Merc\u00e8 M\u00e9ndez, Anna Allu\u00e9, Marta Ten, Esther P\u00e9rez, Anna Heras<\/p>\n\n\n\n<p>REPRESENTANT DE L\u2019AFA<\/p>\n\n\n\n<p>Adil Marouan (president de l&#8217;AFA)<\/p>\n\n\n\n<p>SECTOR MARES I PARES<\/p>\n\n\n\n<p>Montse Estragu\u00e9, Sabrina Priscila Laguna i Klodiana Kulla<\/p>\n\n\n\n<p>REPRESENTANT DEL PERSONAL D\u2019ADMINISTRACI\u00d3 I SERVEIS:<\/p>\n\n\n\n<p>Silvia Gaja (representant del PAS)<\/p>\n\n\n\n<p>REPRESENTANT DE L\u2019AJUNTAMENT<\/p>\n\n\n\n<p>Mariceli Santaren&nbsp; (Regidora d\u2019educaci\u00f3, joventut, participaci\u00f3, igualtat i biblioteca municipal) i Margaret Llahuet (\u00e0rea d\u2019educaci\u00f3).<\/p>\n\n\n\n<p>Els membres del Consell Escolar es reuneixen quatre vegades al llarg d&#8217;un curs i quan calgui en sessions extraordin\u00e0ries.<\/p>\n\n\n\n<figure class=\"wp-block-table\"><table><tbody><tr><td colspan=\"4\"><strong>CALENDARI DE REUNIONS DEL CONSELL ESCOLAR<\/strong><\/td><\/tr><tr><td>1r Trimestre OCTUBRE<\/td><td>2n Trimestre GENER I MAR\u00c7<\/td><td>3r Trimestre MAIG<\/td><td>3r TrimestreJUNY<\/td><\/tr><\/tbody><\/table><\/figure>\n\n\n\n<p><b>&#8211; Acords presos en consell escolar:<\/b><\/p>\n\n\n\n<div>Els acords de les actes s\u00f3n:<\/div>\n\n\n\n<div>&nbsp;<\/div>\n\n\n\n<div>Sessi\u00f3 del 30 de gener de 2025.<\/div>\n\n\n\n<div>1. Aprovaci\u00f3 de la liquidaci\u00f3 de l&#8217;exercici 2024.<\/div>\n\n\n\n<div>2. Aprovaci\u00f3 del pressupost de l&#8217;exercici 2025.<\/div>\n\n\n\n<div>&nbsp;<\/div>\n\n\n\n<div>&nbsp;<\/div>\n\n\n\n<div>Sessi\u00f3 del ___ de ____ de 2024<\/div>\n\n\n\n<div>1.<\/div>\n\n\n\n<div>2.<\/div>\n\n\n\n<div>&nbsp;<\/div>\n\n\n\n<div>Sessi\u00f3 del 31 de gener de 2023:<\/div>\n\n\n\n<div>&nbsp;<\/div>\n\n\n\n<div>1.&nbsp;S\u2019aprova la liquidaci\u00f3 de l\u2019any 2022 i el pressupost per l\u2019any 2023 per unanimitat.<\/div>\n\n\n\n<div>&nbsp;<\/div>\n\n\n\n<div>&nbsp;<\/div>\n\n\n\n<div>&nbsp;<\/div>\n\n\n\n<div>Sessi\u00f3 del 23 de juny de 2023:<\/div>\n\n\n\n<div>&nbsp;<\/div>\n\n\n\n<div>1. S\u2019aprova el PEM.<\/div>\n\n\n\n<div>&nbsp;<\/div>\n\n\n\n<div>&nbsp;<\/div>\n\n\n\n<div>&nbsp;<\/div>\n\n\n\n<div>Sessi\u00f3 del 24 d&#8217;octubre de 2023:<\/div>\n\n\n\n<div>&nbsp;<\/div>\n\n\n\n<div>1.S\u2019aprova la PGA per unanimitat.<\/div>\n\n\n\n<p><span style=\"font-weight: 400;\">Sessi\u00f3 del 7 de desembre de 2022:<\/span><\/p>\n\n\n\n<ol class=\"wp-block-list\">\n<li><span style=\"font-weight: 400;\">S\u2019aproven les activitats palanca del projecte PMOEPROA+.<\/span><\/li>\n<\/ol>\n\n\n\n<p><span style=\"font-weight: 400;\">Sessi\u00f3 del 17 d\u2019octubre de 2022:<\/span><\/p>\n\n\n\n<ol class=\"wp-block-list\">\n<li><span style=\"font-weight: 400;\">S\u2019aproven les actes pendents d\u2019aprovaci\u00f3.<\/span><\/li>\n\n\n\n<li><span style=\"font-weight: 400;\">S\u2019aprova la PGA del curs 22-23.<\/span><\/li>\n\n\n\n<li><span style=\"font-weight: 400;\">S\u2019aprova la Mem\u00f2ria del curs 21-22.<\/span><\/li>\n<\/ol>\n\n\n\n<p><span style=\"font-weight: 400;\">Sessi\u00f3 del 23 de juny de 2022:<\/span><\/p>\n\n\n\n<ol class=\"wp-block-list\">\n<li><span style=\"font-weight: 400;\">S\u2019aproven les actes pendents d\u2019aprovaci\u00f3.<\/span><\/li>\n\n\n\n<li><span style=\"font-weight: 400;\">S\u2019aprova el calendari pel curs 22-23 i la jornada d\u2019adaptaci\u00f3 de I.3.<\/span><\/li>\n\n\n\n<li><span style=\"font-weight: 400;\">S\u2019aprova el projecte aquiproubullying.<\/span><\/li>\n<\/ol>\n\n\n\n<p><span style=\"font-weight: 400;\">Sessi\u00f3 del 20 de desembre de 2021:<\/span><\/p>\n\n\n\n<ol class=\"wp-block-list\">\n<li><span style=\"font-weight: 400;\">S\u2019aprova el Pla de millora d\u2019oportunitats educatives.<\/span><\/li>\n<\/ol>\n\n\n\n<p><span style=\"font-weight: 400;\">Sessi\u00f3 del 30 de novembre de 2021:<\/span><\/p>\n\n\n\n<ol class=\"wp-block-list\">\n<li><span style=\"font-weight: 400;\">Es constitueix el consell escolar amb els nous membres.<\/span><\/li>\n<\/ol>\n\n\n\n<p><span style=\"font-weight: 400;\">Sessi\u00f3 del 13 d\u2019octubre de 2021:<\/span><\/p>\n\n\n\n<ol class=\"wp-block-list\">\n<li><span style=\"font-weight: 400;\">S\u2019aprova l\u2019acta anterior.<\/span><\/li>\n\n\n\n<li><span style=\"font-weight: 400;\">S\u2019aprova la mem\u00f2ria del curs 20-21.<\/span><\/li>\n\n\n\n<li><span style=\"font-weight: 400;\">S\u2019aprova la PGA pel curs 21-22.<\/span><\/li>\n<\/ol>\n\n\n\n<p><span style=\"font-weight: 400;\">Sessi\u00f3 del 8 de setembre de 2021:<\/span><\/p>\n\n\n\n<ol class=\"wp-block-list\">\n<li><span style=\"font-weight: 400;\">S\u2019aprova el pla d\u2019obertura del curs 21-21.<\/span><\/li>\n<\/ol>\n","protected":false},"excerpt":{"rendered":"<p>Components: EQUIP DIRECTIU Merc\u00e8 Pitarch (directora), Vanessa Exp\u00f3sito (cap d\u2019estudis), Adri\u00e0 Buch (secretari) REPRESENTANTS DELS MESTRES Merc\u00e8 M\u00e9ndez, Anna Allu\u00e9, Marta Ten, Esther P\u00e9rez, Anna Heras REPRESENTANT DE L\u2019AFA Adil Marouan (president de l&#8217;AFA) SECTOR MARES I PARES Montse Estragu\u00e9, Sabrina Priscila Laguna i Klodiana Kulla REPRESENTANT DEL PERSONAL D\u2019ADMINISTRACI\u00d3 I SERVEIS: Silvia Gaja (representant [&hellip;]<\/p>\n","protected":false},"author":1,"featured_media":0,"parent":536,"menu_order":60,"comment_status":"closed","ping_status":"closed","template":"","meta":{"_bbp_topic_count":0,"_bbp_reply_count":0,"_bbp_total_topic_count":0,"_bbp_total_reply_count":0,"_bbp_voice_count":0,"_bbp_anonymous_reply_count":0,"_bbp_topic_count_hidden":0,"_bbp_reply_count_hidden":0,"_bbp_forum_subforum_count":0,"site-sidebar-layout":"default","site-content-layout":"","ast-site-content-layout":"default","site-content-style":"default","site-sidebar-style":"default","ast-global-header-display":"","ast-banner-title-visibility":"","ast-main-header-display":"","ast-hfb-above-header-display":"","ast-hfb-below-header-display":"","ast-hfb-mobile-header-display":"","site-post-title":"","ast-breadcrumbs-content":"","ast-featured-img":"","footer-sml-layout":"","theme-transparent-header-meta":"default","adv-header-id-meta":"","stick-header-meta":"","header-above-stick-meta":"","header-main-stick-meta":"","header-below-stick-meta":"","astra-migrate-meta-layouts":"set","ast-page-background-enabled":"default","ast-page-background-meta":{"desktop":{"background-color":"var(--ast-global-color-4)","background-image":"","background-repeat":"repeat","background-position":"center center","background-size":"auto","background-attachment":"scroll","background-type":"","background-media":"","overlay-type":"","overlay-color":"","overlay-opacity":"","overlay-gradient":""},"tablet":{"background-color":"","background-image":"","background-repeat":"repeat","background-position":"center center","background-size":"auto","background-attachment":"scroll","background-type":"","background-media":"","overlay-type":"","overlay-color":"","overlay-opacity":"","overlay-gradient":""},"mobile":{"background-color":"","background-image":"","background-repeat":"repeat","background-position":"center center","background-size":"auto","background-attachment":"scroll","background-type":"","background-media":"","overlay-type":"","overlay-color":"","overlay-opacity":"","overlay-gradient":""}},"ast-content-background-meta":{"desktop":{"background-color":"var(--ast-global-color-5)","background-image":"","background-repeat":"repeat","background-position":"center center","background-size":"auto","background-attachment":"scroll","background-type":"","background-media":"","overlay-type":"","overlay-color":"","overlay-opacity":"","overlay-gradient":""},"tablet":{"background-color":"var(--ast-global-color-5)","background-image":"","background-repeat":"repeat","background-position":"center center","background-size":"auto","background-attachment":"scroll","background-type":"","background-media":"","overlay-type":"","overlay-color":"","overlay-opacity":"","overlay-gradient":""},"mobile":{"background-color":"var(--ast-global-color-5)","background-image":"","background-repeat":"repeat","background-position":"center center","background-size":"auto","background-attachment":"scroll","background-type":"","background-media":"","overlay-type":"","overlay-color":"","overlay-opacity":"","overlay-gradient":""}},"footnotes":""},"class_list":["post-1072","page","type-page","status-publish","hentry"],"post_mailing_queue_ids":[],"_links":{"self":[{"href":"https:\/\/agora.xtec.cat\/ceiplaminerva\/wp-json\/wp\/v2\/pages\/1072","targetHints":{"allow":["GET"]}}],"collection":[{"href":"https:\/\/agora.xtec.cat\/ceiplaminerva\/wp-json\/wp\/v2\/pages"}],"about":[{"href":"https:\/\/agora.xtec.cat\/ceiplaminerva\/wp-json\/wp\/v2\/types\/page"}],"author":[{"embeddable":true,"href":"https:\/\/agora.xtec.cat\/ceiplaminerva\/wp-json\/wp\/v2\/users\/1"}],"replies":[{"embeddable":true,"href":"https:\/\/agora.xtec.cat\/ceiplaminerva\/wp-json\/wp\/v2\/comments?post=1072"}],"version-history":[{"count":6,"href":"https:\/\/agora.xtec.cat\/ceiplaminerva\/wp-json\/wp\/v2\/pages\/1072\/revisions"}],"predecessor-version":[{"id":19425,"href":"https:\/\/agora.xtec.cat\/ceiplaminerva\/wp-json\/wp\/v2\/pages\/1072\/revisions\/19425"}],"up":[{"embeddable":true,"href":"https:\/\/agora.xtec.cat\/ceiplaminerva\/wp-json\/wp\/v2\/pages\/536"}],"wp:attachment":[{"href":"https:\/\/agora.xtec.cat\/ceiplaminerva\/wp-json\/wp\/v2\/media?parent=1072"}],"curies":[{"name":"wp","href":"https:\/\/api.w.org\/{rel}","templated":true}]}}