{"id":865,"date":"2024-09-09T09:00:46","date_gmt":"2024-09-09T07:00:46","guid":{"rendered":"https:\/\/agora.xtec.cat\/ceiplajota\/?page_id=865"},"modified":"2025-02-09T00:19:41","modified_gmt":"2025-02-08T23:19:41","slug":"la-finestra-oberta-al-mon","status":"publish","type":"page","link":"https:\/\/agora.xtec.cat\/ceiplajota\/projecte-educatiu\/projectes-de-lescola\/la-finestra-oberta-al-mon\/","title":{"rendered":"La finestra oberta al m\u00f3n"},"content":{"rendered":"<p>El projecte d&#8217;aquest curs \u00e9s &#8220;<strong>Les Olimp\u00edades<\/strong>&#8220;. Des d&#8217;i3 fins a\u00a0 2n d&#8217;ESO es realitzen diferents activitats per anar treballant aspectes de<span style=\"font-family: inherit; font-size: 1em;\">l projecte (sortides, tallers,\u00a0 buscar , recollir i gestionar informaci\u00f3, creacions pl\u00e0stiques, etc.).\u00a0<\/span><\/p>\n<p>Us anirem informant!!!<\/p>\n<p>&nbsp;<\/p>\n<p>&nbsp;<\/p>\n<p>&nbsp;<\/p>\n","protected":false},"excerpt":{"rendered":"<p>El projecte d&#8217;aquest curs \u00e9s &#8220;Les Olimp\u00edades&#8220;. Des d&#8217;i3 fins a\u00a0 2n d&#8217;ESO es realitzen diferents activitats per anar treballant aspectes del projecte (sortides, tallers,\u00a0 buscar , recollir i gestionar informaci\u00f3, creacions pl\u00e0stiques, etc.).\u00a0<br \/>\nUs anirem informant!!!<br \/>\n&nbsp;<br \/>\n&nbsp;<br \/>\n&nbsp;<\/p>\n","protected":false},"author":1,"featured_media":0,"parent":617,"menu_order":0,"comment_status":"closed","ping_status":"closed","template":"page-templates\/side-menu.php","meta":{"_bbp_topic_count":0,"_bbp_reply_count":0,"_bbp_total_topic_count":0,"_bbp_total_reply_count":0,"_bbp_voice_count":0,"_bbp_anonymous_reply_count":0,"_bbp_topic_count_hidden":0,"_bbp_reply_count_hidden":0,"_bbp_forum_subforum_count":0,"footnotes":""},"class_list":["post-865","page","type-page","status-publish","hentry"],"post_mailing_queue_ids":[],"_links":{"self":[{"href":"https:\/\/agora.xtec.cat\/ceiplajota\/wp-json\/wp\/v2\/pages\/865","targetHints":{"allow":["GET"]}}],"collection":[{"href":"https:\/\/agora.xtec.cat\/ceiplajota\/wp-json\/wp\/v2\/pages"}],"about":[{"href":"https:\/\/agora.xtec.cat\/ceiplajota\/wp-json\/wp\/v2\/types\/page"}],"author":[{"embeddable":true,"href":"https:\/\/agora.xtec.cat\/ceiplajota\/wp-json\/wp\/v2\/users\/1"}],"replies":[{"embeddable":true,"href":"https:\/\/agora.xtec.cat\/ceiplajota\/wp-json\/wp\/v2\/comments?post=865"}],"version-history":[{"count":4,"href":"https:\/\/agora.xtec.cat\/ceiplajota\/wp-json\/wp\/v2\/pages\/865\/revisions"}],"predecessor-version":[{"id":6665,"href":"https:\/\/agora.xtec.cat\/ceiplajota\/wp-json\/wp\/v2\/pages\/865\/revisions\/6665"}],"up":[{"embeddable":true,"href":"https:\/\/agora.xtec.cat\/ceiplajota\/wp-json\/wp\/v2\/pages\/617"}],"wp:attachment":[{"href":"https:\/\/agora.xtec.cat\/ceiplajota\/wp-json\/wp\/v2\/media?parent=865"}],"curies":[{"name":"wp","href":"https:\/\/api.w.org\/{rel}","templated":true}]}}