{"id":822,"date":"2020-09-09T12:28:23","date_gmt":"2020-09-09T10:28:23","guid":{"rendered":"https:\/\/agora.xtec.cat\/ceiplajota\/?page_id=822"},"modified":"2024-12-19T22:10:00","modified_gmt":"2024-12-19T21:10:00","slug":"fi-de-curs","status":"publish","type":"page","link":"https:\/\/agora.xtec.cat\/ceiplajota\/festes-a-lescola\/fi-de-curs\/","title":{"rendered":"Fi de curs"},"content":{"rendered":"<p style=\"text-align: center;\"><strong>FI DE CURS<\/strong><\/p>\n<p>Quan finalitza el curs i comencen les vacances d&#8217;estiu, alumnes i docents volem compartir amb les fam\u00edlies aquest tancament. Celebrem cantant i ballant que hem fet un curs m\u00e9s.<\/p>\n<p>I l&#8217;AFA ens prepara activitats ben xules per passar-ho d&#8217;all\u00f2 m\u00e9s b\u00e9!!!<\/p>\n<p style=\"text-align: center;\"><a href=\"https:\/\/agora.xtec.cat\/ceiplajota\/wp-content\/uploads\/usu1571\/2024\/12\/fi-de-curs.png\"><img loading=\"lazy\" decoding=\"async\" class=\"aligncenter size-full wp-image-6546\" src=\"https:\/\/agora.xtec.cat\/ceiplajota\/wp-content\/uploads\/usu1571\/2024\/12\/fi-de-curs.png\" alt=\"\" width=\"475\" height=\"304\" srcset=\"https:\/\/agora.xtec.cat\/ceiplajota\/wp-content\/uploads\/usu1571\/2024\/12\/fi-de-curs.png 475w, https:\/\/agora.xtec.cat\/ceiplajota\/wp-content\/uploads\/usu1571\/2024\/12\/fi-de-curs-300x192.png 300w\" sizes=\"auto, (max-width: 475px) 100vw, 475px\" \/><\/a><\/p>\n","protected":false},"excerpt":{"rendered":"<p>FI DE CURS<br \/>\nQuan finalitza el curs i comencen les vacances d&#8217;estiu, alumnes i docents volem compartir amb les fam\u00edlies aquest tancament. Celebrem cantant i ballant que hem fet un curs m\u00e9s.<br \/>\nI l&#8217;AFA ens prepara activitats ben xules per passar-ho d&#8217;all\u00f2 m\u00e9s b\u00e9!!!<br \/>\n<a href=\"https:\/\/agora.xtec.cat\/ceiplajota\/wp-content\/uploads\/usu1571\/2024\/12\/fi-de-curs.png\"><\/a><\/p>\n","protected":false},"author":1,"featured_media":0,"parent":721,"menu_order":0,"comment_status":"closed","ping_status":"closed","template":"page-templates\/side-menu.php","meta":{"_bbp_topic_count":0,"_bbp_reply_count":0,"_bbp_total_topic_count":0,"_bbp_total_reply_count":0,"_bbp_voice_count":0,"_bbp_anonymous_reply_count":0,"_bbp_topic_count_hidden":0,"_bbp_reply_count_hidden":0,"_bbp_forum_subforum_count":0,"footnotes":""},"class_list":["post-822","page","type-page","status-publish","hentry"],"post_mailing_queue_ids":[],"_links":{"self":[{"href":"https:\/\/agora.xtec.cat\/ceiplajota\/wp-json\/wp\/v2\/pages\/822","targetHints":{"allow":["GET"]}}],"collection":[{"href":"https:\/\/agora.xtec.cat\/ceiplajota\/wp-json\/wp\/v2\/pages"}],"about":[{"href":"https:\/\/agora.xtec.cat\/ceiplajota\/wp-json\/wp\/v2\/types\/page"}],"author":[{"embeddable":true,"href":"https:\/\/agora.xtec.cat\/ceiplajota\/wp-json\/wp\/v2\/users\/1"}],"replies":[{"embeddable":true,"href":"https:\/\/agora.xtec.cat\/ceiplajota\/wp-json\/wp\/v2\/comments?post=822"}],"version-history":[{"count":3,"href":"https:\/\/agora.xtec.cat\/ceiplajota\/wp-json\/wp\/v2\/pages\/822\/revisions"}],"predecessor-version":[{"id":6547,"href":"https:\/\/agora.xtec.cat\/ceiplajota\/wp-json\/wp\/v2\/pages\/822\/revisions\/6547"}],"up":[{"embeddable":true,"href":"https:\/\/agora.xtec.cat\/ceiplajota\/wp-json\/wp\/v2\/pages\/721"}],"wp:attachment":[{"href":"https:\/\/agora.xtec.cat\/ceiplajota\/wp-json\/wp\/v2\/media?parent=822"}],"curies":[{"name":"wp","href":"https:\/\/api.w.org\/{rel}","templated":true}]}}