{"id":782,"date":"2024-09-09T12:02:52","date_gmt":"2024-09-09T10:02:52","guid":{"rendered":"https:\/\/agora.xtec.cat\/ceiplajota\/?page_id=782"},"modified":"2025-02-09T00:22:13","modified_gmt":"2025-02-08T23:22:13","slug":"robotica","status":"publish","type":"page","link":"https:\/\/agora.xtec.cat\/ceiplajota\/projecte-educatiu\/projectes-de-lescola\/robotica\/","title":{"rendered":"Rob\u00f2tica"},"content":{"rendered":"<p>A l&#8217;Institut Escola La Jota, de manera sistem\u00e0tica i des d&#8217;i4 es realitzen sessions d&#8217;inform\u00e0tica on tamb\u00e9 tenen cabuda la rob\u00f2tica i la programaci\u00f3.<\/p>\n<p><span style=\"color: #0000ff;\"><strong>La rob\u00f2tica i la programaci\u00f3: <\/strong><\/span><\/p>\n<p>&#8211; Fomenten la creativitat i la imaginaci\u00f3 en els infants.<\/p>\n<p>&#8211; Estimulen l&#8217;aprenentatge m\u00e9s visual i din\u00e0mic. S\u00f3n eines molt atractives.<\/p>\n<p>&#8211; Reforcen els aprenentatges i conceptes treballats a classe, de forma vivencial, manipulativa i experimental.<\/p>\n<p>&#8211; Afavoreixen la percepci\u00f3 espacial.<\/p>\n<p>&#8211; Potencien el pensament computacional: resoluci\u00f3 de problemes, creaci\u00f3 d&#8217;hip\u00f2tesis, &#8230;<\/p>\n<p>&#8211; Reforcen habilitats i capacitats com l&#8217;atenci\u00f3, el pensament l\u00f2gic,&#8230;<\/p>\n<p>&#8211; Generen moments d&#8217;aprenentatge compartit, generen vincles entre companys i companyes de classe.<\/p>\n<p><span style=\"color: #0000ff;\"><strong>Robots que fem servir des d&#8217;Educaci\u00f3 Infantil a Cicle Mitj\u00e0<\/strong><\/span><\/p>\n<p><strong>Beebot i bluebot<\/strong><\/p>\n<p>No nom\u00e9s fem servir aquest robots de manera manipulativa a trav\u00e9s de diversos pl\u00e0nols, tamb\u00e9 a trav\u00e9s de l&#8217;aplicaci\u00f3 per tauletes.<\/p>\n<p>Simulador del bee bot \u00a0<a href=\"https:\/\/scratch.mit.edu\/projects\/19685257\/\" target=\"_blank\" rel=\"noopener noreferrer\">https:\/\/scratch.mit.edu\/projects\/19685257\/<\/a><\/p>\n<p><a href=\"https:\/\/agora.xtec.cat\/ceiplajota\/wp-content\/uploads\/usu1571\/2020\/05\/bee-boot.jpg\"><img loading=\"lazy\" decoding=\"async\" class=\"wp-image-2313 aligncenter\" src=\"https:\/\/agora.xtec.cat\/ceiplajota\/wp-content\/uploads\/usu1571\/2020\/05\/bee-boot-300x300.jpg\" alt=\"\" width=\"266\" height=\"266\" srcset=\"https:\/\/agora.xtec.cat\/ceiplajota\/wp-content\/uploads\/usu1571\/2020\/05\/bee-boot-300x300.jpg 300w, https:\/\/agora.xtec.cat\/ceiplajota\/wp-content\/uploads\/usu1571\/2020\/05\/bee-boot-150x150.jpg 150w, https:\/\/agora.xtec.cat\/ceiplajota\/wp-content\/uploads\/usu1571\/2020\/05\/bee-boot.jpg 474w\" sizes=\"auto, (max-width: 266px) 100vw, 266px\" \/><\/a><\/p>\n<p><strong>Cubetto<\/strong><\/p>\n<p>Aquest joc robot ens ajuda a treballar les hip\u00f2tesis, les anticipacions i l&#8217; orientaci\u00f3 a l&#8217;espai.<\/p>\n<p><a href=\"https:\/\/agora.xtec.cat\/ceiplajota\/wp-content\/uploads\/usu1571\/2020\/05\/cubetto-17.jpg\"><img loading=\"lazy\" decoding=\"async\" class=\"size-medium wp-image-2312 alignnone\" src=\"https:\/\/agora.xtec.cat\/ceiplajota\/wp-content\/uploads\/usu1571\/2020\/05\/cubetto-17-300x168.jpg\" alt=\"\" width=\"300\" height=\"168\" srcset=\"https:\/\/agora.xtec.cat\/ceiplajota\/wp-content\/uploads\/usu1571\/2020\/05\/cubetto-17-300x168.jpg 300w, https:\/\/agora.xtec.cat\/ceiplajota\/wp-content\/uploads\/usu1571\/2020\/05\/cubetto-17-768x431.jpg 768w, https:\/\/agora.xtec.cat\/ceiplajota\/wp-content\/uploads\/usu1571\/2020\/05\/cubetto-17.jpg 1024w\" sizes=\"auto, (max-width: 300px) 100vw, 300px\" \/><\/a><\/p>\n<p><strong>Dash &amp;dot<\/strong><\/p>\n<p>Aquest robot \u00e9s ideal per treballar el pensament computacional, la presa de decisions, hip\u00f2tesis, resoluci\u00f3 de problemes.<\/p>\n<p>A trav\u00e9s de la tauleta podem donar ordres, el robot ha de passar per un seguit d&#8217;etapes.<\/p>\n<p><a href=\"https:\/\/agora.xtec.cat\/ceiplajota\/wp-content\/uploads\/usu1571\/2020\/05\/Das.jpg\"><img loading=\"lazy\" decoding=\"async\" class=\"wp-image-2314 aligncenter\" src=\"https:\/\/agora.xtec.cat\/ceiplajota\/wp-content\/uploads\/usu1571\/2020\/05\/Das-300x260.jpg\" alt=\"\" width=\"242\" height=\"210\" srcset=\"https:\/\/agora.xtec.cat\/ceiplajota\/wp-content\/uploads\/usu1571\/2020\/05\/Das-300x260.jpg 300w, https:\/\/agora.xtec.cat\/ceiplajota\/wp-content\/uploads\/usu1571\/2020\/05\/Das-768x666.jpg 768w, https:\/\/agora.xtec.cat\/ceiplajota\/wp-content\/uploads\/usu1571\/2020\/05\/Das-1024x887.jpg 1024w, https:\/\/agora.xtec.cat\/ceiplajota\/wp-content\/uploads\/usu1571\/2020\/05\/Das.jpg 1500w\" sizes=\"auto, (max-width: 242px) 100vw, 242px\" \/><\/a><\/p>\n<p><span style=\"color: #0000ff;\"><strong>WeDo 2.0 a Cicle Superior<\/strong><\/span><\/p>\n<p><span style=\"font-weight: 400;\">A Cicle Superior treballem la rob\u00f2tica mitjan\u00e7ant\u00a0 les capses d\u2019aprenentatge WeD0 2.0 de Lego.<\/span><\/p>\n<p><span style=\"font-weight: 400;\">Els docents de l\u2019Institut Escola La Jota hem estat formats i assessorats pel Departament d&#8217;Educaci\u00f3 i per l\u2019empresa ROBOTIX , amb molts anys d\u2019experi\u00e8ncia en el m\u00f3n de la rob\u00f2tica i l\u2019educaci\u00f3.\u00a0\u00a0<\/span><\/p>\n<p><span style=\"font-weight: 400;\">Realitzem una sessi\u00f3 setmanal de 2 hores, on els alumnes treballen en parelles els diferents projectes del programa educatiu de WeDO 2.0 que els permet avan\u00e7ar en el desenvolupament del pensament matem\u00e0tic i computacional.<\/span><\/p>\n<p><span style=\"font-weight: 400;\">\u00a0L&#8217;avan\u00e7 dels projectes de WeDo 2.0 es defineix mitjan\u00e7ant tres fases.<\/span><\/p>\n<p><strong>Fase Explorar<\/strong><\/p>\n<p><span style=\"font-weight: 400;\">Els estudiants connecten amb una pregunta cient\u00edfica o un problema d&#8217;enginyeria, estableixen una l\u00ednia d&#8217;investigaci\u00f3 i consideren les possibles solucions.<\/span><\/p>\n<p><span style=\"font-weight: 400;\">Els passos de la fase Explorar s\u00f3n connectar i debatre.<\/span><\/p>\n<p><strong>Fase Crear<\/strong><\/p>\n<p><span style=\"font-weight: 400;\">Els estudiants construeixen, programen i modifiquen un model LEGO. Els projectes poden ser de tres tipus: investigar, dissenyar solucions i usar models.\u00a0<\/span><\/p>\n<p><span style=\"font-weight: 400;\">Els passos de la fase Crear s\u00f3n construir, programar i modificar.<\/span><\/p>\n<p><strong>Fase Compartir<\/strong><\/p>\n<p><span style=\"font-weight: 400;\">Els estudiants presenten i expliquen les seves solucions amb els seus models LEGO i el document que han elaborat amb les seves troballes mitjan\u00e7ant l&#8217;eina integrada de documentaci\u00f3.<\/span><\/p>\n<p><span style=\"font-weight: 400;\">Els passos de la fase Compartir s\u00f3n documentar i presentar.<\/span><\/p>\n<p>&nbsp;<\/p>\n","protected":false},"excerpt":{"rendered":"<p>A l&#8217;Institut Escola La Jota, de manera sistem\u00e0tica i des d&#8217;i4 es realitzen sessions d&#8217;inform\u00e0tica on tamb\u00e9 tenen cabuda la rob\u00f2tica i la programaci\u00f3.<br \/>\nLa rob\u00f2tica i la programaci\u00f3:<br \/>\n&#8211; Fomenten la creativitat i la imaginaci\u00f3 en els infants.<br \/>\n&#8211; Estimulen l&#8217;aprenentatge m\u00e9s visual i din\u00e0mic. S\u00f3n&hellip;  <a href=\"https:\/\/agora.xtec.cat\/ceiplajota\/projecte-educatiu\/projectes-de-lescola\/robotica\/\" title=\"Read Rob\u00f2tica\">Llegeix m\u00e9s\u00bb<\/a><\/p>\n","protected":false},"author":1,"featured_media":0,"parent":617,"menu_order":0,"comment_status":"closed","ping_status":"closed","template":"page-templates\/side-menu.php","meta":{"_bbp_topic_count":0,"_bbp_reply_count":0,"_bbp_total_topic_count":0,"_bbp_total_reply_count":0,"_bbp_voice_count":0,"_bbp_anonymous_reply_count":0,"_bbp_topic_count_hidden":0,"_bbp_reply_count_hidden":0,"_bbp_forum_subforum_count":0,"footnotes":""},"class_list":["post-782","page","type-page","status-publish","hentry"],"post_mailing_queue_ids":[],"_links":{"self":[{"href":"https:\/\/agora.xtec.cat\/ceiplajota\/wp-json\/wp\/v2\/pages\/782","targetHints":{"allow":["GET"]}}],"collection":[{"href":"https:\/\/agora.xtec.cat\/ceiplajota\/wp-json\/wp\/v2\/pages"}],"about":[{"href":"https:\/\/agora.xtec.cat\/ceiplajota\/wp-json\/wp\/v2\/types\/page"}],"author":[{"embeddable":true,"href":"https:\/\/agora.xtec.cat\/ceiplajota\/wp-json\/wp\/v2\/users\/1"}],"replies":[{"embeddable":true,"href":"https:\/\/agora.xtec.cat\/ceiplajota\/wp-json\/wp\/v2\/comments?post=782"}],"version-history":[{"count":5,"href":"https:\/\/agora.xtec.cat\/ceiplajota\/wp-json\/wp\/v2\/pages\/782\/revisions"}],"predecessor-version":[{"id":6666,"href":"https:\/\/agora.xtec.cat\/ceiplajota\/wp-json\/wp\/v2\/pages\/782\/revisions\/6666"}],"up":[{"embeddable":true,"href":"https:\/\/agora.xtec.cat\/ceiplajota\/wp-json\/wp\/v2\/pages\/617"}],"wp:attachment":[{"href":"https:\/\/agora.xtec.cat\/ceiplajota\/wp-json\/wp\/v2\/media?parent=782"}],"curies":[{"name":"wp","href":"https:\/\/api.w.org\/{rel}","templated":true}]}}