{"id":772,"date":"2024-09-09T11:59:50","date_gmt":"2024-09-09T09:59:50","guid":{"rendered":"https:\/\/agora.xtec.cat\/ceiplajota\/?page_id=772"},"modified":"2025-02-09T00:37:10","modified_gmt":"2025-02-08T23:37:10","slug":"xiep","status":"publish","type":"page","link":"https:\/\/agora.xtec.cat\/ceiplajota\/projecte-educatiu\/projectes-de-lescola\/xiep\/","title":{"rendered":"XIEP"},"content":{"rendered":"<h1 class=\"entry-title\">XINESC: Xarxa d\u2019instituts-escola<\/h1>\n<p><a href=\"https:\/\/agora.xtec.cat\/ceiplajota\/wp-content\/uploads\/usu1571\/2025\/02\/XINESC.png\"><img loading=\"lazy\" decoding=\"async\" class=\"alignleft size-full wp-image-6670\" src=\"https:\/\/agora.xtec.cat\/ceiplajota\/wp-content\/uploads\/usu1571\/2025\/02\/XINESC.png\" alt=\"\" width=\"1314\" height=\"222\" srcset=\"https:\/\/agora.xtec.cat\/ceiplajota\/wp-content\/uploads\/usu1571\/2025\/02\/XINESC.png 1314w, https:\/\/agora.xtec.cat\/ceiplajota\/wp-content\/uploads\/usu1571\/2025\/02\/XINESC-300x51.png 300w, https:\/\/agora.xtec.cat\/ceiplajota\/wp-content\/uploads\/usu1571\/2025\/02\/XINESC-1024x173.png 1024w, https:\/\/agora.xtec.cat\/ceiplajota\/wp-content\/uploads\/usu1571\/2025\/02\/XINESC-768x130.png 768w\" sizes=\"auto, (max-width: 1314px) 100vw, 1314px\" \/><\/a><\/p>\n<p>&nbsp;<\/p>\n<p>&nbsp;<\/p>\n<p id=\"h.p_Ilo9z_OQB6Rh\" class=\"zfr3Q\">La XINESC \u00e9s una xarxa d\u2019Instituts-Escola del Vall\u00e8s Occidental<\/p>\n<p id=\"h.p_TK9b5MLxB6Rh\" class=\"zfr3Q\">Els principals objectius que perseguim amb la xarxa s\u00f3n:<\/p>\n<ul class=\"n8H08c UVNKR\">\n<li id=\"h.p_3CkVBxRaB6Rh\" class=\"TYR86d zfr3Q\">Donar suport i acompanyament en la construcci\u00f3 del projecte de centre.<\/li>\n<li id=\"h.p_ct8_5ieKDPMJ\" class=\"TYR86d zfr3Q\">Compartir la reflexi\u00f3 al voltant del model pedag\u00f2gic Institut-Escola i elaborar coneixement, com a valor afegit.<\/li>\n<li id=\"h.p_d7wO6KYND96d\" class=\"TYR86d zfr3Q\">Aprofundir en processos de formaci\u00f3 interna i externa a partir de les necessitats dels centres.<\/li>\n<li id=\"h.p_z58o7808B6Rk\" class=\"TYR86d zfr3Q\">Aprofitar els elements facilitadors d\u2019aprenentatge de la xarxa (comprom\u00eds, connexions, contacte, reconeixement mutu, seguretat en els processos, formaci\u00f3 entre iguals, projectes compartits \u2026).<\/li>\n<\/ul>\n<p id=\"h.p_RpFBcx1iB6Rl\" class=\"zfr3Q\">Aquesta xarxa est\u00e0 impulsada pels Serveis Territorials del Departament d\u2019Educaci\u00f3 al Vall\u00e8s Occidental i la Inspecci\u00f3 amb la col\u00b7laboraci\u00f3 de l\u2019ICE i el suport dels Serveis Educatius.<\/p>\n<p id=\"h.p_WbUUGi4b5Xje\" class=\"zfr3Q\">\n","protected":false},"excerpt":{"rendered":"<p>XINESC: Xarxa d\u2019instituts-escola<br \/>\n<a href=\"https:\/\/agora.xtec.cat\/ceiplajota\/wp-content\/uploads\/usu1571\/2025\/02\/XINESC.png\"><\/a><br \/>\n&nbsp;<br \/>\n&nbsp;<br \/>\nLa XINESC \u00e9s una xarxa d\u2019Instituts-Escola del Vall\u00e8s Occidental<br \/>\nEls principals objectius que perseguim amb la xarxa s\u00f3n:<\/p>\n<ul class=\"n8H08c UVNKR\">\n<li id=\"h.p_3CkVBxRaB6Rh\" class=\"TYR86d zfr3Q\">Donar suport i acompanyament en la construcci\u00f3 del projecte de centre.<\/li>\n<li id=\"h.p_ct8_5ieKDPMJ\" class=\"TYR86d zfr3Q\">Compartir la reflexi\u00f3 al voltant del model pedag\u00f2gic&hellip;  <a href=\"https:\/\/agora.xtec.cat\/ceiplajota\/projecte-educatiu\/projectes-de-lescola\/xiep\/\" title=\"Read XIEP\">Llegeix m\u00e9s\u00bb<\/a><br \/>\n","protected":false},"author":1,"featured_media":0,"parent":617,"menu_order":0,"comment_status":"closed","ping_status":"closed","template":"page-templates\/side-menu.php","meta":{"_bbp_topic_count":0,"_bbp_reply_count":0,"_bbp_total_topic_count":0,"_bbp_total_reply_count":0,"_bbp_voice_count":0,"_bbp_anonymous_reply_count":0,"_bbp_topic_count_hidden":0,"_bbp_reply_count_hidden":0,"_bbp_forum_subforum_count":0,"footnotes":""},"class_list":["post-772","page","type-page","status-publish","hentry"],"post_mailing_queue_ids":[],"_links":{"self":[{"href":"https:\/\/agora.xtec.cat\/ceiplajota\/wp-json\/wp\/v2\/pages\/772","targetHints":{"allow":["GET"]}}],"collection":[{"href":"https:\/\/agora.xtec.cat\/ceiplajota\/wp-json\/wp\/v2\/pages"}],"about":[{"href":"https:\/\/agora.xtec.cat\/ceiplajota\/wp-json\/wp\/v2\/types\/page"}],"author":[{"embeddable":true,"href":"https:\/\/agora.xtec.cat\/ceiplajota\/wp-json\/wp\/v2\/users\/1"}],"replies":[{"embeddable":true,"href":"https:\/\/agora.xtec.cat\/ceiplajota\/wp-json\/wp\/v2\/comments?post=772"}],"version-history":[{"count":6,"href":"https:\/\/agora.xtec.cat\/ceiplajota\/wp-json\/wp\/v2\/pages\/772\/revisions"}],"predecessor-version":[{"id":6673,"href":"https:\/\/agora.xtec.cat\/ceiplajota\/wp-json\/wp\/v2\/pages\/772\/revisions\/6673"}],"up":[{"embeddable":true,"href":"https:\/\/agora.xtec.cat\/ceiplajota\/wp-json\/wp\/v2\/pages\/617"}],"wp:attachment":[{"href":"https:\/\/agora.xtec.cat\/ceiplajota\/wp-json\/wp\/v2\/media?parent=772"}],"curies":[{"name":"wp","href":"https:\/\/api.w.org\/{rel}","templated":true}]}}