{"id":768,"date":"2024-09-09T11:58:38","date_gmt":"2024-09-09T09:58:38","guid":{"rendered":"https:\/\/agora.xtec.cat\/ceiplajota\/?page_id=768"},"modified":"2025-02-09T00:09:31","modified_gmt":"2025-02-08T23:09:31","slug":"experimentacio","status":"publish","type":"page","link":"https:\/\/agora.xtec.cat\/ceiplajota\/projecte-educatiu\/projectes-de-lescola\/experimentacio\/","title":{"rendered":"Experimentaci\u00f3"},"content":{"rendered":"<p>L&#8217;experimentaci\u00f3 al centre est\u00e0 pensada per ajudar a evolucionar les idees cient\u00edfiques i les compet\u00e8ncies dels infants i adolescents. Experimentar no \u00e9s nom\u00e9s fer experiments cient\u00edfics, \u00e9s descobrir i provar amb la pr\u00f2pia experi\u00e8ncia si una hip\u00f2tesi \u00e9s v\u00e0lida.<\/p>\n<p>Els nens i les nenes, els nois i les noies necessiten experimentar, comprendre el que estan aprenent, entendre el perqu\u00e8 de les coses i la seva funcionalitat. Aix\u00f2 nom\u00e9s ho poden fer descobrint, provant, manipulant i experimentant.<\/p>\n<p>L&#8217;alumnat \u00e9s capa\u00e7 d\u2019assimilar tot all\u00f2 que ve donat per l\u2019experi\u00e8ncia, per aquest motiu \u00e9s necessari que el centre educatiu proposi activitats que fomentin l\u2019experimentaci\u00f3 i l\u2019observaci\u00f3. L\u2019observaci\u00f3 esdev\u00e9 un instrument necessari pel coneixement del m\u00f3n que ens envolta. El docent proposa activitats per potenciar la curiositat i l&#8217;inter\u00e8s\u00a0 facilitant materials i situacions adients.<\/p>\n<p><a href=\"https:\/\/agora.xtec.cat\/ceiplajota\/wp-content\/uploads\/usu1571\/2022\/02\/experimentacio.jpg\"><img loading=\"lazy\" decoding=\"async\" class=\"aligncenter wp-image-4518\" src=\"https:\/\/agora.xtec.cat\/ceiplajota\/wp-content\/uploads\/usu1571\/2022\/02\/experimentacio.jpg\" alt=\"\" width=\"503\" height=\"503\" srcset=\"https:\/\/agora.xtec.cat\/ceiplajota\/wp-content\/uploads\/usu1571\/2022\/02\/experimentacio.jpg 1654w, https:\/\/agora.xtec.cat\/ceiplajota\/wp-content\/uploads\/usu1571\/2022\/02\/experimentacio-300x300.jpg 300w, https:\/\/agora.xtec.cat\/ceiplajota\/wp-content\/uploads\/usu1571\/2022\/02\/experimentacio-1024x1024.jpg 1024w, https:\/\/agora.xtec.cat\/ceiplajota\/wp-content\/uploads\/usu1571\/2022\/02\/experimentacio-150x150.jpg 150w, https:\/\/agora.xtec.cat\/ceiplajota\/wp-content\/uploads\/usu1571\/2022\/02\/experimentacio-768x768.jpg 768w, https:\/\/agora.xtec.cat\/ceiplajota\/wp-content\/uploads\/usu1571\/2022\/02\/experimentacio-1536x1536.jpg 1536w\" sizes=\"auto, (max-width: 503px) 100vw, 503px\" \/><\/a><\/p>\n<p>&nbsp;<\/p>\n<p>L\u2019experimentaci\u00f3 \u00e9s fonamental en l\u2019aprofundiment dels aprenentatges perqu\u00e8\u00a0\u00a0permet participar activament en el proc\u00e9s d\u2019adquisici\u00f3 de coneixements. Els coneixements que els infants i joves assoleixen mitjan\u00e7ant l\u2019experimentaci\u00f3 <strong>es consoliden de manera m\u00e9s significativa<\/strong>\u00a0i permeten construir una bona base per adquirir posteriors aprenentatges.<\/p>\n<p><a href=\"https:\/\/drive.google.com\/file\/d\/0B52ZNZyIHzsqelNTX2o1MTNJelk\/view?usp=sharing&amp;resourcekey=0-Oe1zGaSnVxU5ppuniUzSkA\" target=\"_blank\" rel=\"noopener\">https:\/\/drive.google.com\/file\/d\/0B52ZNZyIHzsqelNTX2o1MTNJelk\/view?usp=sharing&amp;resourcekey=0-Oe1zGaSnVxU5ppuniUzSkA<\/a><\/p>\n<p><a href=\"https:\/\/agora.xtec.cat\/ceiplajota\/wp-content\/uploads\/usu1571\/2022\/02\/balanca.png\"><img loading=\"lazy\" decoding=\"async\" class=\"wp-image-4508 alignleft\" src=\"https:\/\/agora.xtec.cat\/ceiplajota\/wp-content\/uploads\/usu1571\/2022\/02\/balanca.png\" alt=\"\" width=\"399\" height=\"219\" srcset=\"https:\/\/agora.xtec.cat\/ceiplajota\/wp-content\/uploads\/usu1571\/2022\/02\/balanca.png 496w, https:\/\/agora.xtec.cat\/ceiplajota\/wp-content\/uploads\/usu1571\/2022\/02\/balanca-300x165.png 300w\" sizes=\"auto, (max-width: 399px) 100vw, 399px\" \/><\/a><\/p>\n<p><a href=\"https:\/\/agora.xtec.cat\/ceiplajota\/wp-content\/uploads\/usu1571\/2021\/11\/ex.jpg\"><img loading=\"lazy\" decoding=\"async\" class=\"wp-image-4178 alignnone\" src=\"https:\/\/agora.xtec.cat\/ceiplajota\/wp-content\/uploads\/usu1571\/2021\/11\/ex.jpg\" alt=\"\" width=\"569\" height=\"284\" srcset=\"https:\/\/agora.xtec.cat\/ceiplajota\/wp-content\/uploads\/usu1571\/2021\/11\/ex.jpg 874w, https:\/\/agora.xtec.cat\/ceiplajota\/wp-content\/uploads\/usu1571\/2021\/11\/ex-300x150.jpg 300w, https:\/\/agora.xtec.cat\/ceiplajota\/wp-content\/uploads\/usu1571\/2021\/11\/ex-768x383.jpg 768w\" sizes=\"auto, (max-width: 569px) 100vw, 569px\" \/>\u00a0 <\/a><\/p>\n<p><a href=\"https:\/\/agora.xtec.cat\/ceiplajota\/wp-content\/uploads\/usu1571\/2022\/02\/cuc-seda.png\"><img loading=\"lazy\" decoding=\"async\" class=\"size-full wp-image-4510 alignleft\" src=\"https:\/\/agora.xtec.cat\/ceiplajota\/wp-content\/uploads\/usu1571\/2022\/02\/cuc-seda.png\" alt=\"\" width=\"391\" height=\"213\" srcset=\"https:\/\/agora.xtec.cat\/ceiplajota\/wp-content\/uploads\/usu1571\/2022\/02\/cuc-seda.png 391w, https:\/\/agora.xtec.cat\/ceiplajota\/wp-content\/uploads\/usu1571\/2022\/02\/cuc-seda-300x163.png 300w\" sizes=\"auto, (max-width: 391px) 100vw, 391px\" \/><\/a><\/p>\n<p><a href=\"https:\/\/agora.xtec.cat\/ceiplajota\/wp-content\/uploads\/usu1571\/2022\/02\/Hort.png\"><img loading=\"lazy\" decoding=\"async\" class=\"wp-image-4511 alignnone\" src=\"https:\/\/agora.xtec.cat\/ceiplajota\/wp-content\/uploads\/usu1571\/2022\/02\/Hort.png\" alt=\"\" width=\"357\" height=\"300\" srcset=\"https:\/\/agora.xtec.cat\/ceiplajota\/wp-content\/uploads\/usu1571\/2022\/02\/Hort.png 542w, https:\/\/agora.xtec.cat\/ceiplajota\/wp-content\/uploads\/usu1571\/2022\/02\/Hort-300x252.png 300w\" sizes=\"auto, (max-width: 357px) 100vw, 357px\" \/><\/a><\/p>\n<p><a href=\"https:\/\/agora.xtec.cat\/ceiplajota\/wp-content\/uploads\/usu1571\/2022\/02\/Volca.png\"><img loading=\"lazy\" decoding=\"async\" class=\"wp-image-4512 alignleft\" src=\"https:\/\/agora.xtec.cat\/ceiplajota\/wp-content\/uploads\/usu1571\/2022\/02\/Volca.png\" alt=\"\" width=\"302\" height=\"375\" srcset=\"https:\/\/agora.xtec.cat\/ceiplajota\/wp-content\/uploads\/usu1571\/2022\/02\/Volca.png 535w, https:\/\/agora.xtec.cat\/ceiplajota\/wp-content\/uploads\/usu1571\/2022\/02\/Volca-242x300.png 242w\" sizes=\"auto, (max-width: 302px) 100vw, 302px\" \/><\/a><\/p>\n<p>&nbsp;<\/p>\n<p><a href=\"https:\/\/agora.xtec.cat\/ceiplajota\/wp-content\/uploads\/usu1571\/2022\/02\/mural-CI-espai.png\"><img loading=\"lazy\" decoding=\"async\" class=\"wp-image-4468 aligncenter\" src=\"https:\/\/agora.xtec.cat\/ceiplajota\/wp-content\/uploads\/usu1571\/2022\/02\/mural-CI-espai.png\" alt=\"\" width=\"617\" height=\"273\" srcset=\"https:\/\/agora.xtec.cat\/ceiplajota\/wp-content\/uploads\/usu1571\/2022\/02\/mural-CI-espai.png 1013w, https:\/\/agora.xtec.cat\/ceiplajota\/wp-content\/uploads\/usu1571\/2022\/02\/mural-CI-espai-300x133.png 300w, https:\/\/agora.xtec.cat\/ceiplajota\/wp-content\/uploads\/usu1571\/2022\/02\/mural-CI-espai-768x340.png 768w\" sizes=\"auto, (max-width: 617px) 100vw, 617px\" \/><\/a><\/p>\n<p>&nbsp;<\/p>\n<p><a href=\"https:\/\/apliense.xtec.cat\/arc\/node\/29626\" target=\"_blank\" rel=\"noopener\">https:\/\/apliense.xtec.cat\/arc\/node\/29626<\/a><\/p>\n<p><a href=\"http:\/\/www.xtec.cat\/crp-girones\/recursos\/quimica\/index.htm\" target=\"_blank\" rel=\"noopener\">http:\/\/www.xtec.cat\/crp-girones\/recursos\/quimica\/index.htm<\/a><\/p>\n<p><a href=\"https:\/\/www.ccma.cat\/tv3\/super3\/dinamiks\/\" target=\"_blank\" rel=\"noopener\">https:\/\/www.ccma.cat\/tv3\/super3\/dinamiks\/<\/a><\/p>\n<p><a href=\"https:\/\/www.scribd.com\/doc\/6941561\/100-experimentos-sencillos-de-fisica-y-quimica\" target=\"_blank\" rel=\"noopener\">https:\/\/www.scribd.com\/doc\/6941561\/100-experimentos-sencillos-de-fisica-y-quimica<\/a><\/p>\n<p><a href=\"http:\/\/cienciaiart.blogspot.com\/p\/fem-experiments.html\" target=\"_blank\" rel=\"noopener\">http:\/\/cienciaiart.blogspot.com\/p\/fem-experiments.html<\/a><\/p>\n<p><a href=\"http:\/\/www.recercaenaccio.cat\/category\/jocs-i-recursos-educatius\/\" target=\"_blank\" rel=\"noopener\">http:\/\/www.recercaenaccio.cat\/category\/jocs-i-recursos-educatius\/<\/a><\/p>\n<p><a href=\"https:\/\/drive.google.com\/drive\/search?q=experimentaci%C3%B3\" target=\"_blank\" rel=\"noopener\">https:\/\/drive.google.com\/drive\/search?q=experimentaci%C3%B3<\/a><\/p>\n<p>A l&#8217;Institut Escola La Jota tenim dos laboratoris, un per infantil i prim\u00e0ria i un segon per secund\u00e0ria. Tenim tamb\u00e9 una aula de tecnologia, dos horts escolars, els diferents terraris, &#8230;<\/p>\n","protected":false},"excerpt":{"rendered":"<p>L&#8217;experimentaci\u00f3 al centre est\u00e0 pensada per ajudar a evolucionar les idees cient\u00edfiques i les compet\u00e8ncies dels infants i adolescents. Experimentar no \u00e9s nom\u00e9s fer experiments cient\u00edfics, \u00e9s descobrir i provar amb la pr\u00f2pia experi\u00e8ncia si una hip\u00f2tesi \u00e9s v\u00e0lida.<br \/>\nEls nens i les nenes, els nois&hellip;  <a href=\"https:\/\/agora.xtec.cat\/ceiplajota\/projecte-educatiu\/projectes-de-lescola\/experimentacio\/\" title=\"Read Experimentaci\u00f3\">Llegeix m\u00e9s\u00bb<\/a><\/p>\n","protected":false},"author":1,"featured_media":0,"parent":617,"menu_order":0,"comment_status":"closed","ping_status":"closed","template":"page-templates\/side-menu.php","meta":{"_bbp_topic_count":0,"_bbp_reply_count":0,"_bbp_total_topic_count":0,"_bbp_total_reply_count":0,"_bbp_voice_count":0,"_bbp_anonymous_reply_count":0,"_bbp_topic_count_hidden":0,"_bbp_reply_count_hidden":0,"_bbp_forum_subforum_count":0,"footnotes":""},"class_list":["post-768","page","type-page","status-publish","hentry"],"post_mailing_queue_ids":[],"_links":{"self":[{"href":"https:\/\/agora.xtec.cat\/ceiplajota\/wp-json\/wp\/v2\/pages\/768","targetHints":{"allow":["GET"]}}],"collection":[{"href":"https:\/\/agora.xtec.cat\/ceiplajota\/wp-json\/wp\/v2\/pages"}],"about":[{"href":"https:\/\/agora.xtec.cat\/ceiplajota\/wp-json\/wp\/v2\/types\/page"}],"author":[{"embeddable":true,"href":"https:\/\/agora.xtec.cat\/ceiplajota\/wp-json\/wp\/v2\/users\/1"}],"replies":[{"embeddable":true,"href":"https:\/\/agora.xtec.cat\/ceiplajota\/wp-json\/wp\/v2\/comments?post=768"}],"version-history":[{"count":6,"href":"https:\/\/agora.xtec.cat\/ceiplajota\/wp-json\/wp\/v2\/pages\/768\/revisions"}],"predecessor-version":[{"id":6662,"href":"https:\/\/agora.xtec.cat\/ceiplajota\/wp-json\/wp\/v2\/pages\/768\/revisions\/6662"}],"up":[{"embeddable":true,"href":"https:\/\/agora.xtec.cat\/ceiplajota\/wp-json\/wp\/v2\/pages\/617"}],"wp:attachment":[{"href":"https:\/\/agora.xtec.cat\/ceiplajota\/wp-json\/wp\/v2\/media?parent=768"}],"curies":[{"name":"wp","href":"https:\/\/api.w.org\/{rel}","templated":true}]}}