{"id":36,"date":"2025-07-15T14:00:11","date_gmt":"2025-07-15T12:00:11","guid":{"rendered":"http:\/\/agora.xtec.cat\/ceiplajota\/?page_id=36"},"modified":"2025-07-15T19:58:44","modified_gmt":"2025-07-15T17:58:44","slug":"material-escolar","status":"publish","type":"page","link":"https:\/\/agora.xtec.cat\/ceiplajota\/lescola\/material-escolar\/","title":{"rendered":"Material escolar"},"content":{"rendered":"<p><strong>CURS 2025-26:\u00a0<\/strong><\/p>\n<p>A continuaci\u00f3 trobareu el llistat de llibres que utilitzem al centre.<\/p>\n<p><a href=\"https:\/\/drive.google.com\/file\/d\/1t_yDCjoIrhoO2W62dGsjdGLqBMsKapu4\/view?usp=drive_link\" target=\"_blank\" rel=\"noopener\">Llibres de text curs 2025-2026.<\/a><\/p>\n<p>A l&#8217;Institut Escola La Jota\u00a0 promovem la<strong> socialitzaci\u00f3 i reutilitzaci\u00f3 dels llibres de text <\/strong>amb el<strong>\u00a0Projecte &#8220;ELS NOSTRES LLIBRES&#8221;.\u00a0<\/strong><\/p>\n<p>Socialitzar un llibre significa compartir aquest material entre els alumnes, de manera que se n\u2019allarga la utilitat i se\u2019n fa un \u00fas comunitari en lloc de particular. L\u2019alumne\/a utilitza els llibres i en t\u00e9 cura durant el curs, i en acabar els retorna a l\u2019escola perqu\u00e8 siguin reutilitzats el curs vinent per un altre infant.<\/p>\n<p><a href=\"https:\/\/drive.google.com\/file\/d\/1Nl959lnF61Afz9txiFIIM0GG752t6WsE\/view?usp=drive_link\" target=\"_blank\" rel=\"noopener\">Projecte ELS NOSTRES LLIBRES<\/a><\/p>\n<p><a href=\"https:\/\/drive.google.com\/file\/d\/1aiIIwoHHIUP03ISWsMPsIXoeMfGyJYME\/view?usp=drive_link\" target=\"_blank\" rel=\"noopener\">Compromi\u0301s de reposicio\u0301<\/a><\/p>\n<p>&nbsp;<\/p>\n<p><strong>APORTACI\u00d3 MATERIAL CURS 2025-26:\u00a0<\/strong><\/p>\n<ul>\n<li>Educaci\u00f3 Infantil: 60\u20ac<\/li>\n<li>Educaci\u00f3 Prim\u00e0ria: 50\u20ac<\/li>\n<li>Educaci\u00f3 Secund\u00e0ria (1r i 2n): 90\u20ac<\/li>\n<li>Educaci\u00f3 Secund\u00e0ria (3r ): 90\u20ac + asseguran\u00e7a 1,12\u20ac<\/li>\n<\/ul>\n<p><strong>Asseguran\u00e7a:<\/strong><\/p>\n<p>En cas d&#8217;accident escolar, l&#8217;alumnat que cursa estudis fins a 2n d&#8217;ESO (incl\u00f2s), est\u00e0 cobert per la Seguretat Social, i s&#8217;adre\u00e7a junt amb el docent i amb la targeta sanit\u00e0ria, al centre sanitari p\u00fablic m\u00e9s proper del municipi. En el nostre cas anem al CAP.<\/p>\n<p>A partir de 3r d&#8217;ESO cal l&#8217;asseguran\u00e7a escolar obligat\u00f2ria. L&#8217;alumnat de 3r i 4t d&#8217;ESO est\u00e0 obligat a pagar la quota corresponent; aquest curs 2025-2026 \u00e9s de 1,12\u20ac per estudiant\/curs. El centre est\u00e0 obligat a fer el pagament d&#8217;aquesta asseguran\u00e7a.<\/p>\n<p>&nbsp;<\/p>\n","protected":false},"excerpt":{"rendered":"<p>CURS 2025-26:\u00a0<br \/>\nA continuaci\u00f3 trobareu el llistat de llibres que utilitzem al centre.<br \/>\n<a href=\"https:\/\/drive.google.com\/file\/d\/1t_yDCjoIrhoO2W62dGsjdGLqBMsKapu4\/view?usp=drive_link\" target=\"_blank\" rel=\"noopener\">Llibres de text curs 2025-2026.<\/a><br \/>\nA l&#8217;Institut Escola La Jota\u00a0 promovem la socialitzaci\u00f3 i reutilitzaci\u00f3 dels llibres de text amb el\u00a0Projecte &#8220;ELS NOSTRES LLIBRES&#8221;.\u00a0<br \/>\nSocialitzar un llibre significa compartir aquest material entre els&hellip;  <a href=\"https:\/\/agora.xtec.cat\/ceiplajota\/lescola\/material-escolar\/\" title=\"Read Material escolar\">Llegeix m\u00e9s\u00bb<\/a><\/p>\n","protected":false},"author":1,"featured_media":0,"parent":22,"menu_order":70,"comment_status":"closed","ping_status":"closed","template":"page-templates\/side-menu.php","meta":{"_bbp_topic_count":0,"_bbp_reply_count":0,"_bbp_total_topic_count":0,"_bbp_total_reply_count":0,"_bbp_voice_count":0,"_bbp_anonymous_reply_count":0,"_bbp_topic_count_hidden":0,"_bbp_reply_count_hidden":0,"_bbp_forum_subforum_count":0,"footnotes":""},"class_list":["post-36","page","type-page","status-publish","hentry"],"post_mailing_queue_ids":[],"_links":{"self":[{"href":"https:\/\/agora.xtec.cat\/ceiplajota\/wp-json\/wp\/v2\/pages\/36","targetHints":{"allow":["GET"]}}],"collection":[{"href":"https:\/\/agora.xtec.cat\/ceiplajota\/wp-json\/wp\/v2\/pages"}],"about":[{"href":"https:\/\/agora.xtec.cat\/ceiplajota\/wp-json\/wp\/v2\/types\/page"}],"author":[{"embeddable":true,"href":"https:\/\/agora.xtec.cat\/ceiplajota\/wp-json\/wp\/v2\/users\/1"}],"replies":[{"embeddable":true,"href":"https:\/\/agora.xtec.cat\/ceiplajota\/wp-json\/wp\/v2\/comments?post=36"}],"version-history":[{"count":6,"href":"https:\/\/agora.xtec.cat\/ceiplajota\/wp-json\/wp\/v2\/pages\/36\/revisions"}],"predecessor-version":[{"id":7015,"href":"https:\/\/agora.xtec.cat\/ceiplajota\/wp-json\/wp\/v2\/pages\/36\/revisions\/7015"}],"up":[{"embeddable":true,"href":"https:\/\/agora.xtec.cat\/ceiplajota\/wp-json\/wp\/v2\/pages\/22"}],"wp:attachment":[{"href":"https:\/\/agora.xtec.cat\/ceiplajota\/wp-json\/wp\/v2\/media?parent=36"}],"curies":[{"name":"wp","href":"https:\/\/api.w.org\/{rel}","templated":true}]}}