{"id":30,"date":"2024-09-01T12:30:23","date_gmt":"2024-09-01T10:30:23","guid":{"rendered":"http:\/\/agora.xtec.cat\/ceiplajota\/?page_id=30"},"modified":"2025-11-29T21:15:06","modified_gmt":"2025-11-29T20:15:06","slug":"instal%c2%b7lacions","status":"publish","type":"page","link":"https:\/\/agora.xtec.cat\/ceiplajota\/lescola\/instal%c2%b7lacions\/","title":{"rendered":"Instal\u00b7lacions"},"content":{"rendered":"<p>L&#8217;Institut Escola La Jota \u00e9s un centre educatiu de dues l\u00ednies. Aquest curs 2025-26 som 6 grups d&#8217;Educaci\u00f3 Infantil, 13 grups d&#8217;Educaci\u00f3 Prim\u00e0ria i 5 grups d&#8217;Educaci\u00f3 Secund\u00e0ria.<\/p>\n<p>Al centre hi ha les Aules de M\u00fasica, les Aules de Psicomotricitat, l&#8217;aula sensorial,\u00a0 l&#8217;Aula d&#8217;Angl\u00e8s, l&#8217;Aula d&#8217;Inform\u00e0tica, el Laboratori per Infantil i Prim\u00e0ria i el de Secund\u00e0ria, l&#8217;Aula de Tecnologia per Secund\u00e0ria, l&#8217;Aula de Pl\u00e0stica de Secund\u00e0ria, la\u00a0 Biblioteca d&#8217;escola i les biblioteques de cicle i classe, el Teatre, el Menjador, l&#8217;Aula de la R\u00e0dio i el Gimn\u00e0s.<\/p>\n<p>Disposem d&#8217;amplis passadissos on hi tenim els Racons de Joc Simb\u00f2lic, el Rac\u00f3 de l&#8217;Artista, el Rac\u00f3 per Llegir, el Tauler Gegant d&#8217;Escacs,&#8230;<\/p>\n<p>Al pati tenim dos horts. Els patis s\u00f3n grans, amb jocs d&#8217;exterior, amb sorral per infantil, arbres, plantes, bancs, taules i fonts. Hi tenim tamb\u00e9 el Rac\u00f3 dels Troncs, un nou espai molt polivalent.<\/p>\n<p>&nbsp;<\/p>\n","protected":false},"excerpt":{"rendered":"<p>L&#8217;Institut Escola La Jota \u00e9s un centre educatiu de dues l\u00ednies. Aquest curs 2025-26 som 6 grups d&#8217;Educaci\u00f3 Infantil, 13 grups d&#8217;Educaci\u00f3 Prim\u00e0ria i 5 grups d&#8217;Educaci\u00f3 Secund\u00e0ria.<br \/>\nAl centre hi ha les Aules de M\u00fasica, les Aules de Psicomotricitat, l&#8217;aula sensorial,\u00a0 l&#8217;Aula d&#8217;Angl\u00e8s, l&#8217;Aula d&#8217;Inform\u00e0tica,&hellip;  <a href=\"https:\/\/agora.xtec.cat\/ceiplajota\/lescola\/instal%c2%b7lacions\/\" title=\"Read Instal\u00b7lacions\">Llegeix m\u00e9s\u00bb<\/a><\/p>\n","protected":false},"author":1,"featured_media":0,"parent":22,"menu_order":40,"comment_status":"closed","ping_status":"closed","template":"page-templates\/side-menu.php","meta":{"_bbp_topic_count":0,"_bbp_reply_count":0,"_bbp_total_topic_count":0,"_bbp_total_reply_count":0,"_bbp_voice_count":0,"_bbp_anonymous_reply_count":0,"_bbp_topic_count_hidden":0,"_bbp_reply_count_hidden":0,"_bbp_forum_subforum_count":0,"footnotes":""},"class_list":["post-30","page","type-page","status-publish","hentry"],"post_mailing_queue_ids":[],"_links":{"self":[{"href":"https:\/\/agora.xtec.cat\/ceiplajota\/wp-json\/wp\/v2\/pages\/30","targetHints":{"allow":["GET"]}}],"collection":[{"href":"https:\/\/agora.xtec.cat\/ceiplajota\/wp-json\/wp\/v2\/pages"}],"about":[{"href":"https:\/\/agora.xtec.cat\/ceiplajota\/wp-json\/wp\/v2\/types\/page"}],"author":[{"embeddable":true,"href":"https:\/\/agora.xtec.cat\/ceiplajota\/wp-json\/wp\/v2\/users\/1"}],"replies":[{"embeddable":true,"href":"https:\/\/agora.xtec.cat\/ceiplajota\/wp-json\/wp\/v2\/comments?post=30"}],"version-history":[{"count":6,"href":"https:\/\/agora.xtec.cat\/ceiplajota\/wp-json\/wp\/v2\/pages\/30\/revisions"}],"predecessor-version":[{"id":7075,"href":"https:\/\/agora.xtec.cat\/ceiplajota\/wp-json\/wp\/v2\/pages\/30\/revisions\/7075"}],"up":[{"embeddable":true,"href":"https:\/\/agora.xtec.cat\/ceiplajota\/wp-json\/wp\/v2\/pages\/22"}],"wp:attachment":[{"href":"https:\/\/agora.xtec.cat\/ceiplajota\/wp-json\/wp\/v2\/media?parent=30"}],"curies":[{"name":"wp","href":"https:\/\/api.w.org\/{rel}","templated":true}]}}