{"id":22,"date":"2014-09-18T12:19:57","date_gmt":"2014-09-18T11:19:57","guid":{"rendered":"http:\/\/agora.xtec.cat\/ceiplajota\/?page_id=22"},"modified":"2025-02-09T01:51:00","modified_gmt":"2025-02-09T00:51:00","slug":"lescola","status":"publish","type":"page","link":"https:\/\/agora.xtec.cat\/ceiplajota\/lescola\/","title":{"rendered":"L&#8217;Institut Escola La Jota"},"content":{"rendered":"<p>En aquesta secci\u00f3 trobeu totes les p\u00e0gines necess\u00e0ries que descriuen els trets general del nostre centre: ubicaci\u00f3, hist\u00f2ria, projecte educatiu, instal\u00b7lacions, equip docent, consell escolar, calendari, sortides, etc<\/p>\n","protected":false},"excerpt":{"rendered":"<p>En aquesta secci\u00f3 trobeu totes les p\u00e0gines necess\u00e0ries que descriuen els trets general del nostre centre: ubicaci\u00f3, hist\u00f2ria, projecte educatiu, instal\u00b7lacions, equip docent, consell escolar, calendari, sortides, etc<\/p>\n","protected":false},"author":1,"featured_media":0,"parent":0,"menu_order":0,"comment_status":"closed","ping_status":"closed","template":"page-templates\/side-menu.php","meta":{"_bbp_topic_count":0,"_bbp_reply_count":0,"_bbp_total_topic_count":0,"_bbp_total_reply_count":0,"_bbp_voice_count":0,"_bbp_anonymous_reply_count":0,"_bbp_topic_count_hidden":0,"_bbp_reply_count_hidden":0,"_bbp_forum_subforum_count":0,"footnotes":""},"class_list":["post-22","page","type-page","status-publish","hentry"],"post_mailing_queue_ids":[],"_links":{"self":[{"href":"https:\/\/agora.xtec.cat\/ceiplajota\/wp-json\/wp\/v2\/pages\/22","targetHints":{"allow":["GET"]}}],"collection":[{"href":"https:\/\/agora.xtec.cat\/ceiplajota\/wp-json\/wp\/v2\/pages"}],"about":[{"href":"https:\/\/agora.xtec.cat\/ceiplajota\/wp-json\/wp\/v2\/types\/page"}],"author":[{"embeddable":true,"href":"https:\/\/agora.xtec.cat\/ceiplajota\/wp-json\/wp\/v2\/users\/1"}],"replies":[{"embeddable":true,"href":"https:\/\/agora.xtec.cat\/ceiplajota\/wp-json\/wp\/v2\/comments?post=22"}],"version-history":[{"count":3,"href":"https:\/\/agora.xtec.cat\/ceiplajota\/wp-json\/wp\/v2\/pages\/22\/revisions"}],"predecessor-version":[{"id":6697,"href":"https:\/\/agora.xtec.cat\/ceiplajota\/wp-json\/wp\/v2\/pages\/22\/revisions\/6697"}],"wp:attachment":[{"href":"https:\/\/agora.xtec.cat\/ceiplajota\/wp-json\/wp\/v2\/media?parent=22"}],"curies":[{"name":"wp","href":"https:\/\/api.w.org\/{rel}","templated":true}]}}