{"id":1548,"date":"2026-02-06T10:00:22","date_gmt":"2026-02-06T09:00:22","guid":{"rendered":"https:\/\/agora.xtec.cat\/ceiplajota\/?page_id=1548"},"modified":"2026-04-23T23:02:08","modified_gmt":"2026-04-23T21:02:08","slug":"joemquedoacasa-sant-jordi-2020","status":"publish","type":"page","link":"https:\/\/agora.xtec.cat\/ceiplajota\/","title":{"rendered":"P\u00e0gina principal"},"content":{"rendered":"<h1 class=\"NG-menu__title\">Preinscripci\u00f3 2026-2027<\/h1>\n<p><strong>Educaci\u00f3 Infantil<\/strong>: i3,i4 i i5<\/p>\n<p><strong>Educaci\u00f3 Prim\u00e0ria:<\/strong> des de 1r a 6\u00e8 curs<\/p>\n<p><strong>Educaci\u00f3 Secund\u00e0ria:<\/strong> des de 1r a 4t d&#8217;ESO<\/p>\n<p><a href=\"https:\/\/drive.google.com\/file\/d\/1c3ythdIE8ajeVLpVn-5l9IdrBgWlC0E7\/view?usp=drive_link\" target=\"_blank\" rel=\"noopener\">Llista sol\u00b7licituds, primera opci\u00f3 amb la puntuaci\u00f3 resoltes reclamacions.<\/a> 23\/04\/2026<\/p>\n<p><a href=\"https:\/\/drive.google.com\/file\/d\/1mOfeoZiv3vI3m4RCzvXyB_oWo6PwCNdA\/view?usp=drive_link\" target=\"_blank\" rel=\"noopener\">Llista de sol\u00b7licituds, primera petici\u00f3<\/a> . 15\/04\/2026<\/p>\n<p><a href=\"https:\/\/drive.google.com\/file\/d\/1QSSCHir_YHhtB6qCbsSJcnmKH2pUgGyX\/view?usp=drive_link\" target=\"_blank\" rel=\"noopener\">Oferta Inicial<\/a> al centre. 03\/03\/2026<\/p>\n<p><strong>Presentaci\u00f3 de sol\u00b7licituds: <\/strong><\/p>\n<ul>\n<li>Educaci\u00f3 infantil (3-6 anys) i educaci\u00f3 prim\u00e0ria: del 4 al 18 de mar\u00e7 de 2026.<\/li>\n<li>Educaci\u00f3 secund\u00e0ria obligat\u00f2ria: del 6 al 18 de mar\u00e7 de 2026.<\/li>\n<\/ul>\n<p>Informaci\u00f3 sobre <a href=\"https:\/\/preinscripcio.gencat.cat\/ca\/inici\/index.html\" target=\"_blank\" rel=\"noopener\">calendari de presentaci\u00f3 de sol\u00b7licituds.<\/a><\/p>\n<p><strong>Contacta amb l&#8217;Institut Escola La Jota al 937183758\u00a0 o\u00a0 a8078294@xtec.cat<\/strong><\/p>\n<p><a href=\"https:\/\/agora.xtec.cat\/ceiplajota\/wp-content\/uploads\/usu1571\/2026\/03\/oferta.png\"><img loading=\"lazy\" decoding=\"async\" class=\"aligncenter size-medium wp-image-7202\" src=\"https:\/\/agora.xtec.cat\/ceiplajota\/wp-content\/uploads\/usu1571\/2026\/03\/oferta-300x204.png\" alt=\"\" width=\"300\" height=\"204\" srcset=\"https:\/\/agora.xtec.cat\/ceiplajota\/wp-content\/uploads\/usu1571\/2026\/03\/oferta-300x204.png 300w, https:\/\/agora.xtec.cat\/ceiplajota\/wp-content\/uploads\/usu1571\/2026\/03\/oferta.png 411w\" sizes=\"auto, (max-width: 300px) 100vw, 300px\" \/><b><\/b><\/a><\/p>\n<p style=\"text-align: center;\"><span style=\"color: #3366ff;\"><b>Creixem junts,\u00a0<\/b><b>des dels primers descobriments fins als nous reptes.<\/b><\/span><\/p>\n<p>&nbsp;<\/p>\n","protected":false},"excerpt":{"rendered":"<p>Preinscripci\u00f3 2026-2027<br \/>\nEducaci\u00f3 Infantil: i3,i4 i i5<br \/>\nEducaci\u00f3 Prim\u00e0ria: des de 1r a 6\u00e8 curs<br \/>\nEducaci\u00f3 Secund\u00e0ria: des de 1r a 4t d&#8217;ESO<br \/>\n<a href=\"https:\/\/drive.google.com\/file\/d\/1c3ythdIE8ajeVLpVn-5l9IdrBgWlC0E7\/view?usp=drive_link\" target=\"_blank\" rel=\"noopener\">Llista sol\u00b7licituds, primera opci\u00f3 amb la puntuaci\u00f3 resoltes reclamacions.<\/a> 23\/04\/2026<br \/>\n<a href=\"https:\/\/drive.google.com\/file\/d\/1mOfeoZiv3vI3m4RCzvXyB_oWo6PwCNdA\/view?usp=drive_link\" target=\"_blank\" rel=\"noopener\">Llista de sol\u00b7licituds, primera petici\u00f3<\/a> . 15\/04\/2026<br \/>\n<a href=\"https:\/\/drive.google.com\/file\/d\/1QSSCHir_YHhtB6qCbsSJcnmKH2pUgGyX\/view?usp=drive_link\" target=\"_blank\" rel=\"noopener\">Oferta Inicial<\/a>&hellip;  <a href=\"https:\/\/agora.xtec.cat\/ceiplajota\/\" title=\"Read P\u00e0gina principal\">Llegeix m\u00e9s\u00bb<\/a><\/p>\n","protected":false},"author":1,"featured_media":0,"parent":7,"menu_order":1,"comment_status":"closed","ping_status":"closed","template":"page-templates\/front-page.php","meta":{"_bbp_topic_count":0,"_bbp_reply_count":0,"_bbp_total_topic_count":0,"_bbp_total_reply_count":0,"_bbp_voice_count":0,"_bbp_anonymous_reply_count":0,"_bbp_topic_count_hidden":0,"_bbp_reply_count_hidden":0,"_bbp_forum_subforum_count":0,"footnotes":""},"class_list":["post-1548","page","type-page","status-publish","hentry"],"post_mailing_queue_ids":[],"_links":{"self":[{"href":"https:\/\/agora.xtec.cat\/ceiplajota\/wp-json\/wp\/v2\/pages\/1548","targetHints":{"allow":["GET"]}}],"collection":[{"href":"https:\/\/agora.xtec.cat\/ceiplajota\/wp-json\/wp\/v2\/pages"}],"about":[{"href":"https:\/\/agora.xtec.cat\/ceiplajota\/wp-json\/wp\/v2\/types\/page"}],"author":[{"embeddable":true,"href":"https:\/\/agora.xtec.cat\/ceiplajota\/wp-json\/wp\/v2\/users\/1"}],"replies":[{"embeddable":true,"href":"https:\/\/agora.xtec.cat\/ceiplajota\/wp-json\/wp\/v2\/comments?post=1548"}],"version-history":[{"count":6,"href":"https:\/\/agora.xtec.cat\/ceiplajota\/wp-json\/wp\/v2\/pages\/1548\/revisions"}],"predecessor-version":[{"id":7268,"href":"https:\/\/agora.xtec.cat\/ceiplajota\/wp-json\/wp\/v2\/pages\/1548\/revisions\/7268"}],"up":[{"embeddable":true,"href":"https:\/\/agora.xtec.cat\/ceiplajota\/wp-json\/wp\/v2\/pages\/7"}],"wp:attachment":[{"href":"https:\/\/agora.xtec.cat\/ceiplajota\/wp-json\/wp\/v2\/media?parent=1548"}],"curies":[{"name":"wp","href":"https:\/\/api.w.org\/{rel}","templated":true}]}}